{"id":31659,"date":"2023-06-02T10:59:51","date_gmt":"2023-06-02T08:59:51","guid":{"rendered":"https:\/\/cardinal.pixel-tal.de\/cintas-adhesivas\/cinta-adhesiva-abc\/cintas-de-filamento\/"},"modified":"2023-06-02T11:10:49","modified_gmt":"2023-06-02T09:10:49","slug":"cintas-de-filamento","status":"publish","type":"page","link":"https:\/\/cardinal-tapes.com\/es\/cintas-adhesivas-es\/cinta-adhesiva-abc\/cintas-de-filamento\/","title":{"rendered":"Cintas de filamento"},"content":{"rendered":"<div id='av_section_1'  class='avia-section av-7q7idq-b317dec369afccff6873f5d26d7fab7b alternate_color avia-section-default avia-no-border-styling  avia-builder-el-0  avia-builder-el-no-sibling  avia-bg-style-scroll container_wrap fullsize'  ><div class='container av-section-cont-open' ><main  role=\"main\" itemprop=\"mainContentOfPage\"  class='template-page content  av-content-full alpha units'><div class='post-entry post-entry-type-page post-entry-31659'><div class='entry-content-wrapper clearfix'>\n<div  class='flex_column av-6as35a-8e96381d9f098275b91a4fb4b6148388 av_one_full  avia-builder-el-1  el_before_av_one_half  avia-builder-el-first  first flex_column_div  '     ><div class=\"pxl-headline pxl-hl hl-wrap | hl-sub--off hl--align-left hl--no-margin    \">\n        <div class=\"hl-inner\">\n            <h2 class=\"hl-main hl-line |  hl_main--default  \">Cintas de filamento<\/h2>\n            \n    <\/div>\n<\/div><\/div><div  class='flex_column av-4if4ni-93666406a04a2d41d87d87f7c698f92c av_one_half  avia-builder-el-3  el_after_av_one_full  el_before_av_one_half  first flex_column_div  column-top-margin'     ><section  class='av_textblock_section av-5v63ny-64d81e607a0e3693eefc117e51e436dd '   itemscope=\"itemscope\" itemtype=\"https:\/\/schema.org\/CreativeWork\" ><div class='avia_textblock'  itemprop=\"text\" ><p>La categor\u00eda de cintas de filamentos incluye, por ejemplo, cintas de flejado y cintas reforzadas con fibra de vidrio. Impresionan por su enorme resistencia al desgarro y son especialmente adecuadas para aplicaciones que requieren una gran adherencia instant\u00e1nea. Esto podr\u00eda incluir, por ejemplo, asegurar y reforzar las cajas rotas o da\u00f1adas. Adem\u00e1s, las cintas de filamento son ideales para asegurar pal\u00e9s y otras aplicaciones de seguridad en el transporte.<\/p>\n<\/div><\/section><\/div><div  class='flex_column av-2q98se-d43b8b1c84c0a0d3c85711c1b9c8d9cc av_one_half  avia-builder-el-5  el_after_av_one_half  avia-builder-el-last  flex_column_div  column-top-margin'     ><section  class='av_textblock_section av-2rayta-8aa049b995d5ba08cf355fac91a663a6 '   itemscope=\"itemscope\" itemtype=\"https:\/\/schema.org\/CreativeWork\" ><div class='avia_textblock'  itemprop=\"text\" ><h4>Las diferencias entre las cintas de filamentos<\/h4>\n<p>Existen diferentes tipos de cinta de filamentos. Las diferencias residen en el material, ya sean cintas reforzadas con fibra de vidrio, fibras textiles o en hilos de poli\u00e9ster, y tambi\u00e9n hay diferencias en el tejido de la cinta. \u00c9stas discurren longitudinalmente, transversalmente o tambi\u00e9n en cruz. Las cintas de filamento tienen una resistencia extrema al desgarro y se utilizan para el sellado r\u00e1pido y profesional de cartones y materiales de envasado.<\/p>\n<p>La siguiente lista de nuestras cintas de filamento sirve de resumen. Si no encuentra aqu\u00ed una soluci\u00f3n adecuada a sus necesidades especiales, p\u00f3ngase en contacto con nosotros personalmente.<\/p>\n<p>Nuestra gama de productos se ampl\u00eda constantemente y se mantiene al d\u00eda de los \u00faltimos avances. Tambi\u00e9n encontraremos soluciones \u00f3ptimas para sus deseos individuales.<\/p>\n<\/div><\/section><\/div>\n\n","protected":false},"excerpt":{"rendered":"","protected":false},"author":1,"featured_media":0,"parent":30710,"menu_order":25,"comment_status":"closed","ping_status":"closed","template":"","meta":{"_acf_changed":false,"footnotes":""},"class_list":["post-31659","page","type-page","status-publish","hentry"],"acf":[],"yoast_head":"<!-- This site is optimized with the Yoast SEO plugin v27.4 - https:\/\/yoast.com\/product\/yoast-seo-wordpress\/ -->\n<title>Cintas de filamento - cardinal TAPES<\/title>\n<meta name=\"description\" content=\"Las cintas de filamentos impresionan por su enorme resistencia al desgarro y son especialmente adecuadas para aplicaciones que requieren una gran adherencia instant\u00e1nea.\" \/>\n<meta name=\"robots\" content=\"index, follow, max-snippet:-1, max-image-preview:large, max-video-preview:-1\" \/>\n<link rel=\"canonical\" href=\"https:\/\/cardinal-tapes.com\/es\/cintas-adhesivas-es__trashed\/cinta-adhesiva-abc\/cintas-de-filamento\/\" \/>\n<meta property=\"og:locale\" content=\"es_ES\" \/>\n<meta property=\"og:type\" content=\"article\" \/>\n<meta property=\"og:title\" content=\"Cintas de filamento - cardinal TAPES\" \/>\n<meta property=\"og:description\" content=\"Las cintas de filamentos impresionan por su enorme resistencia al desgarro y son especialmente adecuadas para aplicaciones que requieren una gran adherencia instant\u00e1nea.\" \/>\n<meta property=\"og:url\" content=\"https:\/\/cardinal-tapes.com\/es\/cintas-adhesivas-es__trashed\/cinta-adhesiva-abc\/cintas-de-filamento\/\" \/>\n<meta property=\"og:site_name\" content=\"cardinal TAPES\" \/>\n<meta property=\"article:modified_time\" content=\"2023-06-02T09:10:49+00:00\" \/>\n<meta name=\"twitter:card\" content=\"summary_large_image\" \/>\n<meta name=\"twitter:label1\" content=\"Tiempo de lectura\" \/>\n\t<meta name=\"twitter:data1\" content=\"9 minutos\" \/>\n<script type=\"application\/ld+json\" class=\"yoast-schema-graph\">{\"@context\":\"https:\\\/\\\/schema.org\",\"@graph\":[{\"@type\":\"WebPage\",\"@id\":\"https:\\\/\\\/cardinal-tapes.com\\\/es\\\/cintas-adhesivas-es__trashed\\\/cinta-adhesiva-abc\\\/cintas-de-filamento\\\/\",\"url\":\"https:\\\/\\\/cardinal-tapes.com\\\/es\\\/cintas-adhesivas-es__trashed\\\/cinta-adhesiva-abc\\\/cintas-de-filamento\\\/\",\"name\":\"Cintas de filamento - cardinal TAPES\",\"isPartOf\":{\"@id\":\"https:\\\/\\\/cardinal-tapes.com\\\/#website\"},\"datePublished\":\"2023-06-02T08:59:51+00:00\",\"dateModified\":\"2023-06-02T09:10:49+00:00\",\"description\":\"Las cintas de filamentos impresionan por su enorme resistencia al desgarro y son especialmente adecuadas para aplicaciones que requieren una gran adherencia instant\u00e1nea.\",\"breadcrumb\":{\"@id\":\"https:\\\/\\\/cardinal-tapes.com\\\/es\\\/cintas-adhesivas-es__trashed\\\/cinta-adhesiva-abc\\\/cintas-de-filamento\\\/#breadcrumb\"},\"inLanguage\":\"es\",\"potentialAction\":[{\"@type\":\"ReadAction\",\"target\":[\"https:\\\/\\\/cardinal-tapes.com\\\/es\\\/cintas-adhesivas-es__trashed\\\/cinta-adhesiva-abc\\\/cintas-de-filamento\\\/\"]}]},{\"@type\":\"BreadcrumbList\",\"@id\":\"https:\\\/\\\/cardinal-tapes.com\\\/es\\\/cintas-adhesivas-es__trashed\\\/cinta-adhesiva-abc\\\/cintas-de-filamento\\\/#breadcrumb\",\"itemListElement\":[{\"@type\":\"ListItem\",\"position\":1,\"name\":\"Startseite\",\"item\":\"https:\\\/\\\/cardinal-tapes.com\\\/es\\\/\"},{\"@type\":\"ListItem\",\"position\":2,\"name\":\"Cinta adhesiva ABC\",\"item\":\"https:\\\/\\\/cardinal-tapes.com\\\/es\\\/cintas-adhesivas-es__trashed\\\/cinta-adhesiva-abc\\\/\"},{\"@type\":\"ListItem\",\"position\":3,\"name\":\"Cintas de filamento\"}]},{\"@type\":\"WebSite\",\"@id\":\"https:\\\/\\\/cardinal-tapes.com\\\/#website\",\"url\":\"https:\\\/\\\/cardinal-tapes.com\\\/\",\"name\":\"cardinal TAPES\",\"description\":\"Klebetechnik aus Wuppertal\",\"potentialAction\":[{\"@type\":\"SearchAction\",\"target\":{\"@type\":\"EntryPoint\",\"urlTemplate\":\"https:\\\/\\\/cardinal-tapes.com\\\/?s={search_term_string}\"},\"query-input\":{\"@type\":\"PropertyValueSpecification\",\"valueRequired\":true,\"valueName\":\"search_term_string\"}}],\"inLanguage\":\"es\"}]}<\/script>\n<!-- \/ Yoast SEO plugin. -->","yoast_head_json":{"title":"Cintas de filamento - cardinal TAPES","description":"Las cintas de filamentos impresionan por su enorme resistencia al desgarro y son especialmente adecuadas para aplicaciones que requieren una gran adherencia instant\u00e1nea.","robots":{"index":"index","follow":"follow","max-snippet":"max-snippet:-1","max-image-preview":"max-image-preview:large","max-video-preview":"max-video-preview:-1"},"canonical":"https:\/\/cardinal-tapes.com\/es\/cintas-adhesivas-es__trashed\/cinta-adhesiva-abc\/cintas-de-filamento\/","og_locale":"es_ES","og_type":"article","og_title":"Cintas de filamento - cardinal TAPES","og_description":"Las cintas de filamentos impresionan por su enorme resistencia al desgarro y son especialmente adecuadas para aplicaciones que requieren una gran adherencia instant\u00e1nea.","og_url":"https:\/\/cardinal-tapes.com\/es\/cintas-adhesivas-es__trashed\/cinta-adhesiva-abc\/cintas-de-filamento\/","og_site_name":"cardinal TAPES","article_modified_time":"2023-06-02T09:10:49+00:00","twitter_card":"summary_large_image","twitter_misc":{"Tiempo de lectura":"9 minutos"},"schema":{"@context":"https:\/\/schema.org","@graph":[{"@type":"WebPage","@id":"https:\/\/cardinal-tapes.com\/es\/cintas-adhesivas-es__trashed\/cinta-adhesiva-abc\/cintas-de-filamento\/","url":"https:\/\/cardinal-tapes.com\/es\/cintas-adhesivas-es__trashed\/cinta-adhesiva-abc\/cintas-de-filamento\/","name":"Cintas de filamento - cardinal TAPES","isPartOf":{"@id":"https:\/\/cardinal-tapes.com\/#website"},"datePublished":"2023-06-02T08:59:51+00:00","dateModified":"2023-06-02T09:10:49+00:00","description":"Las cintas de filamentos impresionan por su enorme resistencia al desgarro y son especialmente adecuadas para aplicaciones que requieren una gran adherencia instant\u00e1nea.","breadcrumb":{"@id":"https:\/\/cardinal-tapes.com\/es\/cintas-adhesivas-es__trashed\/cinta-adhesiva-abc\/cintas-de-filamento\/#breadcrumb"},"inLanguage":"es","potentialAction":[{"@type":"ReadAction","target":["https:\/\/cardinal-tapes.com\/es\/cintas-adhesivas-es__trashed\/cinta-adhesiva-abc\/cintas-de-filamento\/"]}]},{"@type":"BreadcrumbList","@id":"https:\/\/cardinal-tapes.com\/es\/cintas-adhesivas-es__trashed\/cinta-adhesiva-abc\/cintas-de-filamento\/#breadcrumb","itemListElement":[{"@type":"ListItem","position":1,"name":"Startseite","item":"https:\/\/cardinal-tapes.com\/es\/"},{"@type":"ListItem","position":2,"name":"Cinta adhesiva ABC","item":"https:\/\/cardinal-tapes.com\/es\/cintas-adhesivas-es__trashed\/cinta-adhesiva-abc\/"},{"@type":"ListItem","position":3,"name":"Cintas de filamento"}]},{"@type":"WebSite","@id":"https:\/\/cardinal-tapes.com\/#website","url":"https:\/\/cardinal-tapes.com\/","name":"cardinal TAPES","description":"Klebetechnik aus Wuppertal","potentialAction":[{"@type":"SearchAction","target":{"@type":"EntryPoint","urlTemplate":"https:\/\/cardinal-tapes.com\/?s={search_term_string}"},"query-input":{"@type":"PropertyValueSpecification","valueRequired":true,"valueName":"search_term_string"}}],"inLanguage":"es"}]}},"_links":{"self":[{"href":"https:\/\/cardinal-tapes.com\/es\/wp-json\/wp\/v2\/pages\/31659","targetHints":{"allow":["GET"]}}],"collection":[{"href":"https:\/\/cardinal-tapes.com\/es\/wp-json\/wp\/v2\/pages"}],"about":[{"href":"https:\/\/cardinal-tapes.com\/es\/wp-json\/wp\/v2\/types\/page"}],"author":[{"embeddable":true,"href":"https:\/\/cardinal-tapes.com\/es\/wp-json\/wp\/v2\/users\/1"}],"replies":[{"embeddable":true,"href":"https:\/\/cardinal-tapes.com\/es\/wp-json\/wp\/v2\/comments?post=31659"}],"version-history":[{"count":0,"href":"https:\/\/cardinal-tapes.com\/es\/wp-json\/wp\/v2\/pages\/31659\/revisions"}],"up":[{"embeddable":true,"href":"https:\/\/cardinal-tapes.com\/es\/wp-json\/wp\/v2\/pages\/30710"}],"wp:attachment":[{"href":"https:\/\/cardinal-tapes.com\/es\/wp-json\/wp\/v2\/media?parent=31659"}],"curies":[{"name":"wp","href":"https:\/\/api.w.org\/{rel}","templated":true}]}}