{"id":31642,"date":"2023-06-02T10:59:51","date_gmt":"2023-06-02T08:59:51","guid":{"rendered":"https:\/\/cardinal.pixel-tal.de\/cintas-adhesivas\/cinta-adhesiva-abc\/cintas-adhesivas-metalicas\/"},"modified":"2023-06-02T11:10:13","modified_gmt":"2023-06-02T09:10:13","slug":"cintas-adhesivas-metalicas","status":"publish","type":"page","link":"https:\/\/cardinal-tapes.com\/es\/cintas-adhesivas-es\/cinta-adhesiva-abc\/cintas-adhesivas-metalicas\/","title":{"rendered":"Cintas adhesivas met\u00e1licas"},"content":{"rendered":"<div id='av_section_1'  class='avia-section av-sw8tg-a87da6748fd0f701919b2f18fddfd59d alternate_color avia-section-default avia-no-border-styling  avia-builder-el-0  avia-builder-el-no-sibling  avia-bg-style-scroll container_wrap fullsize'  ><div class='container av-section-cont-open' ><main  role=\"main\" itemprop=\"mainContentOfPage\"  class='template-page content  av-content-full alpha units'><div class='post-entry post-entry-type-page post-entry-31642'><div class='entry-content-wrapper clearfix'>\n<div  class='flex_column av-6kcqk4-1055b43807a72d32572c2aa6fed54e50 av_one_full  avia-builder-el-1  el_before_av_one_half  avia-builder-el-first  first flex_column_div  '     ><div class=\"pxl-headline pxl-hl hl-wrap | hl-sub--off hl--align-left hl--no-margin    \">\n        <div class=\"hl-inner\">\n            <h2 class=\"hl-main hl-line |  hl_main--default  \">Cintas adhesivas met\u00e1licas<\/h2>\n            \n    <\/div>\n<\/div><\/div><div  class='flex_column av-3zm9dg-c89142e22edca946116295fe207bb18f av_one_half  avia-builder-el-3  el_after_av_one_full  el_before_av_one_half  first flex_column_div  column-top-margin'     ><section  class='av_textblock_section av-5xt9lg-64f8ad54889637ff8ff78c36e0685da4 '   itemscope=\"itemscope\" itemtype=\"https:\/\/schema.org\/CreativeWork\" ><div class='avia_textblock'  itemprop=\"text\" ><p>Los adhesivos met\u00e1licos se utilizan en muchos sectores de la industria, por ejemplo en<a href=\"https:\/\/cardinal-tapes.com\/es\/cintas-adhesivas\/ambitos-de-aplicacion\/industria-electrica\/\"> electr\u00f3nica<\/a>,<a href=\"https:\/\/cardinal-tapes.com\/es\/cintas-adhesivas\/ambitos-de-aplicacion\/ingenieria-mecanica\/\"> ingenier\u00eda mec\u00e1nica<\/a>, <a href=\"https:\/\/cardinal-tapes.com\/es\/cintas-adhesivas\/ambitos-de-aplicacion\/calefaccion-ventilacion-y-aire-acondicionado\/\">tecnolog\u00eda de aire<\/a> acondicionado y en <a href=\"https:\/\/cardinal-tapes.com\/es\/cintas-adhesivas\/ambitos-de-aplicacion\/industria-del-acero-y-del-vidrio\/\">las industrias del acero y el vidrio<\/a>. Las excelentes propiedades protectoras del revestimiento met\u00e1lico, as\u00ed como la elevada capacidad de carga t\u00e9rmica y la resistencia al envejecimiento, ofrecen una soluci\u00f3n duradera en el \u00e1mbito de la estanquidad, incluso para requisitos especiales.<\/p>\n<\/div><\/section><\/div><div  class='flex_column av-2l2zjo-d46bb9727f32a5ec45b6159f8fef5b4e av_one_half  avia-builder-el-5  el_after_av_one_half  avia-builder-el-last  flex_column_div  column-top-margin'     ><section  class='av_textblock_section av-2w75es-80b954226f5b08d1be046288ef993254 '   itemscope=\"itemscope\" itemtype=\"https:\/\/schema.org\/CreativeWork\" ><div class='avia_textblock'  itemprop=\"text\" ><h4>Aplicaci\u00f3n de cintas adhesivas met\u00e1licas<\/h4>\n<p>Las cintas adhesivas met\u00e1licas se utilizan para sellar tuber\u00edas y conductos de ventilaci\u00f3n, as\u00ed como para aislar del calor o el fr\u00edo. La gama de cintas adhesivas met\u00e1licas incluye cintas de <a href=\"https:\/\/cardinal-tapes.com\/es\/cintas-adhesivas\/cinta-adhesiva-abc\/cintas-adhesivas-de-acero-inoxidable\/\">acero inoxidable<\/a>, cintas de plomo,<a href=\"https:\/\/cardinal-tapes.com\/es\/cintas-adhesivas\/cinta-adhesiva-abc\/cintas-adhesivas-de-cobre\/\"> cintas adhesivas de cobre<\/a>, cintas adhesivas de <a href=\"https:\/\/cardinal-tapes.com\/es\/cintas-adhesivas\/cinta-adhesiva-abc\/cintas-adhesivas-de-aluminio\/\">aluminio<\/a>y muchas m\u00e1s. La siguiente lista de nuestras cintas adhesivas met\u00e1licas es s\u00f3lo una visi\u00f3n general. Si no encuentra aqu\u00ed la cinta adhesiva adecuada para su proyecto, no dude en ponerse en contacto con nosotros en cualquier momento y trabajaremos con usted para encontrar la mejor soluci\u00f3n.<\/p>\n<\/div><\/section><\/div>\n\n","protected":false},"excerpt":{"rendered":"","protected":false},"author":1,"featured_media":0,"parent":30710,"menu_order":28,"comment_status":"closed","ping_status":"closed","template":"","meta":{"_acf_changed":false,"footnotes":""},"class_list":["post-31642","page","type-page","status-publish","hentry"],"acf":[],"yoast_head":"<!-- This site is optimized with the Yoast SEO plugin v27.3 - https:\/\/yoast.com\/product\/yoast-seo-wordpress\/ -->\n<title>Cintas adhesivas met\u00e1licas - cardinal TAPES<\/title>\n<meta name=\"description\" content=\"Los adhesivos met\u00e1licos se utilizan en muchos sectores de la industria, por ejemplo en electr\u00f3nica, ingenier\u00eda mec\u00e1nica, tecnolog\u00eda de aire acondicionado y en las industrias del acero y el vidrio.\" \/>\n<meta name=\"robots\" content=\"index, follow, max-snippet:-1, max-image-preview:large, max-video-preview:-1\" \/>\n<link rel=\"canonical\" href=\"https:\/\/cardinal-tapes.com\/es\/cintas-adhesivas-es__trashed\/cinta-adhesiva-abc\/cintas-adhesivas-metalicas\/\" \/>\n<meta property=\"og:locale\" content=\"es_ES\" \/>\n<meta property=\"og:type\" content=\"article\" \/>\n<meta property=\"og:title\" content=\"Cintas adhesivas met\u00e1licas - cardinal TAPES\" \/>\n<meta property=\"og:description\" content=\"Los adhesivos met\u00e1licos se utilizan en muchos sectores de la industria, por ejemplo en electr\u00f3nica, ingenier\u00eda mec\u00e1nica, tecnolog\u00eda de aire acondicionado y en las industrias del acero y el vidrio.\" \/>\n<meta property=\"og:url\" content=\"https:\/\/cardinal-tapes.com\/es\/cintas-adhesivas-es__trashed\/cinta-adhesiva-abc\/cintas-adhesivas-metalicas\/\" \/>\n<meta property=\"og:site_name\" content=\"cardinal TAPES\" \/>\n<meta property=\"article:modified_time\" content=\"2023-06-02T09:10:13+00:00\" \/>\n<meta name=\"twitter:card\" content=\"summary_large_image\" \/>\n<meta name=\"twitter:label1\" content=\"Tiempo de lectura\" \/>\n\t<meta name=\"twitter:data1\" content=\"9 minutos\" \/>\n<script type=\"application\/ld+json\" class=\"yoast-schema-graph\">{\"@context\":\"https:\\\/\\\/schema.org\",\"@graph\":[{\"@type\":\"WebPage\",\"@id\":\"https:\\\/\\\/cardinal-tapes.com\\\/es\\\/cintas-adhesivas-es__trashed\\\/cinta-adhesiva-abc\\\/cintas-adhesivas-metalicas\\\/\",\"url\":\"https:\\\/\\\/cardinal-tapes.com\\\/es\\\/cintas-adhesivas-es__trashed\\\/cinta-adhesiva-abc\\\/cintas-adhesivas-metalicas\\\/\",\"name\":\"Cintas adhesivas met\u00e1licas - cardinal TAPES\",\"isPartOf\":{\"@id\":\"https:\\\/\\\/cardinal-tapes.com\\\/#website\"},\"datePublished\":\"2023-06-02T08:59:51+00:00\",\"dateModified\":\"2023-06-02T09:10:13+00:00\",\"description\":\"Los adhesivos met\u00e1licos se utilizan en muchos sectores de la industria, por ejemplo en electr\u00f3nica, ingenier\u00eda mec\u00e1nica, tecnolog\u00eda de aire acondicionado y en las industrias del acero y el vidrio.\",\"breadcrumb\":{\"@id\":\"https:\\\/\\\/cardinal-tapes.com\\\/es\\\/cintas-adhesivas-es__trashed\\\/cinta-adhesiva-abc\\\/cintas-adhesivas-metalicas\\\/#breadcrumb\"},\"inLanguage\":\"es\",\"potentialAction\":[{\"@type\":\"ReadAction\",\"target\":[\"https:\\\/\\\/cardinal-tapes.com\\\/es\\\/cintas-adhesivas-es__trashed\\\/cinta-adhesiva-abc\\\/cintas-adhesivas-metalicas\\\/\"]}]},{\"@type\":\"BreadcrumbList\",\"@id\":\"https:\\\/\\\/cardinal-tapes.com\\\/es\\\/cintas-adhesivas-es__trashed\\\/cinta-adhesiva-abc\\\/cintas-adhesivas-metalicas\\\/#breadcrumb\",\"itemListElement\":[{\"@type\":\"ListItem\",\"position\":1,\"name\":\"Startseite\",\"item\":\"https:\\\/\\\/cardinal-tapes.com\\\/es\\\/\"},{\"@type\":\"ListItem\",\"position\":2,\"name\":\"Cinta adhesiva ABC\",\"item\":\"https:\\\/\\\/cardinal-tapes.com\\\/es\\\/cintas-adhesivas-es__trashed\\\/cinta-adhesiva-abc\\\/\"},{\"@type\":\"ListItem\",\"position\":3,\"name\":\"Cintas adhesivas met\u00e1licas\"}]},{\"@type\":\"WebSite\",\"@id\":\"https:\\\/\\\/cardinal-tapes.com\\\/#website\",\"url\":\"https:\\\/\\\/cardinal-tapes.com\\\/\",\"name\":\"cardinal TAPES\",\"description\":\"Klebetechnik aus Wuppertal\",\"potentialAction\":[{\"@type\":\"SearchAction\",\"target\":{\"@type\":\"EntryPoint\",\"urlTemplate\":\"https:\\\/\\\/cardinal-tapes.com\\\/?s={search_term_string}\"},\"query-input\":{\"@type\":\"PropertyValueSpecification\",\"valueRequired\":true,\"valueName\":\"search_term_string\"}}],\"inLanguage\":\"es\"}]}<\/script>\n<!-- \/ Yoast SEO plugin. -->","yoast_head_json":{"title":"Cintas adhesivas met\u00e1licas - cardinal TAPES","description":"Los adhesivos met\u00e1licos se utilizan en muchos sectores de la industria, por ejemplo en electr\u00f3nica, ingenier\u00eda mec\u00e1nica, tecnolog\u00eda de aire acondicionado y en las industrias del acero y el vidrio.","robots":{"index":"index","follow":"follow","max-snippet":"max-snippet:-1","max-image-preview":"max-image-preview:large","max-video-preview":"max-video-preview:-1"},"canonical":"https:\/\/cardinal-tapes.com\/es\/cintas-adhesivas-es__trashed\/cinta-adhesiva-abc\/cintas-adhesivas-metalicas\/","og_locale":"es_ES","og_type":"article","og_title":"Cintas adhesivas met\u00e1licas - cardinal TAPES","og_description":"Los adhesivos met\u00e1licos se utilizan en muchos sectores de la industria, por ejemplo en electr\u00f3nica, ingenier\u00eda mec\u00e1nica, tecnolog\u00eda de aire acondicionado y en las industrias del acero y el vidrio.","og_url":"https:\/\/cardinal-tapes.com\/es\/cintas-adhesivas-es__trashed\/cinta-adhesiva-abc\/cintas-adhesivas-metalicas\/","og_site_name":"cardinal TAPES","article_modified_time":"2023-06-02T09:10:13+00:00","twitter_card":"summary_large_image","twitter_misc":{"Tiempo de lectura":"9 minutos"},"schema":{"@context":"https:\/\/schema.org","@graph":[{"@type":"WebPage","@id":"https:\/\/cardinal-tapes.com\/es\/cintas-adhesivas-es__trashed\/cinta-adhesiva-abc\/cintas-adhesivas-metalicas\/","url":"https:\/\/cardinal-tapes.com\/es\/cintas-adhesivas-es__trashed\/cinta-adhesiva-abc\/cintas-adhesivas-metalicas\/","name":"Cintas adhesivas met\u00e1licas - cardinal TAPES","isPartOf":{"@id":"https:\/\/cardinal-tapes.com\/#website"},"datePublished":"2023-06-02T08:59:51+00:00","dateModified":"2023-06-02T09:10:13+00:00","description":"Los adhesivos met\u00e1licos se utilizan en muchos sectores de la industria, por ejemplo en electr\u00f3nica, ingenier\u00eda mec\u00e1nica, tecnolog\u00eda de aire acondicionado y en las industrias del acero y el vidrio.","breadcrumb":{"@id":"https:\/\/cardinal-tapes.com\/es\/cintas-adhesivas-es__trashed\/cinta-adhesiva-abc\/cintas-adhesivas-metalicas\/#breadcrumb"},"inLanguage":"es","potentialAction":[{"@type":"ReadAction","target":["https:\/\/cardinal-tapes.com\/es\/cintas-adhesivas-es__trashed\/cinta-adhesiva-abc\/cintas-adhesivas-metalicas\/"]}]},{"@type":"BreadcrumbList","@id":"https:\/\/cardinal-tapes.com\/es\/cintas-adhesivas-es__trashed\/cinta-adhesiva-abc\/cintas-adhesivas-metalicas\/#breadcrumb","itemListElement":[{"@type":"ListItem","position":1,"name":"Startseite","item":"https:\/\/cardinal-tapes.com\/es\/"},{"@type":"ListItem","position":2,"name":"Cinta adhesiva ABC","item":"https:\/\/cardinal-tapes.com\/es\/cintas-adhesivas-es__trashed\/cinta-adhesiva-abc\/"},{"@type":"ListItem","position":3,"name":"Cintas adhesivas met\u00e1licas"}]},{"@type":"WebSite","@id":"https:\/\/cardinal-tapes.com\/#website","url":"https:\/\/cardinal-tapes.com\/","name":"cardinal TAPES","description":"Klebetechnik aus Wuppertal","potentialAction":[{"@type":"SearchAction","target":{"@type":"EntryPoint","urlTemplate":"https:\/\/cardinal-tapes.com\/?s={search_term_string}"},"query-input":{"@type":"PropertyValueSpecification","valueRequired":true,"valueName":"search_term_string"}}],"inLanguage":"es"}]}},"_links":{"self":[{"href":"https:\/\/cardinal-tapes.com\/es\/wp-json\/wp\/v2\/pages\/31642","targetHints":{"allow":["GET"]}}],"collection":[{"href":"https:\/\/cardinal-tapes.com\/es\/wp-json\/wp\/v2\/pages"}],"about":[{"href":"https:\/\/cardinal-tapes.com\/es\/wp-json\/wp\/v2\/types\/page"}],"author":[{"embeddable":true,"href":"https:\/\/cardinal-tapes.com\/es\/wp-json\/wp\/v2\/users\/1"}],"replies":[{"embeddable":true,"href":"https:\/\/cardinal-tapes.com\/es\/wp-json\/wp\/v2\/comments?post=31642"}],"version-history":[{"count":0,"href":"https:\/\/cardinal-tapes.com\/es\/wp-json\/wp\/v2\/pages\/31642\/revisions"}],"up":[{"embeddable":true,"href":"https:\/\/cardinal-tapes.com\/es\/wp-json\/wp\/v2\/pages\/30710"}],"wp:attachment":[{"href":"https:\/\/cardinal-tapes.com\/es\/wp-json\/wp\/v2\/media?parent=31642"}],"curies":[{"name":"wp","href":"https:\/\/api.w.org\/{rel}","templated":true}]}}