{"id":31635,"date":"2023-06-02T10:59:51","date_gmt":"2023-06-02T08:59:51","guid":{"rendered":"https:\/\/cardinal.pixel-tal.de\/cintas-adhesivas\/ambitos-de-aplicacion\/calefaccion-ventilacion-y-aire-acondicionado\/"},"modified":"2023-06-16T16:02:00","modified_gmt":"2023-06-16T14:02:00","slug":"calefaccion-ventilacion-y-aire-acondicionado","status":"publish","type":"page","link":"https:\/\/cardinal-tapes.com\/es\/cintas-adhesivas-es\/ambitos-de-aplicacion\/calefaccion-ventilacion-y-aire-acondicionado\/","title":{"rendered":"Calefacci\u00f3n, ventilaci\u00f3n y aire acondicionado"},"content":{"rendered":"\t\t\t<div class=\"headerimage-section has-image  \">\n\t\t\t\t\t\t\t\t\t\t\t\t<div class=\"headerimage__bg overlay\" style=\"background-image: url('https:\/\/cardinal-tapes.com\/wp-content\/uploads\/cardinal_kopfbild-heizung-scaled.jpg'); background-repeat: no-repeat; background-position: center; background-size: cover;\"><\/div>\n\t\t\t\t\t\t\t\t\t\t\t\t<div class=\"container\">\n\t\t\t\t\t<div class=\"headerimage__inner\">\n\t\t\t\t\t\t<h1 class=\"headerimage__headline\">Cintas adhesivas y sistemas adhesivos<\/h1>\t\t\t\t\t\t<span class=\"headerimage__subheadline\">Ign\u00edfugo y seguro<\/span>\t\t\t\t\t\t\t\t\t\t\t<\/div>\n\t\t\t\t\t\t\t\t\t<\/div>\n\t\t\t<\/div>\n\t\t\t\n<\/div><\/div><\/div><!-- close content main div --><\/div><\/div><div id='av_section_1'  class='avia-section av-13lso6-7214f77a4599bb1ffb65fdaff3882032 alternate_color avia-section-default avia-no-border-styling  avia-builder-el-1  el_after_pixel_headimage  el_before_av_section  avia-bg-style-scroll container_wrap fullsize'  ><div class='container av-section-cont-open' ><div class='template-page content  av-content-full alpha units'><div class='post-entry post-entry-type-page post-entry-31635'><div class='entry-content-wrapper clearfix'>\n<div  class='flex_column av-vgisu-e847e55b52f8b0710a2811680fa320d7 av_two_third  avia-builder-el-2  avia-builder-el-no-sibling  max-width-col two-third first flex_column_div av-animated-generic left-to-right  '     ><p><div class=\"pxl-headline pxl-hl hl-wrap | hl-sub--bot hl--align-left hl--std-margin    \">\n        <div class=\"hl-inner\">\n            <h2 class=\"hl-main hl-line |  hl_main--default  \">Cintas adhesivas para calefacci\u00f3n, ventilaci\u00f3n y aire acondicionado<\/h2>\n            <span class=\"hl-sub hl-line |  hl_sub--default  \">Requisitos exigentes, soluciones a medida <\/span>\n    <\/div>\n<\/div>\n<br \/>\n<section  class='av_textblock_section av-lhox7riw-b2b245da36f303d75dd26882b28b731b '   itemscope=\"itemscope\" itemtype=\"https:\/\/schema.org\/CreativeWork\" ><div class='avia_textblock'  itemprop=\"text\" ><p>Como socio comercial de tecnolog\u00eda adhesiva lista para usar en la tecnolog\u00eda de calefacci\u00f3n, ventilaci\u00f3n y aire acondicionado, estamos a su disposici\u00f3n para asesorarle con nuestros <a title=\"D\u00e9jese asesorar por nuestro equipo de profesionales\" href=\"\/ueber-cardinal\/ansprechpartner\/\">conocimientos especializados<\/a> y podemos confeccionar las cintas adhesivas adecuadas de forma \u00f3ptima para sus necesidades. Especialmente en esta industria, es importante asegurarse de que se utilizan cintas adhesivas resistentes al calor. Estas cintas suelen ser <a title=\"Obtenga una primera visi\u00f3n general de nuestras cintas adhesivas met\u00e1licas\" href=\"\/klebebaender\/\">cintas de aluminio ign\u00edfugas<\/a> de alta calidad que pueden exponerse a temperaturas de hasta 200\u00b0 Celsius. Las tiras de aluminio suelen estar hechas de tejidos de vidrio resistentes al calor o l\u00e1minas resistentes al calor como la poliaramida o la polimida.<\/p>\n<p>Nuestras cintas adhesivas de aluminio est\u00e1n disponibles en negro, blanco o plata y se utilizan para sellar conductos de aire, doble acristalamiento y unir paneles aislantes.<\/p>\n<p>Para m\u00e1s informaci\u00f3n, puede descargar nuestro nuevo <a title=\"cardinal TAPES Cinta adhesiva Cat\u00e1logo de productos\" href=\"https:\/\/cardinal-tapes.com\/es\/descargas\/\">cat\u00e1logo de productos<\/a>. Si desea una copia impresa con una muestra, no dude en ponerse en contacto con nosotros.<\/p>\n<p>Si tiene m\u00e1s preguntas, no dude en ponerse en contacto con nosotros. Utilice nuestro <a href=\"\/ueber-cardinal\/kontakt\/\">formulario de consulta<\/a> o p\u00f3ngase en contacto con nosotros por tel\u00e9fono en nuestro n\u00famero de extensi\u00f3n <a class=\"telelink\" title=\"Ll\u00e1menos ahora para recibir asesoramiento\" href=\"tel:+490202266850\" target=\"_blank\" rel=\"nofollow\">+49.202. 266850<\/a>.<\/p>\n<\/div><\/section><\/p><\/div>\n\n<\/div><\/div><\/div><!-- close content main div --><\/div><\/div><div id='av_section_2'  class='avia-section av-tj5vy-2811542ed786c3a835509611a7143920 main_color avia-section-default avia-no-border-styling  avia-builder-el-5  el_after_av_section  avia-builder-el-last  gradient-section avia-bg-style-scroll container_wrap fullsize'  ><div class='container av-section-cont-open' ><div class='template-page content  av-content-full alpha units'><div class='post-entry post-entry-type-page post-entry-31635'><div class='entry-content-wrapper clearfix'>\n<div  class='flex_column av-ka4ou-ebaad593679856f54e1f295815e1526d av_one_full  avia-builder-el-6  avia-builder-el-no-sibling  first flex_column_div av-animated-generic left-to-right  '     ><p><div class=\"pxl-headline pxl-hl hl-wrap | hl-sub--bot hl--align-left hl--no-margin    \">\n        <div class=\"hl-inner\">\n            <h2 class=\"hl-main hl-line |  hl_main--default  \">Productos destacados<\/h2>\n            <span class=\"hl-sub hl-line |  hl_sub--default  \">Innovador y de alta calidad<\/span>\n    <\/div>\n<\/div>\n<br \/>\n<div   data-autoplay=''  data-interval='5'  data-animation='fade'  data-hoverpause='1'  class='template-shop avia-content-slider avia-content-slider-active avia-product-slider1 avia-content-slider-even  avia-builder-el-8  el_after_pixel_sc_headline  el_before_av_button   shop_columns_4' ><div class='avia-content-slider-inner'><ul class=\"products slide-entry-wrap\"><li class=\"product type-product post-55998 status-publish first instock product_cat-ingenieria-mecanica product_cat-industria-del-mueble product_cat-cinta-de-papel product_cat-acero-y-vidrio product_cat-cintas-adhesivas-de-una-cara product_cat-ambitos-de-aplicacion product_cat-calefaccion-y-aire-acondicionado has-post-thumbnail taxable shipping-taxable purchasable product-type-variable\">\n\t<div class='inner_product main_color wrapped_style noLightbox  av-product-class-no_button'><a href=\"https:\/\/cardinal-tapes.com\/es\/cintas-adhesivas\/ambitos-de-aplicacion\/calefaccion-y-aire-acondicionado\/cinta-crepe-ca-12\/\" class=\"woocommerce-LoopProduct-link woocommerce-loop-product__link\"><div class=\"thumbnail_container\"><img decoding=\"async\" loading=\"lazy\" width=\"450\" height=\"450\" src=\"https:\/\/cardinal-tapes.com\/wp-content\/uploads\/CA_11-12-450x450.jpg\" class=\"wp-image-26823 avia-img-lazy-loading-26823 attachment-shop_catalog size-shop_catalog wp-post-image\" alt=\"Cinta crep\u00e9 plana CA-12 - unilateral, Papel, Caucho natural - Ilustraci\u00f3n 26823\" srcset=\"https:\/\/cardinal-tapes.com\/wp-content\/uploads\/CA_11-12-450x450.jpg 450w, https:\/\/cardinal-tapes.com\/wp-content\/uploads\/CA_11-12-120x120.jpg 120w, https:\/\/cardinal-tapes.com\/wp-content\/uploads\/CA_11-12-80x80.jpg 80w, https:\/\/cardinal-tapes.com\/wp-content\/uploads\/CA_11-12-200x200.jpg 200w, https:\/\/cardinal-tapes.com\/wp-content\/uploads\/CA_11-12-768x768.jpg 768w, https:\/\/cardinal-tapes.com\/wp-content\/uploads\/CA_11-12-1030x1030.jpg 1030w, https:\/\/cardinal-tapes.com\/wp-content\/uploads\/CA_11-12-36x36.jpg 36w, https:\/\/cardinal-tapes.com\/wp-content\/uploads\/CA_11-12-180x180.jpg 180w, https:\/\/cardinal-tapes.com\/wp-content\/uploads\/CA_11-12-705x705.jpg 705w, https:\/\/cardinal-tapes.com\/wp-content\/uploads\/CA_11-12-100x100.jpg 100w, https:\/\/cardinal-tapes.com\/wp-content\/uploads\/CA_11-12.jpg 1400w\" sizes=\"auto, (max-width: 450px) 100vw, 450px\" \/><\/div><div class='inner_product_header'><div class='avia-arrow'><\/div><div class='inner_product_header_table'><div class='inner_product_header_cell'><span class=\"is-h2 woocommerce-loop-product__title\">Cinta crep\u00e9 plana CA-12<\/span>\t\t<div class=\"product-infos\">\n\t\t\t\t\t\t\t<span class='product-infos__item'><b>Revestimiento:<\/b> unilateral<\/span>\n\t\t\t\t\t\t\t\t\t\t<span class='product-infos__item'><b>Tipo de material:<\/b> Papel<\/span>\n\t\t\t\t\t\t\t\t\t\t<span class='product-infos__item'><b>Fabricante:<\/b> cardinal GmbH<\/span>\n\t\t\t\t\t\t\t\t\t\t<span class='product-infos__item'><b>Precio a la carta<\/b><\/span>\n\t\t\t\t\t<\/div>\n\t<\/div><\/div><\/div><\/a><\/div><\/li>\n<li class=\"product type-product post-55985 status-publish instock product_cat-calefaccion-y-aire-acondicionado product_cat-ingenieria-mecanica product_cat-cinta-de-papel product_cat-acero-y-vidrio product_cat-cintas-adhesivas-de-una-cara has-post-thumbnail taxable shipping-taxable purchasable product-type-variable\">\n\t<div class='inner_product main_color wrapped_style noLightbox  av-product-class-no_button'><a href=\"https:\/\/cardinal-tapes.com\/es\/cintas-adhesivas\/ambitos-de-aplicacion\/calefaccion-y-aire-acondicionado\/ca-11-cinta-adhesiva-crepe-plana\/\" class=\"woocommerce-LoopProduct-link woocommerce-loop-product__link\"><div class=\"thumbnail_container\"><img decoding=\"async\" loading=\"lazy\" width=\"450\" height=\"450\" src=\"https:\/\/cardinal-tapes.com\/wp-content\/uploads\/CA_11-12-450x450.jpg\" class=\"wp-image-26823 avia-img-lazy-loading-26823 attachment-shop_catalog size-shop_catalog wp-post-image\" alt=\"Cinta crep\u00e9 plana CA-11 - unilateral, Papel, Caucho natural - Ilustraci\u00f3n 26823\" srcset=\"https:\/\/cardinal-tapes.com\/wp-content\/uploads\/CA_11-12-450x450.jpg 450w, https:\/\/cardinal-tapes.com\/wp-content\/uploads\/CA_11-12-120x120.jpg 120w, https:\/\/cardinal-tapes.com\/wp-content\/uploads\/CA_11-12-80x80.jpg 80w, https:\/\/cardinal-tapes.com\/wp-content\/uploads\/CA_11-12-200x200.jpg 200w, https:\/\/cardinal-tapes.com\/wp-content\/uploads\/CA_11-12-768x768.jpg 768w, https:\/\/cardinal-tapes.com\/wp-content\/uploads\/CA_11-12-1030x1030.jpg 1030w, https:\/\/cardinal-tapes.com\/wp-content\/uploads\/CA_11-12-36x36.jpg 36w, https:\/\/cardinal-tapes.com\/wp-content\/uploads\/CA_11-12-180x180.jpg 180w, https:\/\/cardinal-tapes.com\/wp-content\/uploads\/CA_11-12-705x705.jpg 705w, https:\/\/cardinal-tapes.com\/wp-content\/uploads\/CA_11-12-100x100.jpg 100w, https:\/\/cardinal-tapes.com\/wp-content\/uploads\/CA_11-12.jpg 1400w\" sizes=\"auto, (max-width: 450px) 100vw, 450px\" \/><\/div><div class='inner_product_header'><div class='avia-arrow'><\/div><div class='inner_product_header_table'><div class='inner_product_header_cell'><span class=\"is-h2 woocommerce-loop-product__title\">Cinta crep\u00e9 plana CA-11<\/span>\t\t<div class=\"product-infos\">\n\t\t\t\t\t\t\t<span class='product-infos__item'><b>Revestimiento:<\/b> unilateral<\/span>\n\t\t\t\t\t\t\t\t\t\t<span class='product-infos__item'><b>Tipo de material:<\/b> Papel<\/span>\n\t\t\t\t\t\t\t\t\t\t<span class='product-infos__item'><b>Fabricante:<\/b> cardinal GmbH<\/span>\n\t\t\t\t\t\t\t\t\t\t<span class='product-infos__item'><b>Precio a la carta<\/b><\/span>\n\t\t\t\t\t<\/div>\n\t<\/div><\/div><\/div><\/a><\/div><\/li>\n<li class=\"product type-product post-54000 status-publish instock product_cat-produccion-transformacion-del-aluminio product_cat-cinta-adhesiva-de-aluminio product_cat-industria-electrica product_cat-calefaccion-y-aire-acondicionado product_cat-cintas-adhesivas-de-una-cara has-post-thumbnail taxable shipping-taxable purchasable product-type-variable\">\n\t<div class='inner_product main_color wrapped_style noLightbox  av-product-class-no_button'><a href=\"https:\/\/cardinal-tapes.com\/es\/cintas-adhesivas\/ambitos-de-aplicacion\/produccion-transformacion-del-aluminio\/ca-61-cinta-adhesiva-de-aluminio\/\" class=\"woocommerce-LoopProduct-link woocommerce-loop-product__link\"><div class=\"thumbnail_container\"><img decoding=\"async\" loading=\"lazy\" width=\"450\" height=\"450\" src=\"https:\/\/cardinal-tapes.com\/wp-content\/uploads\/CA_61_03_retouched-450x450.jpg\" class=\"wp-image-26867 avia-img-lazy-loading-26867 attachment-shop_catalog size-shop_catalog wp-post-image\" alt=\"Cinta adhesiva de aluminio CA-61 - unilateral, Aluminio, Acrilato solvente - Ilustraci\u00f3n 26867\" srcset=\"https:\/\/cardinal-tapes.com\/wp-content\/uploads\/CA_61_03_retouched-450x450.jpg 450w, https:\/\/cardinal-tapes.com\/wp-content\/uploads\/CA_61_03_retouched-120x120.jpg 120w, https:\/\/cardinal-tapes.com\/wp-content\/uploads\/CA_61_03_retouched-80x80.jpg 80w, https:\/\/cardinal-tapes.com\/wp-content\/uploads\/CA_61_03_retouched-200x200.jpg 200w, https:\/\/cardinal-tapes.com\/wp-content\/uploads\/CA_61_03_retouched-768x768.jpg 768w, https:\/\/cardinal-tapes.com\/wp-content\/uploads\/CA_61_03_retouched-1030x1030.jpg 1030w, https:\/\/cardinal-tapes.com\/wp-content\/uploads\/CA_61_03_retouched-36x36.jpg 36w, https:\/\/cardinal-tapes.com\/wp-content\/uploads\/CA_61_03_retouched-180x180.jpg 180w, https:\/\/cardinal-tapes.com\/wp-content\/uploads\/CA_61_03_retouched-705x705.jpg 705w, https:\/\/cardinal-tapes.com\/wp-content\/uploads\/CA_61_03_retouched-100x100.jpg 100w, https:\/\/cardinal-tapes.com\/wp-content\/uploads\/CA_61_03_retouched.jpg 1400w\" sizes=\"auto, (max-width: 450px) 100vw, 450px\" \/><\/div><div class='inner_product_header'><div class='avia-arrow'><\/div><div class='inner_product_header_table'><div class='inner_product_header_cell'><span class=\"is-h2 woocommerce-loop-product__title\">Cinta adhesiva de aluminio CA-61<\/span>\t\t<div class=\"product-infos\">\n\t\t\t\t\t\t\t<span class='product-infos__item'><b>Revestimiento:<\/b> unilateral<\/span>\n\t\t\t\t\t\t\t\t\t\t<span class='product-infos__item'><b>Tipo de material:<\/b> Aluminio<\/span>\n\t\t\t\t\t\t\t\t\t\t<span class='product-infos__item'><b>Fabricante:<\/b> cardinal GmbH<\/span>\n\t\t\t\t\t\t\t\t\t\t<span class='product-infos__item'><b>Precio a la carta<\/b><\/span>\n\t\t\t\t\t<\/div>\n\t<\/div><\/div><\/div><\/a><\/div><\/li>\n<li class=\"product type-product post-75142 status-publish last instock product_cat-produccion-de-peliculas product_cat-calefaccion-y-aire-acondicionado product_cat-industria-del-plastico product_cat-ingenieria-mecanica product_cat-acabado-de-metales product_cat-industria-textil product_cat-cintas-adhesivas-de-doble-cara product_cat-produccion-transformacion-del-aluminio product_cat-industria-electrica has-post-thumbnail taxable shipping-taxable purchasable product-type-variable\">\n\t<div class='inner_product main_color wrapped_style noLightbox  av-product-class-no_button'><a href=\"https:\/\/cardinal-tapes.com\/es\/cintas-adhesivas\/ambitos-de-aplicacion\/produccion-transformacion-del-aluminio\/cinta-adhesiva-ca-418-pet-es\/\" class=\"woocommerce-LoopProduct-link woocommerce-loop-product__link\"><div class=\"thumbnail_container\"><img decoding=\"async\" loading=\"lazy\" width=\"380\" height=\"380\" src=\"https:\/\/cardinal-tapes.com\/wp-content\/uploads\/ca_420_19x50mm.jpg\" class=\"wp-image-81358 avia-img-lazy-loading-81358 attachment-shop_catalog size-shop_catalog wp-post-image\" alt=\"CA-420 Cinta adhesiva PET - doble cara, Pel\u00edcula PET, Acrilato solvente - Ilustraci\u00f3n 81358\" srcset=\"https:\/\/cardinal-tapes.com\/wp-content\/uploads\/ca_420_19x50mm.jpg 380w, https:\/\/cardinal-tapes.com\/wp-content\/uploads\/ca_420_19x50mm-200x200.jpg 200w, https:\/\/cardinal-tapes.com\/wp-content\/uploads\/ca_420_19x50mm-80x80.jpg 80w, https:\/\/cardinal-tapes.com\/wp-content\/uploads\/ca_420_19x50mm-36x36.jpg 36w, https:\/\/cardinal-tapes.com\/wp-content\/uploads\/ca_420_19x50mm-180x180.jpg 180w, https:\/\/cardinal-tapes.com\/wp-content\/uploads\/ca_420_19x50mm-120x120.jpg 120w, https:\/\/cardinal-tapes.com\/wp-content\/uploads\/ca_420_19x50mm-100x100.jpg 100w\" sizes=\"auto, (max-width: 380px) 100vw, 380px\" \/><\/div><div class='inner_product_header'><div class='avia-arrow'><\/div><div class='inner_product_header_table'><div class='inner_product_header_cell'><span class=\"is-h2 woocommerce-loop-product__title\">CA-420 Cinta adhesiva PET<\/span>\t\t<div class=\"product-infos\">\n\t\t\t\t\t\t\t<span class='product-infos__item'><b>Revestimiento:<\/b> doble cara<\/span>\n\t\t\t\t\t\t\t\t\t\t<span class='product-infos__item'><b>Tipo de material:<\/b> Pel\u00edcula PET<\/span>\n\t\t\t\t\t\t\t\t\t\t<span class='product-infos__item'><b>Fabricante:<\/b> cardinal GmbH<\/span>\n\t\t\t\t\t\t\t\t\t\t<span class='product-infos__item'><b>Precio a la carta<\/b><\/span>\n\t\t\t\t\t<\/div>\n\t<\/div><\/div><\/div><\/a><\/div><\/li>\n<\/ul><\/div><\/div><div class=\"clear\"><\/div><br \/>\n<div  class='avia-button-wrap av-7abn2-b4cf75a715194cdbce4d853361c2beec-wrap avia-button-left '><a href='https:\/\/cardinal-tapes.com\/es\/cintas-adhesivas-es\/'  class='avia-button av-7abn2-b4cf75a715194cdbce4d853361c2beec avia-icon_select-no avia-size-medium avia-position-left avia-color-theme-color layout-border color-white'  ><span class='avia_iconbox_title' >Todos los productos<\/span><\/a><\/div><\/p><\/div>\n","protected":false},"excerpt":{"rendered":"","protected":false},"author":1,"featured_media":0,"parent":30847,"menu_order":15,"comment_status":"closed","ping_status":"closed","template":"","meta":{"_acf_changed":false,"footnotes":""},"class_list":["post-31635","page","type-page","status-publish","hentry"],"acf":[],"yoast_head":"<!-- This site is optimized with the Yoast SEO plugin v27.3 - https:\/\/yoast.com\/product\/yoast-seo-wordpress\/ -->\n<title>Cintas adhesivas para calefacci\u00f3n, ventilaci\u00f3n y aire acondicionado | cardinal TAPES<\/title>\n<meta name=\"description\" content=\"Como socio comercial de tecnolog\u00eda adhesiva lista para usar en la tecnolog\u00eda de calefacci\u00f3n, ventilaci\u00f3n y aire acondicionado, estamos a su disposici\u00f3n para asesorarle con nuestros conocimientos especializados. M\u00e1s informaci\u00f3n.\" \/>\n<meta name=\"robots\" content=\"index, follow, max-snippet:-1, max-image-preview:large, max-video-preview:-1\" \/>\n<link rel=\"canonical\" href=\"https:\/\/cardinal-tapes.com\/es\/cintas-adhesivas-es\/ambitos-de-aplicacion\/calefaccion-ventilacion-y-aire-acondicionado\/\" \/>\n<meta property=\"og:locale\" content=\"es_ES\" \/>\n<meta property=\"og:type\" content=\"article\" \/>\n<meta property=\"og:title\" content=\"Cintas adhesivas para calefacci\u00f3n, ventilaci\u00f3n y aire acondicionado | cardinal TAPES\" \/>\n<meta property=\"og:description\" content=\"Como socio comercial de tecnolog\u00eda adhesiva lista para usar en la tecnolog\u00eda de calefacci\u00f3n, ventilaci\u00f3n y aire acondicionado, estamos a su disposici\u00f3n para asesorarle con nuestros conocimientos especializados. M\u00e1s informaci\u00f3n.\" \/>\n<meta property=\"og:url\" content=\"https:\/\/cardinal-tapes.com\/es\/cintas-adhesivas-es\/ambitos-de-aplicacion\/calefaccion-ventilacion-y-aire-acondicionado\/\" \/>\n<meta property=\"og:site_name\" content=\"cardinal TAPES\" \/>\n<meta property=\"article:modified_time\" content=\"2023-06-16T14:02:00+00:00\" \/>\n<meta name=\"twitter:card\" content=\"summary_large_image\" \/>\n<meta name=\"twitter:label1\" content=\"Tiempo de lectura\" \/>\n\t<meta name=\"twitter:data1\" content=\"5 minutos\" \/>\n<script type=\"application\/ld+json\" class=\"yoast-schema-graph\">{\"@context\":\"https:\\\/\\\/schema.org\",\"@graph\":[{\"@type\":\"WebPage\",\"@id\":\"https:\\\/\\\/cardinal-tapes.com\\\/es\\\/cintas-adhesivas-es\\\/ambitos-de-aplicacion\\\/calefaccion-ventilacion-y-aire-acondicionado\\\/\",\"url\":\"https:\\\/\\\/cardinal-tapes.com\\\/es\\\/cintas-adhesivas-es\\\/ambitos-de-aplicacion\\\/calefaccion-ventilacion-y-aire-acondicionado\\\/\",\"name\":\"Cintas adhesivas para calefacci\u00f3n, ventilaci\u00f3n y aire acondicionado | cardinal TAPES\",\"isPartOf\":{\"@id\":\"https:\\\/\\\/cardinal-tapes.com\\\/#website\"},\"datePublished\":\"2023-06-02T08:59:51+00:00\",\"dateModified\":\"2023-06-16T14:02:00+00:00\",\"description\":\"Como socio comercial de tecnolog\u00eda adhesiva lista para usar en la tecnolog\u00eda de calefacci\u00f3n, ventilaci\u00f3n y aire acondicionado, estamos a su disposici\u00f3n para asesorarle con nuestros conocimientos especializados. M\u00e1s informaci\u00f3n.\",\"breadcrumb\":{\"@id\":\"https:\\\/\\\/cardinal-tapes.com\\\/es\\\/cintas-adhesivas-es\\\/ambitos-de-aplicacion\\\/calefaccion-ventilacion-y-aire-acondicionado\\\/#breadcrumb\"},\"inLanguage\":\"es\",\"potentialAction\":[{\"@type\":\"ReadAction\",\"target\":[\"https:\\\/\\\/cardinal-tapes.com\\\/es\\\/cintas-adhesivas-es\\\/ambitos-de-aplicacion\\\/calefaccion-ventilacion-y-aire-acondicionado\\\/\"]}]},{\"@type\":\"BreadcrumbList\",\"@id\":\"https:\\\/\\\/cardinal-tapes.com\\\/es\\\/cintas-adhesivas-es\\\/ambitos-de-aplicacion\\\/calefaccion-ventilacion-y-aire-acondicionado\\\/#breadcrumb\",\"itemListElement\":[{\"@type\":\"ListItem\",\"position\":1,\"name\":\"Startseite\",\"item\":\"https:\\\/\\\/cardinal-tapes.com\\\/es\\\/\"},{\"@type\":\"ListItem\",\"position\":2,\"name\":\"Cintas adhesivas\",\"item\":\"https:\\\/\\\/cardinal-tapes.com\\\/es\\\/cintas-adhesivas-es\\\/\"},{\"@type\":\"ListItem\",\"position\":3,\"name\":\"\u00c1mbitos de aplicaci\u00f3n\",\"item\":\"https:\\\/\\\/cardinal-tapes.com\\\/es\\\/cintas-adhesivas-es__trashed\\\/ambitos-de-aplicacion\\\/\"},{\"@type\":\"ListItem\",\"position\":4,\"name\":\"Calefacci\u00f3n, ventilaci\u00f3n y aire acondicionado\"}]},{\"@type\":\"WebSite\",\"@id\":\"https:\\\/\\\/cardinal-tapes.com\\\/#website\",\"url\":\"https:\\\/\\\/cardinal-tapes.com\\\/\",\"name\":\"cardinal TAPES\",\"description\":\"Klebetechnik aus Wuppertal\",\"potentialAction\":[{\"@type\":\"SearchAction\",\"target\":{\"@type\":\"EntryPoint\",\"urlTemplate\":\"https:\\\/\\\/cardinal-tapes.com\\\/?s={search_term_string}\"},\"query-input\":{\"@type\":\"PropertyValueSpecification\",\"valueRequired\":true,\"valueName\":\"search_term_string\"}}],\"inLanguage\":\"es\"}]}<\/script>\n<!-- \/ Yoast SEO plugin. -->","yoast_head_json":{"title":"Cintas adhesivas para calefacci\u00f3n, ventilaci\u00f3n y aire acondicionado | cardinal TAPES","description":"Como socio comercial de tecnolog\u00eda adhesiva lista para usar en la tecnolog\u00eda de calefacci\u00f3n, ventilaci\u00f3n y aire acondicionado, estamos a su disposici\u00f3n para asesorarle con nuestros conocimientos especializados. M\u00e1s informaci\u00f3n.","robots":{"index":"index","follow":"follow","max-snippet":"max-snippet:-1","max-image-preview":"max-image-preview:large","max-video-preview":"max-video-preview:-1"},"canonical":"https:\/\/cardinal-tapes.com\/es\/cintas-adhesivas-es\/ambitos-de-aplicacion\/calefaccion-ventilacion-y-aire-acondicionado\/","og_locale":"es_ES","og_type":"article","og_title":"Cintas adhesivas para calefacci\u00f3n, ventilaci\u00f3n y aire acondicionado | cardinal TAPES","og_description":"Como socio comercial de tecnolog\u00eda adhesiva lista para usar en la tecnolog\u00eda de calefacci\u00f3n, ventilaci\u00f3n y aire acondicionado, estamos a su disposici\u00f3n para asesorarle con nuestros conocimientos especializados. M\u00e1s informaci\u00f3n.","og_url":"https:\/\/cardinal-tapes.com\/es\/cintas-adhesivas-es\/ambitos-de-aplicacion\/calefaccion-ventilacion-y-aire-acondicionado\/","og_site_name":"cardinal TAPES","article_modified_time":"2023-06-16T14:02:00+00:00","twitter_card":"summary_large_image","twitter_misc":{"Tiempo de lectura":"5 minutos"},"schema":{"@context":"https:\/\/schema.org","@graph":[{"@type":"WebPage","@id":"https:\/\/cardinal-tapes.com\/es\/cintas-adhesivas-es\/ambitos-de-aplicacion\/calefaccion-ventilacion-y-aire-acondicionado\/","url":"https:\/\/cardinal-tapes.com\/es\/cintas-adhesivas-es\/ambitos-de-aplicacion\/calefaccion-ventilacion-y-aire-acondicionado\/","name":"Cintas adhesivas para calefacci\u00f3n, ventilaci\u00f3n y aire acondicionado | cardinal TAPES","isPartOf":{"@id":"https:\/\/cardinal-tapes.com\/#website"},"datePublished":"2023-06-02T08:59:51+00:00","dateModified":"2023-06-16T14:02:00+00:00","description":"Como socio comercial de tecnolog\u00eda adhesiva lista para usar en la tecnolog\u00eda de calefacci\u00f3n, ventilaci\u00f3n y aire acondicionado, estamos a su disposici\u00f3n para asesorarle con nuestros conocimientos especializados. M\u00e1s informaci\u00f3n.","breadcrumb":{"@id":"https:\/\/cardinal-tapes.com\/es\/cintas-adhesivas-es\/ambitos-de-aplicacion\/calefaccion-ventilacion-y-aire-acondicionado\/#breadcrumb"},"inLanguage":"es","potentialAction":[{"@type":"ReadAction","target":["https:\/\/cardinal-tapes.com\/es\/cintas-adhesivas-es\/ambitos-de-aplicacion\/calefaccion-ventilacion-y-aire-acondicionado\/"]}]},{"@type":"BreadcrumbList","@id":"https:\/\/cardinal-tapes.com\/es\/cintas-adhesivas-es\/ambitos-de-aplicacion\/calefaccion-ventilacion-y-aire-acondicionado\/#breadcrumb","itemListElement":[{"@type":"ListItem","position":1,"name":"Startseite","item":"https:\/\/cardinal-tapes.com\/es\/"},{"@type":"ListItem","position":2,"name":"Cintas adhesivas","item":"https:\/\/cardinal-tapes.com\/es\/cintas-adhesivas-es\/"},{"@type":"ListItem","position":3,"name":"\u00c1mbitos de aplicaci\u00f3n","item":"https:\/\/cardinal-tapes.com\/es\/cintas-adhesivas-es__trashed\/ambitos-de-aplicacion\/"},{"@type":"ListItem","position":4,"name":"Calefacci\u00f3n, ventilaci\u00f3n y aire acondicionado"}]},{"@type":"WebSite","@id":"https:\/\/cardinal-tapes.com\/#website","url":"https:\/\/cardinal-tapes.com\/","name":"cardinal TAPES","description":"Klebetechnik aus Wuppertal","potentialAction":[{"@type":"SearchAction","target":{"@type":"EntryPoint","urlTemplate":"https:\/\/cardinal-tapes.com\/?s={search_term_string}"},"query-input":{"@type":"PropertyValueSpecification","valueRequired":true,"valueName":"search_term_string"}}],"inLanguage":"es"}]}},"_links":{"self":[{"href":"https:\/\/cardinal-tapes.com\/es\/wp-json\/wp\/v2\/pages\/31635","targetHints":{"allow":["GET"]}}],"collection":[{"href":"https:\/\/cardinal-tapes.com\/es\/wp-json\/wp\/v2\/pages"}],"about":[{"href":"https:\/\/cardinal-tapes.com\/es\/wp-json\/wp\/v2\/types\/page"}],"author":[{"embeddable":true,"href":"https:\/\/cardinal-tapes.com\/es\/wp-json\/wp\/v2\/users\/1"}],"replies":[{"embeddable":true,"href":"https:\/\/cardinal-tapes.com\/es\/wp-json\/wp\/v2\/comments?post=31635"}],"version-history":[{"count":0,"href":"https:\/\/cardinal-tapes.com\/es\/wp-json\/wp\/v2\/pages\/31635\/revisions"}],"up":[{"embeddable":true,"href":"https:\/\/cardinal-tapes.com\/es\/wp-json\/wp\/v2\/pages\/30847"}],"wp:attachment":[{"href":"https:\/\/cardinal-tapes.com\/es\/wp-json\/wp\/v2\/media?parent=31635"}],"curies":[{"name":"wp","href":"https:\/\/api.w.org\/{rel}","templated":true}]}}