{"id":31597,"date":"2023-06-02T10:59:50","date_gmt":"2023-06-02T08:59:50","guid":{"rendered":"https:\/\/cardinal.pixel-tal.de\/cintas-adhesivas\/cinta-adhesiva-abc\/cintas-de-senalizacion-de-suelos\/"},"modified":"2023-06-14T10:47:27","modified_gmt":"2023-06-14T08:47:27","slug":"cintas-de-senalizacion-de-suelos","status":"publish","type":"page","link":"https:\/\/cardinal-tapes.com\/es\/cintas-adhesivas-es\/cinta-adhesiva-abc\/cintas-de-senalizacion-de-suelos\/","title":{"rendered":"Cintas de se\u00f1alizaci\u00f3n de suelos"},"content":{"rendered":"<div id='av_section_1'  class='avia-section av-c2o0fh-8a7ffa7ba97b4723ee37b3fa18d2eb2f alternate_color avia-section-default avia-no-border-styling  avia-builder-el-0  el_before_av_section  avia-builder-el-first  avia-bg-style-scroll container_wrap fullsize'  ><div class='container av-section-cont-open' ><main  role=\"main\" itemprop=\"mainContentOfPage\"  class='template-page content  av-content-full alpha units'><div class='post-entry post-entry-type-page post-entry-31597'><div class='entry-content-wrapper clearfix'>\n<div  class='flex_column av-12joil-0403d32292854946e0897746584fe476 av_one_full  avia-builder-el-1  el_before_av_one_half  avia-builder-el-first  first flex_column_div  '     ><div class=\"pxl-headline pxl-hl hl-wrap | hl-sub--bot hl--align-left hl--no-margin    \">\n        <div class=\"hl-inner\">\n            <h2 class=\"hl-main hl-line |  hl_main--default  \">Cintas de se\u00f1alizaci\u00f3n de suelos<\/h2>\n            \n    <\/div>\n<\/div><\/div><div  class='flex_column av-9gzvtp-55bbb226434c8bd948c4ee5c33799035 av_one_half  avia-builder-el-3  el_after_av_one_full  el_before_av_one_half  first flex_column_div  column-top-margin'     ><section  class='av_textblock_section av-11dvvx-2fda3b51363ca4c68d6e5f503353f7f2 '   itemscope=\"itemscope\" itemtype=\"https:\/\/schema.org\/CreativeWork\" ><div class='avia_textblock'  itemprop=\"text\" ><p>Hoy en d\u00eda, <a href=\"https:\/\/cardinal-tapes.com\/es\/cintas-adhesivas\/cinta-de-marcaje-de-suelos\/ca-3071-desenrollador-para-cinta-marcadora-de-suelo\/\">las cintas de se\u00f1alizaci\u00f3n de suelos<\/a> son una parte indispensable de la identificaci\u00f3n de peligros y pueden utilizarse de diversas maneras. Ya sea en aeropuertos como se\u00f1alizaci\u00f3n, en bancos como marcaje de distancias, en concesionarios de autom\u00f3viles o tambi\u00e9n en su empresa para se\u00f1alizar distintas zonas, rutas de tr\u00e1fico interno, puntos peligrosos o similares.<\/p>\n<p>Para encontrar la cinta adecuada a sus necesidades, busque las siguientes caracter\u00edsticas.<\/p>\n<ul>\n<li>\u00bfSe imprime la cinta limpiamente y sin errores?<\/li>\n<li>\u00bfSon los colores ricos en contraste y, por tanto, f\u00e1cilmente visibles?<\/li>\n<li>\u00bfSe puede retirar f\u00e1cilmente la cinta del rollo?<\/li>\n<li>\u00bfTiene la cinta una gran fuerza adhesiva tanto en superficies lisas como irregulares?<\/li>\n<\/ul>\n<\/div><\/section><\/div><div  class='flex_column av-6xdwz1-15bc22b7f370771c1261c60bb98cf7d4 av_one_half  avia-builder-el-5  el_after_av_one_half  avia-builder-el-last  flex_column_div  column-top-margin'     ><section  class='av_textblock_section av-7jjge5-22130320851b68ee7f15493218843b69 '   itemscope=\"itemscope\" itemtype=\"https:\/\/schema.org\/CreativeWork\" ><div class='avia_textblock'  itemprop=\"text\" ><h4>Aplicaciones de las cintas de se\u00f1alizaci\u00f3n de suelos<\/h4>\n<p>Nuestras <a href=\"\/klebebaender\/\">cintas<\/a> adhesivas ofrecen una soluci\u00f3n adhesiva robusta y f\u00e1cil de manipular. Nuestra variada paleta de colores ofrece llamativas combinaciones, como amarillo\/negro y rojo\/blanco. Dado que siempre adaptamos nuestros productos a las especificaciones m\u00e1s modernas, nuestras cintas de se\u00f1alizaci\u00f3n de suelos son especialmente resistentes al desgarro y a los rayos UV. Por lo tanto, son ideales para su uso durante un periodo de tiempo m\u00e1s largo.<\/p>\n<p>Deben aplicarse sobre suelos industriales limpios, secos y lisos. Nuestras <a href=\"https:\/\/cardinal-tapes.com\/es\/cintas-adhesivas\/cinta-de-marcaje-de-suelos\/ca-537-marcador-de-suelo-cinta-adhesiva-de-pvc\/\">cintas adhesivas de PVC<\/a> para se\u00f1alizaci\u00f3n de suelos est\u00e1n disponibles en varios colores y tama\u00f1os. Para otros colores individuales, p\u00f3ngase en contacto con nosotros. De lo contrario, tambi\u00e9n estaremos encantados de montarle diversas cintas adhesivas. De este modo, estar\u00e1 \u00f3ptimamente equipado incluso para sus necesidades individuales.<\/p>\n<\/div><\/section><\/div>\n\n<\/div><\/div><\/main><!-- close content main element --><\/div><\/div><div id='av_section_2'  class='avia-section av-5o99bh-07fe690eef9a2c7847f939d2a351f6bb main_color avia-section-default avia-no-border-styling  avia-builder-el-7  el_after_av_section  avia-builder-el-last  gradient-section avia-bg-style-scroll container_wrap fullsize'  ><div class='container av-section-cont-open' ><div class='template-page content  av-content-full alpha units'><div class='post-entry post-entry-type-page post-entry-31597'><div class='entry-content-wrapper clearfix'>\n<div  class='flex_column av-4ah7fh-a36e9863b3dcc9c4351a8a16a0d7f509 av_one_full  avia-builder-el-8  avia-builder-el-no-sibling  first flex_column_div  '     ><p><div class=\"pxl-headline pxl-hl hl-wrap | hl-sub--off hl--align-left hl--no-margin    \">\n        <div class=\"hl-inner\">\n            <h2 class=\"hl-main hl-line |  hl_main--default  \">Productos interesantes<\/h2>\n            \n    <\/div>\n<\/div>\n<br \/>\n<div   data-autoplay=''  data-interval='5'  data-animation='fade'  data-hoverpause='1'  class='template-shop avia-content-slider avia-content-slider-active avia-product-slider1 avia-content-slider-even  avia-builder-el-10  el_after_pixel_sc_headline  el_before_av_button   shop_columns_4' ><div class='avia-content-slider-inner'><ul class=\"products slide-entry-wrap\"><li class=\"product type-product post-42040 status-publish first instock product_cat-cinta-de-marcaje-de-suelos product_cat-cinta-de-tela product_cat-cintas-adhesivas-de-una-cara product_cat-film-de-pvc has-post-thumbnail sale taxable shipping-taxable purchasable product-type-variable\">\n\t<div class='inner_product main_color wrapped_style noLightbox product_on_sale av-product-class-no_button'><a href=\"https:\/\/cardinal-tapes.com\/es\/cintas-adhesivas\/cintas-adhesivas-de-una-cara\/film-de-pvc\/at8-cinta-de-senalizacion-de-suelos\/\" class=\"woocommerce-LoopProduct-link woocommerce-loop-product__link\"><div class=\"thumbnail_container\"><img decoding=\"async\" loading=\"lazy\" width=\"450\" height=\"450\" src=\"https:\/\/cardinal-tapes.com\/wp-content\/uploads\/Advance-Tapes_AT0008_Group-450x450.jpg\" class=\"wp-image-28619 avia-img-lazy-loading-28619 attachment-shop_catalog size-shop_catalog wp-post-image\" alt=\"AT8 Cinta de se\u00f1alizaci\u00f3n de suelos - unilateral, Pel\u00edcula de PVC, Caucho natural - Ilustraci\u00f3n 28619\" srcset=\"https:\/\/cardinal-tapes.com\/wp-content\/uploads\/Advance-Tapes_AT0008_Group-450x450.jpg 450w, https:\/\/cardinal-tapes.com\/wp-content\/uploads\/Advance-Tapes_AT0008_Group-120x120.jpg 120w, https:\/\/cardinal-tapes.com\/wp-content\/uploads\/Advance-Tapes_AT0008_Group-80x80.jpg 80w, https:\/\/cardinal-tapes.com\/wp-content\/uploads\/Advance-Tapes_AT0008_Group-200x200.jpg 200w, https:\/\/cardinal-tapes.com\/wp-content\/uploads\/Advance-Tapes_AT0008_Group-36x36.jpg 36w, https:\/\/cardinal-tapes.com\/wp-content\/uploads\/Advance-Tapes_AT0008_Group-180x180.jpg 180w, https:\/\/cardinal-tapes.com\/wp-content\/uploads\/Advance-Tapes_AT0008_Group-100x100.jpg 100w, https:\/\/cardinal-tapes.com\/wp-content\/uploads\/Advance-Tapes_AT0008_Group.jpg 600w\" sizes=\"auto, (max-width: 450px) 100vw, 450px\" \/><\/div><div class='inner_product_header'><div class='avia-arrow'><\/div><div class='inner_product_header_table'><div class='inner_product_header_cell'><span class=\"is-h2 woocommerce-loop-product__title\">AT8 Cinta de se\u00f1alizaci\u00f3n de suelos<\/span>\t\t<div class=\"product-infos\">\n\t\t\t\t\t\t\t<span class='product-infos__item'><b>Revestimiento:<\/b> unilateral<\/span>\n\t\t\t\t\t\t\t\t\t\t<span class='product-infos__item'><b>Tipo de material:<\/b> Pel\u00edcula de PVC<\/span>\n\t\t\t\t\t\t\t\t\t\t<span class='product-infos__item'><b>Fabricante:<\/b> Advance Tapes<\/span>\n\t\t\t\t\t\t\t\t\t\t<span class='product-infos__item'><b>Precio a la carta<\/b><\/span>\n\t\t\t\t\t<\/div>\n\t\n\t<span class=\"onsale\">\u00a1Oferta!<\/span>\n\t<\/div><\/div><\/div><\/a><\/div><\/li>\n<li class=\"product type-product post-55370 status-publish instock product_cat-cinta-de-marcaje-de-suelos product_cat-cinta-de-tela product_cat-cintas-adhesivas-de-una-cara has-post-thumbnail taxable shipping-taxable purchasable product-type-variable\">\n\t<div class='inner_product main_color wrapped_style noLightbox  av-product-class-no_button'><a href=\"https:\/\/cardinal-tapes.com\/es\/cintas-adhesivas\/ambitos-de-aplicacion\/cinta-de-marcaje-de-suelos\/ca-345-cinta-adhesiva-de-tejido-revestida-cinta-de-advertencia\/\" class=\"woocommerce-LoopProduct-link woocommerce-loop-product__link\"><div class=\"thumbnail_container\"><img decoding=\"async\" loading=\"lazy\" width=\"450\" height=\"450\" src=\"https:\/\/cardinal-tapes.com\/wp-content\/uploads\/CA_345_retouched-450x450.jpg\" class=\"wp-image-27119 avia-img-lazy-loading-27119 attachment-shop_catalog size-shop_catalog wp-post-image\" alt=\"CA-345 Cinta adhesiva de tejido con revestimiento de PE -Cinta de advertencia- - unilateral, Tejido, Caucho natural - Ilustraci\u00f3n 27119\" srcset=\"https:\/\/cardinal-tapes.com\/wp-content\/uploads\/CA_345_retouched-450x450.jpg 450w, https:\/\/cardinal-tapes.com\/wp-content\/uploads\/CA_345_retouched-120x120.jpg 120w, https:\/\/cardinal-tapes.com\/wp-content\/uploads\/CA_345_retouched-80x80.jpg 80w, https:\/\/cardinal-tapes.com\/wp-content\/uploads\/CA_345_retouched-36x36.jpg 36w, https:\/\/cardinal-tapes.com\/wp-content\/uploads\/CA_345_retouched-180x180.jpg 180w, https:\/\/cardinal-tapes.com\/wp-content\/uploads\/CA_345_retouched-100x100.jpg 100w\" sizes=\"auto, (max-width: 450px) 100vw, 450px\" \/><\/div><div class='inner_product_header'><div class='avia-arrow'><\/div><div class='inner_product_header_table'><div class='inner_product_header_cell'><span class=\"is-h2 woocommerce-loop-product__title\">CA-345 Cinta adhesiva de tejido con revestimiento de PE -Cinta de advertencia-<\/span>\t\t<div class=\"product-infos\">\n\t\t\t\t\t\t\t<span class='product-infos__item'><b>Revestimiento:<\/b> unilateral<\/span>\n\t\t\t\t\t\t\t\t\t\t<span class='product-infos__item'><b>Tipo de material:<\/b> Tejido<\/span>\n\t\t\t\t\t\t\t\t\t\t<span class='product-infos__item'><b>Fabricante:<\/b> cardinal GmbH<\/span>\n\t\t\t\t\t\t\t\t\t\t<span class='product-infos__item'><b>Precio a la carta<\/b><\/span>\n\t\t\t\t\t<\/div>\n\t<\/div><\/div><\/div><\/a><\/div><\/li>\n<li class=\"product type-product post-55394 status-publish instock product_cat-cinta-de-marcaje-de-suelos product_cat-cintas-adhesivas-de-una-cara has-post-thumbnail taxable shipping-taxable purchasable product-type-variable\">\n\t<div class='inner_product main_color wrapped_style noLightbox  av-product-class-no_button'><a href=\"https:\/\/cardinal-tapes.com\/es\/cintas-adhesivas\/ambitos-de-aplicacion\/cinta-de-marcaje-de-suelos\/ca-537-marcador-de-suelo-cinta-adhesiva-de-pvc\/\" class=\"woocommerce-LoopProduct-link woocommerce-loop-product__link\"><div class=\"thumbnail_container\"><img decoding=\"async\" loading=\"lazy\" width=\"450\" height=\"450\" src=\"https:\/\/cardinal-tapes.com\/wp-content\/uploads\/CA_Mix02_01-450x450.jpg\" class=\"wp-image-26939 avia-img-lazy-loading-26939 attachment-shop_catalog size-shop_catalog wp-post-image\" alt=\"CA-537 Cinta de PVC para marcar el suelo - unilateral, Pel\u00edcula de PVC, Caucho natural - Ilustraci\u00f3n 26939\" srcset=\"https:\/\/cardinal-tapes.com\/wp-content\/uploads\/CA_Mix02_01-450x450.jpg 450w, https:\/\/cardinal-tapes.com\/wp-content\/uploads\/CA_Mix02_01-120x120.jpg 120w, https:\/\/cardinal-tapes.com\/wp-content\/uploads\/CA_Mix02_01-80x80.jpg 80w, https:\/\/cardinal-tapes.com\/wp-content\/uploads\/CA_Mix02_01-36x36.jpg 36w, https:\/\/cardinal-tapes.com\/wp-content\/uploads\/CA_Mix02_01-180x180.jpg 180w, https:\/\/cardinal-tapes.com\/wp-content\/uploads\/CA_Mix02_01-100x100.jpg 100w\" sizes=\"auto, (max-width: 450px) 100vw, 450px\" \/><\/div><div class='inner_product_header'><div class='avia-arrow'><\/div><div class='inner_product_header_table'><div class='inner_product_header_cell'><span class=\"is-h2 woocommerce-loop-product__title\">CA-537 Cinta de PVC para marcar el suelo<\/span>\t\t<div class=\"product-infos\">\n\t\t\t\t\t\t\t<span class='product-infos__item'><b>Revestimiento:<\/b> unilateral<\/span>\n\t\t\t\t\t\t\t\t\t\t<span class='product-infos__item'><b>Tipo de material:<\/b> Pel\u00edcula de PVC<\/span>\n\t\t\t\t\t\t\t\t\t\t<span class='product-infos__item'><b>Fabricante:<\/b> cardinal GmbH<\/span>\n\t\t\t\t\t\t\t\t\t\t<span class='product-infos__item'><b>Precio a la carta<\/b><\/span>\n\t\t\t\t\t<\/div>\n\t<\/div><\/div><\/div><\/a><\/div><\/li>\n<li class=\"product type-product post-46044 status-publish last instock product_cat-cinta-de-marcaje-de-suelos product_cat-cintas-adhesivas-de-una-cara product_cat-sistemas-de-envasado has-post-thumbnail taxable shipping-taxable purchasable product-type-simple\">\n\t<div class='inner_product main_color wrapped_style noLightbox  av-product-class-no_button'><a href=\"https:\/\/cardinal-tapes.com\/es\/cintas-adhesivas\/ambitos-de-aplicacion\/cinta-de-marcaje-de-suelos\/ca-3071-desenrollador-para-cinta-marcadora-de-suelo\/\" class=\"woocommerce-LoopProduct-link woocommerce-loop-product__link\"><div class=\"thumbnail_container\"><img decoding=\"async\" loading=\"lazy\" width=\"450\" height=\"450\" src=\"https:\/\/cardinal-tapes.com\/wp-content\/uploads\/Bild-2-Verarbeitsger\u00e4t-Bodenmarkierung-450x450.jpg\" class=\"wp-image-26995 avia-img-lazy-loading-26995 attachment-shop_catalog size-shop_catalog wp-post-image\" alt=\"CA-3071 Desbobinador para cinta de se\u00f1alizaci\u00f3n de suelos - , Metal,  - Ilustraci\u00f3n 26995\" srcset=\"https:\/\/cardinal-tapes.com\/wp-content\/uploads\/Bild-2-Verarbeitsger\u00e4t-Bodenmarkierung-450x450.jpg 450w, https:\/\/cardinal-tapes.com\/wp-content\/uploads\/Bild-2-Verarbeitsger\u00e4t-Bodenmarkierung-120x120.jpg 120w, https:\/\/cardinal-tapes.com\/wp-content\/uploads\/Bild-2-Verarbeitsger\u00e4t-Bodenmarkierung-80x80.jpg 80w, https:\/\/cardinal-tapes.com\/wp-content\/uploads\/Bild-2-Verarbeitsger\u00e4t-Bodenmarkierung-200x200.jpg 200w, https:\/\/cardinal-tapes.com\/wp-content\/uploads\/Bild-2-Verarbeitsger\u00e4t-Bodenmarkierung-768x768.jpg 768w, https:\/\/cardinal-tapes.com\/wp-content\/uploads\/Bild-2-Verarbeitsger\u00e4t-Bodenmarkierung-1030x1030.jpg 1030w, https:\/\/cardinal-tapes.com\/wp-content\/uploads\/Bild-2-Verarbeitsger\u00e4t-Bodenmarkierung-1536x1536.jpg 1536w, https:\/\/cardinal-tapes.com\/wp-content\/uploads\/Bild-2-Verarbeitsger\u00e4t-Bodenmarkierung-36x36.jpg 36w, https:\/\/cardinal-tapes.com\/wp-content\/uploads\/Bild-2-Verarbeitsger\u00e4t-Bodenmarkierung-180x180.jpg 180w, https:\/\/cardinal-tapes.com\/wp-content\/uploads\/Bild-2-Verarbeitsger\u00e4t-Bodenmarkierung-1500x1500.jpg 1500w, https:\/\/cardinal-tapes.com\/wp-content\/uploads\/Bild-2-Verarbeitsger\u00e4t-Bodenmarkierung-705x705.jpg 705w, https:\/\/cardinal-tapes.com\/wp-content\/uploads\/Bild-2-Verarbeitsger\u00e4t-Bodenmarkierung-100x100.jpg 100w, https:\/\/cardinal-tapes.com\/wp-content\/uploads\/Bild-2-Verarbeitsger\u00e4t-Bodenmarkierung.jpg 1722w\" sizes=\"auto, (max-width: 450px) 100vw, 450px\" \/><span class=\"cart-loading\"><\/span><\/div><div class='inner_product_header'><div class='avia-arrow'><\/div><div class='inner_product_header_table'><div class='inner_product_header_cell'><span class=\"is-h2 woocommerce-loop-product__title\">CA-3071 Desbobinador para cinta de se\u00f1alizaci\u00f3n de suelos<\/span>\t\t<div class=\"product-infos\">\n\t\t\t\t\t\t\t\t\t\t<span class='product-infos__item'><b>Tipo de material:<\/b> Metal<\/span>\n\t\t\t\t\t\t\t\t\t\t<span class='product-infos__item'><b>Fabricante:<\/b> cardinal GmbH<\/span>\n\t\t\t\t\t\t\t\t\t\t<span class='product-infos__item'><b>Precio a la carta<\/b><\/span>\n\t\t\t\t\t<\/div>\n\t<\/div><\/div><\/div><\/a><\/div><\/li>\n<\/ul><\/div><\/div><div class=\"clear\"><\/div><br \/>\n<div  class='avia-button-wrap av-22c1ot-65a9e6e23bf715fd54489c654b97c81e-wrap avia-button-left '><a href='https:\/\/cardinal-tapes.com\/klebebaender\/'  class='avia-button av-22c1ot-65a9e6e23bf715fd54489c654b97c81e avia-icon_select-no avia-size-medium avia-position-left avia-color-theme-color layout-border color-white'  ><span class='avia_iconbox_title' >Todos los productos<\/span><\/a><\/div><\/p><\/div>\n","protected":false},"excerpt":{"rendered":"","protected":false},"author":1,"featured_media":0,"parent":30710,"menu_order":19,"comment_status":"closed","ping_status":"closed","template":"","meta":{"_acf_changed":false,"footnotes":""},"class_list":["post-31597","page","type-page","status-publish","hentry"],"acf":[],"yoast_head":"<!-- This site is optimized with the Yoast SEO plugin v27.3 - https:\/\/yoast.com\/product\/yoast-seo-wordpress\/ -->\n<title>Cintas de se\u00f1alizaci\u00f3n de suelos - cardinal TAPES<\/title>\n<meta name=\"description\" content=\"Hoy en d\u00eda, las cintas de se\u00f1alizaci\u00f3n de suelos son una parte indispensable del etiquetado de riesgos, por ejemplo. Descubra aqu\u00ed todo sobre las cintas adhesivas.\" \/>\n<meta name=\"robots\" content=\"index, follow, max-snippet:-1, max-image-preview:large, max-video-preview:-1\" \/>\n<link rel=\"canonical\" href=\"https:\/\/cardinal-tapes.com\/es\/cintas-adhesivas-es\/cinta-adhesiva-abc\/cintas-de-senalizacion-de-suelos\/\" \/>\n<meta property=\"og:locale\" content=\"es_ES\" \/>\n<meta property=\"og:type\" content=\"article\" \/>\n<meta property=\"og:title\" content=\"Cintas de se\u00f1alizaci\u00f3n de suelos - cardinal TAPES\" \/>\n<meta property=\"og:description\" content=\"Hoy en d\u00eda, las cintas de se\u00f1alizaci\u00f3n de suelos son una parte indispensable del etiquetado de riesgos, por ejemplo. Descubra aqu\u00ed todo sobre las cintas adhesivas.\" \/>\n<meta property=\"og:url\" content=\"https:\/\/cardinal-tapes.com\/es\/cintas-adhesivas-es\/cinta-adhesiva-abc\/cintas-de-senalizacion-de-suelos\/\" \/>\n<meta property=\"og:site_name\" content=\"cardinal TAPES\" \/>\n<meta property=\"article:modified_time\" content=\"2023-06-14T08:47:27+00:00\" \/>\n<meta name=\"twitter:card\" content=\"summary_large_image\" \/>\n<meta name=\"twitter:label1\" content=\"Tiempo de lectura\" \/>\n\t<meta name=\"twitter:data1\" content=\"15 minutos\" \/>\n<script type=\"application\/ld+json\" class=\"yoast-schema-graph\">{\"@context\":\"https:\\\/\\\/schema.org\",\"@graph\":[{\"@type\":\"WebPage\",\"@id\":\"https:\\\/\\\/cardinal-tapes.com\\\/es\\\/cintas-adhesivas-es\\\/cinta-adhesiva-abc\\\/cintas-de-senalizacion-de-suelos\\\/\",\"url\":\"https:\\\/\\\/cardinal-tapes.com\\\/es\\\/cintas-adhesivas-es\\\/cinta-adhesiva-abc\\\/cintas-de-senalizacion-de-suelos\\\/\",\"name\":\"Cintas de se\u00f1alizaci\u00f3n de suelos - cardinal TAPES\",\"isPartOf\":{\"@id\":\"https:\\\/\\\/cardinal-tapes.com\\\/#website\"},\"datePublished\":\"2023-06-02T08:59:50+00:00\",\"dateModified\":\"2023-06-14T08:47:27+00:00\",\"description\":\"Hoy en d\u00eda, las cintas de se\u00f1alizaci\u00f3n de suelos son una parte indispensable del etiquetado de riesgos, por ejemplo. Descubra aqu\u00ed todo sobre las cintas adhesivas.\",\"breadcrumb\":{\"@id\":\"https:\\\/\\\/cardinal-tapes.com\\\/es\\\/cintas-adhesivas-es\\\/cinta-adhesiva-abc\\\/cintas-de-senalizacion-de-suelos\\\/#breadcrumb\"},\"inLanguage\":\"es\",\"potentialAction\":[{\"@type\":\"ReadAction\",\"target\":[\"https:\\\/\\\/cardinal-tapes.com\\\/es\\\/cintas-adhesivas-es\\\/cinta-adhesiva-abc\\\/cintas-de-senalizacion-de-suelos\\\/\"]}]},{\"@type\":\"BreadcrumbList\",\"@id\":\"https:\\\/\\\/cardinal-tapes.com\\\/es\\\/cintas-adhesivas-es\\\/cinta-adhesiva-abc\\\/cintas-de-senalizacion-de-suelos\\\/#breadcrumb\",\"itemListElement\":[{\"@type\":\"ListItem\",\"position\":1,\"name\":\"Startseite\",\"item\":\"https:\\\/\\\/cardinal-tapes.com\\\/es\\\/\"},{\"@type\":\"ListItem\",\"position\":2,\"name\":\"Cintas adhesivas\",\"item\":\"https:\\\/\\\/cardinal-tapes.com\\\/es\\\/cintas-adhesivas-es\\\/\"},{\"@type\":\"ListItem\",\"position\":3,\"name\":\"Cinta adhesiva ABC\",\"item\":\"https:\\\/\\\/cardinal-tapes.com\\\/es\\\/cintas-adhesivas-es__trashed\\\/cinta-adhesiva-abc\\\/\"},{\"@type\":\"ListItem\",\"position\":4,\"name\":\"Cintas de se\u00f1alizaci\u00f3n de suelos\"}]},{\"@type\":\"WebSite\",\"@id\":\"https:\\\/\\\/cardinal-tapes.com\\\/#website\",\"url\":\"https:\\\/\\\/cardinal-tapes.com\\\/\",\"name\":\"cardinal TAPES\",\"description\":\"Klebetechnik aus Wuppertal\",\"potentialAction\":[{\"@type\":\"SearchAction\",\"target\":{\"@type\":\"EntryPoint\",\"urlTemplate\":\"https:\\\/\\\/cardinal-tapes.com\\\/?s={search_term_string}\"},\"query-input\":{\"@type\":\"PropertyValueSpecification\",\"valueRequired\":true,\"valueName\":\"search_term_string\"}}],\"inLanguage\":\"es\"}]}<\/script>\n<!-- \/ Yoast SEO plugin. -->","yoast_head_json":{"title":"Cintas de se\u00f1alizaci\u00f3n de suelos - cardinal TAPES","description":"Hoy en d\u00eda, las cintas de se\u00f1alizaci\u00f3n de suelos son una parte indispensable del etiquetado de riesgos, por ejemplo. Descubra aqu\u00ed todo sobre las cintas adhesivas.","robots":{"index":"index","follow":"follow","max-snippet":"max-snippet:-1","max-image-preview":"max-image-preview:large","max-video-preview":"max-video-preview:-1"},"canonical":"https:\/\/cardinal-tapes.com\/es\/cintas-adhesivas-es\/cinta-adhesiva-abc\/cintas-de-senalizacion-de-suelos\/","og_locale":"es_ES","og_type":"article","og_title":"Cintas de se\u00f1alizaci\u00f3n de suelos - cardinal TAPES","og_description":"Hoy en d\u00eda, las cintas de se\u00f1alizaci\u00f3n de suelos son una parte indispensable del etiquetado de riesgos, por ejemplo. Descubra aqu\u00ed todo sobre las cintas adhesivas.","og_url":"https:\/\/cardinal-tapes.com\/es\/cintas-adhesivas-es\/cinta-adhesiva-abc\/cintas-de-senalizacion-de-suelos\/","og_site_name":"cardinal TAPES","article_modified_time":"2023-06-14T08:47:27+00:00","twitter_card":"summary_large_image","twitter_misc":{"Tiempo de lectura":"15 minutos"},"schema":{"@context":"https:\/\/schema.org","@graph":[{"@type":"WebPage","@id":"https:\/\/cardinal-tapes.com\/es\/cintas-adhesivas-es\/cinta-adhesiva-abc\/cintas-de-senalizacion-de-suelos\/","url":"https:\/\/cardinal-tapes.com\/es\/cintas-adhesivas-es\/cinta-adhesiva-abc\/cintas-de-senalizacion-de-suelos\/","name":"Cintas de se\u00f1alizaci\u00f3n de suelos - cardinal TAPES","isPartOf":{"@id":"https:\/\/cardinal-tapes.com\/#website"},"datePublished":"2023-06-02T08:59:50+00:00","dateModified":"2023-06-14T08:47:27+00:00","description":"Hoy en d\u00eda, las cintas de se\u00f1alizaci\u00f3n de suelos son una parte indispensable del etiquetado de riesgos, por ejemplo. Descubra aqu\u00ed todo sobre las cintas adhesivas.","breadcrumb":{"@id":"https:\/\/cardinal-tapes.com\/es\/cintas-adhesivas-es\/cinta-adhesiva-abc\/cintas-de-senalizacion-de-suelos\/#breadcrumb"},"inLanguage":"es","potentialAction":[{"@type":"ReadAction","target":["https:\/\/cardinal-tapes.com\/es\/cintas-adhesivas-es\/cinta-adhesiva-abc\/cintas-de-senalizacion-de-suelos\/"]}]},{"@type":"BreadcrumbList","@id":"https:\/\/cardinal-tapes.com\/es\/cintas-adhesivas-es\/cinta-adhesiva-abc\/cintas-de-senalizacion-de-suelos\/#breadcrumb","itemListElement":[{"@type":"ListItem","position":1,"name":"Startseite","item":"https:\/\/cardinal-tapes.com\/es\/"},{"@type":"ListItem","position":2,"name":"Cintas adhesivas","item":"https:\/\/cardinal-tapes.com\/es\/cintas-adhesivas-es\/"},{"@type":"ListItem","position":3,"name":"Cinta adhesiva ABC","item":"https:\/\/cardinal-tapes.com\/es\/cintas-adhesivas-es__trashed\/cinta-adhesiva-abc\/"},{"@type":"ListItem","position":4,"name":"Cintas de se\u00f1alizaci\u00f3n de suelos"}]},{"@type":"WebSite","@id":"https:\/\/cardinal-tapes.com\/#website","url":"https:\/\/cardinal-tapes.com\/","name":"cardinal TAPES","description":"Klebetechnik aus Wuppertal","potentialAction":[{"@type":"SearchAction","target":{"@type":"EntryPoint","urlTemplate":"https:\/\/cardinal-tapes.com\/?s={search_term_string}"},"query-input":{"@type":"PropertyValueSpecification","valueRequired":true,"valueName":"search_term_string"}}],"inLanguage":"es"}]}},"_links":{"self":[{"href":"https:\/\/cardinal-tapes.com\/es\/wp-json\/wp\/v2\/pages\/31597","targetHints":{"allow":["GET"]}}],"collection":[{"href":"https:\/\/cardinal-tapes.com\/es\/wp-json\/wp\/v2\/pages"}],"about":[{"href":"https:\/\/cardinal-tapes.com\/es\/wp-json\/wp\/v2\/types\/page"}],"author":[{"embeddable":true,"href":"https:\/\/cardinal-tapes.com\/es\/wp-json\/wp\/v2\/users\/1"}],"replies":[{"embeddable":true,"href":"https:\/\/cardinal-tapes.com\/es\/wp-json\/wp\/v2\/comments?post=31597"}],"version-history":[{"count":0,"href":"https:\/\/cardinal-tapes.com\/es\/wp-json\/wp\/v2\/pages\/31597\/revisions"}],"up":[{"embeddable":true,"href":"https:\/\/cardinal-tapes.com\/es\/wp-json\/wp\/v2\/pages\/30710"}],"wp:attachment":[{"href":"https:\/\/cardinal-tapes.com\/es\/wp-json\/wp\/v2\/media?parent=31597"}],"curies":[{"name":"wp","href":"https:\/\/api.w.org\/{rel}","templated":true}]}}