{"id":31567,"date":"2023-06-02T10:59:47","date_gmt":"2023-06-02T08:59:47","guid":{"rendered":"https:\/\/cardinal.pixel-tal.de\/cintas-adhesivas\/cinta-adhesiva-abc\/cintas-volteadoras\/"},"modified":"2023-06-14T10:47:26","modified_gmt":"2023-06-14T08:47:26","slug":"cintas-volteadoras","status":"publish","type":"page","link":"https:\/\/cardinal-tapes.com\/es\/cintas-adhesivas-es\/cinta-adhesiva-abc\/cintas-volteadoras\/","title":{"rendered":"Cintas Volteadoras"},"content":{"rendered":"<div id='av_section_1'  class='avia-section av-com1so-cf21f6574eb08429f60bab08139fe498 alternate_color avia-section-default avia-no-border-styling  avia-builder-el-0  el_before_av_section  avia-builder-el-first  avia-bg-style-scroll container_wrap fullsize'  ><div class='container av-section-cont-open' ><main  role=\"main\" itemprop=\"mainContentOfPage\"  class='template-page content  av-content-full alpha units'><div class='post-entry post-entry-type-page post-entry-31567'><div class='entry-content-wrapper clearfix'>\n<div  class='flex_column av-b70e7c-4aa4be3499e3ab7b91dcb1fbf056fc4f av_one_full  avia-builder-el-1  el_before_av_one_half  avia-builder-el-first  first flex_column_div  '     ><div class=\"pxl-headline pxl-hl hl-wrap | hl-sub--off hl--align-left hl--no-margin    \">\n        <div class=\"hl-inner\">\n            <h2 class=\"hl-main hl-line |  hl_main--default  \">Cintas Volteadoras<\/h2>\n            \n    <\/div>\n<\/div><\/div><div  class='flex_column av-9ko4mw-26aa7e73ec273a4d3f787386eca03162 av_one_half  avia-builder-el-3  el_after_av_one_full  el_before_av_one_half  first flex_column_div  column-top-margin'     ><section  class='av_textblock_section av-ad9sjc-d628d416ebc078b503edc9f8049c1d5d '   itemscope=\"itemscope\" itemtype=\"https:\/\/schema.org\/CreativeWork\" ><div class='avia_textblock'  itemprop=\"text\" ><p>Llevamos m\u00e1s de 20 a\u00f1os suministrando nuestras bandas TURN-UP a la <a href=\"\/klebebaender\/anwendungsgebiete\/papierherstellung\/\">industria papelera<\/a>. Nuestras bandas de papel volteadas le garantizan una forma econ\u00f3mica y segura de transferir la banda de papel para diferentes anchos de banda. Nuestros productos son conocidos en el mercado por su buena calidad constante y la fiabilidad del proceso asociado.<\/p>\n<\/div><\/section><\/div><div  class='flex_column av-88a8aw-d7b159f25eb4026308dc5f2452e1ac59 av_one_half  avia-builder-el-5  el_after_av_one_half  avia-builder-el-last  flex_column_div  column-top-margin'     ><section  class='av_textblock_section av-7y806g-b9a32dd903fbfe5c19780cfe2c54cd88 '   itemscope=\"itemscope\" itemtype=\"https:\/\/schema.org\/CreativeWork\" ><div class='avia_textblock small'  itemprop=\"text\" ><h4>Nuestra gama de cintas volteadoras<\/h4>\n<p>Para un cambio de bobina seguro y econ\u00f3mico, las calidades CA-100 y CA-101 son la mejor elecci\u00f3n. Nuestra gama de cintas de papel Turn-Up est\u00e1 disponible en marr\u00f3n y blanqueado.<\/p>\n<p>Si no encuentra una soluci\u00f3n adecuada para sus requisitos especiales, estaremos encantados de asesorarle en cualquier momento por tel\u00e9fono o puede utilizar nuestro formulario <a href=\"\/ueber-cardinal\/kontakt\/\">de consulta sobre productos<\/a>.<\/p>\n<p>Si desea informaci\u00f3n sobre el producto, p\u00f3ngase en contacto con el Sr. Tim Cardinal.<br \/>\nTel\u00e9fono: <a href=\"tel:+49.202.26685-0\" target=\"_blank\" rel=\"nofollow\">+49.202.26685-0<\/a><br \/>\nCorreo electr\u00f3nico: <a href=\"mailto:t.cardinal@cardinal-tapes.de\" target=\"_blank\" rel=\"nofollow\">t.cardinal@cardinal-tapes.de<\/a><\/p>\n<\/div><\/section><\/div>\n\n<\/div><\/div><\/main><!-- close content main element --><\/div><\/div><div id='av_section_2'  class='avia-section av-6e1r94-4b716f318586f6f762d4d9165a5864f9 main_color avia-section-default avia-no-border-styling  avia-builder-el-7  el_after_av_section  avia-builder-el-last  gradient-section avia-bg-style-scroll container_wrap fullsize'  ><div class='container av-section-cont-open' ><div class='template-page content  av-content-full alpha units'><div class='post-entry post-entry-type-page post-entry-31567'><div class='entry-content-wrapper clearfix'>\n<div  class='flex_column av-4lzaug-e84378d316378d294cb4f051e00b925e av_one_full  avia-builder-el-8  avia-builder-el-no-sibling  first flex_column_div  '     ><p><div class=\"pxl-headline pxl-hl hl-wrap | hl-sub--off hl--align-left hl--no-margin    \">\n        <div class=\"hl-inner\">\n            <h2 class=\"hl-main hl-line |  hl_main--default  \">Productos interesantes<\/h2>\n            \n    <\/div>\n<\/div>\n<br \/>\n<div   data-autoplay=''  data-interval='5'  data-animation='fade'  data-hoverpause='1'  class='template-shop avia-content-slider avia-content-slider-active avia-product-slider1 avia-content-slider-even  avia-builder-el-10  el_after_pixel_sc_headline  el_before_av_button   shop_columns_4' ><div class='avia-content-slider-inner'><ul class=\"products slide-entry-wrap\"><li class=\"product type-product post-51664 status-publish first instock product_cat-industria-papelera product_cat-sistemas-de-volteo product_cat-cintas-adhesivas-de-una-cara has-post-thumbnail taxable shipping-taxable purchasable product-type-variable\">\n\t<div class='inner_product main_color wrapped_style noLightbox  av-product-class-no_button'><a href=\"https:\/\/cardinal-tapes.com\/es\/cintas-adhesivas\/ambitos-de-aplicacion\/industria-papelera\/ca-100-power-band-for-turn-up-systems\/\" class=\"woocommerce-LoopProduct-link woocommerce-loop-product__link\"><div class=\"thumbnail_container\"><img decoding=\"async\" loading=\"lazy\" width=\"450\" height=\"450\" src=\"https:\/\/cardinal-tapes.com\/wp-content\/uploads\/ki_turnup_baender_weiss-450x450.jpg\" class=\"wp-image-27307 avia-img-lazy-loading-27307 attachment-shop_catalog size-shop_catalog wp-post-image\" alt=\"CA-100 Kraftband para SISTEMAS TURN-UP - unilateral, Kraftband, sin cola - Ilustraci\u00f3n 27307\" srcset=\"https:\/\/cardinal-tapes.com\/wp-content\/uploads\/ki_turnup_baender_weiss-450x450.jpg 450w, https:\/\/cardinal-tapes.com\/wp-content\/uploads\/ki_turnup_baender_weiss-120x120.jpg 120w, https:\/\/cardinal-tapes.com\/wp-content\/uploads\/ki_turnup_baender_weiss-80x80.jpg 80w, https:\/\/cardinal-tapes.com\/wp-content\/uploads\/ki_turnup_baender_weiss-36x36.jpg 36w, https:\/\/cardinal-tapes.com\/wp-content\/uploads\/ki_turnup_baender_weiss-180x180.jpg 180w, https:\/\/cardinal-tapes.com\/wp-content\/uploads\/ki_turnup_baender_weiss-100x100.jpg 100w\" sizes=\"auto, (max-width: 450px) 100vw, 450px\" \/><\/div><div class='inner_product_header'><div class='avia-arrow'><\/div><div class='inner_product_header_table'><div class='inner_product_header_cell'><span class=\"is-h2 woocommerce-loop-product__title\">CA-100 Kraftband para SISTEMAS TURN-UP<\/span>\t\t<div class=\"product-infos\">\n\t\t\t\t\t\t\t<span class='product-infos__item'><b>Revestimiento:<\/b> unilateral<\/span>\n\t\t\t\t\t\t\t\t\t\t<span class='product-infos__item'><b>Tipo de material:<\/b> Kraftband<\/span>\n\t\t\t\t\t\t\t\t\t\t<span class='product-infos__item'><b>Fabricante:<\/b> cardinal GmbH<\/span>\n\t\t\t\t\t\t\t\t\t\t<span class='product-infos__item'><b>Precio a la carta<\/b><\/span>\n\t\t\t\t\t<\/div>\n\t<\/div><\/div><\/div><\/a><\/div><\/li>\n<li class=\"product type-product post-51666 status-publish instock product_cat-industria-papelera product_cat-sistemas-de-volteo product_cat-cintas-adhesivas-de-una-cara has-post-thumbnail taxable shipping-taxable purchasable product-type-variable\">\n\t<div class='inner_product main_color wrapped_style noLightbox  av-product-class-no_button'><a href=\"https:\/\/cardinal-tapes.com\/es\/cintas-adhesivas\/ambitos-de-aplicacion\/industria-papelera\/ca-101-hd-banda-de-fuerza-para-sistemas-de-giro\/\" class=\"woocommerce-LoopProduct-link woocommerce-loop-product__link\"><div class=\"thumbnail_container\"><img decoding=\"async\" loading=\"lazy\" width=\"450\" height=\"450\" src=\"https:\/\/cardinal-tapes.com\/wp-content\/uploads\/ki_turnup_baender_braun-450x450.jpg\" class=\"wp-image-27303 avia-img-lazy-loading-27303 attachment-shop_catalog size-shop_catalog wp-post-image\" alt=\"CA-101 HD Kraftband para SISTEMAS TURN-UP - unilateral, Kraftband, sin cola - Ilustraci\u00f3n 27303\" srcset=\"https:\/\/cardinal-tapes.com\/wp-content\/uploads\/ki_turnup_baender_braun-450x450.jpg 450w, https:\/\/cardinal-tapes.com\/wp-content\/uploads\/ki_turnup_baender_braun-120x120.jpg 120w, https:\/\/cardinal-tapes.com\/wp-content\/uploads\/ki_turnup_baender_braun-80x80.jpg 80w, https:\/\/cardinal-tapes.com\/wp-content\/uploads\/ki_turnup_baender_braun-36x36.jpg 36w, https:\/\/cardinal-tapes.com\/wp-content\/uploads\/ki_turnup_baender_braun-180x180.jpg 180w, https:\/\/cardinal-tapes.com\/wp-content\/uploads\/ki_turnup_baender_braun-100x100.jpg 100w\" sizes=\"auto, (max-width: 450px) 100vw, 450px\" \/><\/div><div class='inner_product_header'><div class='avia-arrow'><\/div><div class='inner_product_header_table'><div class='inner_product_header_cell'><span class=\"is-h2 woocommerce-loop-product__title\">CA-101 HD Kraftband para SISTEMAS TURN-UP<\/span>\t\t<div class=\"product-infos\">\n\t\t\t\t\t\t\t<span class='product-infos__item'><b>Revestimiento:<\/b> unilateral<\/span>\n\t\t\t\t\t\t\t\t\t\t<span class='product-infos__item'><b>Tipo de material:<\/b> Kraftband<\/span>\n\t\t\t\t\t\t\t\t\t\t<span class='product-infos__item'><b>Fabricante:<\/b> cardinal GmbH<\/span>\n\t\t\t\t\t\t\t\t\t\t<span class='product-infos__item'><b>Precio a la carta<\/b><\/span>\n\t\t\t\t\t<\/div>\n\t<\/div><\/div><\/div><\/a><\/div><\/li>\n<\/ul><\/div><\/div><div class=\"clear\"><\/div><br \/>\n<div  class='avia-button-wrap av-33l50o-c08f2996ab30695da6a7084daf09f5f6-wrap avia-button-left '><a href='https:\/\/cardinal-tapes.com\/klebebaender\/'  class='avia-button av-33l50o-c08f2996ab30695da6a7084daf09f5f6 avia-icon_select-no avia-size-medium avia-position-left avia-color-theme-color layout-border color-white'  ><span class='avia_iconbox_title' >Todos los productos<\/span><\/a><\/div><\/p><\/div>\n","protected":false},"excerpt":{"rendered":"","protected":false},"author":1,"featured_media":0,"parent":30710,"menu_order":23,"comment_status":"closed","ping_status":"closed","template":"","meta":{"_acf_changed":false,"footnotes":""},"class_list":["post-31567","page","type-page","status-publish","hentry"],"acf":[],"yoast_head":"<!-- This site is optimized with the Yoast SEO plugin v27.3 - https:\/\/yoast.com\/product\/yoast-seo-wordpress\/ -->\n<title>Cintas Volteadoras - cardinal TAPES<\/title>\n<meta name=\"description\" content=\"Nuestras bandas de papel volteadas le garantizan una forma econ\u00f3mica y segura de transferir la banda de papel para diferentes anchos de banda. M\u00e1s informaci\u00f3n.\" \/>\n<meta name=\"robots\" content=\"index, follow, max-snippet:-1, max-image-preview:large, max-video-preview:-1\" \/>\n<link rel=\"canonical\" href=\"https:\/\/cardinal-tapes.com\/es\/cintas-adhesivas-es\/cinta-adhesiva-abc\/cintas-volteadoras\/\" \/>\n<meta property=\"og:locale\" content=\"es_ES\" \/>\n<meta property=\"og:type\" content=\"article\" \/>\n<meta property=\"og:title\" content=\"Cintas Volteadoras - cardinal TAPES\" \/>\n<meta property=\"og:description\" content=\"Nuestras bandas de papel volteadas le garantizan una forma econ\u00f3mica y segura de transferir la banda de papel para diferentes anchos de banda. M\u00e1s informaci\u00f3n.\" \/>\n<meta property=\"og:url\" content=\"https:\/\/cardinal-tapes.com\/es\/cintas-adhesivas-es\/cinta-adhesiva-abc\/cintas-volteadoras\/\" \/>\n<meta property=\"og:site_name\" content=\"cardinal TAPES\" \/>\n<meta property=\"article:modified_time\" content=\"2023-06-14T08:47:26+00:00\" \/>\n<meta name=\"twitter:card\" content=\"summary_large_image\" \/>\n<meta name=\"twitter:label1\" content=\"Tiempo de lectura\" \/>\n\t<meta name=\"twitter:data1\" content=\"14 minutos\" \/>\n<script type=\"application\/ld+json\" class=\"yoast-schema-graph\">{\"@context\":\"https:\\\/\\\/schema.org\",\"@graph\":[{\"@type\":\"WebPage\",\"@id\":\"https:\\\/\\\/cardinal-tapes.com\\\/es\\\/cintas-adhesivas-es\\\/cinta-adhesiva-abc\\\/cintas-volteadoras\\\/\",\"url\":\"https:\\\/\\\/cardinal-tapes.com\\\/es\\\/cintas-adhesivas-es\\\/cinta-adhesiva-abc\\\/cintas-volteadoras\\\/\",\"name\":\"Cintas Volteadoras - cardinal TAPES\",\"isPartOf\":{\"@id\":\"https:\\\/\\\/cardinal-tapes.com\\\/#website\"},\"datePublished\":\"2023-06-02T08:59:47+00:00\",\"dateModified\":\"2023-06-14T08:47:26+00:00\",\"description\":\"Nuestras bandas de papel volteadas le garantizan una forma econ\u00f3mica y segura de transferir la banda de papel para diferentes anchos de banda. M\u00e1s informaci\u00f3n.\",\"breadcrumb\":{\"@id\":\"https:\\\/\\\/cardinal-tapes.com\\\/es\\\/cintas-adhesivas-es\\\/cinta-adhesiva-abc\\\/cintas-volteadoras\\\/#breadcrumb\"},\"inLanguage\":\"es\",\"potentialAction\":[{\"@type\":\"ReadAction\",\"target\":[\"https:\\\/\\\/cardinal-tapes.com\\\/es\\\/cintas-adhesivas-es\\\/cinta-adhesiva-abc\\\/cintas-volteadoras\\\/\"]}]},{\"@type\":\"BreadcrumbList\",\"@id\":\"https:\\\/\\\/cardinal-tapes.com\\\/es\\\/cintas-adhesivas-es\\\/cinta-adhesiva-abc\\\/cintas-volteadoras\\\/#breadcrumb\",\"itemListElement\":[{\"@type\":\"ListItem\",\"position\":1,\"name\":\"Startseite\",\"item\":\"https:\\\/\\\/cardinal-tapes.com\\\/es\\\/\"},{\"@type\":\"ListItem\",\"position\":2,\"name\":\"Cintas adhesivas\",\"item\":\"https:\\\/\\\/cardinal-tapes.com\\\/es\\\/cintas-adhesivas-es\\\/\"},{\"@type\":\"ListItem\",\"position\":3,\"name\":\"Cinta adhesiva ABC\",\"item\":\"https:\\\/\\\/cardinal-tapes.com\\\/es\\\/cintas-adhesivas-es__trashed\\\/cinta-adhesiva-abc\\\/\"},{\"@type\":\"ListItem\",\"position\":4,\"name\":\"Cintas Volteadoras\"}]},{\"@type\":\"WebSite\",\"@id\":\"https:\\\/\\\/cardinal-tapes.com\\\/#website\",\"url\":\"https:\\\/\\\/cardinal-tapes.com\\\/\",\"name\":\"cardinal TAPES\",\"description\":\"Klebetechnik aus Wuppertal\",\"potentialAction\":[{\"@type\":\"SearchAction\",\"target\":{\"@type\":\"EntryPoint\",\"urlTemplate\":\"https:\\\/\\\/cardinal-tapes.com\\\/?s={search_term_string}\"},\"query-input\":{\"@type\":\"PropertyValueSpecification\",\"valueRequired\":true,\"valueName\":\"search_term_string\"}}],\"inLanguage\":\"es\"}]}<\/script>\n<!-- \/ Yoast SEO plugin. -->","yoast_head_json":{"title":"Cintas Volteadoras - cardinal TAPES","description":"Nuestras bandas de papel volteadas le garantizan una forma econ\u00f3mica y segura de transferir la banda de papel para diferentes anchos de banda. M\u00e1s informaci\u00f3n.","robots":{"index":"index","follow":"follow","max-snippet":"max-snippet:-1","max-image-preview":"max-image-preview:large","max-video-preview":"max-video-preview:-1"},"canonical":"https:\/\/cardinal-tapes.com\/es\/cintas-adhesivas-es\/cinta-adhesiva-abc\/cintas-volteadoras\/","og_locale":"es_ES","og_type":"article","og_title":"Cintas Volteadoras - cardinal TAPES","og_description":"Nuestras bandas de papel volteadas le garantizan una forma econ\u00f3mica y segura de transferir la banda de papel para diferentes anchos de banda. M\u00e1s informaci\u00f3n.","og_url":"https:\/\/cardinal-tapes.com\/es\/cintas-adhesivas-es\/cinta-adhesiva-abc\/cintas-volteadoras\/","og_site_name":"cardinal TAPES","article_modified_time":"2023-06-14T08:47:26+00:00","twitter_card":"summary_large_image","twitter_misc":{"Tiempo de lectura":"14 minutos"},"schema":{"@context":"https:\/\/schema.org","@graph":[{"@type":"WebPage","@id":"https:\/\/cardinal-tapes.com\/es\/cintas-adhesivas-es\/cinta-adhesiva-abc\/cintas-volteadoras\/","url":"https:\/\/cardinal-tapes.com\/es\/cintas-adhesivas-es\/cinta-adhesiva-abc\/cintas-volteadoras\/","name":"Cintas Volteadoras - cardinal TAPES","isPartOf":{"@id":"https:\/\/cardinal-tapes.com\/#website"},"datePublished":"2023-06-02T08:59:47+00:00","dateModified":"2023-06-14T08:47:26+00:00","description":"Nuestras bandas de papel volteadas le garantizan una forma econ\u00f3mica y segura de transferir la banda de papel para diferentes anchos de banda. M\u00e1s informaci\u00f3n.","breadcrumb":{"@id":"https:\/\/cardinal-tapes.com\/es\/cintas-adhesivas-es\/cinta-adhesiva-abc\/cintas-volteadoras\/#breadcrumb"},"inLanguage":"es","potentialAction":[{"@type":"ReadAction","target":["https:\/\/cardinal-tapes.com\/es\/cintas-adhesivas-es\/cinta-adhesiva-abc\/cintas-volteadoras\/"]}]},{"@type":"BreadcrumbList","@id":"https:\/\/cardinal-tapes.com\/es\/cintas-adhesivas-es\/cinta-adhesiva-abc\/cintas-volteadoras\/#breadcrumb","itemListElement":[{"@type":"ListItem","position":1,"name":"Startseite","item":"https:\/\/cardinal-tapes.com\/es\/"},{"@type":"ListItem","position":2,"name":"Cintas adhesivas","item":"https:\/\/cardinal-tapes.com\/es\/cintas-adhesivas-es\/"},{"@type":"ListItem","position":3,"name":"Cinta adhesiva ABC","item":"https:\/\/cardinal-tapes.com\/es\/cintas-adhesivas-es__trashed\/cinta-adhesiva-abc\/"},{"@type":"ListItem","position":4,"name":"Cintas Volteadoras"}]},{"@type":"WebSite","@id":"https:\/\/cardinal-tapes.com\/#website","url":"https:\/\/cardinal-tapes.com\/","name":"cardinal TAPES","description":"Klebetechnik aus Wuppertal","potentialAction":[{"@type":"SearchAction","target":{"@type":"EntryPoint","urlTemplate":"https:\/\/cardinal-tapes.com\/?s={search_term_string}"},"query-input":{"@type":"PropertyValueSpecification","valueRequired":true,"valueName":"search_term_string"}}],"inLanguage":"es"}]}},"_links":{"self":[{"href":"https:\/\/cardinal-tapes.com\/es\/wp-json\/wp\/v2\/pages\/31567","targetHints":{"allow":["GET"]}}],"collection":[{"href":"https:\/\/cardinal-tapes.com\/es\/wp-json\/wp\/v2\/pages"}],"about":[{"href":"https:\/\/cardinal-tapes.com\/es\/wp-json\/wp\/v2\/types\/page"}],"author":[{"embeddable":true,"href":"https:\/\/cardinal-tapes.com\/es\/wp-json\/wp\/v2\/users\/1"}],"replies":[{"embeddable":true,"href":"https:\/\/cardinal-tapes.com\/es\/wp-json\/wp\/v2\/comments?post=31567"}],"version-history":[{"count":0,"href":"https:\/\/cardinal-tapes.com\/es\/wp-json\/wp\/v2\/pages\/31567\/revisions"}],"up":[{"embeddable":true,"href":"https:\/\/cardinal-tapes.com\/es\/wp-json\/wp\/v2\/pages\/30710"}],"wp:attachment":[{"href":"https:\/\/cardinal-tapes.com\/es\/wp-json\/wp\/v2\/media?parent=31567"}],"curies":[{"name":"wp","href":"https:\/\/api.w.org\/{rel}","templated":true}]}}