{"id":31524,"date":"2023-06-02T10:59:46","date_gmt":"2023-06-02T08:59:46","guid":{"rendered":"https:\/\/cardinal.pixel-tal.de\/cintas-adhesivas\/cinta-adhesiva-abc\/cintas-adhesivas-de-aluminio\/"},"modified":"2023-06-14T10:47:07","modified_gmt":"2023-06-14T08:47:07","slug":"cintas-adhesivas-de-aluminio","status":"publish","type":"page","link":"https:\/\/cardinal-tapes.com\/es\/cintas-adhesivas-es\/cinta-adhesiva-abc\/cintas-adhesivas-de-aluminio\/","title":{"rendered":"Cintas adhesivas de aluminio"},"content":{"rendered":"<div id='av_section_1'  class='avia-section av-cj3h06-bf952bfd8d330fa219589275c907470f alternate_color avia-section-default avia-no-border-styling  avia-builder-el-0  el_before_av_section  avia-builder-el-first  avia-bg-style-scroll container_wrap fullsize'  ><div class='container av-section-cont-open' ><main  role=\"main\" itemprop=\"mainContentOfPage\"  class='template-page content  av-content-full alpha units'><div class='post-entry post-entry-type-page post-entry-31524'><div class='entry-content-wrapper clearfix'>\n<div  class='flex_column av-bfsv2u-fda0629322636c1f200645877e400d6a av_one_full  avia-builder-el-1  el_before_av_one_half  avia-builder-el-first  first flex_column_div  '     ><div class=\"pxl-headline pxl-hl hl-wrap | hl-sub--off hl--align-left hl--no-margin    \">\n        <div class=\"hl-inner\">\n            <h2 class=\"hl-main hl-line |  hl_main--default  \">Cintas adhesivas de aluminio<\/h2>\n            \n    <\/div>\n<\/div><\/div><div  class='flex_column av-939iw6-cb69733cd1a05186dd78242956261671 av_one_half  avia-builder-el-3  el_after_av_one_full  el_before_av_one_half  first flex_column_div  column-top-margin'     ><section  class='av_textblock_section av-bgmvbq-ef0cdb0a87254d5d6558175391cb2d47 '   itemscope=\"itemscope\" itemtype=\"https:\/\/schema.org\/CreativeWork\" ><div class='avia_textblock small'  itemprop=\"text\" ><p>Las cintas adhesivas de aluminio est\u00e1n formadas por una fina l\u00e1mina de aluminio recubierta por una cara de adhesivo. Este adhesivo debe tener una alta resistencia al calor para cumplir los requisitos de diferentes sectores e industrias.<\/p>\n<p>Con nosotros encontrar\u00e1 cintas adhesivas de aluminio con distintas propiedades y en diferentes dimensiones. Si tiene requisitos especiales, podemos adaptar nuestras cintas adhesivas a sus necesidades individuales. Nuestros expertos, con muchos a\u00f1os de experiencia, conocen a la perfecci\u00f3n los distintos sectores y estar\u00e1n encantados de asesorarle.<\/p>\n<\/div><\/section><\/div><div  class='flex_column av-7gabpi-a1dc3c75c3f1ce8db92926d1179b8c51 av_one_half  avia-builder-el-5  el_after_av_one_half  avia-builder-el-last  flex_column_div  column-top-margin'     ><section  class='av_textblock_section av-77s1h2-f8ada40fc27a79261397c5bac568d57b '   itemscope=\"itemscope\" itemtype=\"https:\/\/schema.org\/CreativeWork\" ><div class='avia_textblock'  itemprop=\"text\" ><h4>Las particularidades de las cintas adhesivas de aluminio<\/h4>\n<p>Las caracter\u00edsticas y ventajas m\u00e1s importantes de las cintas adhesivas de aluminio en comparaci\u00f3n con <a href=\"\/klebebaender\/\">las cintas adhesivas<\/a> cl\u00e1sicas de pl\u00e1stico son que las cintas de aluminio son mucho m\u00e1s resistentes al calor y tienen una mayor durabilidad. De este modo, las cintas adhesivas de aluminio ofrecen un abanico de posibilidades de aplicaci\u00f3n no s\u00f3lo a altas temperaturas, sino tambi\u00e9n a temperaturas muy bajas. Por eso, las cintas adhesivas de aluminio se utilizan principalmente en la construcci\u00f3n de calefacci\u00f3n y ventilaci\u00f3n. Se utilizan principalmente para aislar y fijar cables y similares.<\/p>\n<\/div><\/section><\/div>\n\n<\/div><\/div><\/main><!-- close content main element --><\/div><\/div><div id='av_section_2'  class='avia-section av-nq3jq-7912854e88d4d3b9b3d53d528b08a2f0 main_color avia-section-default avia-no-border-styling  avia-builder-el-7  el_after_av_section  avia-builder-el-last  gradient-section avia-bg-style-scroll container_wrap fullsize'  ><div class='container av-section-cont-open' ><div class='template-page content  av-content-full alpha units'><div class='post-entry post-entry-type-page post-entry-31524'><div class='entry-content-wrapper clearfix'>\n<div  class='flex_column av-4ix12e-32f9c9e29a21f141e877cc4f2bb205ad av_one_full  avia-builder-el-8  avia-builder-el-no-sibling  first flex_column_div  '     ><p><div class=\"pxl-headline pxl-hl hl-wrap | hl-sub--off hl--align-left hl--no-margin    \">\n        <div class=\"hl-inner\">\n            <h2 class=\"hl-main hl-line |  hl_main--default  \">Productos interesantes<\/h2>\n            \n    <\/div>\n<\/div>\n<br \/>\n<div   data-autoplay=''  data-interval='5'  data-animation='fade'  data-hoverpause='1'  class='template-shop avia-content-slider avia-content-slider-active avia-product-slider1 avia-content-slider-even  avia-builder-el-10  el_after_pixel_sc_headline  el_before_av_button   shop_columns_4' ><div class='avia-content-slider-inner'><ul class=\"products slide-entry-wrap\"><li class=\"product type-product post-40675 status-publish first instock product_cat-cinta-adhesiva-de-aluminio product_cat-cintas-adhesivas-de-una-cara has-post-thumbnail taxable shipping-taxable product-type-simple\">\n\t<div class='inner_product main_color wrapped_style noLightbox  av-product-class-no_button'><a href=\"https:\/\/cardinal-tapes.com\/es\/cintas-adhesivas\/ambitos-de-aplicacion\/cinta-adhesiva-de-aluminio\/h-old-as-40-cinta-adhesiva-de-aluminio\/\" class=\"woocommerce-LoopProduct-link woocommerce-loop-product__link\"><div class=\"thumbnail_container\"><img decoding=\"async\" loading=\"lazy\" width=\"450\" height=\"450\" src=\"https:\/\/cardinal-tapes.com\/wp-content\/uploads\/as-50-ok_3-450x450.jpg\" class=\"wp-image-28739 avia-img-lazy-loading-28739 attachment-shop_catalog size-shop_catalog wp-post-image\" alt=\"h-old AS.40 Cinta adhesiva de aluminio - unilateral, Aluminio, Acr\u00edlico - Ilustraci\u00f3n 28739\" srcset=\"https:\/\/cardinal-tapes.com\/wp-content\/uploads\/as-50-ok_3-450x450.jpg 450w, https:\/\/cardinal-tapes.com\/wp-content\/uploads\/as-50-ok_3-120x120.jpg 120w, https:\/\/cardinal-tapes.com\/wp-content\/uploads\/as-50-ok_3-80x80.jpg 80w, https:\/\/cardinal-tapes.com\/wp-content\/uploads\/as-50-ok_3-36x36.jpg 36w, https:\/\/cardinal-tapes.com\/wp-content\/uploads\/as-50-ok_3-180x180.jpg 180w, https:\/\/cardinal-tapes.com\/wp-content\/uploads\/as-50-ok_3-100x100.jpg 100w\" sizes=\"auto, (max-width: 450px) 100vw, 450px\" \/><span class=\"cart-loading\"><\/span><\/div><div class='inner_product_header'><div class='avia-arrow'><\/div><div class='inner_product_header_table'><div class='inner_product_header_cell'><span class=\"is-h2 woocommerce-loop-product__title\">h-old AS.40 Cinta adhesiva de aluminio<\/span>\t\t<div class=\"product-infos\">\n\t\t\t\t\t\t\t<span class='product-infos__item'><b>Revestimiento:<\/b> unilateral<\/span>\n\t\t\t\t\t\t\t\t\t\t<span class='product-infos__item'><b>Tipo de material:<\/b> Aluminio<\/span>\n\t\t\t\t\t\t\t\t\t\t<span class='product-infos__item'><b>Fabricante:<\/b> Saint-Gobain h-old<\/span>\n\t\t\t\t\t\t\t\t\t\t<span class='product-infos__item'><b>Precio a la carta<\/b><\/span>\n\t\t\t\t\t<\/div>\n\t<\/div><\/div><\/div><\/a><\/div><\/li>\n<li class=\"product type-product post-46908 status-publish instock product_cat-cinta-adhesiva-de-aluminio product_cat-cintas-adhesivas-de-una-cara has-post-thumbnail taxable shipping-taxable purchasable product-type-variable\">\n\t<div class='inner_product main_color wrapped_style noLightbox  av-product-class-no_button'><a href=\"https:\/\/cardinal-tapes.com\/es\/cintas-adhesivas\/ambitos-de-aplicacion\/cinta-adhesiva-de-aluminio\/cinta-adhesiva-de-aluminio-ca-60\/\" class=\"woocommerce-LoopProduct-link woocommerce-loop-product__link\"><div class=\"thumbnail_container\"><img decoding=\"async\" loading=\"lazy\" width=\"450\" height=\"450\" src=\"https:\/\/cardinal-tapes.com\/wp-content\/uploads\/CA_61_03_retouched-450x450.jpg\" class=\"wp-image-26867 avia-img-lazy-loading-26867 attachment-shop_catalog size-shop_catalog wp-post-image\" alt=\"Cinta adhesiva de aluminio CA-60 - unilateral, Aluminio, Caucho sint\u00e9tico - Ilustraci\u00f3n 26867\" srcset=\"https:\/\/cardinal-tapes.com\/wp-content\/uploads\/CA_61_03_retouched-450x450.jpg 450w, https:\/\/cardinal-tapes.com\/wp-content\/uploads\/CA_61_03_retouched-120x120.jpg 120w, https:\/\/cardinal-tapes.com\/wp-content\/uploads\/CA_61_03_retouched-80x80.jpg 80w, https:\/\/cardinal-tapes.com\/wp-content\/uploads\/CA_61_03_retouched-200x200.jpg 200w, https:\/\/cardinal-tapes.com\/wp-content\/uploads\/CA_61_03_retouched-768x768.jpg 768w, https:\/\/cardinal-tapes.com\/wp-content\/uploads\/CA_61_03_retouched-1030x1030.jpg 1030w, https:\/\/cardinal-tapes.com\/wp-content\/uploads\/CA_61_03_retouched-36x36.jpg 36w, https:\/\/cardinal-tapes.com\/wp-content\/uploads\/CA_61_03_retouched-180x180.jpg 180w, https:\/\/cardinal-tapes.com\/wp-content\/uploads\/CA_61_03_retouched-705x705.jpg 705w, https:\/\/cardinal-tapes.com\/wp-content\/uploads\/CA_61_03_retouched-100x100.jpg 100w, https:\/\/cardinal-tapes.com\/wp-content\/uploads\/CA_61_03_retouched.jpg 1400w\" sizes=\"auto, (max-width: 450px) 100vw, 450px\" \/><\/div><div class='inner_product_header'><div class='avia-arrow'><\/div><div class='inner_product_header_table'><div class='inner_product_header_cell'><span class=\"is-h2 woocommerce-loop-product__title\">Cinta adhesiva de aluminio CA-60<\/span>\t\t<div class=\"product-infos\">\n\t\t\t\t\t\t\t<span class='product-infos__item'><b>Revestimiento:<\/b> unilateral<\/span>\n\t\t\t\t\t\t\t\t\t\t<span class='product-infos__item'><b>Tipo de material:<\/b> Aluminio<\/span>\n\t\t\t\t\t\t\t\t\t\t<span class='product-infos__item'><b>Fabricante:<\/b> cardinal GmbH<\/span>\n\t\t\t\t\t\t\t\t\t\t<span class='product-infos__item'><b>Precio a la carta<\/b><\/span>\n\t\t\t\t\t<\/div>\n\t<\/div><\/div><\/div><\/a><\/div><\/li>\n<li class=\"product type-product post-54000 status-publish instock product_cat-produccion-transformacion-del-aluminio product_cat-cinta-adhesiva-de-aluminio product_cat-industria-electrica product_cat-calefaccion-y-aire-acondicionado product_cat-cintas-adhesivas-de-una-cara has-post-thumbnail taxable shipping-taxable purchasable product-type-variable\">\n\t<div class='inner_product main_color wrapped_style noLightbox  av-product-class-no_button'><a href=\"https:\/\/cardinal-tapes.com\/es\/cintas-adhesivas\/ambitos-de-aplicacion\/produccion-transformacion-del-aluminio\/ca-61-cinta-adhesiva-de-aluminio\/\" class=\"woocommerce-LoopProduct-link woocommerce-loop-product__link\"><div class=\"thumbnail_container\"><img decoding=\"async\" loading=\"lazy\" width=\"450\" height=\"450\" src=\"https:\/\/cardinal-tapes.com\/wp-content\/uploads\/CA_61_03_retouched-450x450.jpg\" class=\"wp-image-26867 avia-img-lazy-loading-26867 attachment-shop_catalog size-shop_catalog wp-post-image\" alt=\"Cinta adhesiva de aluminio CA-61 - unilateral, Aluminio, Acrilato solvente - Ilustraci\u00f3n 26867\" srcset=\"https:\/\/cardinal-tapes.com\/wp-content\/uploads\/CA_61_03_retouched-450x450.jpg 450w, https:\/\/cardinal-tapes.com\/wp-content\/uploads\/CA_61_03_retouched-120x120.jpg 120w, https:\/\/cardinal-tapes.com\/wp-content\/uploads\/CA_61_03_retouched-80x80.jpg 80w, https:\/\/cardinal-tapes.com\/wp-content\/uploads\/CA_61_03_retouched-200x200.jpg 200w, https:\/\/cardinal-tapes.com\/wp-content\/uploads\/CA_61_03_retouched-768x768.jpg 768w, https:\/\/cardinal-tapes.com\/wp-content\/uploads\/CA_61_03_retouched-1030x1030.jpg 1030w, https:\/\/cardinal-tapes.com\/wp-content\/uploads\/CA_61_03_retouched-36x36.jpg 36w, https:\/\/cardinal-tapes.com\/wp-content\/uploads\/CA_61_03_retouched-180x180.jpg 180w, https:\/\/cardinal-tapes.com\/wp-content\/uploads\/CA_61_03_retouched-705x705.jpg 705w, https:\/\/cardinal-tapes.com\/wp-content\/uploads\/CA_61_03_retouched-100x100.jpg 100w, https:\/\/cardinal-tapes.com\/wp-content\/uploads\/CA_61_03_retouched.jpg 1400w\" sizes=\"auto, (max-width: 450px) 100vw, 450px\" \/><\/div><div class='inner_product_header'><div class='avia-arrow'><\/div><div class='inner_product_header_table'><div class='inner_product_header_cell'><span class=\"is-h2 woocommerce-loop-product__title\">Cinta adhesiva de aluminio CA-61<\/span>\t\t<div class=\"product-infos\">\n\t\t\t\t\t\t\t<span class='product-infos__item'><b>Revestimiento:<\/b> unilateral<\/span>\n\t\t\t\t\t\t\t\t\t\t<span class='product-infos__item'><b>Tipo de material:<\/b> Aluminio<\/span>\n\t\t\t\t\t\t\t\t\t\t<span class='product-infos__item'><b>Fabricante:<\/b> cardinal GmbH<\/span>\n\t\t\t\t\t\t\t\t\t\t<span class='product-infos__item'><b>Precio a la carta<\/b><\/span>\n\t\t\t\t\t<\/div>\n\t<\/div><\/div><\/div><\/a><\/div><\/li>\n<li class=\"product type-product post-46190 status-publish last instock product_cat-cinta-adhesiva-de-aluminio product_cat-cintas-adhesivas-de-una-cara has-post-thumbnail taxable shipping-taxable purchasable product-type-variable\">\n\t<div class='inner_product main_color wrapped_style noLightbox  av-product-class-no_button'><a href=\"https:\/\/cardinal-tapes.com\/es\/cintas-adhesivas\/ambitos-de-aplicacion\/cinta-adhesiva-de-aluminio\/ca-633-pv1-cinta-adhesiva-de-aluminio\/\" class=\"woocommerce-LoopProduct-link woocommerce-loop-product__link\"><div class=\"thumbnail_container\"><img decoding=\"async\" loading=\"lazy\" width=\"450\" height=\"450\" src=\"https:\/\/cardinal-tapes.com\/wp-content\/uploads\/CA_633_retouched-450x450.jpg\" class=\"wp-image-27091 avia-img-lazy-loading-27091 attachment-shop_catalog size-shop_catalog wp-post-image\" alt=\"Cinta adhesiva de aluminio CA-633 PV1 - unilateral, Metal, Acrilato solvente - Ilustraci\u00f3n 27091\" srcset=\"https:\/\/cardinal-tapes.com\/wp-content\/uploads\/CA_633_retouched-450x450.jpg 450w, https:\/\/cardinal-tapes.com\/wp-content\/uploads\/CA_633_retouched-120x120.jpg 120w, https:\/\/cardinal-tapes.com\/wp-content\/uploads\/CA_633_retouched-100x100.jpg 100w, https:\/\/cardinal-tapes.com\/wp-content\/uploads\/CA_633_retouched-80x80.jpg 80w, https:\/\/cardinal-tapes.com\/wp-content\/uploads\/CA_633_retouched-36x36.jpg 36w, https:\/\/cardinal-tapes.com\/wp-content\/uploads\/CA_633_retouched-180x180.jpg 180w\" sizes=\"auto, (max-width: 450px) 100vw, 450px\" \/><\/div><div class='inner_product_header'><div class='avia-arrow'><\/div><div class='inner_product_header_table'><div class='inner_product_header_cell'><span class=\"is-h2 woocommerce-loop-product__title\">Cinta adhesiva de aluminio CA-633 PV1<\/span>\t\t<div class=\"product-infos\">\n\t\t\t\t\t\t\t<span class='product-infos__item'><b>Revestimiento:<\/b> unilateral<\/span>\n\t\t\t\t\t\t\t\t\t\t<span class='product-infos__item'><b>Tipo de material:<\/b> Metal<\/span>\n\t\t\t\t\t\t\t\t\t\t<span class='product-infos__item'><b>Fabricante:<\/b> cardinal GmbH<\/span>\n\t\t\t\t\t\t\t\t\t\t<span class='product-infos__item'><b>Precio a la carta<\/b><\/span>\n\t\t\t\t\t<\/div>\n\t<\/div><\/div><\/div><\/a><\/div><\/li>\n<\/ul><\/div><\/div><div class=\"clear\"><\/div><br \/>\n<div  class='avia-button-wrap av-2qmfg6-052c7eba4831f702eabc34e9f0fe59c4-wrap avia-button-left '><a href='https:\/\/cardinal-tapes.com\/klebebaender\/'  class='avia-button av-2qmfg6-052c7eba4831f702eabc34e9f0fe59c4 avia-icon_select-no avia-size-medium avia-position-left avia-color-theme-color layout-border color-white'  ><span class='avia_iconbox_title' >Todos los productos<\/span><\/a><\/div><\/p><\/div>\n","protected":false},"excerpt":{"rendered":"","protected":false},"author":1,"featured_media":0,"parent":30710,"menu_order":36,"comment_status":"closed","ping_status":"closed","template":"","meta":{"_acf_changed":false,"footnotes":""},"class_list":["post-31524","page","type-page","status-publish","hentry"],"acf":[],"yoast_head":"<!-- This site is optimized with the Yoast SEO plugin v27.3 - https:\/\/yoast.com\/product\/yoast-seo-wordpress\/ -->\n<title>Cintas adhesivas de aluminio - cardinal TAPES<\/title>\n<meta name=\"description\" content=\"Las cintas adhesivas de aluminio est\u00e1n formadas por una fina l\u00e1mina de aluminio recubierta por una cara de adhesivo. M\u00e1s informaci\u00f3n.\" \/>\n<meta name=\"robots\" content=\"index, follow, max-snippet:-1, max-image-preview:large, max-video-preview:-1\" \/>\n<link rel=\"canonical\" href=\"https:\/\/cardinal-tapes.com\/es\/cintas-adhesivas-es\/cinta-adhesiva-abc\/cintas-adhesivas-de-aluminio\/\" \/>\n<meta property=\"og:locale\" content=\"es_ES\" \/>\n<meta property=\"og:type\" content=\"article\" \/>\n<meta property=\"og:title\" content=\"Cintas adhesivas de aluminio - cardinal TAPES\" \/>\n<meta property=\"og:description\" content=\"Las cintas adhesivas de aluminio est\u00e1n formadas por una fina l\u00e1mina de aluminio recubierta por una cara de adhesivo. M\u00e1s informaci\u00f3n.\" \/>\n<meta property=\"og:url\" content=\"https:\/\/cardinal-tapes.com\/es\/cintas-adhesivas-es\/cinta-adhesiva-abc\/cintas-adhesivas-de-aluminio\/\" \/>\n<meta property=\"og:site_name\" content=\"cardinal TAPES\" \/>\n<meta property=\"article:modified_time\" content=\"2023-06-14T08:47:07+00:00\" \/>\n<meta name=\"twitter:card\" content=\"summary_large_image\" \/>\n<meta name=\"twitter:label1\" content=\"Tiempo de lectura\" \/>\n\t<meta name=\"twitter:data1\" content=\"14 minutos\" \/>\n<script type=\"application\/ld+json\" class=\"yoast-schema-graph\">{\"@context\":\"https:\\\/\\\/schema.org\",\"@graph\":[{\"@type\":\"WebPage\",\"@id\":\"https:\\\/\\\/cardinal-tapes.com\\\/es\\\/cintas-adhesivas-es\\\/cinta-adhesiva-abc\\\/cintas-adhesivas-de-aluminio\\\/\",\"url\":\"https:\\\/\\\/cardinal-tapes.com\\\/es\\\/cintas-adhesivas-es\\\/cinta-adhesiva-abc\\\/cintas-adhesivas-de-aluminio\\\/\",\"name\":\"Cintas adhesivas de aluminio - cardinal TAPES\",\"isPartOf\":{\"@id\":\"https:\\\/\\\/cardinal-tapes.com\\\/#website\"},\"datePublished\":\"2023-06-02T08:59:46+00:00\",\"dateModified\":\"2023-06-14T08:47:07+00:00\",\"description\":\"Las cintas adhesivas de aluminio est\u00e1n formadas por una fina l\u00e1mina de aluminio recubierta por una cara de adhesivo. M\u00e1s informaci\u00f3n.\",\"breadcrumb\":{\"@id\":\"https:\\\/\\\/cardinal-tapes.com\\\/es\\\/cintas-adhesivas-es\\\/cinta-adhesiva-abc\\\/cintas-adhesivas-de-aluminio\\\/#breadcrumb\"},\"inLanguage\":\"es\",\"potentialAction\":[{\"@type\":\"ReadAction\",\"target\":[\"https:\\\/\\\/cardinal-tapes.com\\\/es\\\/cintas-adhesivas-es\\\/cinta-adhesiva-abc\\\/cintas-adhesivas-de-aluminio\\\/\"]}]},{\"@type\":\"BreadcrumbList\",\"@id\":\"https:\\\/\\\/cardinal-tapes.com\\\/es\\\/cintas-adhesivas-es\\\/cinta-adhesiva-abc\\\/cintas-adhesivas-de-aluminio\\\/#breadcrumb\",\"itemListElement\":[{\"@type\":\"ListItem\",\"position\":1,\"name\":\"Startseite\",\"item\":\"https:\\\/\\\/cardinal-tapes.com\\\/es\\\/\"},{\"@type\":\"ListItem\",\"position\":2,\"name\":\"Cintas adhesivas\",\"item\":\"https:\\\/\\\/cardinal-tapes.com\\\/es\\\/cintas-adhesivas-es\\\/\"},{\"@type\":\"ListItem\",\"position\":3,\"name\":\"Cinta adhesiva ABC\",\"item\":\"https:\\\/\\\/cardinal-tapes.com\\\/es\\\/cintas-adhesivas-es__trashed\\\/cinta-adhesiva-abc\\\/\"},{\"@type\":\"ListItem\",\"position\":4,\"name\":\"Cintas adhesivas de aluminio\"}]},{\"@type\":\"WebSite\",\"@id\":\"https:\\\/\\\/cardinal-tapes.com\\\/#website\",\"url\":\"https:\\\/\\\/cardinal-tapes.com\\\/\",\"name\":\"cardinal TAPES\",\"description\":\"Klebetechnik aus Wuppertal\",\"potentialAction\":[{\"@type\":\"SearchAction\",\"target\":{\"@type\":\"EntryPoint\",\"urlTemplate\":\"https:\\\/\\\/cardinal-tapes.com\\\/?s={search_term_string}\"},\"query-input\":{\"@type\":\"PropertyValueSpecification\",\"valueRequired\":true,\"valueName\":\"search_term_string\"}}],\"inLanguage\":\"es\"}]}<\/script>\n<!-- \/ Yoast SEO plugin. -->","yoast_head_json":{"title":"Cintas adhesivas de aluminio - cardinal TAPES","description":"Las cintas adhesivas de aluminio est\u00e1n formadas por una fina l\u00e1mina de aluminio recubierta por una cara de adhesivo. M\u00e1s informaci\u00f3n.","robots":{"index":"index","follow":"follow","max-snippet":"max-snippet:-1","max-image-preview":"max-image-preview:large","max-video-preview":"max-video-preview:-1"},"canonical":"https:\/\/cardinal-tapes.com\/es\/cintas-adhesivas-es\/cinta-adhesiva-abc\/cintas-adhesivas-de-aluminio\/","og_locale":"es_ES","og_type":"article","og_title":"Cintas adhesivas de aluminio - cardinal TAPES","og_description":"Las cintas adhesivas de aluminio est\u00e1n formadas por una fina l\u00e1mina de aluminio recubierta por una cara de adhesivo. M\u00e1s informaci\u00f3n.","og_url":"https:\/\/cardinal-tapes.com\/es\/cintas-adhesivas-es\/cinta-adhesiva-abc\/cintas-adhesivas-de-aluminio\/","og_site_name":"cardinal TAPES","article_modified_time":"2023-06-14T08:47:07+00:00","twitter_card":"summary_large_image","twitter_misc":{"Tiempo de lectura":"14 minutos"},"schema":{"@context":"https:\/\/schema.org","@graph":[{"@type":"WebPage","@id":"https:\/\/cardinal-tapes.com\/es\/cintas-adhesivas-es\/cinta-adhesiva-abc\/cintas-adhesivas-de-aluminio\/","url":"https:\/\/cardinal-tapes.com\/es\/cintas-adhesivas-es\/cinta-adhesiva-abc\/cintas-adhesivas-de-aluminio\/","name":"Cintas adhesivas de aluminio - cardinal TAPES","isPartOf":{"@id":"https:\/\/cardinal-tapes.com\/#website"},"datePublished":"2023-06-02T08:59:46+00:00","dateModified":"2023-06-14T08:47:07+00:00","description":"Las cintas adhesivas de aluminio est\u00e1n formadas por una fina l\u00e1mina de aluminio recubierta por una cara de adhesivo. M\u00e1s informaci\u00f3n.","breadcrumb":{"@id":"https:\/\/cardinal-tapes.com\/es\/cintas-adhesivas-es\/cinta-adhesiva-abc\/cintas-adhesivas-de-aluminio\/#breadcrumb"},"inLanguage":"es","potentialAction":[{"@type":"ReadAction","target":["https:\/\/cardinal-tapes.com\/es\/cintas-adhesivas-es\/cinta-adhesiva-abc\/cintas-adhesivas-de-aluminio\/"]}]},{"@type":"BreadcrumbList","@id":"https:\/\/cardinal-tapes.com\/es\/cintas-adhesivas-es\/cinta-adhesiva-abc\/cintas-adhesivas-de-aluminio\/#breadcrumb","itemListElement":[{"@type":"ListItem","position":1,"name":"Startseite","item":"https:\/\/cardinal-tapes.com\/es\/"},{"@type":"ListItem","position":2,"name":"Cintas adhesivas","item":"https:\/\/cardinal-tapes.com\/es\/cintas-adhesivas-es\/"},{"@type":"ListItem","position":3,"name":"Cinta adhesiva ABC","item":"https:\/\/cardinal-tapes.com\/es\/cintas-adhesivas-es__trashed\/cinta-adhesiva-abc\/"},{"@type":"ListItem","position":4,"name":"Cintas adhesivas de aluminio"}]},{"@type":"WebSite","@id":"https:\/\/cardinal-tapes.com\/#website","url":"https:\/\/cardinal-tapes.com\/","name":"cardinal TAPES","description":"Klebetechnik aus Wuppertal","potentialAction":[{"@type":"SearchAction","target":{"@type":"EntryPoint","urlTemplate":"https:\/\/cardinal-tapes.com\/?s={search_term_string}"},"query-input":{"@type":"PropertyValueSpecification","valueRequired":true,"valueName":"search_term_string"}}],"inLanguage":"es"}]}},"_links":{"self":[{"href":"https:\/\/cardinal-tapes.com\/es\/wp-json\/wp\/v2\/pages\/31524","targetHints":{"allow":["GET"]}}],"collection":[{"href":"https:\/\/cardinal-tapes.com\/es\/wp-json\/wp\/v2\/pages"}],"about":[{"href":"https:\/\/cardinal-tapes.com\/es\/wp-json\/wp\/v2\/types\/page"}],"author":[{"embeddable":true,"href":"https:\/\/cardinal-tapes.com\/es\/wp-json\/wp\/v2\/users\/1"}],"replies":[{"embeddable":true,"href":"https:\/\/cardinal-tapes.com\/es\/wp-json\/wp\/v2\/comments?post=31524"}],"version-history":[{"count":0,"href":"https:\/\/cardinal-tapes.com\/es\/wp-json\/wp\/v2\/pages\/31524\/revisions"}],"up":[{"embeddable":true,"href":"https:\/\/cardinal-tapes.com\/es\/wp-json\/wp\/v2\/pages\/30710"}],"wp:attachment":[{"href":"https:\/\/cardinal-tapes.com\/es\/wp-json\/wp\/v2\/media?parent=31524"}],"curies":[{"name":"wp","href":"https:\/\/api.w.org\/{rel}","templated":true}]}}