{"id":31512,"date":"2023-06-02T10:59:45","date_gmt":"2023-06-02T08:59:45","guid":{"rendered":"https:\/\/cardinal.pixel-tal.de\/cintas-adhesivas\/cinta-adhesiva-abc\/papel-kraft\/"},"modified":"2023-06-02T11:12:20","modified_gmt":"2023-06-02T09:12:20","slug":"papel-kraft","status":"publish","type":"page","link":"https:\/\/cardinal-tapes.com\/es\/cintas-adhesivas-es\/cinta-adhesiva-abc\/papel-kraft\/","title":{"rendered":"Papel Kraft"},"content":{"rendered":"<div id='av_section_1'  class='avia-section av-7jeg2v-6daf5f4d4e888593b51af69796c6410e alternate_color avia-section-default avia-no-border-styling  avia-builder-el-0  avia-builder-el-no-sibling  avia-bg-style-scroll container_wrap fullsize'  ><div class='container av-section-cont-open' ><main  role=\"main\" itemprop=\"mainContentOfPage\"  class='template-page content  av-content-full alpha units'><div class='post-entry post-entry-type-page post-entry-31512'><div class='entry-content-wrapper clearfix'>\n<div  class='flex_column av-68pujb-0bac190290e65d665710f3d01db23e15 av_one_full  avia-builder-el-1  el_before_av_one_half  avia-builder-el-first  first flex_column_div  '     ><div class=\"pxl-headline pxl-hl hl-wrap | hl-sub--bot hl--align-left hl--no-margin    \">\n        <div class=\"hl-inner\">\n            <h2 class=\"hl-main hl-line |  hl_main--default  \">Papel Kraft<\/h2>\n            \n    <\/div>\n<\/div><\/div><div  class='flex_column av-4tcs6f-781194d8f391c05be6235f0d745dd677 av_one_half  avia-builder-el-3  el_after_av_one_full  el_before_av_one_half  first flex_column_div  column-top-margin'     ><section  class='av_textblock_section av-5cqfx3-6ec232db7fb091e9e486bcad01b86b48 '   itemscope=\"itemscope\" itemtype=\"https:\/\/schema.org\/CreativeWork\" ><div class='avia_textblock'  itemprop=\"text\" ><p>Ya sea para pintar con acuarela, para manualidades, para <a href=\"\/klebebaender\/anwendungsgebiete\/papierherstellung\/\">encuadernar libros o para fijar papel y cart\u00f3n<\/a>, las cintas adhesivas de papel kraft se caracterizan por su amplia gama de aplicaciones. Esto es posible gracias a sus propiedades materiales. El papel kraft tiene sobre todo una estabilidad especialmente elevada. El adhesivo de caucho natural utilizado tambi\u00e9n es adhesivo en h\u00famedo. Por ello, las cintas suelen ser utilizadas por pintores o aficionados. Tambi\u00e9n convencen por sus ventajas ecol\u00f3gicas: Las <a href=\"\/klebebaender\/\">cintas adhesivas<\/a> correspondientes son 100% reciclables.<\/p>\n<h4>Papel kraft: resistente y polivalente<\/h4>\n<p>El papel kraft es un tipo de papel especialmente resistente. Se componen casi totalmente de fibra natural pura. Para ello suelen utilizarse maderas de con\u00edferas con fibras largas, como el abeto y el pino. Durante la producci\u00f3n s\u00f3lo se a\u00f1ade almid\u00f3n, alumbre y cola. Cl\u00e1sicamente, el papel kraft se utiliza con mucha frecuencia en el sector del embalaje por su resistencia al desgarro, ya que presenta una pronunciada resistencia a las tensiones mec\u00e1nicas. Otra ventaja es la estabilidad de alargamiento especialmente alta, que se da incluso con importantes fluctuaciones de temperatura. Durante poco tiempo, el material soporta incluso una amplitud de menos 30 a m\u00e1s 70 grados. Como las cintas tambi\u00e9n est\u00e1n fabricadas con componentes puramente naturales, son especialmente respetuosas con el medio ambiente y 100% degradables.<\/p>\n<\/div><\/section><\/div><div  class='flex_column av-2ycg1j-c9d8423dbeda857653035f8df71435c8 av_one_half  avia-builder-el-5  el_after_av_one_half  avia-builder-el-last  flex_column_div  column-top-margin'     ><section  class='av_textblock_section av-2k599j-85bad7488664891c1fc46d1d3dbd6667 '   itemscope=\"itemscope\" itemtype=\"https:\/\/schema.org\/CreativeWork\" ><div class='avia_textblock'  itemprop=\"text\" ><h4>Aplicaci\u00f3n vers\u00e1til<\/h4>\n<p>Sus propiedades hacen que la cinta de papel kraft resulte atractiva para diversos usuarios. Por su manejabilidad y alta resistencia, es muy popular en los departamentos de env\u00edos, por ejemplo, y resulta ideal para embalar cajas. Por ejemplo, a pesar de su enorme estabilidad, puede desprenderse f\u00e1cilmente del rollo de cinta sin necesidad de otros medios auxiliares. Tambi\u00e9n es muy apreciado por los comerciantes de suministros para artistas y aficionados, porque: Es muy adecuado para trabajar con pintura o tambi\u00e9n en combinaci\u00f3n con materiales como el papel, por ejemplo en actividades de encuadernaci\u00f3n.<\/p>\n<p>Por supuesto, las cintas pueden etiquetarse e imprimirse individualmente. Como con todos nuestros productos, le ofrecemos <a href=\"https:\/\/cardinal-tapes.com\/es\/embalaje\/\">adaptarlos<\/a> a <a href=\"https:\/\/cardinal-tapes.com\/es\/embalaje\/\">sus necesidades<\/a>. No dude en ponerse en contacto con nuestros veteranos expertos para obtener m\u00e1s informaci\u00f3n.<\/p>\n<\/div><\/section><\/div>\n","protected":false},"excerpt":{"rendered":"","protected":false},"author":1,"featured_media":0,"parent":30710,"menu_order":13,"comment_status":"closed","ping_status":"closed","template":"","meta":{"_acf_changed":false,"footnotes":""},"class_list":["post-31512","page","type-page","status-publish","hentry"],"acf":[],"yoast_head":"<!-- This site is optimized with the Yoast SEO plugin v27.3 - https:\/\/yoast.com\/product\/yoast-seo-wordpress\/ -->\n<title>Papel Kraft - cardinal TAPES<\/title>\n<meta name=\"description\" content=\"Las cintas adhesivas de papel kraft se caracterizan por su amplia gama de aplicaciones. M\u00e1s informaci\u00f3n sobre el tipo especial de cintas adhesivas aqu\u00ed.\" \/>\n<meta name=\"robots\" content=\"index, follow, max-snippet:-1, max-image-preview:large, max-video-preview:-1\" \/>\n<link rel=\"canonical\" href=\"https:\/\/cardinal-tapes.com\/es\/cintas-adhesivas-es__trashed\/cinta-adhesiva-abc\/papel-kraft\/\" \/>\n<meta property=\"og:locale\" content=\"es_ES\" \/>\n<meta property=\"og:type\" content=\"article\" \/>\n<meta property=\"og:title\" content=\"Papel Kraft - cardinal TAPES\" \/>\n<meta property=\"og:description\" content=\"Las cintas adhesivas de papel kraft se caracterizan por su amplia gama de aplicaciones. M\u00e1s informaci\u00f3n sobre el tipo especial de cintas adhesivas aqu\u00ed.\" \/>\n<meta property=\"og:url\" content=\"https:\/\/cardinal-tapes.com\/es\/cintas-adhesivas-es__trashed\/cinta-adhesiva-abc\/papel-kraft\/\" \/>\n<meta property=\"og:site_name\" content=\"cardinal TAPES\" \/>\n<meta property=\"article:modified_time\" content=\"2023-06-02T09:12:20+00:00\" \/>\n<meta name=\"twitter:card\" content=\"summary_large_image\" \/>\n<meta name=\"twitter:label1\" content=\"Tiempo de lectura\" \/>\n\t<meta name=\"twitter:data1\" content=\"10 minutos\" \/>\n<script type=\"application\/ld+json\" class=\"yoast-schema-graph\">{\"@context\":\"https:\\\/\\\/schema.org\",\"@graph\":[{\"@type\":\"WebPage\",\"@id\":\"https:\\\/\\\/cardinal-tapes.com\\\/es\\\/cintas-adhesivas-es__trashed\\\/cinta-adhesiva-abc\\\/papel-kraft\\\/\",\"url\":\"https:\\\/\\\/cardinal-tapes.com\\\/es\\\/cintas-adhesivas-es__trashed\\\/cinta-adhesiva-abc\\\/papel-kraft\\\/\",\"name\":\"Papel Kraft - cardinal TAPES\",\"isPartOf\":{\"@id\":\"https:\\\/\\\/cardinal-tapes.com\\\/#website\"},\"datePublished\":\"2023-06-02T08:59:45+00:00\",\"dateModified\":\"2023-06-02T09:12:20+00:00\",\"description\":\"Las cintas adhesivas de papel kraft se caracterizan por su amplia gama de aplicaciones. M\u00e1s informaci\u00f3n sobre el tipo especial de cintas adhesivas aqu\u00ed.\",\"breadcrumb\":{\"@id\":\"https:\\\/\\\/cardinal-tapes.com\\\/es\\\/cintas-adhesivas-es__trashed\\\/cinta-adhesiva-abc\\\/papel-kraft\\\/#breadcrumb\"},\"inLanguage\":\"es\",\"potentialAction\":[{\"@type\":\"ReadAction\",\"target\":[\"https:\\\/\\\/cardinal-tapes.com\\\/es\\\/cintas-adhesivas-es__trashed\\\/cinta-adhesiva-abc\\\/papel-kraft\\\/\"]}]},{\"@type\":\"BreadcrumbList\",\"@id\":\"https:\\\/\\\/cardinal-tapes.com\\\/es\\\/cintas-adhesivas-es__trashed\\\/cinta-adhesiva-abc\\\/papel-kraft\\\/#breadcrumb\",\"itemListElement\":[{\"@type\":\"ListItem\",\"position\":1,\"name\":\"Startseite\",\"item\":\"https:\\\/\\\/cardinal-tapes.com\\\/es\\\/\"},{\"@type\":\"ListItem\",\"position\":2,\"name\":\"Cinta adhesiva ABC\",\"item\":\"https:\\\/\\\/cardinal-tapes.com\\\/es\\\/cintas-adhesivas-es__trashed\\\/cinta-adhesiva-abc\\\/\"},{\"@type\":\"ListItem\",\"position\":3,\"name\":\"Papel Kraft\"}]},{\"@type\":\"WebSite\",\"@id\":\"https:\\\/\\\/cardinal-tapes.com\\\/#website\",\"url\":\"https:\\\/\\\/cardinal-tapes.com\\\/\",\"name\":\"cardinal TAPES\",\"description\":\"Klebetechnik aus Wuppertal\",\"potentialAction\":[{\"@type\":\"SearchAction\",\"target\":{\"@type\":\"EntryPoint\",\"urlTemplate\":\"https:\\\/\\\/cardinal-tapes.com\\\/?s={search_term_string}\"},\"query-input\":{\"@type\":\"PropertyValueSpecification\",\"valueRequired\":true,\"valueName\":\"search_term_string\"}}],\"inLanguage\":\"es\"}]}<\/script>\n<!-- \/ Yoast SEO plugin. -->","yoast_head_json":{"title":"Papel Kraft - cardinal TAPES","description":"Las cintas adhesivas de papel kraft se caracterizan por su amplia gama de aplicaciones. M\u00e1s informaci\u00f3n sobre el tipo especial de cintas adhesivas aqu\u00ed.","robots":{"index":"index","follow":"follow","max-snippet":"max-snippet:-1","max-image-preview":"max-image-preview:large","max-video-preview":"max-video-preview:-1"},"canonical":"https:\/\/cardinal-tapes.com\/es\/cintas-adhesivas-es__trashed\/cinta-adhesiva-abc\/papel-kraft\/","og_locale":"es_ES","og_type":"article","og_title":"Papel Kraft - cardinal TAPES","og_description":"Las cintas adhesivas de papel kraft se caracterizan por su amplia gama de aplicaciones. M\u00e1s informaci\u00f3n sobre el tipo especial de cintas adhesivas aqu\u00ed.","og_url":"https:\/\/cardinal-tapes.com\/es\/cintas-adhesivas-es__trashed\/cinta-adhesiva-abc\/papel-kraft\/","og_site_name":"cardinal TAPES","article_modified_time":"2023-06-02T09:12:20+00:00","twitter_card":"summary_large_image","twitter_misc":{"Tiempo de lectura":"10 minutos"},"schema":{"@context":"https:\/\/schema.org","@graph":[{"@type":"WebPage","@id":"https:\/\/cardinal-tapes.com\/es\/cintas-adhesivas-es__trashed\/cinta-adhesiva-abc\/papel-kraft\/","url":"https:\/\/cardinal-tapes.com\/es\/cintas-adhesivas-es__trashed\/cinta-adhesiva-abc\/papel-kraft\/","name":"Papel Kraft - cardinal TAPES","isPartOf":{"@id":"https:\/\/cardinal-tapes.com\/#website"},"datePublished":"2023-06-02T08:59:45+00:00","dateModified":"2023-06-02T09:12:20+00:00","description":"Las cintas adhesivas de papel kraft se caracterizan por su amplia gama de aplicaciones. M\u00e1s informaci\u00f3n sobre el tipo especial de cintas adhesivas aqu\u00ed.","breadcrumb":{"@id":"https:\/\/cardinal-tapes.com\/es\/cintas-adhesivas-es__trashed\/cinta-adhesiva-abc\/papel-kraft\/#breadcrumb"},"inLanguage":"es","potentialAction":[{"@type":"ReadAction","target":["https:\/\/cardinal-tapes.com\/es\/cintas-adhesivas-es__trashed\/cinta-adhesiva-abc\/papel-kraft\/"]}]},{"@type":"BreadcrumbList","@id":"https:\/\/cardinal-tapes.com\/es\/cintas-adhesivas-es__trashed\/cinta-adhesiva-abc\/papel-kraft\/#breadcrumb","itemListElement":[{"@type":"ListItem","position":1,"name":"Startseite","item":"https:\/\/cardinal-tapes.com\/es\/"},{"@type":"ListItem","position":2,"name":"Cinta adhesiva ABC","item":"https:\/\/cardinal-tapes.com\/es\/cintas-adhesivas-es__trashed\/cinta-adhesiva-abc\/"},{"@type":"ListItem","position":3,"name":"Papel Kraft"}]},{"@type":"WebSite","@id":"https:\/\/cardinal-tapes.com\/#website","url":"https:\/\/cardinal-tapes.com\/","name":"cardinal TAPES","description":"Klebetechnik aus Wuppertal","potentialAction":[{"@type":"SearchAction","target":{"@type":"EntryPoint","urlTemplate":"https:\/\/cardinal-tapes.com\/?s={search_term_string}"},"query-input":{"@type":"PropertyValueSpecification","valueRequired":true,"valueName":"search_term_string"}}],"inLanguage":"es"}]}},"_links":{"self":[{"href":"https:\/\/cardinal-tapes.com\/es\/wp-json\/wp\/v2\/pages\/31512","targetHints":{"allow":["GET"]}}],"collection":[{"href":"https:\/\/cardinal-tapes.com\/es\/wp-json\/wp\/v2\/pages"}],"about":[{"href":"https:\/\/cardinal-tapes.com\/es\/wp-json\/wp\/v2\/types\/page"}],"author":[{"embeddable":true,"href":"https:\/\/cardinal-tapes.com\/es\/wp-json\/wp\/v2\/users\/1"}],"replies":[{"embeddable":true,"href":"https:\/\/cardinal-tapes.com\/es\/wp-json\/wp\/v2\/comments?post=31512"}],"version-history":[{"count":0,"href":"https:\/\/cardinal-tapes.com\/es\/wp-json\/wp\/v2\/pages\/31512\/revisions"}],"up":[{"embeddable":true,"href":"https:\/\/cardinal-tapes.com\/es\/wp-json\/wp\/v2\/pages\/30710"}],"wp:attachment":[{"href":"https:\/\/cardinal-tapes.com\/es\/wp-json\/wp\/v2\/media?parent=31512"}],"curies":[{"name":"wp","href":"https:\/\/api.w.org\/{rel}","templated":true}]}}