{"id":31509,"date":"2023-06-02T10:59:45","date_gmt":"2023-06-02T08:59:45","guid":{"rendered":"https:\/\/cardinal.pixel-tal.de\/cintas-adhesivas\/cinta-adhesiva-abc\/cintas-adhesivas-de-cobre\/"},"modified":"2023-06-02T11:12:19","modified_gmt":"2023-06-02T09:12:19","slug":"cintas-adhesivas-de-cobre","status":"publish","type":"page","link":"https:\/\/cardinal-tapes.com\/es\/cintas-adhesivas-es\/cinta-adhesiva-abc\/cintas-adhesivas-de-cobre\/","title":{"rendered":"Cintas adhesivas de cobre"},"content":{"rendered":"<div id='av_section_1'  class='avia-section av-762yei-950b670e387dcabaacf9e7748cf64227 alternate_color avia-section-default avia-no-border-styling  avia-builder-el-0  avia-builder-el-no-sibling  avia-bg-style-scroll container_wrap fullsize'  ><div class='container av-section-cont-open' ><main  role=\"main\" itemprop=\"mainContentOfPage\"  class='template-page content  av-content-full alpha units'><div class='post-entry post-entry-type-page post-entry-31509'><div class='entry-content-wrapper clearfix'>\n<div  class='flex_column av-l5i7u-50556d28ba87f4f74ba9a3608f886a12 av_one_full  avia-builder-el-1  el_before_av_one_half  avia-builder-el-first  first flex_column_div  '     ><div class=\"pxl-headline pxl-hl hl-wrap | hl-sub--off hl--align-left hl--no-margin    \">\n        <div class=\"hl-inner\">\n            <h2 class=\"hl-main hl-line |  hl_main--default  \">Cintas adhesivas de cobre<\/h2>\n            \n    <\/div>\n<\/div><\/div><div  class='flex_column av-4nszy2-bee357268cba9e79f9a5c40628963e3c av_one_half  avia-builder-el-3  el_after_av_one_full  el_before_av_one_half  first flex_column_div  column-top-margin'     ><section  class='av_textblock_section av-6jrud6-e4c256a9ea1a0a089eb8812f02869dfc '   itemscope=\"itemscope\" itemtype=\"https:\/\/schema.org\/CreativeWork\" ><div class='avia_textblock'  itemprop=\"text\" ><p>Las cintas de cobre son una herramienta importante en muchas industrias y constan de una l\u00e1mina de cobre y un potente adhesivo. El adhesivo tambi\u00e9n suele ser conductor de la electricidad para permitir su uso en muchos \u00e1mbitos.<\/p>\n<p>En cardinal TAPES, conocemos los requisitos de las distintas industrias en materia de <a href=\"https:\/\/cardinal-tapes.com\/es\/cintas-adhesivas\/cinta-adhesiva-abc\/cintas-adhesivas-metalicas\/\">cintas adhesivas met\u00e1licas<\/a>. Por eso disponemos de varios modelos de estas cintas y fabricamos cintas de cobre seg\u00fan sus necesidades. Nuestros expertos estar\u00e1n encantados de asesorarle sobre este tema.<\/p>\n<\/div><\/section><\/div><div  class='flex_column av-25v9ay-a6ab0db93adeb64452dcd3fcc4445bc6 av_one_half  avia-builder-el-5  el_after_av_one_half  avia-builder-el-last  flex_column_div  column-top-margin'     ><section  class='av_textblock_section av-25wz16-124027f78a94bcb898ba52e9be0e1e6f '   itemscope=\"itemscope\" itemtype=\"https:\/\/schema.org\/CreativeWork\" ><div class='avia_textblock'  itemprop=\"text\" ><h4>Particularidades y \u00e1mbitos de aplicaci\u00f3n de las cintas adhesivas de cobre<\/h4>\n<p>Las ventajas de las cintas de cobre sobre otras cintas adhesivas de pl\u00e1stico son, por ejemplo, la conductividad del calor y la electricidad. Por estas razones, las cintas adhesivas de cobre se utilizan principalmente en galvanoplastia, <a href=\"https:\/\/cardinal-tapes.com\/es\/cintas-adhesivas\/ambitos-de-aplicacion\/calefaccion-ventilacion-y-aire-acondicionado\/\">aire acondicionado<\/a> e<a href=\"https:\/\/cardinal-tapes.com\/es\/cintas-adhesivas\/ambitos-de-aplicacion\/ingenieria-mecanica\/\"> ingenier\u00eda mec\u00e1nica<\/a>. En estas industrias, la cinta puede desempe\u00f1ar diversas tareas, como servir de escudo electromagn\u00e9tico. De este modo, los dispositivos pueden protegerse de las radiaciones de los tel\u00e9fonos m\u00f3viles, por ejemplo.<\/p>\n<\/div><\/section><\/div>\n\n","protected":false},"excerpt":{"rendered":"","protected":false},"author":1,"featured_media":0,"parent":30710,"menu_order":37,"comment_status":"closed","ping_status":"closed","template":"","meta":{"_acf_changed":false,"footnotes":""},"class_list":["post-31509","page","type-page","status-publish","hentry"],"acf":[],"yoast_head":"<!-- This site is optimized with the Yoast SEO plugin v27.3 - https:\/\/yoast.com\/product\/yoast-seo-wordpress\/ -->\n<title>Cintas adhesivas de cobre - cardinal TAPES<\/title>\n<meta name=\"description\" content=\"Las cintas de cobre son un componente importante en muchas industrias y constan de una l\u00e1mina de cobre y un adhesivo de alto rendimiento.\" \/>\n<meta name=\"robots\" content=\"index, follow, max-snippet:-1, max-image-preview:large, max-video-preview:-1\" \/>\n<link rel=\"canonical\" href=\"https:\/\/cardinal-tapes.com\/es\/cintas-adhesivas-es__trashed\/cinta-adhesiva-abc\/cintas-adhesivas-de-cobre\/\" \/>\n<meta property=\"og:locale\" content=\"es_ES\" \/>\n<meta property=\"og:type\" content=\"article\" \/>\n<meta property=\"og:title\" content=\"Cintas adhesivas de cobre - cardinal TAPES\" \/>\n<meta property=\"og:description\" content=\"Las cintas de cobre son un componente importante en muchas industrias y constan de una l\u00e1mina de cobre y un adhesivo de alto rendimiento.\" \/>\n<meta property=\"og:url\" content=\"https:\/\/cardinal-tapes.com\/es\/cintas-adhesivas-es__trashed\/cinta-adhesiva-abc\/cintas-adhesivas-de-cobre\/\" \/>\n<meta property=\"og:site_name\" content=\"cardinal TAPES\" \/>\n<meta property=\"article:modified_time\" content=\"2023-06-02T09:12:19+00:00\" \/>\n<meta name=\"twitter:card\" content=\"summary_large_image\" \/>\n<meta name=\"twitter:label1\" content=\"Tiempo de lectura\" \/>\n\t<meta name=\"twitter:data1\" content=\"9 minutos\" \/>\n<script type=\"application\/ld+json\" class=\"yoast-schema-graph\">{\"@context\":\"https:\\\/\\\/schema.org\",\"@graph\":[{\"@type\":\"WebPage\",\"@id\":\"https:\\\/\\\/cardinal-tapes.com\\\/es\\\/cintas-adhesivas-es__trashed\\\/cinta-adhesiva-abc\\\/cintas-adhesivas-de-cobre\\\/\",\"url\":\"https:\\\/\\\/cardinal-tapes.com\\\/es\\\/cintas-adhesivas-es__trashed\\\/cinta-adhesiva-abc\\\/cintas-adhesivas-de-cobre\\\/\",\"name\":\"Cintas adhesivas de cobre - cardinal TAPES\",\"isPartOf\":{\"@id\":\"https:\\\/\\\/cardinal-tapes.com\\\/#website\"},\"datePublished\":\"2023-06-02T08:59:45+00:00\",\"dateModified\":\"2023-06-02T09:12:19+00:00\",\"description\":\"Las cintas de cobre son un componente importante en muchas industrias y constan de una l\u00e1mina de cobre y un adhesivo de alto rendimiento.\",\"breadcrumb\":{\"@id\":\"https:\\\/\\\/cardinal-tapes.com\\\/es\\\/cintas-adhesivas-es__trashed\\\/cinta-adhesiva-abc\\\/cintas-adhesivas-de-cobre\\\/#breadcrumb\"},\"inLanguage\":\"es\",\"potentialAction\":[{\"@type\":\"ReadAction\",\"target\":[\"https:\\\/\\\/cardinal-tapes.com\\\/es\\\/cintas-adhesivas-es__trashed\\\/cinta-adhesiva-abc\\\/cintas-adhesivas-de-cobre\\\/\"]}]},{\"@type\":\"BreadcrumbList\",\"@id\":\"https:\\\/\\\/cardinal-tapes.com\\\/es\\\/cintas-adhesivas-es__trashed\\\/cinta-adhesiva-abc\\\/cintas-adhesivas-de-cobre\\\/#breadcrumb\",\"itemListElement\":[{\"@type\":\"ListItem\",\"position\":1,\"name\":\"Startseite\",\"item\":\"https:\\\/\\\/cardinal-tapes.com\\\/es\\\/\"},{\"@type\":\"ListItem\",\"position\":2,\"name\":\"Cinta adhesiva ABC\",\"item\":\"https:\\\/\\\/cardinal-tapes.com\\\/es\\\/cintas-adhesivas-es__trashed\\\/cinta-adhesiva-abc\\\/\"},{\"@type\":\"ListItem\",\"position\":3,\"name\":\"Cintas adhesivas de cobre\"}]},{\"@type\":\"WebSite\",\"@id\":\"https:\\\/\\\/cardinal-tapes.com\\\/#website\",\"url\":\"https:\\\/\\\/cardinal-tapes.com\\\/\",\"name\":\"cardinal TAPES\",\"description\":\"Klebetechnik aus Wuppertal\",\"potentialAction\":[{\"@type\":\"SearchAction\",\"target\":{\"@type\":\"EntryPoint\",\"urlTemplate\":\"https:\\\/\\\/cardinal-tapes.com\\\/?s={search_term_string}\"},\"query-input\":{\"@type\":\"PropertyValueSpecification\",\"valueRequired\":true,\"valueName\":\"search_term_string\"}}],\"inLanguage\":\"es\"}]}<\/script>\n<!-- \/ Yoast SEO plugin. -->","yoast_head_json":{"title":"Cintas adhesivas de cobre - cardinal TAPES","description":"Las cintas de cobre son un componente importante en muchas industrias y constan de una l\u00e1mina de cobre y un adhesivo de alto rendimiento.","robots":{"index":"index","follow":"follow","max-snippet":"max-snippet:-1","max-image-preview":"max-image-preview:large","max-video-preview":"max-video-preview:-1"},"canonical":"https:\/\/cardinal-tapes.com\/es\/cintas-adhesivas-es__trashed\/cinta-adhesiva-abc\/cintas-adhesivas-de-cobre\/","og_locale":"es_ES","og_type":"article","og_title":"Cintas adhesivas de cobre - cardinal TAPES","og_description":"Las cintas de cobre son un componente importante en muchas industrias y constan de una l\u00e1mina de cobre y un adhesivo de alto rendimiento.","og_url":"https:\/\/cardinal-tapes.com\/es\/cintas-adhesivas-es__trashed\/cinta-adhesiva-abc\/cintas-adhesivas-de-cobre\/","og_site_name":"cardinal TAPES","article_modified_time":"2023-06-02T09:12:19+00:00","twitter_card":"summary_large_image","twitter_misc":{"Tiempo de lectura":"9 minutos"},"schema":{"@context":"https:\/\/schema.org","@graph":[{"@type":"WebPage","@id":"https:\/\/cardinal-tapes.com\/es\/cintas-adhesivas-es__trashed\/cinta-adhesiva-abc\/cintas-adhesivas-de-cobre\/","url":"https:\/\/cardinal-tapes.com\/es\/cintas-adhesivas-es__trashed\/cinta-adhesiva-abc\/cintas-adhesivas-de-cobre\/","name":"Cintas adhesivas de cobre - cardinal TAPES","isPartOf":{"@id":"https:\/\/cardinal-tapes.com\/#website"},"datePublished":"2023-06-02T08:59:45+00:00","dateModified":"2023-06-02T09:12:19+00:00","description":"Las cintas de cobre son un componente importante en muchas industrias y constan de una l\u00e1mina de cobre y un adhesivo de alto rendimiento.","breadcrumb":{"@id":"https:\/\/cardinal-tapes.com\/es\/cintas-adhesivas-es__trashed\/cinta-adhesiva-abc\/cintas-adhesivas-de-cobre\/#breadcrumb"},"inLanguage":"es","potentialAction":[{"@type":"ReadAction","target":["https:\/\/cardinal-tapes.com\/es\/cintas-adhesivas-es__trashed\/cinta-adhesiva-abc\/cintas-adhesivas-de-cobre\/"]}]},{"@type":"BreadcrumbList","@id":"https:\/\/cardinal-tapes.com\/es\/cintas-adhesivas-es__trashed\/cinta-adhesiva-abc\/cintas-adhesivas-de-cobre\/#breadcrumb","itemListElement":[{"@type":"ListItem","position":1,"name":"Startseite","item":"https:\/\/cardinal-tapes.com\/es\/"},{"@type":"ListItem","position":2,"name":"Cinta adhesiva ABC","item":"https:\/\/cardinal-tapes.com\/es\/cintas-adhesivas-es__trashed\/cinta-adhesiva-abc\/"},{"@type":"ListItem","position":3,"name":"Cintas adhesivas de cobre"}]},{"@type":"WebSite","@id":"https:\/\/cardinal-tapes.com\/#website","url":"https:\/\/cardinal-tapes.com\/","name":"cardinal TAPES","description":"Klebetechnik aus Wuppertal","potentialAction":[{"@type":"SearchAction","target":{"@type":"EntryPoint","urlTemplate":"https:\/\/cardinal-tapes.com\/?s={search_term_string}"},"query-input":{"@type":"PropertyValueSpecification","valueRequired":true,"valueName":"search_term_string"}}],"inLanguage":"es"}]}},"_links":{"self":[{"href":"https:\/\/cardinal-tapes.com\/es\/wp-json\/wp\/v2\/pages\/31509","targetHints":{"allow":["GET"]}}],"collection":[{"href":"https:\/\/cardinal-tapes.com\/es\/wp-json\/wp\/v2\/pages"}],"about":[{"href":"https:\/\/cardinal-tapes.com\/es\/wp-json\/wp\/v2\/types\/page"}],"author":[{"embeddable":true,"href":"https:\/\/cardinal-tapes.com\/es\/wp-json\/wp\/v2\/users\/1"}],"replies":[{"embeddable":true,"href":"https:\/\/cardinal-tapes.com\/es\/wp-json\/wp\/v2\/comments?post=31509"}],"version-history":[{"count":0,"href":"https:\/\/cardinal-tapes.com\/es\/wp-json\/wp\/v2\/pages\/31509\/revisions"}],"up":[{"embeddable":true,"href":"https:\/\/cardinal-tapes.com\/es\/wp-json\/wp\/v2\/pages\/30710"}],"wp:attachment":[{"href":"https:\/\/cardinal-tapes.com\/es\/wp-json\/wp\/v2\/media?parent=31509"}],"curies":[{"name":"wp","href":"https:\/\/api.w.org\/{rel}","templated":true}]}}