{"id":31507,"date":"2023-06-02T10:59:45","date_gmt":"2023-06-02T08:59:45","guid":{"rendered":"https:\/\/cardinal.pixel-tal.de\/cintas-adhesivas\/cinta-adhesiva-abc\/cintas-de-espuma-de-pe\/"},"modified":"2023-06-14T10:47:09","modified_gmt":"2023-06-14T08:47:09","slug":"cintas-de-espuma-de-pe","status":"publish","type":"page","link":"https:\/\/cardinal-tapes.com\/es\/cintas-adhesivas-es\/cinta-adhesiva-abc\/cintas-de-espuma-de-pe\/","title":{"rendered":"Cintas de espuma de PE"},"content":{"rendered":"<div id='av_section_1'  class='avia-section av-c0yms6-7386685d247566d67102f6373c80c5c3 alternate_color avia-section-default avia-no-border-styling  avia-builder-el-0  el_before_av_section  avia-builder-el-first  avia-bg-style-scroll container_wrap fullsize'  ><div class='container av-section-cont-open' ><main  role=\"main\" itemprop=\"mainContentOfPage\"  class='template-page content  av-content-full alpha units'><div class='post-entry post-entry-type-page post-entry-31507'><div class='entry-content-wrapper clearfix'>\n<div  class='flex_column av-amhi46-0a97fdeff256eff6e3f4b1f981a71801 av_one_full  avia-builder-el-1  el_before_av_one_half  avia-builder-el-first  first flex_column_div  '     ><div class=\"pxl-headline pxl-hl hl-wrap | hl-sub--off hl--align-left hl--no-margin    \">\n        <div class=\"hl-inner\">\n            <h2 class=\"hl-main hl-line |  hl_main--default  \">Cintas de espuma de PE<\/h2>\n            \n    <\/div>\n<\/div><\/div><div  class='flex_column av-8tvbty-bb9ba8fc1bb396481bc90117c7fe2988 av_one_half  avia-builder-el-3  el_after_av_one_full  el_before_av_one_half  first flex_column_div  column-top-margin'     ><section  class='av_textblock_section av-bey8jq-31713b296a19dde0aa6a8e9b81ac384d '   itemscope=\"itemscope\" itemtype=\"https:\/\/schema.org\/CreativeWork\" ><div class='avia_textblock'  itemprop=\"text\" ><p>Hay muchos tipos diferentes de cintas de espuma: de doble cara, de una cara, recubiertas. Pero todas tienen una aplicaci\u00f3n com\u00fan: el sellado. Los \u00e1mbitos de aplicaci\u00f3n son muy vers\u00e1tiles. Ya sea la junta para la <a href=\"https:\/\/cardinal-tapes.com\/es\/cintas-adhesivas-es\/ambitos-de-aplicacion\/calefaccion-ventilacion-y-aire-acondicionado\/\">construcci\u00f3n de calefacci\u00f3n<\/a>, donde se a\u00edslan las tuber\u00edas, o la junta en la construcci\u00f3n de ventilaci\u00f3n, m\u00e1quinas y aparatos, o el montaje en la construcci\u00f3n de muebles y sanitarios. Las cintas de espuma suelen encargarse tambi\u00e9n de la absorci\u00f3n ac\u00fastica y el aislamiento t\u00e9rmico.<\/p>\n<\/div><\/section><\/div><div  class='flex_column av-7gqf9y-af4734ca957cbf5555a1f4ddc88e2d88 av_one_half  avia-builder-el-5  el_after_av_one_half  avia-builder-el-last  flex_column_div  column-top-margin'     ><section  class='av_textblock_section av-77v2d2-5e0783556c17e4e22980a6230528711c '   itemscope=\"itemscope\" itemtype=\"https:\/\/schema.org\/CreativeWork\" ><div class='avia_textblock'  itemprop=\"text\" ><h4>Las ventajas de las cintas de espuma de PE<\/h4>\n<p>La ventaja de las cintas de espuma de PE es que son resistentes a la intemperie y a los rayos UV, por lo que pueden utilizarse tanto en interiores como en exteriores. Adem\u00e1s, se consigue una gran fuerza adhesiva. Como las cintas son autoadhesivas, el cliente puede aplicarlas de forma limpia y sencilla. Tambi\u00e9n permitimos a nuestros clientes utilizar las cintas de formas muy diversas, ya que est\u00e1n disponibles en varios materiales.<\/p>\n<p>Si nuestros clientes tienen alguna petici\u00f3n, estaremos encantados de asesorarle en cualquier momento, tambi\u00e9n por tel\u00e9fono, o puede utilizar nuestro formulario <a href=\"\/ueber-cardinal\/kontakt\/\">de consulta sobre productos<\/a> para que busquemos juntos una soluci\u00f3n. Tambi\u00e9n estamos encantados de montar las cintas adhesivas para sus necesidades individuales.<\/p>\n<\/div><\/section><\/div>\n\n<\/div><\/div><\/main><!-- close content main element --><\/div><\/div><div id='av_section_2'  class='avia-section av-610a8m-e11e73a49a73f608dd332083c5277e18 main_color avia-section-default avia-no-border-styling  avia-builder-el-7  el_after_av_section  avia-builder-el-last  gradient-section avia-bg-style-scroll container_wrap fullsize'  ><div class='container av-section-cont-open' ><div class='template-page content  av-content-full alpha units'><div class='post-entry post-entry-type-page post-entry-31507'><div class='entry-content-wrapper clearfix'>\n<div  class='flex_column av-4xkj4m-c130fb464c692712e65d8e2b9bd9a04c av_one_full  avia-builder-el-8  avia-builder-el-no-sibling  first flex_column_div  '     ><p><div class=\"pxl-headline pxl-hl hl-wrap | hl-sub--off hl--align-left hl--no-margin    \">\n        <div class=\"hl-inner\">\n            <h2 class=\"hl-main hl-line |  hl_main--default  \">Productos interesantes<\/h2>\n            \n    <\/div>\n<\/div>\n<br \/>\n<div   data-autoplay=''  data-interval='5'  data-animation='fade'  data-hoverpause='1'  class='template-shop avia-content-slider avia-content-slider-active avia-product-slider1 avia-content-slider-even  avia-builder-el-10  el_after_pixel_sc_headline  el_before_av_button   shop_columns_4' ><div class='avia-content-slider-inner'><ul class=\"products slide-entry-wrap\"><li class=\"product type-product post-44481 status-publish first instock product_cat-cinta-de-espuma-de-pe product_cat-cintas-adhesivas-de-doble-cara has-post-thumbnail taxable shipping-taxable purchasable product-type-variable\">\n\t<div class='inner_product main_color wrapped_style noLightbox  av-product-class-no_button'><a href=\"https:\/\/cardinal-tapes.com\/es\/cintas-adhesivas\/ambitos-de-aplicacion\/cinta-de-espuma-de-pe\/ca-934-pe-cinta-adhesiva-de-espuma\/\" class=\"woocommerce-LoopProduct-link woocommerce-loop-product__link\"><div class=\"thumbnail_container\"><img decoding=\"async\" loading=\"lazy\" width=\"415\" height=\"415\" src=\"https:\/\/cardinal-tapes.com\/wp-content\/uploads\/Norbond-PUR-V2800-A_153106.png\" class=\"wp-image-28503 avia-img-lazy-loading-28503 attachment-shop_catalog size-shop_catalog wp-post-image\" alt=\"CA-934 Cinta adhesiva de espuma de PE - doble cara, Espuma de PE, Acrilato solvente - Ilustraci\u00f3n 28503\" srcset=\"https:\/\/cardinal-tapes.com\/wp-content\/uploads\/Norbond-PUR-V2800-A_153106.png 415w, https:\/\/cardinal-tapes.com\/wp-content\/uploads\/Norbond-PUR-V2800-A_153106-120x120.png 120w, https:\/\/cardinal-tapes.com\/wp-content\/uploads\/Norbond-PUR-V2800-A_153106-80x80.png 80w, https:\/\/cardinal-tapes.com\/wp-content\/uploads\/Norbond-PUR-V2800-A_153106-200x200.png 200w, https:\/\/cardinal-tapes.com\/wp-content\/uploads\/Norbond-PUR-V2800-A_153106-36x36.png 36w, https:\/\/cardinal-tapes.com\/wp-content\/uploads\/Norbond-PUR-V2800-A_153106-180x180.png 180w, https:\/\/cardinal-tapes.com\/wp-content\/uploads\/Norbond-PUR-V2800-A_153106-100x100.png 100w\" sizes=\"auto, (max-width: 415px) 100vw, 415px\" \/><\/div><div class='inner_product_header'><div class='avia-arrow'><\/div><div class='inner_product_header_table'><div class='inner_product_header_cell'><span class=\"is-h2 woocommerce-loop-product__title\">CA-934 Cinta adhesiva de espuma de PE<\/span>\t\t<div class=\"product-infos\">\n\t\t\t\t\t\t\t<span class='product-infos__item'><b>Revestimiento:<\/b> doble cara<\/span>\n\t\t\t\t\t\t\t\t\t\t<span class='product-infos__item'><b>Tipo de material:<\/b> Espuma de PE<\/span>\n\t\t\t\t\t\t\t\t\t\t<span class='product-infos__item'><b>Fabricante:<\/b> cardinal GmbH<\/span>\n\t\t\t\t\t\t\t\t\t\t<span class='product-infos__item'><b>Precio a la carta<\/b><\/span>\n\t\t\t\t\t<\/div>\n\t<\/div><\/div><\/div><\/a><\/div><\/li>\n<li class=\"product type-product post-38288 status-publish instock product_cat-cinta-de-espuma-de-pe product_cat-cintas-adhesivas-de-doble-cara has-post-thumbnail taxable shipping-taxable purchasable product-type-variable\">\n\t<div class='inner_product main_color wrapped_style noLightbox  av-product-class-no_button'><a href=\"https:\/\/cardinal-tapes.com\/es\/cintas-adhesivas\/ambitos-de-aplicacion\/cinta-de-espuma-de-pe\/orabond-1831-pe-espuma-cinta-adhesiva\/\" class=\"woocommerce-LoopProduct-link woocommerce-loop-product__link\"><div class=\"thumbnail_container\"><img decoding=\"async\" loading=\"lazy\" width=\"450\" height=\"450\" src=\"https:\/\/cardinal-tapes.com\/wp-content\/uploads\/1831c-450x450.jpg\" class=\"wp-image-29259 avia-img-lazy-loading-29259 attachment-shop_catalog size-shop_catalog wp-post-image\" alt=\"Cinta adhesiva de espuma de PE ORABOND\u00ae 1831 - doble cara, Espuma de PE, Caucho sint\u00e9tico - Ilustraci\u00f3n 29259\" srcset=\"https:\/\/cardinal-tapes.com\/wp-content\/uploads\/1831c-450x450.jpg 450w, https:\/\/cardinal-tapes.com\/wp-content\/uploads\/1831c-80x80.jpg 80w, https:\/\/cardinal-tapes.com\/wp-content\/uploads\/1831c-36x36.jpg 36w, https:\/\/cardinal-tapes.com\/wp-content\/uploads\/1831c-180x180.jpg 180w, https:\/\/cardinal-tapes.com\/wp-content\/uploads\/1831c-120x120.jpg 120w, https:\/\/cardinal-tapes.com\/wp-content\/uploads\/1831c-100x100.jpg 100w\" sizes=\"auto, (max-width: 450px) 100vw, 450px\" \/><\/div><div class='inner_product_header'><div class='avia-arrow'><\/div><div class='inner_product_header_table'><div class='inner_product_header_cell'><span class=\"is-h2 woocommerce-loop-product__title\">Cinta adhesiva de espuma de PE ORABOND\u00ae 1831<\/span>\t\t<div class=\"product-infos\">\n\t\t\t\t\t\t\t<span class='product-infos__item'><b>Revestimiento:<\/b> doble cara<\/span>\n\t\t\t\t\t\t\t\t\t\t<span class='product-infos__item'><b>Tipo de material:<\/b> Espuma de PE<\/span>\n\t\t\t\t\t\t\t\t\t\t<span class='product-infos__item'><b>Fabricante:<\/b> ORAFOL<\/span>\n\t\t\t\t\t\t\t\t\t\t<span class='product-infos__item'><b>Precio a la carta<\/b><\/span>\n\t\t\t\t\t<\/div>\n\t<\/div><\/div><\/div><\/a><\/div><\/li>\n<li class=\"product type-product post-38503 status-publish instock product_cat-cinta-de-espuma-de-pe product_cat-cintas-adhesivas-de-doble-cara has-post-thumbnail taxable shipping-taxable purchasable product-type-variable\">\n\t<div class='inner_product main_color wrapped_style noLightbox  av-product-class-no_button'><a href=\"https:\/\/cardinal-tapes.com\/es\/cintas-adhesivas\/ambitos-de-aplicacion\/cinta-de-espuma-de-pe\/orabond-1810-pe-espuma-cinta-adhesiva\/\" class=\"woocommerce-LoopProduct-link woocommerce-loop-product__link\"><div class=\"thumbnail_container\"><img decoding=\"async\" loading=\"lazy\" width=\"450\" height=\"450\" src=\"https:\/\/cardinal-tapes.com\/wp-content\/uploads\/1810b-450x450.jpg\" class=\"wp-image-29239 avia-img-lazy-loading-29239 attachment-shop_catalog size-shop_catalog wp-post-image\" alt=\"Cinta adhesiva de espuma ORABOND\u00ae 1810 PE - doble cara, Espuma de PE, Acr\u00edlico - Ilustraci\u00f3n 29239\" srcset=\"https:\/\/cardinal-tapes.com\/wp-content\/uploads\/1810b-450x450.jpg 450w, https:\/\/cardinal-tapes.com\/wp-content\/uploads\/1810b-80x80.jpg 80w, https:\/\/cardinal-tapes.com\/wp-content\/uploads\/1810b-36x36.jpg 36w, https:\/\/cardinal-tapes.com\/wp-content\/uploads\/1810b-180x180.jpg 180w, https:\/\/cardinal-tapes.com\/wp-content\/uploads\/1810b-120x120.jpg 120w, https:\/\/cardinal-tapes.com\/wp-content\/uploads\/1810b-100x100.jpg 100w\" sizes=\"auto, (max-width: 450px) 100vw, 450px\" \/><\/div><div class='inner_product_header'><div class='avia-arrow'><\/div><div class='inner_product_header_table'><div class='inner_product_header_cell'><span class=\"is-h2 woocommerce-loop-product__title\">Cinta adhesiva de espuma ORABOND\u00ae 1810 PE<\/span>\t\t<div class=\"product-infos\">\n\t\t\t\t\t\t\t<span class='product-infos__item'><b>Revestimiento:<\/b> doble cara<\/span>\n\t\t\t\t\t\t\t\t\t\t<span class='product-infos__item'><b>Tipo de material:<\/b> Espuma de PE<\/span>\n\t\t\t\t\t\t\t\t\t\t<span class='product-infos__item'><b>Fabricante:<\/b> ORAFOL<\/span>\n\t\t\t\t\t\t\t\t\t\t<span class='product-infos__item'><b>Precio a la carta<\/b><\/span>\n\t\t\t\t\t<\/div>\n\t<\/div><\/div><\/div><\/a><\/div><\/li>\n<li class=\"product type-product post-44898 status-publish last instock product_cat-cinta-de-espuma-de-pe product_cat-cinta-de-espuma-de-pe-es product_cat-cintas-adhesivas-de-doble-cara has-post-thumbnail taxable shipping-taxable purchasable product-type-variable\">\n\t<div class='inner_product main_color wrapped_style noLightbox  av-product-class-no_button'><a href=\"https:\/\/cardinal-tapes.com\/es\/cintas-adhesivas\/ambitos-de-aplicacion\/cinta-de-espuma-de-pe\/ca-914-pe-espuma-cinta-adhesiva\/\" class=\"woocommerce-LoopProduct-link woocommerce-loop-product__link\"><div class=\"thumbnail_container\"><img decoding=\"async\" loading=\"lazy\" width=\"450\" height=\"450\" src=\"https:\/\/cardinal-tapes.com\/wp-content\/uploads\/CA_914_retouched-450x450.jpg\" class=\"wp-image-27159 avia-img-lazy-loading-27159 attachment-shop_catalog size-shop_catalog wp-post-image\" alt=\"CA-914 Cinta adhesiva de espuma de PE - doble cara, Espuma de PE, Acrilato UV - Ilustraci\u00f3n 27159\" srcset=\"https:\/\/cardinal-tapes.com\/wp-content\/uploads\/CA_914_retouched-450x450.jpg 450w, https:\/\/cardinal-tapes.com\/wp-content\/uploads\/CA_914_retouched-120x120.jpg 120w, https:\/\/cardinal-tapes.com\/wp-content\/uploads\/CA_914_retouched-80x80.jpg 80w, https:\/\/cardinal-tapes.com\/wp-content\/uploads\/CA_914_retouched-36x36.jpg 36w, https:\/\/cardinal-tapes.com\/wp-content\/uploads\/CA_914_retouched-180x180.jpg 180w, https:\/\/cardinal-tapes.com\/wp-content\/uploads\/CA_914_retouched-100x100.jpg 100w\" sizes=\"auto, (max-width: 450px) 100vw, 450px\" \/><\/div><div class='inner_product_header'><div class='avia-arrow'><\/div><div class='inner_product_header_table'><div class='inner_product_header_cell'><span class=\"is-h2 woocommerce-loop-product__title\">CA-914 Cinta adhesiva de espuma de PE<\/span>\t\t<div class=\"product-infos\">\n\t\t\t\t\t\t\t<span class='product-infos__item'><b>Revestimiento:<\/b> doble cara<\/span>\n\t\t\t\t\t\t\t\t\t\t<span class='product-infos__item'><b>Tipo de material:<\/b> Espuma de PE<\/span>\n\t\t\t\t\t\t\t\t\t\t<span class='product-infos__item'><b>Fabricante:<\/b> cardinal GmbH<\/span>\n\t\t\t\t\t\t\t\t\t\t<span class='product-infos__item'><b>Precio a la carta<\/b><\/span>\n\t\t\t\t\t<\/div>\n\t<\/div><\/div><\/div><\/a><\/div><\/li>\n<\/ul><\/div><\/div><div class=\"clear\"><\/div><br \/>\n<div  class='avia-button-wrap av-2zl8om-54e870531c93381946941de3ce6e4cec-wrap avia-button-left '><a href='https:\/\/cardinal-tapes.com\/klebebaender\/'  class='avia-button av-2zl8om-54e870531c93381946941de3ce6e4cec avia-icon_select-no avia-size-medium avia-position-left avia-color-theme-color layout-border color-white'  ><span class='avia_iconbox_title' >Todos los productos<\/span><\/a><\/div><\/p><\/div>\n","protected":false},"excerpt":{"rendered":"","protected":false},"author":1,"featured_media":0,"parent":30710,"menu_order":39,"comment_status":"closed","ping_status":"closed","template":"","meta":{"_acf_changed":false,"footnotes":""},"class_list":["post-31507","page","type-page","status-publish","hentry"],"acf":[],"yoast_head":"<!-- This site is optimized with the Yoast SEO plugin v27.4 - https:\/\/yoast.com\/product\/yoast-seo-wordpress\/ -->\n<title>Cintas de espuma de PE - cardinal TAPES<\/title>\n<meta name=\"description\" content=\"La ventaja de las cintas de espuma de PE es que son resistentes a la intemperie y a los rayos UV. Obtenga m\u00e1s informaci\u00f3n aqu\u00ed.\" \/>\n<meta name=\"robots\" content=\"index, follow, max-snippet:-1, max-image-preview:large, max-video-preview:-1\" \/>\n<link rel=\"canonical\" href=\"https:\/\/cardinal-tapes.com\/es\/cintas-adhesivas-es\/cinta-adhesiva-abc\/cintas-de-espuma-de-pe\/\" \/>\n<meta property=\"og:locale\" content=\"es_ES\" \/>\n<meta property=\"og:type\" content=\"article\" \/>\n<meta property=\"og:title\" content=\"Cintas de espuma de PE - cardinal TAPES\" \/>\n<meta property=\"og:description\" content=\"La ventaja de las cintas de espuma de PE es que son resistentes a la intemperie y a los rayos UV. Obtenga m\u00e1s informaci\u00f3n aqu\u00ed.\" \/>\n<meta property=\"og:url\" content=\"https:\/\/cardinal-tapes.com\/es\/cintas-adhesivas-es\/cinta-adhesiva-abc\/cintas-de-espuma-de-pe\/\" \/>\n<meta property=\"og:site_name\" content=\"cardinal TAPES\" \/>\n<meta property=\"article:modified_time\" content=\"2023-06-14T08:47:09+00:00\" \/>\n<meta name=\"twitter:card\" content=\"summary_large_image\" \/>\n<meta name=\"twitter:label1\" content=\"Tiempo de lectura\" \/>\n\t<meta name=\"twitter:data1\" content=\"15 minutos\" \/>\n<script type=\"application\/ld+json\" class=\"yoast-schema-graph\">{\"@context\":\"https:\\\/\\\/schema.org\",\"@graph\":[{\"@type\":\"WebPage\",\"@id\":\"https:\\\/\\\/cardinal-tapes.com\\\/es\\\/cintas-adhesivas-es\\\/cinta-adhesiva-abc\\\/cintas-de-espuma-de-pe\\\/\",\"url\":\"https:\\\/\\\/cardinal-tapes.com\\\/es\\\/cintas-adhesivas-es\\\/cinta-adhesiva-abc\\\/cintas-de-espuma-de-pe\\\/\",\"name\":\"Cintas de espuma de PE - cardinal TAPES\",\"isPartOf\":{\"@id\":\"https:\\\/\\\/cardinal-tapes.com\\\/#website\"},\"datePublished\":\"2023-06-02T08:59:45+00:00\",\"dateModified\":\"2023-06-14T08:47:09+00:00\",\"description\":\"La ventaja de las cintas de espuma de PE es que son resistentes a la intemperie y a los rayos UV. Obtenga m\u00e1s informaci\u00f3n aqu\u00ed.\",\"breadcrumb\":{\"@id\":\"https:\\\/\\\/cardinal-tapes.com\\\/es\\\/cintas-adhesivas-es\\\/cinta-adhesiva-abc\\\/cintas-de-espuma-de-pe\\\/#breadcrumb\"},\"inLanguage\":\"es\",\"potentialAction\":[{\"@type\":\"ReadAction\",\"target\":[\"https:\\\/\\\/cardinal-tapes.com\\\/es\\\/cintas-adhesivas-es\\\/cinta-adhesiva-abc\\\/cintas-de-espuma-de-pe\\\/\"]}]},{\"@type\":\"BreadcrumbList\",\"@id\":\"https:\\\/\\\/cardinal-tapes.com\\\/es\\\/cintas-adhesivas-es\\\/cinta-adhesiva-abc\\\/cintas-de-espuma-de-pe\\\/#breadcrumb\",\"itemListElement\":[{\"@type\":\"ListItem\",\"position\":1,\"name\":\"Startseite\",\"item\":\"https:\\\/\\\/cardinal-tapes.com\\\/es\\\/\"},{\"@type\":\"ListItem\",\"position\":2,\"name\":\"Cintas adhesivas\",\"item\":\"https:\\\/\\\/cardinal-tapes.com\\\/es\\\/cintas-adhesivas-es\\\/\"},{\"@type\":\"ListItem\",\"position\":3,\"name\":\"Cinta adhesiva ABC\",\"item\":\"https:\\\/\\\/cardinal-tapes.com\\\/es\\\/cintas-adhesivas-es__trashed\\\/cinta-adhesiva-abc\\\/\"},{\"@type\":\"ListItem\",\"position\":4,\"name\":\"Cintas de espuma de PE\"}]},{\"@type\":\"WebSite\",\"@id\":\"https:\\\/\\\/cardinal-tapes.com\\\/#website\",\"url\":\"https:\\\/\\\/cardinal-tapes.com\\\/\",\"name\":\"cardinal TAPES\",\"description\":\"Klebetechnik aus Wuppertal\",\"potentialAction\":[{\"@type\":\"SearchAction\",\"target\":{\"@type\":\"EntryPoint\",\"urlTemplate\":\"https:\\\/\\\/cardinal-tapes.com\\\/?s={search_term_string}\"},\"query-input\":{\"@type\":\"PropertyValueSpecification\",\"valueRequired\":true,\"valueName\":\"search_term_string\"}}],\"inLanguage\":\"es\"}]}<\/script>\n<!-- \/ Yoast SEO plugin. -->","yoast_head_json":{"title":"Cintas de espuma de PE - cardinal TAPES","description":"La ventaja de las cintas de espuma de PE es que son resistentes a la intemperie y a los rayos UV. Obtenga m\u00e1s informaci\u00f3n aqu\u00ed.","robots":{"index":"index","follow":"follow","max-snippet":"max-snippet:-1","max-image-preview":"max-image-preview:large","max-video-preview":"max-video-preview:-1"},"canonical":"https:\/\/cardinal-tapes.com\/es\/cintas-adhesivas-es\/cinta-adhesiva-abc\/cintas-de-espuma-de-pe\/","og_locale":"es_ES","og_type":"article","og_title":"Cintas de espuma de PE - cardinal TAPES","og_description":"La ventaja de las cintas de espuma de PE es que son resistentes a la intemperie y a los rayos UV. Obtenga m\u00e1s informaci\u00f3n aqu\u00ed.","og_url":"https:\/\/cardinal-tapes.com\/es\/cintas-adhesivas-es\/cinta-adhesiva-abc\/cintas-de-espuma-de-pe\/","og_site_name":"cardinal TAPES","article_modified_time":"2023-06-14T08:47:09+00:00","twitter_card":"summary_large_image","twitter_misc":{"Tiempo de lectura":"15 minutos"},"schema":{"@context":"https:\/\/schema.org","@graph":[{"@type":"WebPage","@id":"https:\/\/cardinal-tapes.com\/es\/cintas-adhesivas-es\/cinta-adhesiva-abc\/cintas-de-espuma-de-pe\/","url":"https:\/\/cardinal-tapes.com\/es\/cintas-adhesivas-es\/cinta-adhesiva-abc\/cintas-de-espuma-de-pe\/","name":"Cintas de espuma de PE - cardinal TAPES","isPartOf":{"@id":"https:\/\/cardinal-tapes.com\/#website"},"datePublished":"2023-06-02T08:59:45+00:00","dateModified":"2023-06-14T08:47:09+00:00","description":"La ventaja de las cintas de espuma de PE es que son resistentes a la intemperie y a los rayos UV. Obtenga m\u00e1s informaci\u00f3n aqu\u00ed.","breadcrumb":{"@id":"https:\/\/cardinal-tapes.com\/es\/cintas-adhesivas-es\/cinta-adhesiva-abc\/cintas-de-espuma-de-pe\/#breadcrumb"},"inLanguage":"es","potentialAction":[{"@type":"ReadAction","target":["https:\/\/cardinal-tapes.com\/es\/cintas-adhesivas-es\/cinta-adhesiva-abc\/cintas-de-espuma-de-pe\/"]}]},{"@type":"BreadcrumbList","@id":"https:\/\/cardinal-tapes.com\/es\/cintas-adhesivas-es\/cinta-adhesiva-abc\/cintas-de-espuma-de-pe\/#breadcrumb","itemListElement":[{"@type":"ListItem","position":1,"name":"Startseite","item":"https:\/\/cardinal-tapes.com\/es\/"},{"@type":"ListItem","position":2,"name":"Cintas adhesivas","item":"https:\/\/cardinal-tapes.com\/es\/cintas-adhesivas-es\/"},{"@type":"ListItem","position":3,"name":"Cinta adhesiva ABC","item":"https:\/\/cardinal-tapes.com\/es\/cintas-adhesivas-es__trashed\/cinta-adhesiva-abc\/"},{"@type":"ListItem","position":4,"name":"Cintas de espuma de PE"}]},{"@type":"WebSite","@id":"https:\/\/cardinal-tapes.com\/#website","url":"https:\/\/cardinal-tapes.com\/","name":"cardinal TAPES","description":"Klebetechnik aus Wuppertal","potentialAction":[{"@type":"SearchAction","target":{"@type":"EntryPoint","urlTemplate":"https:\/\/cardinal-tapes.com\/?s={search_term_string}"},"query-input":{"@type":"PropertyValueSpecification","valueRequired":true,"valueName":"search_term_string"}}],"inLanguage":"es"}]}},"_links":{"self":[{"href":"https:\/\/cardinal-tapes.com\/es\/wp-json\/wp\/v2\/pages\/31507","targetHints":{"allow":["GET"]}}],"collection":[{"href":"https:\/\/cardinal-tapes.com\/es\/wp-json\/wp\/v2\/pages"}],"about":[{"href":"https:\/\/cardinal-tapes.com\/es\/wp-json\/wp\/v2\/types\/page"}],"author":[{"embeddable":true,"href":"https:\/\/cardinal-tapes.com\/es\/wp-json\/wp\/v2\/users\/1"}],"replies":[{"embeddable":true,"href":"https:\/\/cardinal-tapes.com\/es\/wp-json\/wp\/v2\/comments?post=31507"}],"version-history":[{"count":0,"href":"https:\/\/cardinal-tapes.com\/es\/wp-json\/wp\/v2\/pages\/31507\/revisions"}],"up":[{"embeddable":true,"href":"https:\/\/cardinal-tapes.com\/es\/wp-json\/wp\/v2\/pages\/30710"}],"wp:attachment":[{"href":"https:\/\/cardinal-tapes.com\/es\/wp-json\/wp\/v2\/media?parent=31507"}],"curies":[{"name":"wp","href":"https:\/\/api.w.org\/{rel}","templated":true}]}}