{"id":31396,"date":"2023-06-02T10:59:44","date_gmt":"2023-06-02T08:59:44","guid":{"rendered":"https:\/\/cardinal.pixel-tal.de\/cintas-adhesivas\/cinta-adhesiva-abc\/cintas-adhesivas-de-acero-inoxidable\/"},"modified":"2023-06-02T11:12:19","modified_gmt":"2023-06-02T09:12:19","slug":"cintas-adhesivas-de-acero-inoxidable","status":"publish","type":"page","link":"https:\/\/cardinal-tapes.com\/es\/cintas-adhesivas-es\/cinta-adhesiva-abc\/cintas-adhesivas-de-acero-inoxidable\/","title":{"rendered":"Cintas adhesivas de acero inoxidable"},"content":{"rendered":"<div id='av_section_1'  class='avia-section av-828d2c-95bb43aaac6e88d2b9833aae4a663172 alternate_color avia-section-default avia-no-border-styling  avia-builder-el-0  avia-builder-el-no-sibling  avia-bg-style-scroll container_wrap fullsize'  ><div class='container av-section-cont-open' ><main  role=\"main\" itemprop=\"mainContentOfPage\"  class='template-page content  av-content-full alpha units'><div class='post-entry post-entry-type-page post-entry-31396'><div class='entry-content-wrapper clearfix'>\n<div  class='flex_column av-5y7y9g-0f82f12b83a1348fcd151994b79a228f av_one_full  avia-builder-el-1  el_before_av_one_half  avia-builder-el-first  first flex_column_div  '     ><div class=\"pxl-headline pxl-hl hl-wrap | hl-sub--off hl--align-left hl--no-margin    \">\n        <div class=\"hl-inner\">\n            <h2 class=\"hl-main hl-line |  hl_main--default  \">Cintas adhesivas de acero inoxidable<\/h2>\n            \n    <\/div>\n<\/div><\/div><div  class='flex_column av-3qhsn8-8c914ba876b1a949c8b4a0ef8dba0b52 av_one_half  avia-builder-el-3  el_after_av_one_full  el_before_av_one_half  first flex_column_div  column-top-margin'     ><section  class='av_textblock_section av-6j2jv8-07b02b044d3702a69bce94a65f3d7287 '   itemscope=\"itemscope\" itemtype=\"https:\/\/schema.org\/CreativeWork\" ><div class='avia_textblock'  itemprop=\"text\" ><p>Las cintas adhesivas de acero inoxidable se utilizan para requisitos especiales. Especialmente al sellar o proteger superficies de acero inoxidable, estas cintas adhesivas son de gran importancia. Estas propiedades son especialmente importantes en la <a href=\"https:\/\/cardinal-tapes.com\/es\/cintas-adhesivas\/ambitos-de-aplicacion\/acabado-metalico\/\">transformaci\u00f3n de metales<\/a>, pero tambi\u00e9n en muchos otros \u00e1mbitos.<\/p>\n<\/div><\/section><\/div><div  class='flex_column av-345m10-bad35f5ee0334d1a7dacaa33260fa5f6 av_one_half  avia-builder-el-5  el_after_av_one_half  avia-builder-el-last  flex_column_div  column-top-margin'     ><section  class='av_textblock_section av-39lihw-f035db51393580342fe6cf97eeba16b3 '   itemscope=\"itemscope\" itemtype=\"https:\/\/schema.org\/CreativeWork\" ><div class='avia_textblock small'  itemprop=\"text\" ><h4>Caracter\u00edsticas especiales de las cintas adhesivas de acero inoxidable<\/h4>\n<p>Las propiedades m\u00e1s importantes de las cintas adhesivas de acero inoxidable son su resistencia a la corrosi\u00f3n y su buena adherencia a los metales. Pueden utilizarse, por ejemplo, al rectificar metales y proteger as\u00ed distintas zonas del material. Esta cinta adhesiva tambi\u00e9n desempe\u00f1a un papel importante a la hora de fijar piezas de acero inoxidable.<\/p>\n<p>En nuestra tienda encontrar\u00e1 diversas cintas adhesivas de metal y acero inoxidable. Si est\u00e1 interesado en cintas de acero inoxidable m\u00e1s all\u00e1 de nuestra gama de productos o si necesita <a href=\"https:\/\/cardinal-tapes.com\/es\/embalaje\/\">que le confeccionemos<\/a>las <a href=\"https:\/\/cardinal-tapes.com\/es\/embalaje\/\">cintas<\/a>, no dude en ponerse en contacto con nosotros. Nuestros experimentados expertos conocen exactamente los requisitos individuales de los distintos sectores e industrias.<\/p>\n<\/div><\/section><\/div>\n\n","protected":false},"excerpt":{"rendered":"","protected":false},"author":1,"featured_media":0,"parent":30710,"menu_order":35,"comment_status":"closed","ping_status":"closed","template":"","meta":{"_acf_changed":false,"footnotes":""},"class_list":["post-31396","page","type-page","status-publish","hentry"],"acf":[],"yoast_head":"<!-- This site is optimized with the Yoast SEO plugin v27.3 - https:\/\/yoast.com\/product\/yoast-seo-wordpress\/ -->\n<title>Cintas adhesivas de acero inoxidable - cardinal TAPES<\/title>\n<meta name=\"description\" content=\"Las cintas adhesivas de acero inoxidable se utilizan para requisitos especiales. Especialmente al sellar superficies de acero inoxidable, las cintas adhesivas son de gran importancia.\" \/>\n<meta name=\"robots\" content=\"index, follow, max-snippet:-1, max-image-preview:large, max-video-preview:-1\" \/>\n<link rel=\"canonical\" href=\"https:\/\/cardinal-tapes.com\/es\/cintas-adhesivas-es__trashed\/cinta-adhesiva-abc\/cintas-adhesivas-de-acero-inoxidable\/\" \/>\n<meta property=\"og:locale\" content=\"es_ES\" \/>\n<meta property=\"og:type\" content=\"article\" \/>\n<meta property=\"og:title\" content=\"Cintas adhesivas de acero inoxidable - cardinal TAPES\" \/>\n<meta property=\"og:description\" content=\"Las cintas adhesivas de acero inoxidable se utilizan para requisitos especiales. Especialmente al sellar superficies de acero inoxidable, las cintas adhesivas son de gran importancia.\" \/>\n<meta property=\"og:url\" content=\"https:\/\/cardinal-tapes.com\/es\/cintas-adhesivas-es__trashed\/cinta-adhesiva-abc\/cintas-adhesivas-de-acero-inoxidable\/\" \/>\n<meta property=\"og:site_name\" content=\"cardinal TAPES\" \/>\n<meta property=\"article:modified_time\" content=\"2023-06-02T09:12:19+00:00\" \/>\n<meta name=\"twitter:card\" content=\"summary_large_image\" \/>\n<meta name=\"twitter:label1\" content=\"Tiempo de lectura\" \/>\n\t<meta name=\"twitter:data1\" content=\"9 minutos\" \/>\n<script type=\"application\/ld+json\" class=\"yoast-schema-graph\">{\"@context\":\"https:\\\/\\\/schema.org\",\"@graph\":[{\"@type\":\"WebPage\",\"@id\":\"https:\\\/\\\/cardinal-tapes.com\\\/es\\\/cintas-adhesivas-es__trashed\\\/cinta-adhesiva-abc\\\/cintas-adhesivas-de-acero-inoxidable\\\/\",\"url\":\"https:\\\/\\\/cardinal-tapes.com\\\/es\\\/cintas-adhesivas-es__trashed\\\/cinta-adhesiva-abc\\\/cintas-adhesivas-de-acero-inoxidable\\\/\",\"name\":\"Cintas adhesivas de acero inoxidable - cardinal TAPES\",\"isPartOf\":{\"@id\":\"https:\\\/\\\/cardinal-tapes.com\\\/#website\"},\"datePublished\":\"2023-06-02T08:59:44+00:00\",\"dateModified\":\"2023-06-02T09:12:19+00:00\",\"description\":\"Las cintas adhesivas de acero inoxidable se utilizan para requisitos especiales. Especialmente al sellar superficies de acero inoxidable, las cintas adhesivas son de gran importancia.\",\"breadcrumb\":{\"@id\":\"https:\\\/\\\/cardinal-tapes.com\\\/es\\\/cintas-adhesivas-es__trashed\\\/cinta-adhesiva-abc\\\/cintas-adhesivas-de-acero-inoxidable\\\/#breadcrumb\"},\"inLanguage\":\"es\",\"potentialAction\":[{\"@type\":\"ReadAction\",\"target\":[\"https:\\\/\\\/cardinal-tapes.com\\\/es\\\/cintas-adhesivas-es__trashed\\\/cinta-adhesiva-abc\\\/cintas-adhesivas-de-acero-inoxidable\\\/\"]}]},{\"@type\":\"BreadcrumbList\",\"@id\":\"https:\\\/\\\/cardinal-tapes.com\\\/es\\\/cintas-adhesivas-es__trashed\\\/cinta-adhesiva-abc\\\/cintas-adhesivas-de-acero-inoxidable\\\/#breadcrumb\",\"itemListElement\":[{\"@type\":\"ListItem\",\"position\":1,\"name\":\"Startseite\",\"item\":\"https:\\\/\\\/cardinal-tapes.com\\\/es\\\/\"},{\"@type\":\"ListItem\",\"position\":2,\"name\":\"Cinta adhesiva ABC\",\"item\":\"https:\\\/\\\/cardinal-tapes.com\\\/es\\\/cintas-adhesivas-es__trashed\\\/cinta-adhesiva-abc\\\/\"},{\"@type\":\"ListItem\",\"position\":3,\"name\":\"Cintas adhesivas de acero inoxidable\"}]},{\"@type\":\"WebSite\",\"@id\":\"https:\\\/\\\/cardinal-tapes.com\\\/#website\",\"url\":\"https:\\\/\\\/cardinal-tapes.com\\\/\",\"name\":\"cardinal TAPES\",\"description\":\"Klebetechnik aus Wuppertal\",\"potentialAction\":[{\"@type\":\"SearchAction\",\"target\":{\"@type\":\"EntryPoint\",\"urlTemplate\":\"https:\\\/\\\/cardinal-tapes.com\\\/?s={search_term_string}\"},\"query-input\":{\"@type\":\"PropertyValueSpecification\",\"valueRequired\":true,\"valueName\":\"search_term_string\"}}],\"inLanguage\":\"es\"}]}<\/script>\n<!-- \/ Yoast SEO plugin. -->","yoast_head_json":{"title":"Cintas adhesivas de acero inoxidable - cardinal TAPES","description":"Las cintas adhesivas de acero inoxidable se utilizan para requisitos especiales. Especialmente al sellar superficies de acero inoxidable, las cintas adhesivas son de gran importancia.","robots":{"index":"index","follow":"follow","max-snippet":"max-snippet:-1","max-image-preview":"max-image-preview:large","max-video-preview":"max-video-preview:-1"},"canonical":"https:\/\/cardinal-tapes.com\/es\/cintas-adhesivas-es__trashed\/cinta-adhesiva-abc\/cintas-adhesivas-de-acero-inoxidable\/","og_locale":"es_ES","og_type":"article","og_title":"Cintas adhesivas de acero inoxidable - cardinal TAPES","og_description":"Las cintas adhesivas de acero inoxidable se utilizan para requisitos especiales. Especialmente al sellar superficies de acero inoxidable, las cintas adhesivas son de gran importancia.","og_url":"https:\/\/cardinal-tapes.com\/es\/cintas-adhesivas-es__trashed\/cinta-adhesiva-abc\/cintas-adhesivas-de-acero-inoxidable\/","og_site_name":"cardinal TAPES","article_modified_time":"2023-06-02T09:12:19+00:00","twitter_card":"summary_large_image","twitter_misc":{"Tiempo de lectura":"9 minutos"},"schema":{"@context":"https:\/\/schema.org","@graph":[{"@type":"WebPage","@id":"https:\/\/cardinal-tapes.com\/es\/cintas-adhesivas-es__trashed\/cinta-adhesiva-abc\/cintas-adhesivas-de-acero-inoxidable\/","url":"https:\/\/cardinal-tapes.com\/es\/cintas-adhesivas-es__trashed\/cinta-adhesiva-abc\/cintas-adhesivas-de-acero-inoxidable\/","name":"Cintas adhesivas de acero inoxidable - cardinal TAPES","isPartOf":{"@id":"https:\/\/cardinal-tapes.com\/#website"},"datePublished":"2023-06-02T08:59:44+00:00","dateModified":"2023-06-02T09:12:19+00:00","description":"Las cintas adhesivas de acero inoxidable se utilizan para requisitos especiales. Especialmente al sellar superficies de acero inoxidable, las cintas adhesivas son de gran importancia.","breadcrumb":{"@id":"https:\/\/cardinal-tapes.com\/es\/cintas-adhesivas-es__trashed\/cinta-adhesiva-abc\/cintas-adhesivas-de-acero-inoxidable\/#breadcrumb"},"inLanguage":"es","potentialAction":[{"@type":"ReadAction","target":["https:\/\/cardinal-tapes.com\/es\/cintas-adhesivas-es__trashed\/cinta-adhesiva-abc\/cintas-adhesivas-de-acero-inoxidable\/"]}]},{"@type":"BreadcrumbList","@id":"https:\/\/cardinal-tapes.com\/es\/cintas-adhesivas-es__trashed\/cinta-adhesiva-abc\/cintas-adhesivas-de-acero-inoxidable\/#breadcrumb","itemListElement":[{"@type":"ListItem","position":1,"name":"Startseite","item":"https:\/\/cardinal-tapes.com\/es\/"},{"@type":"ListItem","position":2,"name":"Cinta adhesiva ABC","item":"https:\/\/cardinal-tapes.com\/es\/cintas-adhesivas-es__trashed\/cinta-adhesiva-abc\/"},{"@type":"ListItem","position":3,"name":"Cintas adhesivas de acero inoxidable"}]},{"@type":"WebSite","@id":"https:\/\/cardinal-tapes.com\/#website","url":"https:\/\/cardinal-tapes.com\/","name":"cardinal TAPES","description":"Klebetechnik aus Wuppertal","potentialAction":[{"@type":"SearchAction","target":{"@type":"EntryPoint","urlTemplate":"https:\/\/cardinal-tapes.com\/?s={search_term_string}"},"query-input":{"@type":"PropertyValueSpecification","valueRequired":true,"valueName":"search_term_string"}}],"inLanguage":"es"}]}},"_links":{"self":[{"href":"https:\/\/cardinal-tapes.com\/es\/wp-json\/wp\/v2\/pages\/31396","targetHints":{"allow":["GET"]}}],"collection":[{"href":"https:\/\/cardinal-tapes.com\/es\/wp-json\/wp\/v2\/pages"}],"about":[{"href":"https:\/\/cardinal-tapes.com\/es\/wp-json\/wp\/v2\/types\/page"}],"author":[{"embeddable":true,"href":"https:\/\/cardinal-tapes.com\/es\/wp-json\/wp\/v2\/users\/1"}],"replies":[{"embeddable":true,"href":"https:\/\/cardinal-tapes.com\/es\/wp-json\/wp\/v2\/comments?post=31396"}],"version-history":[{"count":0,"href":"https:\/\/cardinal-tapes.com\/es\/wp-json\/wp\/v2\/pages\/31396\/revisions"}],"up":[{"embeddable":true,"href":"https:\/\/cardinal-tapes.com\/es\/wp-json\/wp\/v2\/pages\/30710"}],"wp:attachment":[{"href":"https:\/\/cardinal-tapes.com\/es\/wp-json\/wp\/v2\/media?parent=31396"}],"curies":[{"name":"wp","href":"https:\/\/api.w.org\/{rel}","templated":true}]}}