{"id":31362,"date":"2023-06-02T10:59:43","date_gmt":"2023-06-02T08:59:43","guid":{"rendered":"https:\/\/cardinal.pixel-tal.de\/cintas-adhesivas\/cinta-adhesiva-abc\/cinta-gaffer\/"},"modified":"2023-06-14T10:47:09","modified_gmt":"2023-06-14T08:47:09","slug":"cinta-gaffer","status":"publish","type":"page","link":"https:\/\/cardinal-tapes.com\/es\/cintas-adhesivas-es\/cinta-adhesiva-abc\/cinta-gaffer\/","title":{"rendered":"Cinta Gaffer"},"content":{"rendered":"<div id='av_section_1'  class='avia-section av-bydtqc-24fedfd326f384209f24a9edcefe0d87 alternate_color avia-section-default avia-no-border-styling  avia-builder-el-0  el_before_av_section  avia-builder-el-first  avia-bg-style-scroll container_wrap fullsize'  ><div class='container av-section-cont-open' ><main  role=\"main\" itemprop=\"mainContentOfPage\"  class='template-page content  av-content-full alpha units'><div class='post-entry post-entry-type-page post-entry-31362'><div class='entry-content-wrapper clearfix'>\n<div  class='flex_column av-a58kpw-75abf82ad90fdc81efbde074836a6b4a av_one_full  avia-builder-el-1  el_before_av_one_half  avia-builder-el-first  first flex_column_div  '     ><div class=\"pxl-headline pxl-hl hl-wrap | hl-sub--bot hl--align-left hl--no-margin    \">\n        <div class=\"hl-inner\">\n            <h2 class=\"hl-main hl-line |  hl_main--default  \">Cinta Gaffer<\/h2>\n            \n    <\/div>\n<\/div><\/div><div  class='flex_column av-9bcefo-bee8d7c371b958019caa9fd446c8be36 av_one_half  avia-builder-el-3  el_after_av_one_full  el_before_av_one_half  first flex_column_div  column-top-margin'     ><section  class='av_textblock_section av-abkmlg-45696c965b57957ec6c0519b673796c7 '   itemscope=\"itemscope\" itemtype=\"https:\/\/schema.org\/CreativeWork\" ><div class='avia_textblock'  itemprop=\"text\" ><p>Un tipo de cinta muy importante es la cinta gaffer. Estas <a href=\"\/klebebaender\/\">cintas adhesivas<\/a> pueden utilizarse en diversos \u00e1mbitos, pero se emplean sobre todo en la vida cotidiana, en <a href=\"https:\/\/cardinal-tapes.com\/es\/cintas-adhesivas-es\/ambitos-de-aplicacion\/tecnologia-de-eventos\/\">conciertos, ferias y otros eventos<\/a>. En concreto, la cinta gaffer se utiliza para fijar cables, cerrar huecos o marcar zonas. Estas aplicaciones son posibles gracias a las propiedades especiales de la cinta gaffer.<\/p>\n<\/div><\/section><\/div><div  class='flex_column av-7ienhg-bbbf7125f4c8a33d4bcedbe45f9e707d av_one_half  avia-builder-el-5  el_after_av_one_half  avia-builder-el-last  flex_column_div  column-top-margin'     ><section  class='av_textblock_section av-705ad0-4f23ee799f11f61cc32da429b5325905 '   itemscope=\"itemscope\" itemtype=\"https:\/\/schema.org\/CreativeWork\" ><div class='avia_textblock small'  itemprop=\"text\" ><h4>Caracter\u00edsticas especiales de la cinta adhesiva<\/h4>\n<p>Las propiedades especiales de la cinta Gaffer son, sobre todo, su gran fuerza adhesiva y su excelente facilidad de uso. Adem\u00e1s, la cinta adhesiva puede retirarse f\u00e1cilmente de la superficie sin dejar residuos. Como la cinta adhesiva puede arrancarse con la mano, es especialmente popular en la construcci\u00f3n de escenarios, a menudo muy ajetreada. Los cables se pueden arreglar r\u00e1pidamente, los ajustes de sonido se aseguran o se hacen peque\u00f1as reparaciones. Adem\u00e1s, cada cinta adhesiva tiene propiedades y ventajas diferentes. Por ejemplo, hay cintas adhesivas de distintos colores y materiales para satisfacer requisitos especiales.<\/p>\n<p>Si tiene alguna duda sobre nuestra cinta de gaffer, estaremos encantados de asesorarle. <a href=\"https:\/\/cardinal-tapes.com\/es\/embalaje\/\">Confeccionamos<\/a> nuestras cintas para que siempre disponga de la cinta gaffer adecuada, incluso para requisitos especiales.<\/p>\n<\/div><\/section><\/div>\n\n<\/div><\/div><\/main><!-- close content main element --><\/div><\/div><div id='av_section_2'  class='avia-section av-5v7b38-b5ea04b08857902e60e9a445f95c2aa2 main_color avia-section-default avia-no-border-styling  avia-builder-el-7  el_after_av_section  avia-builder-el-last  gradient-section avia-bg-style-scroll container_wrap fullsize'  ><div class='container av-section-cont-open' ><div class='template-page content  av-content-full alpha units'><div class='post-entry post-entry-type-page post-entry-31362'><div class='entry-content-wrapper clearfix'>\n<div  class='flex_column av-42qhpg-a3675757c660d1e9dc0ccf5aebb9d5f2 av_one_full  avia-builder-el-8  avia-builder-el-no-sibling  first flex_column_div  '     ><p><div class=\"pxl-headline pxl-hl hl-wrap | hl-sub--bot hl--align-left hl--no-margin    \">\n        <div class=\"hl-inner\">\n            <h2 class=\"hl-main hl-line |  hl_main--default  \">Productos interesantes<\/h2>\n            \n    <\/div>\n<\/div>\n<br \/>\n<div   data-autoplay=''  data-interval='5'  data-animation='fade'  data-hoverpause='1'  class='template-shop avia-content-slider avia-content-slider-active avia-product-slider1 avia-content-slider-even  avia-builder-el-10  el_after_pixel_sc_headline  el_before_av_button   shop_columns_4' ><div class='avia-content-slider-inner'><ul class=\"products slide-entry-wrap\"><li class=\"product type-product post-55960 status-publish first instock product_cat-cinta-de-tela product_cat-industria-textil product_cat-cintas-adhesivas-de-una-cara product_cat-cinta-gaffer product_cat-industria-de-la-construccion product_cat-industria-del-hormigon has-post-thumbnail taxable shipping-taxable purchasable product-type-variable\">\n\t<div class='inner_product main_color wrapped_style noLightbox  av-product-class-no_button'><a href=\"https:\/\/cardinal-tapes.com\/es\/cintas-adhesivas\/cintas-adhesivas-de-una-cara\/cinta-gaffer\/ca-34-cinta-adhesiva-de-tejido-recubierto-de-polietileno\/\" class=\"woocommerce-LoopProduct-link woocommerce-loop-product__link\"><div class=\"thumbnail_container\"><img decoding=\"async\" loading=\"lazy\" width=\"450\" height=\"450\" src=\"https:\/\/cardinal-tapes.com\/wp-content\/uploads\/CA_34_02_retouched-450x450.jpg\" class=\"wp-image-26859 avia-img-lazy-loading-26859 attachment-shop_catalog size-shop_catalog wp-post-image\" alt=\"CA-34 Cinta adhesiva de tejido revestido de PE - unilateral, Tejido, Caucho natural - Ilustraci\u00f3n 26859\" srcset=\"https:\/\/cardinal-tapes.com\/wp-content\/uploads\/CA_34_02_retouched-450x450.jpg 450w, https:\/\/cardinal-tapes.com\/wp-content\/uploads\/CA_34_02_retouched-120x120.jpg 120w, https:\/\/cardinal-tapes.com\/wp-content\/uploads\/CA_34_02_retouched-80x80.jpg 80w, https:\/\/cardinal-tapes.com\/wp-content\/uploads\/CA_34_02_retouched-36x36.jpg 36w, https:\/\/cardinal-tapes.com\/wp-content\/uploads\/CA_34_02_retouched-180x180.jpg 180w, https:\/\/cardinal-tapes.com\/wp-content\/uploads\/CA_34_02_retouched-100x100.jpg 100w\" sizes=\"auto, (max-width: 450px) 100vw, 450px\" \/><\/div><div class='inner_product_header'><div class='avia-arrow'><\/div><div class='inner_product_header_table'><div class='inner_product_header_cell'><span class=\"is-h2 woocommerce-loop-product__title\">CA-34 Cinta adhesiva de tejido revestido de PE<\/span>\t\t<div class=\"product-infos\">\n\t\t\t\t\t\t\t<span class='product-infos__item'><b>Revestimiento:<\/b> unilateral<\/span>\n\t\t\t\t\t\t\t\t\t\t<span class='product-infos__item'><b>Tipo de material:<\/b> Tejido<\/span>\n\t\t\t\t\t\t\t\t\t\t<span class='product-infos__item'><b>Fabricante:<\/b> cardinal GmbH<\/span>\n\t\t\t\t\t\t\t\t\t\t<span class='product-infos__item'><b>Precio a la carta<\/b><\/span>\n\t\t\t\t\t<\/div>\n\t<\/div><\/div><\/div><\/a><\/div><\/li>\n<li class=\"product type-product post-38861 status-publish instock product_cat-cinta-gaffer product_cat-cinta-de-tela product_cat-cinta-plastificada product_cat-industria-del-plastico product_cat-ingenieria-mecanica product_cat-cintas-adhesivas-de-una-cara has-post-thumbnail featured taxable shipping-taxable purchasable product-type-variable\">\n\t<div class='inner_product main_color wrapped_style noLightbox  av-product-class-no_button'><a href=\"https:\/\/cardinal-tapes.com\/es\/cintas-adhesivas\/cintas-adhesivas-de-una-cara\/cinta-gaffer\/scapa-t3601-cinta-de-tejido-ignifugo-e-impermeable\/\" class=\"woocommerce-LoopProduct-link woocommerce-loop-product__link\"><div class=\"thumbnail_container\"><img decoding=\"async\" loading=\"lazy\" width=\"450\" height=\"450\" src=\"https:\/\/cardinal-tapes.com\/wp-content\/uploads\/T3601-450x450.jpg\" class=\"wp-image-29095 avia-img-lazy-loading-29095 attachment-shop_catalog size-shop_catalog wp-post-image\" alt=\"Cinta de tejido ign\u00edfugo Scapa T3601 - unilateral, Tejido, Caucho natural - Ilustraci\u00f3n 29095\" srcset=\"https:\/\/cardinal-tapes.com\/wp-content\/uploads\/T3601-450x450.jpg 450w, https:\/\/cardinal-tapes.com\/wp-content\/uploads\/T3601-80x80.jpg 80w, https:\/\/cardinal-tapes.com\/wp-content\/uploads\/T3601-200x200.jpg 200w, https:\/\/cardinal-tapes.com\/wp-content\/uploads\/T3601-768x768.jpg 768w, https:\/\/cardinal-tapes.com\/wp-content\/uploads\/T3601-1030x1030.jpg 1030w, https:\/\/cardinal-tapes.com\/wp-content\/uploads\/T3601-1536x1536.jpg 1536w, https:\/\/cardinal-tapes.com\/wp-content\/uploads\/T3601-36x36.jpg 36w, https:\/\/cardinal-tapes.com\/wp-content\/uploads\/T3601-180x180.jpg 180w, https:\/\/cardinal-tapes.com\/wp-content\/uploads\/T3601-1500x1500.jpg 1500w, https:\/\/cardinal-tapes.com\/wp-content\/uploads\/T3601-705x705.jpg 705w, https:\/\/cardinal-tapes.com\/wp-content\/uploads\/T3601-120x120.jpg 120w, https:\/\/cardinal-tapes.com\/wp-content\/uploads\/T3601-100x100.jpg 100w, https:\/\/cardinal-tapes.com\/wp-content\/uploads\/T3601.jpg 2047w\" sizes=\"auto, (max-width: 450px) 100vw, 450px\" \/><\/div><div class='inner_product_header'><div class='avia-arrow'><\/div><div class='inner_product_header_table'><div class='inner_product_header_cell'><span class=\"is-h2 woocommerce-loop-product__title\">Cinta de tejido ign\u00edfugo Scapa T3601<\/span>\t\t<div class=\"product-infos\">\n\t\t\t\t\t\t\t<span class='product-infos__item'><b>Revestimiento:<\/b> unilateral<\/span>\n\t\t\t\t\t\t\t\t\t\t<span class='product-infos__item'><b>Tipo de material:<\/b> Tejido<\/span>\n\t\t\t\t\t\t\t\t\t\t<span class='product-infos__item'><b>Fabricante:<\/b> Scapa<\/span>\n\t\t\t\t\t\t\t\t\t\t<span class='product-infos__item'><b>Precio a la carta<\/b><\/span>\n\t\t\t\t\t<\/div>\n\t<\/div><\/div><\/div><\/a><\/div><\/li>\n<li class=\"product type-product post-38860 status-publish instock product_cat-cinta-de-tela product_cat-cinta-plastificada product_cat-industria-del-plastico product_cat-ingenieria-mecanica product_cat-acero-y-vidrio product_cat-industria-textil product_cat-cintas-adhesivas-de-una-cara product_cat-construccion product_cat-cinta-gaffer product_cat-industria-de-la-construccion product_cat-industria-del-hormigon product_cat-industria-electrica has-post-thumbnail featured taxable shipping-taxable purchasable product-type-variable\">\n\t<div class='inner_product main_color wrapped_style noLightbox  av-product-class-no_button'><a href=\"https:\/\/cardinal-tapes.com\/es\/cintas-adhesivas\/cintas-adhesivas-de-una-cara\/cinta-gaffer\/tesa-4615-ducto-cinta\/\" class=\"woocommerce-LoopProduct-link woocommerce-loop-product__link\"><div class=\"thumbnail_container\"><img decoding=\"async\" loading=\"lazy\" width=\"450\" height=\"450\" src=\"https:\/\/cardinal-tapes.com\/wp-content\/uploads\/tesa-04615-PV1-general-purpose-duct-tape-31-recycled-share-gray-family-pr-450x450.jpg\" class=\"wp-image-77549 avia-img-lazy-loading-77549 attachment-shop_catalog size-shop_catalog wp-post-image\" alt=\"tesa\u00ae 4615 Cinta adhesiva - unilateral, Tejido, Caucho sint\u00e9tico - Ilustraci\u00f3n 77549\" srcset=\"https:\/\/cardinal-tapes.com\/wp-content\/uploads\/tesa-04615-PV1-general-purpose-duct-tape-31-recycled-share-gray-family-pr-450x450.jpg 450w, https:\/\/cardinal-tapes.com\/wp-content\/uploads\/tesa-04615-PV1-general-purpose-duct-tape-31-recycled-share-gray-family-pr-200x200.jpg 200w, https:\/\/cardinal-tapes.com\/wp-content\/uploads\/tesa-04615-PV1-general-purpose-duct-tape-31-recycled-share-gray-family-pr-1030x1030.jpg 1030w, https:\/\/cardinal-tapes.com\/wp-content\/uploads\/tesa-04615-PV1-general-purpose-duct-tape-31-recycled-share-gray-family-pr-80x80.jpg 80w, https:\/\/cardinal-tapes.com\/wp-content\/uploads\/tesa-04615-PV1-general-purpose-duct-tape-31-recycled-share-gray-family-pr-768x768.jpg 768w, https:\/\/cardinal-tapes.com\/wp-content\/uploads\/tesa-04615-PV1-general-purpose-duct-tape-31-recycled-share-gray-family-pr-1536x1536.jpg 1536w, https:\/\/cardinal-tapes.com\/wp-content\/uploads\/tesa-04615-PV1-general-purpose-duct-tape-31-recycled-share-gray-family-pr-2048x2048.jpg 2048w, https:\/\/cardinal-tapes.com\/wp-content\/uploads\/tesa-04615-PV1-general-purpose-duct-tape-31-recycled-share-gray-family-pr-36x36.jpg 36w, https:\/\/cardinal-tapes.com\/wp-content\/uploads\/tesa-04615-PV1-general-purpose-duct-tape-31-recycled-share-gray-family-pr-180x180.jpg 180w, https:\/\/cardinal-tapes.com\/wp-content\/uploads\/tesa-04615-PV1-general-purpose-duct-tape-31-recycled-share-gray-family-pr-1500x1500.jpg 1500w, https:\/\/cardinal-tapes.com\/wp-content\/uploads\/tesa-04615-PV1-general-purpose-duct-tape-31-recycled-share-gray-family-pr-705x705.jpg 705w, https:\/\/cardinal-tapes.com\/wp-content\/uploads\/tesa-04615-PV1-general-purpose-duct-tape-31-recycled-share-gray-family-pr-120x120.jpg 120w, https:\/\/cardinal-tapes.com\/wp-content\/uploads\/tesa-04615-PV1-general-purpose-duct-tape-31-recycled-share-gray-family-pr-100x100.jpg 100w\" sizes=\"auto, (max-width: 450px) 100vw, 450px\" \/><\/div><div class='inner_product_header'><div class='avia-arrow'><\/div><div class='inner_product_header_table'><div class='inner_product_header_cell'><span class=\"is-h2 woocommerce-loop-product__title\">tesa\u00ae 4615 Cinta adhesiva<\/span>\t\t<div class=\"product-infos\">\n\t\t\t\t\t\t\t<span class='product-infos__item'><b>Revestimiento:<\/b> unilateral<\/span>\n\t\t\t\t\t\t\t\t\t\t<span class='product-infos__item'><b>Tipo de material:<\/b> Tejido<\/span>\n\t\t\t\t\t\t\t\t\t\t<span class='product-infos__item'><b>Fabricante:<\/b> tesa<\/span>\n\t\t\t\t\t\t\t\t\t\t<span class='product-infos__item'><b>Precio a la carta<\/b><\/span>\n\t\t\t\t\t<\/div>\n\t<\/div><\/div><\/div><\/a><\/div><\/li>\n<li class=\"product type-product post-59998 status-publish last instock product_cat-industria-del-hormigon product_cat-industria-electrica product_cat-cinta-de-tela product_cat-cinta-plastificada product_cat-industria-del-plastico product_cat-ingenieria-mecanica product_cat-acero-y-vidrio product_cat-industria-textil product_cat-cintas-adhesivas-de-una-cara product_cat-construccion product_cat-cinta-gaffer product_cat-industria-de-la-construccion has-post-thumbnail featured taxable shipping-taxable purchasable product-type-variable\">\n\t<div class='inner_product main_color wrapped_style noLightbox  av-product-class-no_button'><a href=\"https:\/\/cardinal-tapes.com\/es\/cintas-adhesivas\/cintas-adhesivas-de-una-cara\/cinta-gaffer\/tesa-4651-premium-fabric-tape\/\" class=\"woocommerce-LoopProduct-link woocommerce-loop-product__link\"><div class=\"thumbnail_container\"><img decoding=\"async\" loading=\"lazy\" width=\"450\" height=\"450\" src=\"https:\/\/cardinal-tapes.com\/wp-content\/uploads\/tesa-04651-450x450.jpg\" class=\"wp-image-26083 avia-img-lazy-loading-26083 attachment-shop_catalog size-shop_catalog wp-post-image\" alt=\"tesaband\u00ae 4651 Cinta de tejido premium - unilateral, Tejido, Caucho natural - Ilustraci\u00f3n 26083\" srcset=\"https:\/\/cardinal-tapes.com\/wp-content\/uploads\/tesa-04651-450x450.jpg 450w, https:\/\/cardinal-tapes.com\/wp-content\/uploads\/tesa-04651-120x120.jpg 120w, https:\/\/cardinal-tapes.com\/wp-content\/uploads\/tesa-04651-80x80.jpg 80w, https:\/\/cardinal-tapes.com\/wp-content\/uploads\/tesa-04651-200x200.jpg 200w, https:\/\/cardinal-tapes.com\/wp-content\/uploads\/tesa-04651-36x36.jpg 36w, https:\/\/cardinal-tapes.com\/wp-content\/uploads\/tesa-04651-180x180.jpg 180w, https:\/\/cardinal-tapes.com\/wp-content\/uploads\/tesa-04651-100x100.jpg 100w, https:\/\/cardinal-tapes.com\/wp-content\/uploads\/tesa-04651.jpg 600w\" sizes=\"auto, (max-width: 450px) 100vw, 450px\" \/><\/div><div class='inner_product_header'><div class='avia-arrow'><\/div><div class='inner_product_header_table'><div class='inner_product_header_cell'><span class=\"is-h2 woocommerce-loop-product__title\">tesaband\u00ae 4651 Cinta de tejido premium<\/span>\t\t<div class=\"product-infos\">\n\t\t\t\t\t\t\t<span class='product-infos__item'><b>Revestimiento:<\/b> unilateral<\/span>\n\t\t\t\t\t\t\t\t\t\t<span class='product-infos__item'><b>Tipo de material:<\/b> Tejido<\/span>\n\t\t\t\t\t\t\t\t\t\t<span class='product-infos__item'><b>Fabricante:<\/b> tesa<\/span>\n\t\t\t\t\t\t\t\t\t\t<span class='product-infos__item'><b>Precio a la carta<\/b><\/span>\n\t\t\t\t\t<\/div>\n\t<\/div><\/div><\/div><\/a><\/div><\/li>\n<\/ul><\/div><\/div><div class=\"clear\"><\/div><br \/>\n<div  class='avia-button-wrap av-34fpjo-22bfac0a44c9f3957cff443b383fa760-wrap avia-button-left '><a href='https:\/\/cardinal-tapes.com\/klebebaender\/'  class='avia-button av-34fpjo-22bfac0a44c9f3957cff443b383fa760 avia-icon_select-no avia-size-medium avia-position-left avia-color-theme-color layout-border color-white'  ><span class='avia_iconbox_title' >Todos los productos<\/span><\/a><\/div><\/p><\/div>\n","protected":false},"excerpt":{"rendered":"","protected":false},"author":1,"featured_media":0,"parent":30710,"menu_order":14,"comment_status":"closed","ping_status":"closed","template":"","meta":{"_acf_changed":false,"footnotes":""},"class_list":["post-31362","page","type-page","status-publish","hentry"],"acf":[],"yoast_head":"<!-- This site is optimized with the Yoast SEO plugin v27.3 - https:\/\/yoast.com\/product\/yoast-seo-wordpress\/ -->\n<title>Cinta Gaffer - cardinal TAPES<\/title>\n<meta name=\"description\" content=\"Las propiedades especiales de la cinta Gaffer son, sobre todo, su gran fuerza adhesiva y su excelente facilidad de uso.\" \/>\n<meta name=\"robots\" content=\"index, follow, max-snippet:-1, max-image-preview:large, max-video-preview:-1\" \/>\n<link rel=\"canonical\" href=\"https:\/\/cardinal-tapes.com\/es\/cintas-adhesivas-es\/cinta-adhesiva-abc\/cinta-gaffer\/\" \/>\n<meta property=\"og:locale\" content=\"es_ES\" \/>\n<meta property=\"og:type\" content=\"article\" \/>\n<meta property=\"og:title\" content=\"Cinta Gaffer - cardinal TAPES\" \/>\n<meta property=\"og:description\" content=\"Las propiedades especiales de la cinta Gaffer son, sobre todo, su gran fuerza adhesiva y su excelente facilidad de uso.\" \/>\n<meta property=\"og:url\" content=\"https:\/\/cardinal-tapes.com\/es\/cintas-adhesivas-es\/cinta-adhesiva-abc\/cinta-gaffer\/\" \/>\n<meta property=\"og:site_name\" content=\"cardinal TAPES\" \/>\n<meta property=\"article:modified_time\" content=\"2023-06-14T08:47:09+00:00\" \/>\n<meta name=\"twitter:card\" content=\"summary_large_image\" \/>\n<meta name=\"twitter:label1\" content=\"Tiempo de lectura\" \/>\n\t<meta name=\"twitter:data1\" content=\"14 minutos\" \/>\n<script type=\"application\/ld+json\" class=\"yoast-schema-graph\">{\"@context\":\"https:\\\/\\\/schema.org\",\"@graph\":[{\"@type\":\"WebPage\",\"@id\":\"https:\\\/\\\/cardinal-tapes.com\\\/es\\\/cintas-adhesivas-es\\\/cinta-adhesiva-abc\\\/cinta-gaffer\\\/\",\"url\":\"https:\\\/\\\/cardinal-tapes.com\\\/es\\\/cintas-adhesivas-es\\\/cinta-adhesiva-abc\\\/cinta-gaffer\\\/\",\"name\":\"Cinta Gaffer - cardinal TAPES\",\"isPartOf\":{\"@id\":\"https:\\\/\\\/cardinal-tapes.com\\\/#website\"},\"datePublished\":\"2023-06-02T08:59:43+00:00\",\"dateModified\":\"2023-06-14T08:47:09+00:00\",\"description\":\"Las propiedades especiales de la cinta Gaffer son, sobre todo, su gran fuerza adhesiva y su excelente facilidad de uso.\",\"breadcrumb\":{\"@id\":\"https:\\\/\\\/cardinal-tapes.com\\\/es\\\/cintas-adhesivas-es\\\/cinta-adhesiva-abc\\\/cinta-gaffer\\\/#breadcrumb\"},\"inLanguage\":\"es\",\"potentialAction\":[{\"@type\":\"ReadAction\",\"target\":[\"https:\\\/\\\/cardinal-tapes.com\\\/es\\\/cintas-adhesivas-es\\\/cinta-adhesiva-abc\\\/cinta-gaffer\\\/\"]}]},{\"@type\":\"BreadcrumbList\",\"@id\":\"https:\\\/\\\/cardinal-tapes.com\\\/es\\\/cintas-adhesivas-es\\\/cinta-adhesiva-abc\\\/cinta-gaffer\\\/#breadcrumb\",\"itemListElement\":[{\"@type\":\"ListItem\",\"position\":1,\"name\":\"Startseite\",\"item\":\"https:\\\/\\\/cardinal-tapes.com\\\/es\\\/\"},{\"@type\":\"ListItem\",\"position\":2,\"name\":\"Cintas adhesivas\",\"item\":\"https:\\\/\\\/cardinal-tapes.com\\\/es\\\/cintas-adhesivas-es\\\/\"},{\"@type\":\"ListItem\",\"position\":3,\"name\":\"Cinta adhesiva ABC\",\"item\":\"https:\\\/\\\/cardinal-tapes.com\\\/es\\\/cintas-adhesivas-es__trashed\\\/cinta-adhesiva-abc\\\/\"},{\"@type\":\"ListItem\",\"position\":4,\"name\":\"Cinta Gaffer\"}]},{\"@type\":\"WebSite\",\"@id\":\"https:\\\/\\\/cardinal-tapes.com\\\/#website\",\"url\":\"https:\\\/\\\/cardinal-tapes.com\\\/\",\"name\":\"cardinal TAPES\",\"description\":\"Klebetechnik aus Wuppertal\",\"potentialAction\":[{\"@type\":\"SearchAction\",\"target\":{\"@type\":\"EntryPoint\",\"urlTemplate\":\"https:\\\/\\\/cardinal-tapes.com\\\/?s={search_term_string}\"},\"query-input\":{\"@type\":\"PropertyValueSpecification\",\"valueRequired\":true,\"valueName\":\"search_term_string\"}}],\"inLanguage\":\"es\"}]}<\/script>\n<!-- \/ Yoast SEO plugin. -->","yoast_head_json":{"title":"Cinta Gaffer - cardinal TAPES","description":"Las propiedades especiales de la cinta Gaffer son, sobre todo, su gran fuerza adhesiva y su excelente facilidad de uso.","robots":{"index":"index","follow":"follow","max-snippet":"max-snippet:-1","max-image-preview":"max-image-preview:large","max-video-preview":"max-video-preview:-1"},"canonical":"https:\/\/cardinal-tapes.com\/es\/cintas-adhesivas-es\/cinta-adhesiva-abc\/cinta-gaffer\/","og_locale":"es_ES","og_type":"article","og_title":"Cinta Gaffer - cardinal TAPES","og_description":"Las propiedades especiales de la cinta Gaffer son, sobre todo, su gran fuerza adhesiva y su excelente facilidad de uso.","og_url":"https:\/\/cardinal-tapes.com\/es\/cintas-adhesivas-es\/cinta-adhesiva-abc\/cinta-gaffer\/","og_site_name":"cardinal TAPES","article_modified_time":"2023-06-14T08:47:09+00:00","twitter_card":"summary_large_image","twitter_misc":{"Tiempo de lectura":"14 minutos"},"schema":{"@context":"https:\/\/schema.org","@graph":[{"@type":"WebPage","@id":"https:\/\/cardinal-tapes.com\/es\/cintas-adhesivas-es\/cinta-adhesiva-abc\/cinta-gaffer\/","url":"https:\/\/cardinal-tapes.com\/es\/cintas-adhesivas-es\/cinta-adhesiva-abc\/cinta-gaffer\/","name":"Cinta Gaffer - cardinal TAPES","isPartOf":{"@id":"https:\/\/cardinal-tapes.com\/#website"},"datePublished":"2023-06-02T08:59:43+00:00","dateModified":"2023-06-14T08:47:09+00:00","description":"Las propiedades especiales de la cinta Gaffer son, sobre todo, su gran fuerza adhesiva y su excelente facilidad de uso.","breadcrumb":{"@id":"https:\/\/cardinal-tapes.com\/es\/cintas-adhesivas-es\/cinta-adhesiva-abc\/cinta-gaffer\/#breadcrumb"},"inLanguage":"es","potentialAction":[{"@type":"ReadAction","target":["https:\/\/cardinal-tapes.com\/es\/cintas-adhesivas-es\/cinta-adhesiva-abc\/cinta-gaffer\/"]}]},{"@type":"BreadcrumbList","@id":"https:\/\/cardinal-tapes.com\/es\/cintas-adhesivas-es\/cinta-adhesiva-abc\/cinta-gaffer\/#breadcrumb","itemListElement":[{"@type":"ListItem","position":1,"name":"Startseite","item":"https:\/\/cardinal-tapes.com\/es\/"},{"@type":"ListItem","position":2,"name":"Cintas adhesivas","item":"https:\/\/cardinal-tapes.com\/es\/cintas-adhesivas-es\/"},{"@type":"ListItem","position":3,"name":"Cinta adhesiva ABC","item":"https:\/\/cardinal-tapes.com\/es\/cintas-adhesivas-es__trashed\/cinta-adhesiva-abc\/"},{"@type":"ListItem","position":4,"name":"Cinta Gaffer"}]},{"@type":"WebSite","@id":"https:\/\/cardinal-tapes.com\/#website","url":"https:\/\/cardinal-tapes.com\/","name":"cardinal TAPES","description":"Klebetechnik aus Wuppertal","potentialAction":[{"@type":"SearchAction","target":{"@type":"EntryPoint","urlTemplate":"https:\/\/cardinal-tapes.com\/?s={search_term_string}"},"query-input":{"@type":"PropertyValueSpecification","valueRequired":true,"valueName":"search_term_string"}}],"inLanguage":"es"}]}},"_links":{"self":[{"href":"https:\/\/cardinal-tapes.com\/es\/wp-json\/wp\/v2\/pages\/31362","targetHints":{"allow":["GET"]}}],"collection":[{"href":"https:\/\/cardinal-tapes.com\/es\/wp-json\/wp\/v2\/pages"}],"about":[{"href":"https:\/\/cardinal-tapes.com\/es\/wp-json\/wp\/v2\/types\/page"}],"author":[{"embeddable":true,"href":"https:\/\/cardinal-tapes.com\/es\/wp-json\/wp\/v2\/users\/1"}],"replies":[{"embeddable":true,"href":"https:\/\/cardinal-tapes.com\/es\/wp-json\/wp\/v2\/comments?post=31362"}],"version-history":[{"count":0,"href":"https:\/\/cardinal-tapes.com\/es\/wp-json\/wp\/v2\/pages\/31362\/revisions"}],"up":[{"embeddable":true,"href":"https:\/\/cardinal-tapes.com\/es\/wp-json\/wp\/v2\/pages\/30710"}],"wp:attachment":[{"href":"https:\/\/cardinal-tapes.com\/es\/wp-json\/wp\/v2\/media?parent=31362"}],"curies":[{"name":"wp","href":"https:\/\/api.w.org\/{rel}","templated":true}]}}