{"id":31358,"date":"2023-06-02T10:59:43","date_gmt":"2023-06-02T08:59:43","guid":{"rendered":"https:\/\/cardinal.pixel-tal.de\/cintas-adhesivas\/cinta-adhesiva-abc\/cintas-reforzadas-con-fibra-de-vidrio-y-revestimiento-de-ptfe\/"},"modified":"2023-06-02T11:12:19","modified_gmt":"2023-06-02T09:12:19","slug":"cintas-reforzadas-con-fibra-de-vidrio-y-revestimiento-de-ptfe","status":"publish","type":"page","link":"https:\/\/cardinal-tapes.com\/es\/cintas-adhesivas-es\/cinta-adhesiva-abc\/cintas-reforzadas-con-fibra-de-vidrio-y-revestimiento-de-ptfe\/","title":{"rendered":"Cintas reforzadas con fibra de vidrio y revestimiento de PTFE"},"content":{"rendered":"<div id='av_section_1'  class='avia-section av-6s888q-970f19534e8b49f04750fd9cbbdaa538 alternate_color avia-section-default avia-no-border-styling  avia-builder-el-0  avia-builder-el-no-sibling  avia-bg-style-scroll container_wrap fullsize'  ><div class='container av-section-cont-open' ><main  role=\"main\" itemprop=\"mainContentOfPage\"  class='template-page content  av-content-full alpha units'><div class='post-entry post-entry-type-page post-entry-31358'><div class='entry-content-wrapper clearfix'>\n<div  class='flex_column av-1tj8hmi-7908129f3f2c70b32677506c1a4b506b av_one_full  avia-builder-el-1  el_before_av_one_half  avia-builder-el-first  first flex_column_div  '     ><div class=\"pxl-headline pxl-hl hl-wrap | hl-sub--off hl--align-left hl--no-margin    \">\n        <div class=\"hl-inner\">\n            <h2 class=\"hl-main hl-line |  hl_main--default  \">Cintas adhesivas reforzadas con fibra de vidrio y revestimiento de PTFE<\/h2>\n            \n    <\/div>\n<\/div><\/div><div  class='flex_column av-187squy-9c4fd27079e67151ec39d6bbce8de2ea av_one_half  avia-builder-el-3  el_after_av_one_full  el_before_av_one_half  first flex_column_div  column-top-margin'     ><section  class='av_textblock_section av-25ocxyy-4aafa9d6193fa6f0e1531f0180d57e0d '   itemscope=\"itemscope\" itemtype=\"https:\/\/schema.org\/CreativeWork\" ><div class='avia_textblock'  itemprop=\"text\" ><p>Ya sea como sellador t\u00e9rmico o como material en m\u00e1quinas de envasado, ya sea como material auxiliar en planchado o prensado o tambi\u00e9n para revestimientos de rodillos, revestimientos de ejes, revestimientos antiadherentes y en herramientas adhesivas, las cintas reforzadas con fibra de vidrio son adecuadas para una amplia gama de usos, cada uno de ellos con aplicaciones muy espec\u00edficas. Esto es posible gracias a las propiedades especiales del material. El tejido de vidrio se caracteriza por su gran resistencia a diversas influencias. Ofrece una excelente resistencia a temperaturas de -70 a 260 grados Celsius. Adem\u00e1s, el material convence por su resistencia el\u00e9ctrica, resistencia mec\u00e1nica, resistencia al fuego y rentabilidad.<\/p>\n<h4>Cintas adhesivas reforzadas con fibra de vidrio y revestimiento de PTFE para numerosas industrias<\/h4>\n<p>Adem\u00e1s, el tejido de fibra de vidrio est\u00e1 recubierto de politetrafluoroetileno (PTFE). El material conocido coloquialmente como tefl\u00f3n es un pol\u00edmero de fl\u00faor y carbono. Equipada con un adhesivo de silicona, esta capa de PTFE proporciona una superficie con excelentes propiedades antiadherentes para diversas aplicaciones industriales. Por ello, las cintas adhesivas reforzadas con fibra de vidrio y recubiertas de PTFE son extremadamente flexibles y cumplen los requisitos m\u00e1s exigentes.<\/p>\n<\/div><\/section><\/div><div  class='flex_column av-kfajzu-d50a19209035f7f22a75acf58a2c744a av_one_half  avia-builder-el-5  el_after_av_one_half  avia-builder-el-last  flex_column_div  column-top-margin'     ><section  class='av_textblock_section av-yw8ube-3c66a4d4b2856c1dcc03151bc89bf943 '   itemscope=\"itemscope\" itemtype=\"https:\/\/schema.org\/CreativeWork\" ><div class='avia_textblock'  itemprop=\"text\" ><h4>Cintas adhesivas reforzadas con vidrio de alta calidad con revestimiento de PTFE del distribuidor especializado<\/h4>\n<p>Como expertos en cintas adhesivas reforzadas con vidrio con revestimiento de PTFE, sabemos que estas cintas est\u00e1n expuestas a condiciones extremas. Por eso damos gran importancia a un asesoramiento completo y de la m\u00e1xima calidad. Esto nos convierte en un socio fuerte para una amplia gama de industrias. Entre ellos figuran la <a href=\"https:\/\/cardinal-tapes.com\/es\/cintas-adhesivas\/ambitos-de-aplicacion\/industria-textil\/\">industria textil<\/a>, la <a href=\"https:\/\/cardinal-tapes.com\/es\/cintas-adhesivas\/ambitos-de-aplicacion\/tecnologia-de-eventos\/\">tecnolog\u00eda de eventos<\/a>, la industria de <a href=\"https:\/\/cardinal-tapes.com\/es\/cintas-adhesivas\/ambitos-de-aplicacion\/industria-de-la-construccion\/\">la construcci\u00f3n<\/a>, la industria del hormig\u00f3n, la <a href=\"https:\/\/cardinal-tapes.com\/es\/cintas-adhesivas\/ambitos-de-aplicacion\/industria-publicitaria\/\">industria publicitaria<\/a>, el acabado de metales y el <a href=\"https:\/\/cardinal-tapes.com\/es\/cintas-adhesivas\/ambitos-de-aplicacion\/sector-del-automovil\/\">sector del autom\u00f3vil<\/a>.<\/p>\n<\/div><\/section><\/div>\n\n","protected":false},"excerpt":{"rendered":"","protected":false},"author":1,"featured_media":0,"parent":30710,"menu_order":8,"comment_status":"closed","ping_status":"closed","template":"","meta":{"_acf_changed":false,"footnotes":""},"class_list":["post-31358","page","type-page","status-publish","hentry"],"acf":[],"yoast_head":"<!-- This site is optimized with the Yoast SEO plugin v27.3 - https:\/\/yoast.com\/product\/yoast-seo-wordpress\/ -->\n<title>Cintas reforzadas con fibra de vidrio y revestimiento de PTFE | cardinal Tapes<\/title>\n<meta name=\"description\" content=\"Las cintas reforzadas con fibra de vidrio y revestimiento de PTFE se encuentran entre las cintas adhesivas m\u00e1s vers\u00e1tiles gracias a las propiedades de sus materiales.\" \/>\n<meta name=\"robots\" content=\"index, follow, max-snippet:-1, max-image-preview:large, max-video-preview:-1\" \/>\n<link rel=\"canonical\" href=\"https:\/\/cardinal-tapes.com\/es\/cintas-adhesivas-es__trashed\/cinta-adhesiva-abc\/cintas-reforzadas-con-fibra-de-vidrio-y-revestimiento-de-ptfe\/\" \/>\n<meta property=\"og:locale\" content=\"es_ES\" \/>\n<meta property=\"og:type\" content=\"article\" \/>\n<meta property=\"og:title\" content=\"Cintas reforzadas con fibra de vidrio y revestimiento de PTFE | cardinal Tapes\" \/>\n<meta property=\"og:description\" content=\"Las cintas reforzadas con fibra de vidrio y revestimiento de PTFE se encuentran entre las cintas adhesivas m\u00e1s vers\u00e1tiles gracias a las propiedades de sus materiales.\" \/>\n<meta property=\"og:url\" content=\"https:\/\/cardinal-tapes.com\/es\/cintas-adhesivas-es__trashed\/cinta-adhesiva-abc\/cintas-reforzadas-con-fibra-de-vidrio-y-revestimiento-de-ptfe\/\" \/>\n<meta property=\"og:site_name\" content=\"cardinal TAPES\" \/>\n<meta property=\"article:modified_time\" content=\"2023-06-02T09:12:19+00:00\" \/>\n<meta name=\"twitter:card\" content=\"summary_large_image\" \/>\n<meta name=\"twitter:label1\" content=\"Tiempo de lectura\" \/>\n\t<meta name=\"twitter:data1\" content=\"9 minutos\" \/>\n<script type=\"application\/ld+json\" class=\"yoast-schema-graph\">{\"@context\":\"https:\\\/\\\/schema.org\",\"@graph\":[{\"@type\":\"WebPage\",\"@id\":\"https:\\\/\\\/cardinal-tapes.com\\\/es\\\/cintas-adhesivas-es__trashed\\\/cinta-adhesiva-abc\\\/cintas-reforzadas-con-fibra-de-vidrio-y-revestimiento-de-ptfe\\\/\",\"url\":\"https:\\\/\\\/cardinal-tapes.com\\\/es\\\/cintas-adhesivas-es__trashed\\\/cinta-adhesiva-abc\\\/cintas-reforzadas-con-fibra-de-vidrio-y-revestimiento-de-ptfe\\\/\",\"name\":\"Cintas reforzadas con fibra de vidrio y revestimiento de PTFE | cardinal Tapes\",\"isPartOf\":{\"@id\":\"https:\\\/\\\/cardinal-tapes.com\\\/#website\"},\"datePublished\":\"2023-06-02T08:59:43+00:00\",\"dateModified\":\"2023-06-02T09:12:19+00:00\",\"description\":\"Las cintas reforzadas con fibra de vidrio y revestimiento de PTFE se encuentran entre las cintas adhesivas m\u00e1s vers\u00e1tiles gracias a las propiedades de sus materiales.\",\"breadcrumb\":{\"@id\":\"https:\\\/\\\/cardinal-tapes.com\\\/es\\\/cintas-adhesivas-es__trashed\\\/cinta-adhesiva-abc\\\/cintas-reforzadas-con-fibra-de-vidrio-y-revestimiento-de-ptfe\\\/#breadcrumb\"},\"inLanguage\":\"es\",\"potentialAction\":[{\"@type\":\"ReadAction\",\"target\":[\"https:\\\/\\\/cardinal-tapes.com\\\/es\\\/cintas-adhesivas-es__trashed\\\/cinta-adhesiva-abc\\\/cintas-reforzadas-con-fibra-de-vidrio-y-revestimiento-de-ptfe\\\/\"]}]},{\"@type\":\"BreadcrumbList\",\"@id\":\"https:\\\/\\\/cardinal-tapes.com\\\/es\\\/cintas-adhesivas-es__trashed\\\/cinta-adhesiva-abc\\\/cintas-reforzadas-con-fibra-de-vidrio-y-revestimiento-de-ptfe\\\/#breadcrumb\",\"itemListElement\":[{\"@type\":\"ListItem\",\"position\":1,\"name\":\"Startseite\",\"item\":\"https:\\\/\\\/cardinal-tapes.com\\\/es\\\/\"},{\"@type\":\"ListItem\",\"position\":2,\"name\":\"Cinta adhesiva ABC\",\"item\":\"https:\\\/\\\/cardinal-tapes.com\\\/es\\\/cintas-adhesivas-es__trashed\\\/cinta-adhesiva-abc\\\/\"},{\"@type\":\"ListItem\",\"position\":3,\"name\":\"Cintas reforzadas con fibra de vidrio y revestimiento de PTFE\"}]},{\"@type\":\"WebSite\",\"@id\":\"https:\\\/\\\/cardinal-tapes.com\\\/#website\",\"url\":\"https:\\\/\\\/cardinal-tapes.com\\\/\",\"name\":\"cardinal TAPES\",\"description\":\"Klebetechnik aus Wuppertal\",\"potentialAction\":[{\"@type\":\"SearchAction\",\"target\":{\"@type\":\"EntryPoint\",\"urlTemplate\":\"https:\\\/\\\/cardinal-tapes.com\\\/?s={search_term_string}\"},\"query-input\":{\"@type\":\"PropertyValueSpecification\",\"valueRequired\":true,\"valueName\":\"search_term_string\"}}],\"inLanguage\":\"es\"}]}<\/script>\n<!-- \/ Yoast SEO plugin. -->","yoast_head_json":{"title":"Cintas reforzadas con fibra de vidrio y revestimiento de PTFE | cardinal Tapes","description":"Las cintas reforzadas con fibra de vidrio y revestimiento de PTFE se encuentran entre las cintas adhesivas m\u00e1s vers\u00e1tiles gracias a las propiedades de sus materiales.","robots":{"index":"index","follow":"follow","max-snippet":"max-snippet:-1","max-image-preview":"max-image-preview:large","max-video-preview":"max-video-preview:-1"},"canonical":"https:\/\/cardinal-tapes.com\/es\/cintas-adhesivas-es__trashed\/cinta-adhesiva-abc\/cintas-reforzadas-con-fibra-de-vidrio-y-revestimiento-de-ptfe\/","og_locale":"es_ES","og_type":"article","og_title":"Cintas reforzadas con fibra de vidrio y revestimiento de PTFE | cardinal Tapes","og_description":"Las cintas reforzadas con fibra de vidrio y revestimiento de PTFE se encuentran entre las cintas adhesivas m\u00e1s vers\u00e1tiles gracias a las propiedades de sus materiales.","og_url":"https:\/\/cardinal-tapes.com\/es\/cintas-adhesivas-es__trashed\/cinta-adhesiva-abc\/cintas-reforzadas-con-fibra-de-vidrio-y-revestimiento-de-ptfe\/","og_site_name":"cardinal TAPES","article_modified_time":"2023-06-02T09:12:19+00:00","twitter_card":"summary_large_image","twitter_misc":{"Tiempo de lectura":"9 minutos"},"schema":{"@context":"https:\/\/schema.org","@graph":[{"@type":"WebPage","@id":"https:\/\/cardinal-tapes.com\/es\/cintas-adhesivas-es__trashed\/cinta-adhesiva-abc\/cintas-reforzadas-con-fibra-de-vidrio-y-revestimiento-de-ptfe\/","url":"https:\/\/cardinal-tapes.com\/es\/cintas-adhesivas-es__trashed\/cinta-adhesiva-abc\/cintas-reforzadas-con-fibra-de-vidrio-y-revestimiento-de-ptfe\/","name":"Cintas reforzadas con fibra de vidrio y revestimiento de PTFE | cardinal Tapes","isPartOf":{"@id":"https:\/\/cardinal-tapes.com\/#website"},"datePublished":"2023-06-02T08:59:43+00:00","dateModified":"2023-06-02T09:12:19+00:00","description":"Las cintas reforzadas con fibra de vidrio y revestimiento de PTFE se encuentran entre las cintas adhesivas m\u00e1s vers\u00e1tiles gracias a las propiedades de sus materiales.","breadcrumb":{"@id":"https:\/\/cardinal-tapes.com\/es\/cintas-adhesivas-es__trashed\/cinta-adhesiva-abc\/cintas-reforzadas-con-fibra-de-vidrio-y-revestimiento-de-ptfe\/#breadcrumb"},"inLanguage":"es","potentialAction":[{"@type":"ReadAction","target":["https:\/\/cardinal-tapes.com\/es\/cintas-adhesivas-es__trashed\/cinta-adhesiva-abc\/cintas-reforzadas-con-fibra-de-vidrio-y-revestimiento-de-ptfe\/"]}]},{"@type":"BreadcrumbList","@id":"https:\/\/cardinal-tapes.com\/es\/cintas-adhesivas-es__trashed\/cinta-adhesiva-abc\/cintas-reforzadas-con-fibra-de-vidrio-y-revestimiento-de-ptfe\/#breadcrumb","itemListElement":[{"@type":"ListItem","position":1,"name":"Startseite","item":"https:\/\/cardinal-tapes.com\/es\/"},{"@type":"ListItem","position":2,"name":"Cinta adhesiva ABC","item":"https:\/\/cardinal-tapes.com\/es\/cintas-adhesivas-es__trashed\/cinta-adhesiva-abc\/"},{"@type":"ListItem","position":3,"name":"Cintas reforzadas con fibra de vidrio y revestimiento de PTFE"}]},{"@type":"WebSite","@id":"https:\/\/cardinal-tapes.com\/#website","url":"https:\/\/cardinal-tapes.com\/","name":"cardinal TAPES","description":"Klebetechnik aus Wuppertal","potentialAction":[{"@type":"SearchAction","target":{"@type":"EntryPoint","urlTemplate":"https:\/\/cardinal-tapes.com\/?s={search_term_string}"},"query-input":{"@type":"PropertyValueSpecification","valueRequired":true,"valueName":"search_term_string"}}],"inLanguage":"es"}]}},"_links":{"self":[{"href":"https:\/\/cardinal-tapes.com\/es\/wp-json\/wp\/v2\/pages\/31358","targetHints":{"allow":["GET"]}}],"collection":[{"href":"https:\/\/cardinal-tapes.com\/es\/wp-json\/wp\/v2\/pages"}],"about":[{"href":"https:\/\/cardinal-tapes.com\/es\/wp-json\/wp\/v2\/types\/page"}],"author":[{"embeddable":true,"href":"https:\/\/cardinal-tapes.com\/es\/wp-json\/wp\/v2\/users\/1"}],"replies":[{"embeddable":true,"href":"https:\/\/cardinal-tapes.com\/es\/wp-json\/wp\/v2\/comments?post=31358"}],"version-history":[{"count":0,"href":"https:\/\/cardinal-tapes.com\/es\/wp-json\/wp\/v2\/pages\/31358\/revisions"}],"up":[{"embeddable":true,"href":"https:\/\/cardinal-tapes.com\/es\/wp-json\/wp\/v2\/pages\/30710"}],"wp:attachment":[{"href":"https:\/\/cardinal-tapes.com\/es\/wp-json\/wp\/v2\/media?parent=31358"}],"curies":[{"name":"wp","href":"https:\/\/api.w.org\/{rel}","templated":true}]}}