{"id":31327,"date":"2023-06-02T10:59:42","date_gmt":"2023-06-02T08:59:42","guid":{"rendered":"https:\/\/cardinal.pixel-tal.de\/cintas-adhesivas\/cinta-adhesiva-abc\/cintas-tejidas-de-rayon\/"},"modified":"2023-06-02T11:12:19","modified_gmt":"2023-06-02T09:12:19","slug":"cintas-tejidas-de-rayon","status":"publish","type":"page","link":"https:\/\/cardinal-tapes.com\/es\/cintas-adhesivas-es\/cinta-adhesiva-abc\/cintas-tejidas-de-rayon\/","title":{"rendered":"Cintas tejidas de ray\u00f3n"},"content":{"rendered":"<div id='av_section_1'  class='avia-section av-87yd1x-4d91b4721abbaecdb9111a513b0ab711 alternate_color avia-section-default avia-no-border-styling  avia-builder-el-0  avia-builder-el-no-sibling  avia-bg-style-scroll container_wrap fullsize'  ><div class='container av-section-cont-open' ><main  role=\"main\" itemprop=\"mainContentOfPage\"  class='template-page content  av-content-full alpha units'><div class='post-entry post-entry-type-page post-entry-31327'><div class='entry-content-wrapper clearfix'>\n<div  class='flex_column av-657e1x-5d0560cfe0b220b6824734a63ac8af5a av_one_full  avia-builder-el-1  el_before_av_one_half  avia-builder-el-first  first flex_column_div  '     ><div class=\"pxl-headline pxl-hl hl-wrap | hl-sub--off hl--align-left hl--no-margin    \">\n        <div class=\"hl-inner\">\n            <h2 class=\"hl-main hl-line |  hl_main--default  \">Cintas tejidas de ray\u00f3n<\/h2>\n            \n    <\/div>\n<\/div><\/div><div  class='flex_column av-4nd5th-09643aaa51e3e4091c5e33e83365a5e9 av_one_half  avia-builder-el-3  el_after_av_one_full  el_before_av_one_half  first flex_column_div  column-top-margin'     ><section  class='av_textblock_section av-6fw4d1-8c5869b954445dcceaf70900070385f2 '   itemscope=\"itemscope\" itemtype=\"https:\/\/schema.org\/CreativeWork\" ><div class='avia_textblock'  itemprop=\"text\" ><p>Las cintas de tejido de celulosa ofrecen varias propiedades ventajosas: a pesar de su gran fuerza adhesiva, garantizada por una densa estructura de tejido, las <a href=\"https:\/\/cardinal-tapes.com\/klebebaender\/\">cintas adhesivas<\/a> pueden retirarse de los sustratos sin dejar residuos. La superficie especialmente dise\u00f1ada de la cinta da como resultado un mazo de cables repelente a la suciedad y permanentemente flexible que, en comparaci\u00f3n con muchos otros materiales de cinta, est\u00e1 muy bien protegido contra las tensiones mec\u00e1nicas externas (por ejemplo, bordes afilados) y tambi\u00e9n tiene una buena resistencia al fr\u00edo y al calor.<\/p>\n<\/div><\/section><\/div><div  class='flex_column av-2095xh-b32fc8f1883d5a05971533e4d2427222 av_one_half  avia-builder-el-5  el_after_av_one_half  avia-builder-el-last  flex_column_div  column-top-margin'     ><section  class='av_textblock_section av-20y8ph-8fb14af359eec4a4740eea533cec59f7 '   itemscope=\"itemscope\" itemtype=\"https:\/\/schema.org\/CreativeWork\" ><div class='avia_textblock'  itemprop=\"text\" ><h4>Campos de aplicaci\u00f3n de las cintas de tejido de ray\u00f3n<\/h4>\n<p>Las cintas tejidas de ray\u00f3n se utilizan para encintar mazos de cables y se han convertido en parte integrante de la <a href=\"\/klebebaender\/anwendungsgebiete\/messe-ladenbau\/\">construcci\u00f3n de stands de ferias<\/a> y de la<a href=\"https:\/\/cardinal-tapes.com\/es\/cintas-adhesivas\/ambitos-de-aplicacion\/tecnologia-de-eventos\/\"> tecnolog\u00eda de eventos<\/a>. Se utilizan para fijar y aglomerar superficies resistentes y dif\u00edciles.<\/p>\n<p>Si no hemos encontrado una soluci\u00f3n adecuada a sus necesidades o si est\u00e1 interesado en el <a href=\"https:\/\/cardinal-tapes.com\/es\/embalaje\/\">montaje de cintas adhesivas<\/a>, estaremos encantados de asesorarle en cualquier momento, tambi\u00e9n por tel\u00e9fono, o puede utilizar el formulario de nuestra consulta sobre productos para que busquemos juntos una soluci\u00f3n.<\/p>\n<\/div><\/section><\/div>\n\n","protected":false},"excerpt":{"rendered":"","protected":false},"author":1,"featured_media":0,"parent":30710,"menu_order":34,"comment_status":"closed","ping_status":"closed","template":"","meta":{"_acf_changed":false,"footnotes":""},"class_list":["post-31327","page","type-page","status-publish","hentry"],"acf":[],"yoast_head":"<!-- This site is optimized with the Yoast SEO plugin v27.3 - https:\/\/yoast.com\/product\/yoast-seo-wordpress\/ -->\n<title>Cintas tejidas de ray\u00f3n - cardinal TAPES<\/title>\n<meta name=\"description\" content=\"Las cintas tejidas de ray\u00f3n se utilizan para encintar mazos de cables y forman parte integrante de la construcci\u00f3n de stands de ferias y de la tecnolog\u00eda de eventos.\" \/>\n<meta name=\"robots\" content=\"index, follow, max-snippet:-1, max-image-preview:large, max-video-preview:-1\" \/>\n<link rel=\"canonical\" href=\"https:\/\/cardinal-tapes.com\/es\/cintas-adhesivas-es__trashed\/cinta-adhesiva-abc\/cintas-tejidas-de-rayon\/\" \/>\n<meta property=\"og:locale\" content=\"es_ES\" \/>\n<meta property=\"og:type\" content=\"article\" \/>\n<meta property=\"og:title\" content=\"Cintas tejidas de ray\u00f3n - cardinal TAPES\" \/>\n<meta property=\"og:description\" content=\"Las cintas tejidas de ray\u00f3n se utilizan para encintar mazos de cables y forman parte integrante de la construcci\u00f3n de stands de ferias y de la tecnolog\u00eda de eventos.\" \/>\n<meta property=\"og:url\" content=\"https:\/\/cardinal-tapes.com\/es\/cintas-adhesivas-es__trashed\/cinta-adhesiva-abc\/cintas-tejidas-de-rayon\/\" \/>\n<meta property=\"og:site_name\" content=\"cardinal TAPES\" \/>\n<meta property=\"article:modified_time\" content=\"2023-06-02T09:12:19+00:00\" \/>\n<meta name=\"twitter:card\" content=\"summary_large_image\" \/>\n<meta name=\"twitter:label1\" content=\"Tiempo de lectura\" \/>\n\t<meta name=\"twitter:data1\" content=\"9 minutos\" \/>\n<script type=\"application\/ld+json\" class=\"yoast-schema-graph\">{\"@context\":\"https:\\\/\\\/schema.org\",\"@graph\":[{\"@type\":\"WebPage\",\"@id\":\"https:\\\/\\\/cardinal-tapes.com\\\/es\\\/cintas-adhesivas-es__trashed\\\/cinta-adhesiva-abc\\\/cintas-tejidas-de-rayon\\\/\",\"url\":\"https:\\\/\\\/cardinal-tapes.com\\\/es\\\/cintas-adhesivas-es__trashed\\\/cinta-adhesiva-abc\\\/cintas-tejidas-de-rayon\\\/\",\"name\":\"Cintas tejidas de ray\u00f3n - cardinal TAPES\",\"isPartOf\":{\"@id\":\"https:\\\/\\\/cardinal-tapes.com\\\/#website\"},\"datePublished\":\"2023-06-02T08:59:42+00:00\",\"dateModified\":\"2023-06-02T09:12:19+00:00\",\"description\":\"Las cintas tejidas de ray\u00f3n se utilizan para encintar mazos de cables y forman parte integrante de la construcci\u00f3n de stands de ferias y de la tecnolog\u00eda de eventos.\",\"breadcrumb\":{\"@id\":\"https:\\\/\\\/cardinal-tapes.com\\\/es\\\/cintas-adhesivas-es__trashed\\\/cinta-adhesiva-abc\\\/cintas-tejidas-de-rayon\\\/#breadcrumb\"},\"inLanguage\":\"es\",\"potentialAction\":[{\"@type\":\"ReadAction\",\"target\":[\"https:\\\/\\\/cardinal-tapes.com\\\/es\\\/cintas-adhesivas-es__trashed\\\/cinta-adhesiva-abc\\\/cintas-tejidas-de-rayon\\\/\"]}]},{\"@type\":\"BreadcrumbList\",\"@id\":\"https:\\\/\\\/cardinal-tapes.com\\\/es\\\/cintas-adhesivas-es__trashed\\\/cinta-adhesiva-abc\\\/cintas-tejidas-de-rayon\\\/#breadcrumb\",\"itemListElement\":[{\"@type\":\"ListItem\",\"position\":1,\"name\":\"Startseite\",\"item\":\"https:\\\/\\\/cardinal-tapes.com\\\/es\\\/\"},{\"@type\":\"ListItem\",\"position\":2,\"name\":\"Cinta adhesiva ABC\",\"item\":\"https:\\\/\\\/cardinal-tapes.com\\\/es\\\/cintas-adhesivas-es__trashed\\\/cinta-adhesiva-abc\\\/\"},{\"@type\":\"ListItem\",\"position\":3,\"name\":\"Cintas tejidas de ray\u00f3n\"}]},{\"@type\":\"WebSite\",\"@id\":\"https:\\\/\\\/cardinal-tapes.com\\\/#website\",\"url\":\"https:\\\/\\\/cardinal-tapes.com\\\/\",\"name\":\"cardinal TAPES\",\"description\":\"Klebetechnik aus Wuppertal\",\"potentialAction\":[{\"@type\":\"SearchAction\",\"target\":{\"@type\":\"EntryPoint\",\"urlTemplate\":\"https:\\\/\\\/cardinal-tapes.com\\\/?s={search_term_string}\"},\"query-input\":{\"@type\":\"PropertyValueSpecification\",\"valueRequired\":true,\"valueName\":\"search_term_string\"}}],\"inLanguage\":\"es\"}]}<\/script>\n<!-- \/ Yoast SEO plugin. -->","yoast_head_json":{"title":"Cintas tejidas de ray\u00f3n - cardinal TAPES","description":"Las cintas tejidas de ray\u00f3n se utilizan para encintar mazos de cables y forman parte integrante de la construcci\u00f3n de stands de ferias y de la tecnolog\u00eda de eventos.","robots":{"index":"index","follow":"follow","max-snippet":"max-snippet:-1","max-image-preview":"max-image-preview:large","max-video-preview":"max-video-preview:-1"},"canonical":"https:\/\/cardinal-tapes.com\/es\/cintas-adhesivas-es__trashed\/cinta-adhesiva-abc\/cintas-tejidas-de-rayon\/","og_locale":"es_ES","og_type":"article","og_title":"Cintas tejidas de ray\u00f3n - cardinal TAPES","og_description":"Las cintas tejidas de ray\u00f3n se utilizan para encintar mazos de cables y forman parte integrante de la construcci\u00f3n de stands de ferias y de la tecnolog\u00eda de eventos.","og_url":"https:\/\/cardinal-tapes.com\/es\/cintas-adhesivas-es__trashed\/cinta-adhesiva-abc\/cintas-tejidas-de-rayon\/","og_site_name":"cardinal TAPES","article_modified_time":"2023-06-02T09:12:19+00:00","twitter_card":"summary_large_image","twitter_misc":{"Tiempo de lectura":"9 minutos"},"schema":{"@context":"https:\/\/schema.org","@graph":[{"@type":"WebPage","@id":"https:\/\/cardinal-tapes.com\/es\/cintas-adhesivas-es__trashed\/cinta-adhesiva-abc\/cintas-tejidas-de-rayon\/","url":"https:\/\/cardinal-tapes.com\/es\/cintas-adhesivas-es__trashed\/cinta-adhesiva-abc\/cintas-tejidas-de-rayon\/","name":"Cintas tejidas de ray\u00f3n - cardinal TAPES","isPartOf":{"@id":"https:\/\/cardinal-tapes.com\/#website"},"datePublished":"2023-06-02T08:59:42+00:00","dateModified":"2023-06-02T09:12:19+00:00","description":"Las cintas tejidas de ray\u00f3n se utilizan para encintar mazos de cables y forman parte integrante de la construcci\u00f3n de stands de ferias y de la tecnolog\u00eda de eventos.","breadcrumb":{"@id":"https:\/\/cardinal-tapes.com\/es\/cintas-adhesivas-es__trashed\/cinta-adhesiva-abc\/cintas-tejidas-de-rayon\/#breadcrumb"},"inLanguage":"es","potentialAction":[{"@type":"ReadAction","target":["https:\/\/cardinal-tapes.com\/es\/cintas-adhesivas-es__trashed\/cinta-adhesiva-abc\/cintas-tejidas-de-rayon\/"]}]},{"@type":"BreadcrumbList","@id":"https:\/\/cardinal-tapes.com\/es\/cintas-adhesivas-es__trashed\/cinta-adhesiva-abc\/cintas-tejidas-de-rayon\/#breadcrumb","itemListElement":[{"@type":"ListItem","position":1,"name":"Startseite","item":"https:\/\/cardinal-tapes.com\/es\/"},{"@type":"ListItem","position":2,"name":"Cinta adhesiva ABC","item":"https:\/\/cardinal-tapes.com\/es\/cintas-adhesivas-es__trashed\/cinta-adhesiva-abc\/"},{"@type":"ListItem","position":3,"name":"Cintas tejidas de ray\u00f3n"}]},{"@type":"WebSite","@id":"https:\/\/cardinal-tapes.com\/#website","url":"https:\/\/cardinal-tapes.com\/","name":"cardinal TAPES","description":"Klebetechnik aus Wuppertal","potentialAction":[{"@type":"SearchAction","target":{"@type":"EntryPoint","urlTemplate":"https:\/\/cardinal-tapes.com\/?s={search_term_string}"},"query-input":{"@type":"PropertyValueSpecification","valueRequired":true,"valueName":"search_term_string"}}],"inLanguage":"es"}]}},"_links":{"self":[{"href":"https:\/\/cardinal-tapes.com\/es\/wp-json\/wp\/v2\/pages\/31327","targetHints":{"allow":["GET"]}}],"collection":[{"href":"https:\/\/cardinal-tapes.com\/es\/wp-json\/wp\/v2\/pages"}],"about":[{"href":"https:\/\/cardinal-tapes.com\/es\/wp-json\/wp\/v2\/types\/page"}],"author":[{"embeddable":true,"href":"https:\/\/cardinal-tapes.com\/es\/wp-json\/wp\/v2\/users\/1"}],"replies":[{"embeddable":true,"href":"https:\/\/cardinal-tapes.com\/es\/wp-json\/wp\/v2\/comments?post=31327"}],"version-history":[{"count":0,"href":"https:\/\/cardinal-tapes.com\/es\/wp-json\/wp\/v2\/pages\/31327\/revisions"}],"up":[{"embeddable":true,"href":"https:\/\/cardinal-tapes.com\/es\/wp-json\/wp\/v2\/pages\/30710"}],"wp:attachment":[{"href":"https:\/\/cardinal-tapes.com\/es\/wp-json\/wp\/v2\/media?parent=31327"}],"curies":[{"name":"wp","href":"https:\/\/api.w.org\/{rel}","templated":true}]}}