{"id":31290,"date":"2023-06-02T10:59:28","date_gmt":"2023-06-02T08:59:28","guid":{"rendered":"https:\/\/cardinal.pixel-tal.de\/cintas-adhesivas\/cinta-adhesiva-abc\/cintas-para-moquetas\/"},"modified":"2023-06-02T11:12:11","modified_gmt":"2023-06-02T09:12:11","slug":"cintas-para-moquetas","status":"publish","type":"page","link":"https:\/\/cardinal-tapes.com\/es\/cintas-adhesivas-es\/cinta-adhesiva-abc\/cintas-para-moquetas\/","title":{"rendered":"Cintas para moquetas"},"content":{"rendered":"<div id='av_section_1'  class='avia-section av-2a43jl4-ceb2e3143f14efad2ca4bd7781be5e62 alternate_color avia-section-default avia-no-border-styling  avia-builder-el-0  avia-builder-el-no-sibling  avia-bg-style-scroll container_wrap fullsize'  ><div class='container av-section-cont-open' ><main  role=\"main\" itemprop=\"mainContentOfPage\"  class='template-page content  av-content-full alpha units'><div class='post-entry post-entry-type-page post-entry-31290'><div class='entry-content-wrapper clearfix'>\n<div  class='flex_column av-5apcyw-c553d7c50c4508b7c8fb2d2dc3c4fe53 av_one_full  avia-builder-el-1  el_before_av_one_half  avia-builder-el-first  first flex_column_div  '     ><div class=\"pxl-headline pxl-hl hl-wrap | hl-sub--bot hl--align-left hl--no-margin    \">\n        <div class=\"hl-inner\">\n            <h2 class=\"hl-main hl-line |  hl_main--default  \">Cintas para moquetas<\/h2>\n            \n    <\/div>\n<\/div><\/div><div  class='flex_column av-150h2zs-edf57c3750b8ab9fb3c2f077d4665a8e av_one_half  avia-builder-el-3  el_after_av_one_full  el_before_av_one_half  first flex_column_div  column-top-margin'     ><section  class='av_textblock_section av-7gtfjc-d42b8c0efde72b4c9554728abbba14db '   itemscope=\"itemscope\" itemtype=\"https:\/\/schema.org\/CreativeWork\" ><div class='avia_textblock'  itemprop=\"text\" ><p>La cinta para moquetas, tambi\u00e9n llamada cinta de instalaci\u00f3n, es una cinta adhesiva de doble cara con una excelente fuerza de adhesi\u00f3n. Se utiliza para fijar alfombras y otros revestimientos de suelos al subsuelo. La cinta para moquetas se utiliza tanto en hogares como en grandes empresas. En este contexto, los comerciantes y transportistas, en particular, obtienen cinta de instalaci\u00f3n o cinta adhesiva correspondiente para fijar alfombras y otros revestimientos del suelo y evitar as\u00ed el riesgo de accidentes.<\/p>\n<h4>Las ventajas de la cinta para moquetas<\/h4>\n<p>La cinta para moquetas es adecuada para todas las moquetas y revestimientos de suelo de PVC y puede retirarse sin dejar residuos ni da\u00f1os, independientemente de la fuerza del adhesivo o del grosor de la cinta. La cinta adhesiva extrafuerte se adhiere a casi todas las superficies, como baldosas, m\u00e1rmol, vinilo y otras estructuras lisas en interiores. La instalaci\u00f3n de la cinta para moquetas es sencilla. Una vez aplicada al sustrato, la cinta de moqueta puede rasgarse manualmente. A continuaci\u00f3n, retire la pel\u00edcula de pl\u00e1stico protectora del soporte adhesivo y coloque el revestimiento de suelo que desea fijar.<\/p>\n<\/div><\/section><\/div><div  class='flex_column av-qanfrc-45f623f61854042501de0d6c42938501 av_one_half  avia-builder-el-5  el_after_av_one_half  avia-builder-el-last  flex_column_div  column-top-margin'     ><section  class='av_textblock_section av-1346nwo-cab88eddba94c5372e1adc122b81dbb9 '   itemscope=\"itemscope\" itemtype=\"https:\/\/schema.org\/CreativeWork\" ><div class='avia_textblock'  itemprop=\"text\" ><h4>Cinta para moquetas de m\u00e1xima calidad<\/h4>\n<p>Como expertos en <a href=\"https:\/\/cardinal-tapes.com\/klebebaender\/\">cinta adhesiva<\/a>, s\u00f3lo utilizamos marcas fuertes y reconocidas como tesa o 3M. Adem\u00e1s, le asesoramos en la elecci\u00f3n de la cinta adhesiva adecuada o tambi\u00e9n realizamos embalajes individuales para ofrecerle un servicio integral. Si tiene alguna pregunta sobre nuestra cinta para moquetas resistentes, no dude en ponerse en contacto directamente con nuestros expertos. Juntos encontraremos la cinta de moqueta adecuada para sus necesidades individuales.<\/p>\n<\/div><\/section><\/div>\n\n","protected":false},"excerpt":{"rendered":"","protected":false},"author":1,"featured_media":0,"parent":30710,"menu_order":11,"comment_status":"closed","ping_status":"closed","template":"","meta":{"_acf_changed":false,"footnotes":""},"class_list":["post-31290","page","type-page","status-publish","hentry"],"acf":[],"yoast_head":"<!-- This site is optimized with the Yoast SEO plugin v27.3 - https:\/\/yoast.com\/product\/yoast-seo-wordpress\/ -->\n<title>Cintas para moquetas del experto - cardinal TAPES.<\/title>\n<meta name=\"description\" content=\"Las cintas adhesivas para moquetas o cintas de instalaci\u00f3n son adecuadas para fijar revestimientos de suelo como la moqueta y evitar accidentes. M\u00e1s informaci\u00f3n.\" \/>\n<meta name=\"robots\" content=\"index, follow, max-snippet:-1, max-image-preview:large, max-video-preview:-1\" \/>\n<link rel=\"canonical\" href=\"https:\/\/cardinal-tapes.com\/es\/cintas-adhesivas-es__trashed\/cinta-adhesiva-abc\/cintas-para-moquetas\/\" \/>\n<meta property=\"og:locale\" content=\"es_ES\" \/>\n<meta property=\"og:type\" content=\"article\" \/>\n<meta property=\"og:title\" content=\"Cintas para moquetas del experto - cardinal TAPES.\" \/>\n<meta property=\"og:description\" content=\"Las cintas adhesivas para moquetas o cintas de instalaci\u00f3n son adecuadas para fijar revestimientos de suelo como la moqueta y evitar accidentes. M\u00e1s informaci\u00f3n.\" \/>\n<meta property=\"og:url\" content=\"https:\/\/cardinal-tapes.com\/es\/cintas-adhesivas-es__trashed\/cinta-adhesiva-abc\/cintas-para-moquetas\/\" \/>\n<meta property=\"og:site_name\" content=\"cardinal TAPES\" \/>\n<meta property=\"article:modified_time\" content=\"2023-06-02T09:12:11+00:00\" \/>\n<meta name=\"twitter:card\" content=\"summary_large_image\" \/>\n<meta name=\"twitter:label1\" content=\"Tiempo de lectura\" \/>\n\t<meta name=\"twitter:data1\" content=\"9 minutos\" \/>\n<script type=\"application\/ld+json\" class=\"yoast-schema-graph\">{\"@context\":\"https:\\\/\\\/schema.org\",\"@graph\":[{\"@type\":\"WebPage\",\"@id\":\"https:\\\/\\\/cardinal-tapes.com\\\/es\\\/cintas-adhesivas-es__trashed\\\/cinta-adhesiva-abc\\\/cintas-para-moquetas\\\/\",\"url\":\"https:\\\/\\\/cardinal-tapes.com\\\/es\\\/cintas-adhesivas-es__trashed\\\/cinta-adhesiva-abc\\\/cintas-para-moquetas\\\/\",\"name\":\"Cintas para moquetas del experto - cardinal TAPES.\",\"isPartOf\":{\"@id\":\"https:\\\/\\\/cardinal-tapes.com\\\/#website\"},\"datePublished\":\"2023-06-02T08:59:28+00:00\",\"dateModified\":\"2023-06-02T09:12:11+00:00\",\"description\":\"Las cintas adhesivas para moquetas o cintas de instalaci\u00f3n son adecuadas para fijar revestimientos de suelo como la moqueta y evitar accidentes. M\u00e1s informaci\u00f3n.\",\"breadcrumb\":{\"@id\":\"https:\\\/\\\/cardinal-tapes.com\\\/es\\\/cintas-adhesivas-es__trashed\\\/cinta-adhesiva-abc\\\/cintas-para-moquetas\\\/#breadcrumb\"},\"inLanguage\":\"es\",\"potentialAction\":[{\"@type\":\"ReadAction\",\"target\":[\"https:\\\/\\\/cardinal-tapes.com\\\/es\\\/cintas-adhesivas-es__trashed\\\/cinta-adhesiva-abc\\\/cintas-para-moquetas\\\/\"]}]},{\"@type\":\"BreadcrumbList\",\"@id\":\"https:\\\/\\\/cardinal-tapes.com\\\/es\\\/cintas-adhesivas-es__trashed\\\/cinta-adhesiva-abc\\\/cintas-para-moquetas\\\/#breadcrumb\",\"itemListElement\":[{\"@type\":\"ListItem\",\"position\":1,\"name\":\"Startseite\",\"item\":\"https:\\\/\\\/cardinal-tapes.com\\\/es\\\/\"},{\"@type\":\"ListItem\",\"position\":2,\"name\":\"Cinta adhesiva ABC\",\"item\":\"https:\\\/\\\/cardinal-tapes.com\\\/es\\\/cintas-adhesivas-es__trashed\\\/cinta-adhesiva-abc\\\/\"},{\"@type\":\"ListItem\",\"position\":3,\"name\":\"Cintas para moquetas\"}]},{\"@type\":\"WebSite\",\"@id\":\"https:\\\/\\\/cardinal-tapes.com\\\/#website\",\"url\":\"https:\\\/\\\/cardinal-tapes.com\\\/\",\"name\":\"cardinal TAPES\",\"description\":\"Klebetechnik aus Wuppertal\",\"potentialAction\":[{\"@type\":\"SearchAction\",\"target\":{\"@type\":\"EntryPoint\",\"urlTemplate\":\"https:\\\/\\\/cardinal-tapes.com\\\/?s={search_term_string}\"},\"query-input\":{\"@type\":\"PropertyValueSpecification\",\"valueRequired\":true,\"valueName\":\"search_term_string\"}}],\"inLanguage\":\"es\"}]}<\/script>\n<!-- \/ Yoast SEO plugin. -->","yoast_head_json":{"title":"Cintas para moquetas del experto - cardinal TAPES.","description":"Las cintas adhesivas para moquetas o cintas de instalaci\u00f3n son adecuadas para fijar revestimientos de suelo como la moqueta y evitar accidentes. M\u00e1s informaci\u00f3n.","robots":{"index":"index","follow":"follow","max-snippet":"max-snippet:-1","max-image-preview":"max-image-preview:large","max-video-preview":"max-video-preview:-1"},"canonical":"https:\/\/cardinal-tapes.com\/es\/cintas-adhesivas-es__trashed\/cinta-adhesiva-abc\/cintas-para-moquetas\/","og_locale":"es_ES","og_type":"article","og_title":"Cintas para moquetas del experto - cardinal TAPES.","og_description":"Las cintas adhesivas para moquetas o cintas de instalaci\u00f3n son adecuadas para fijar revestimientos de suelo como la moqueta y evitar accidentes. M\u00e1s informaci\u00f3n.","og_url":"https:\/\/cardinal-tapes.com\/es\/cintas-adhesivas-es__trashed\/cinta-adhesiva-abc\/cintas-para-moquetas\/","og_site_name":"cardinal TAPES","article_modified_time":"2023-06-02T09:12:11+00:00","twitter_card":"summary_large_image","twitter_misc":{"Tiempo de lectura":"9 minutos"},"schema":{"@context":"https:\/\/schema.org","@graph":[{"@type":"WebPage","@id":"https:\/\/cardinal-tapes.com\/es\/cintas-adhesivas-es__trashed\/cinta-adhesiva-abc\/cintas-para-moquetas\/","url":"https:\/\/cardinal-tapes.com\/es\/cintas-adhesivas-es__trashed\/cinta-adhesiva-abc\/cintas-para-moquetas\/","name":"Cintas para moquetas del experto - cardinal TAPES.","isPartOf":{"@id":"https:\/\/cardinal-tapes.com\/#website"},"datePublished":"2023-06-02T08:59:28+00:00","dateModified":"2023-06-02T09:12:11+00:00","description":"Las cintas adhesivas para moquetas o cintas de instalaci\u00f3n son adecuadas para fijar revestimientos de suelo como la moqueta y evitar accidentes. M\u00e1s informaci\u00f3n.","breadcrumb":{"@id":"https:\/\/cardinal-tapes.com\/es\/cintas-adhesivas-es__trashed\/cinta-adhesiva-abc\/cintas-para-moquetas\/#breadcrumb"},"inLanguage":"es","potentialAction":[{"@type":"ReadAction","target":["https:\/\/cardinal-tapes.com\/es\/cintas-adhesivas-es__trashed\/cinta-adhesiva-abc\/cintas-para-moquetas\/"]}]},{"@type":"BreadcrumbList","@id":"https:\/\/cardinal-tapes.com\/es\/cintas-adhesivas-es__trashed\/cinta-adhesiva-abc\/cintas-para-moquetas\/#breadcrumb","itemListElement":[{"@type":"ListItem","position":1,"name":"Startseite","item":"https:\/\/cardinal-tapes.com\/es\/"},{"@type":"ListItem","position":2,"name":"Cinta adhesiva ABC","item":"https:\/\/cardinal-tapes.com\/es\/cintas-adhesivas-es__trashed\/cinta-adhesiva-abc\/"},{"@type":"ListItem","position":3,"name":"Cintas para moquetas"}]},{"@type":"WebSite","@id":"https:\/\/cardinal-tapes.com\/#website","url":"https:\/\/cardinal-tapes.com\/","name":"cardinal TAPES","description":"Klebetechnik aus Wuppertal","potentialAction":[{"@type":"SearchAction","target":{"@type":"EntryPoint","urlTemplate":"https:\/\/cardinal-tapes.com\/?s={search_term_string}"},"query-input":{"@type":"PropertyValueSpecification","valueRequired":true,"valueName":"search_term_string"}}],"inLanguage":"es"}]}},"_links":{"self":[{"href":"https:\/\/cardinal-tapes.com\/es\/wp-json\/wp\/v2\/pages\/31290","targetHints":{"allow":["GET"]}}],"collection":[{"href":"https:\/\/cardinal-tapes.com\/es\/wp-json\/wp\/v2\/pages"}],"about":[{"href":"https:\/\/cardinal-tapes.com\/es\/wp-json\/wp\/v2\/types\/page"}],"author":[{"embeddable":true,"href":"https:\/\/cardinal-tapes.com\/es\/wp-json\/wp\/v2\/users\/1"}],"replies":[{"embeddable":true,"href":"https:\/\/cardinal-tapes.com\/es\/wp-json\/wp\/v2\/comments?post=31290"}],"version-history":[{"count":0,"href":"https:\/\/cardinal-tapes.com\/es\/wp-json\/wp\/v2\/pages\/31290\/revisions"}],"up":[{"embeddable":true,"href":"https:\/\/cardinal-tapes.com\/es\/wp-json\/wp\/v2\/pages\/30710"}],"wp:attachment":[{"href":"https:\/\/cardinal-tapes.com\/es\/wp-json\/wp\/v2\/media?parent=31290"}],"curies":[{"name":"wp","href":"https:\/\/api.w.org\/{rel}","templated":true}]}}