{"id":31268,"date":"2018-11-07T10:39:59","date_gmt":"2018-11-07T09:39:59","guid":{"rendered":"https:\/\/cardinal.pixel-tal.de\/cintas-adhesivas\/cinta-adhesiva-abc\/cinta-adhesiva-de-aluminio-ignifuga\/"},"modified":"2025-05-20T15:59:45","modified_gmt":"2025-05-20T13:59:45","slug":"cinta-adhesiva-de-aluminio-ignifuga","status":"publish","type":"page","link":"https:\/\/cardinal-tapes.com\/es\/cintas-adhesivas-es\/cinta-adhesiva-abc\/cinta-adhesiva-de-aluminio-ignifuga\/","title":{"rendered":"Cinta adhesiva de aluminio ign\u00edfuga"},"content":{"rendered":"<div id='av_section_1'  class='avia-section av-3mjlbhi-354dd7048e64d3918deeaef52f75b8e8 alternate_color avia-section-default avia-no-border-styling  avia-builder-el-0  el_before_av_section  avia-builder-el-first  avia-bg-style-scroll container_wrap fullsize'  ><div class='container av-section-cont-open' ><main  role=\"main\" itemprop=\"mainContentOfPage\"  class='template-page content  av-content-full alpha units'><div class='post-entry post-entry-type-page post-entry-31268'><div class='entry-content-wrapper clearfix'>\n<div  class='flex_column av-bgawbq-13b8a1fbe9243760caf294235269ec57 av_one_full  avia-builder-el-1  el_before_av_one_half  avia-builder-el-first  first flex_column_div  '     ><div class=\"pxl-headline pxl-hl hl-wrap | hl-sub--off hl--align-left hl--no-margin    \">\n        <div class=\"hl-inner\">\n            <h2 class=\"hl-main hl-line |  hl_main--default  \">Cinta adhesiva de aluminio ign\u00edfuga<\/h2>\n            \n    <\/div>\n<\/div><\/div><div  class='flex_column av-2nvt1uu-aa5eb4f83841e3985ee56bf5617d96b6 av_one_half  avia-builder-el-3  el_after_av_one_full  el_before_av_one_half  first flex_column_div  column-top-margin'     ><section  class='av_textblock_section av-34zloue-83ba32224faa0f0be384335f229c2cec '   itemscope=\"itemscope\" itemtype=\"https:\/\/schema.org\/CreativeWork\" ><div class='avia_textblock'  itemprop=\"text\" ><p>La cinta adhesiva de aluminio ign\u00edfuga es necesaria para diversas aplicaciones. La cinta, con su adhesivo de acrilato resistente al envejecimiento, es adecuada para sellar tuber\u00edas y conductos de aire y para pegar materiales aislantes de fibra mineral laminados con aluminio. Adem\u00e1s, puede utilizarse como barrera de difusi\u00f3n de vapor, cinta de enmascarar en galvanoplastia, pel\u00edcula reflectora o tambi\u00e9n en la reparaci\u00f3n de contenedores. En este contexto, la cinta adhesiva de aluminio ign\u00edfuga debe cumplir requisitos extremos, por lo que es resistente a temperaturas de hasta 150 grados. A ello se a\u00f1ade una gran resistencia a otros agentes atmosf\u00e9ricos, como la humedad.<\/p>\n<\/div><\/section><\/div><div  class='flex_column av-28t05mu-d55b57c97316fd98c45ae469febed88d av_one_half  avia-builder-el-5  el_after_av_one_half  avia-builder-el-last  flex_column_div  column-top-margin'     ><section  class='av_textblock_section av-p0fba-f7c182e1fe65f5a7f87b44d2273b8888 '   itemscope=\"itemscope\" itemtype=\"https:\/\/schema.org\/CreativeWork\" ><div class='avia_textblock'  itemprop=\"text\" ><h4>Cinta adhesiva de aluminio ign\u00edfuga &#8211; ISO DIN 4102 B1<\/h4>\n<p>La seguridad desempe\u00f1a un papel decisivo en los \u00e1mbitos de aplicaci\u00f3n de la cinta adhesiva de aluminio ign\u00edfuga. Por ello, las propiedades que debe cumplir esta cinta especial se definen en la norma internacional ISO DIN 4102. Divide la inflamabilidad de los materiales en los niveles B1 para dif\u00edcilmente inflamable, B2 para normalmente inflamable y B3 para f\u00e1cilmente inflamable. Para obtener el certificado correspondiente al grado B1, las cintas adhesivas de aluminio ign\u00edfugas se someten a ensayos en institutos autorizados a tal efecto.<\/p>\n<p>Ofrecemos a nuestros clientes la posibilidad de <a href=\"https:\/\/cardinal-tapes.com\/es\/embalaje\/\">personalizar las cintas seg\u00fan sus deseos<\/a>. No dude en ponerse en contacto con nuestros veteranos expertos para obtener m\u00e1s informaci\u00f3n.<\/p>\n<\/div><\/section><\/div>\n\n<\/div><\/div><\/main><!-- close content main element --><\/div><\/div><div id='av_section_2'  class='avia-section av-64ngp2-79c0fac0469aa5ef467ec93be1f2d7a2 main_color avia-section-default avia-no-border-styling  avia-builder-el-7  el_after_av_section  avia-builder-el-last  gradient-section avia-bg-style-scroll container_wrap fullsize'  ><div class='container av-section-cont-open' ><div class='template-page content  av-content-full alpha units'><div class='post-entry post-entry-type-page post-entry-31268'><div class='entry-content-wrapper clearfix'>\n<div  class='flex_column av-3izz8m-cffe4a16d7bc263b55a0f76a7527eebb av_one_full  avia-builder-el-8  avia-builder-el-no-sibling  first flex_column_div  '     ><p><div class=\"pxl-headline pxl-hl hl-wrap | hl-sub--off hl--align-left hl--no-margin    \">\n        <div class=\"hl-inner\">\n            <h2 class=\"hl-main hl-line |  hl_main--default  \">Productos interesantes<\/h2>\n            \n    <\/div>\n<\/div>\n<br \/>\n<div   data-autoplay=''  data-interval='5'  data-animation='fade'  data-hoverpause='1'  class='template-shop avia-content-slider avia-content-slider-active avia-product-slider1 avia-content-slider-even  avia-builder-el-10  el_after_pixel_sc_headline  el_before_av_button   shop_columns_4' ><div class='avia-content-slider-inner'><ul class=\"products slide-entry-wrap\"><li class=\"product type-product post-37538 status-publish first instock product_cat-impresion-y-artes-graficas product_cat-industria-papelera product_cat-industria-textil product_cat-cintas-adhesivas-de-doble-cara has-post-thumbnail taxable shipping-taxable purchasable product-type-variable\">\n\t<div class='inner_product main_color wrapped_style noLightbox  av-product-class-no_button'><a href=\"https:\/\/cardinal-tapes.com\/es\/cintas-adhesivas\/ambitos-de-aplicacion\/impresion-y-artes-graficas\/ca-43-cinta-adhesiva-de-vellon-de-papel\/\" class=\"woocommerce-LoopProduct-link woocommerce-loop-product__link\"><div class=\"thumbnail_container\"><img decoding=\"async\" loading=\"lazy\" width=\"450\" height=\"450\" src=\"https:\/\/cardinal-tapes.com\/wp-content\/uploads\/CA_43-2_retouched-450x450.jpg\" class=\"wp-image-27099 avia-img-lazy-loading-27099 attachment-shop_catalog size-shop_catalog wp-post-image\" alt=\"Cinta adhesiva de vell\u00f3n de papel CA-43 - doble cara, Vell\u00f3n de papel, Caucho sint\u00e9tico - Ilustraci\u00f3n 27099\" srcset=\"https:\/\/cardinal-tapes.com\/wp-content\/uploads\/CA_43-2_retouched-450x450.jpg 450w, https:\/\/cardinal-tapes.com\/wp-content\/uploads\/CA_43-2_retouched-120x120.jpg 120w, https:\/\/cardinal-tapes.com\/wp-content\/uploads\/CA_43-2_retouched-80x80.jpg 80w, https:\/\/cardinal-tapes.com\/wp-content\/uploads\/CA_43-2_retouched-36x36.jpg 36w, https:\/\/cardinal-tapes.com\/wp-content\/uploads\/CA_43-2_retouched-180x180.jpg 180w, https:\/\/cardinal-tapes.com\/wp-content\/uploads\/CA_43-2_retouched-100x100.jpg 100w\" sizes=\"auto, (max-width: 450px) 100vw, 450px\" \/><\/div><div class='inner_product_header'><div class='avia-arrow'><\/div><div class='inner_product_header_table'><div class='inner_product_header_cell'><span class=\"is-h2 woocommerce-loop-product__title\">Cinta adhesiva de vell\u00f3n de papel CA-43<\/span>\t\t<div class=\"product-infos\">\n\t\t\t\t\t\t\t<span class='product-infos__item'><b>Revestimiento:<\/b> doble cara<\/span>\n\t\t\t\t\t\t\t\t\t\t<span class='product-infos__item'><b>Tipo de material:<\/b> Vell\u00f3n de papel<\/span>\n\t\t\t\t\t\t\t\t\t\t<span class='product-infos__item'><b>Fabricante:<\/b> cardinal GmbH<\/span>\n\t\t\t\t\t\t\t\t\t\t<span class='product-infos__item'><b>Precio a la carta<\/b><\/span>\n\t\t\t\t\t<\/div>\n\t<\/div><\/div><\/div><\/a><\/div><\/li>\n<li class=\"product type-product post-44326 status-publish instock product_cat-cintas-adhesivas-de-doble-cara has-post-thumbnail taxable shipping-taxable purchasable product-type-variable\">\n\t<div class='inner_product main_color wrapped_style noLightbox  av-product-class-no_button'><a href=\"https:\/\/cardinal-tapes.com\/es\/cintas-adhesivas\/cintas-adhesivas-de-doble-cara\/ca-412-pet-adhesive-tape-strong-open-weak\/\" class=\"woocommerce-LoopProduct-link woocommerce-loop-product__link\"><div class=\"thumbnail_container\"><img decoding=\"async\" loading=\"lazy\" width=\"380\" height=\"380\" src=\"https:\/\/cardinal-tapes.com\/wp-content\/uploads\/ca_420_19x50mm.jpg\" class=\"wp-image-81358 avia-img-lazy-loading-81358 attachment-shop_catalog size-shop_catalog wp-post-image\" alt=\"CA-412 PV1 Cinta PET, fuerte (abierta) \/ d\u00e9bil - doble cara, Pel\u00edcula PET, Acrilato de dispersi\u00f3n, Acrilato solvente - Ilustraci\u00f3n 81358\" srcset=\"https:\/\/cardinal-tapes.com\/wp-content\/uploads\/ca_420_19x50mm.jpg 380w, https:\/\/cardinal-tapes.com\/wp-content\/uploads\/ca_420_19x50mm-200x200.jpg 200w, https:\/\/cardinal-tapes.com\/wp-content\/uploads\/ca_420_19x50mm-80x80.jpg 80w, https:\/\/cardinal-tapes.com\/wp-content\/uploads\/ca_420_19x50mm-36x36.jpg 36w, https:\/\/cardinal-tapes.com\/wp-content\/uploads\/ca_420_19x50mm-180x180.jpg 180w, https:\/\/cardinal-tapes.com\/wp-content\/uploads\/ca_420_19x50mm-120x120.jpg 120w, https:\/\/cardinal-tapes.com\/wp-content\/uploads\/ca_420_19x50mm-100x100.jpg 100w\" sizes=\"auto, (max-width: 380px) 100vw, 380px\" \/><\/div><div class='inner_product_header'><div class='avia-arrow'><\/div><div class='inner_product_header_table'><div class='inner_product_header_cell'><span class=\"is-h2 woocommerce-loop-product__title\">CA-412 PV1 Cinta PET, fuerte (abierta) \/ d\u00e9bil<\/span>\t\t<div class=\"product-infos\">\n\t\t\t\t\t\t\t<span class='product-infos__item'><b>Revestimiento:<\/b> doble cara<\/span>\n\t\t\t\t\t\t\t\t\t\t<span class='product-infos__item'><b>Tipo de material:<\/b> Pel\u00edcula PET<\/span>\n\t\t\t\t\t\t\t\t\t\t<span class='product-infos__item'><b>Fabricante:<\/b> cardinal GmbH<\/span>\n\t\t\t\t\t\t\t\t\t\t<span class='product-infos__item'><b>Precio a la carta<\/b><\/span>\n\t\t\t\t\t<\/div>\n\t<\/div><\/div><\/div><\/a><\/div><\/li>\n<li class=\"product type-product post-37516 status-publish instock product_cat-cintas-adhesivas-de-una-cara product_cat-film-pp product_cat-sistemas-de-envasado has-post-thumbnail taxable shipping-taxable purchasable product-type-variable\">\n\t<div class='inner_product main_color wrapped_style noLightbox  av-product-class-no_button'><a href=\"https:\/\/cardinal-tapes.com\/es\/cintas-adhesivas\/cintas-adhesivas-de-una-cara\/film-pp\/tesa-pack-4024\/\" class=\"woocommerce-LoopProduct-link woocommerce-loop-product__link\"><div class=\"thumbnail_container\"><img decoding=\"async\" loading=\"lazy\" width=\"450\" height=\"354\" src=\"https:\/\/cardinal-tapes.com\/wp-content\/uploads\/tesa-04024mu84-15-pa-002-fullsize171322_canvas1x1_5-450x354.jpg\" class=\"wp-image-28307 avia-img-lazy-loading-28307 attachment-shop_catalog size-shop_catalog wp-post-image\" alt=\"Cinta de embalaje tesapack\u00ae 4024 PV4 - unilateral, Pel\u00edcula PP, Acr\u00edlico - Ilustraci\u00f3n 28307\" \/><\/div><div class='inner_product_header'><div class='avia-arrow'><\/div><div class='inner_product_header_table'><div class='inner_product_header_cell'><span class=\"is-h2 woocommerce-loop-product__title\">Cinta de embalaje tesapack\u00ae 4024 PV4<\/span>\t\t<div class=\"product-infos\">\n\t\t\t\t\t\t\t<span class='product-infos__item'><b>Revestimiento:<\/b> unilateral<\/span>\n\t\t\t\t\t\t\t\t\t\t<span class='product-infos__item'><b>Tipo de material:<\/b> Pel\u00edcula PP<\/span>\n\t\t\t\t\t\t\t\t\t\t<span class='product-infos__item'><b>Fabricante:<\/b> tesa<\/span>\n\t\t\t\t\t\t\t\t\t\t<span class='product-infos__item'><b>Precio a la carta<\/b><\/span>\n\t\t\t\t\t<\/div>\n\t<\/div><\/div><\/div><\/a><\/div><\/li>\n<li class=\"product type-product post-37503 status-publish last instock product_cat-cintas-adhesivas-de-una-cara has-post-thumbnail taxable shipping-taxable purchasable product-type-variable\">\n\t<div class='inner_product main_color wrapped_style noLightbox  av-product-class-no_button'><a href=\"https:\/\/cardinal-tapes.com\/es\/cintas-adhesivas\/cintas-adhesivas-de-una-cara\/tesa-4432-cinta-de-enmascarar-especial\/\" class=\"woocommerce-LoopProduct-link woocommerce-loop-product__link\"><div class=\"thumbnail_container\"><img decoding=\"async\" loading=\"lazy\" width=\"450\" height=\"450\" src=\"https:\/\/cardinal-tapes.com\/wp-content\/uploads\/tesa-04432-450x450.jpg\" class=\"wp-image-26071 avia-img-lazy-loading-26071 attachment-shop_catalog size-shop_catalog wp-post-image\" alt=\"tesakrepp\u00ae 4432 cinta de enmascarar especial - unilateral, Papel, Caucho natural - Ilustraci\u00f3n 26071\" srcset=\"https:\/\/cardinal-tapes.com\/wp-content\/uploads\/tesa-04432-450x450.jpg 450w, https:\/\/cardinal-tapes.com\/wp-content\/uploads\/tesa-04432-120x120.jpg 120w, https:\/\/cardinal-tapes.com\/wp-content\/uploads\/tesa-04432-80x80.jpg 80w, https:\/\/cardinal-tapes.com\/wp-content\/uploads\/tesa-04432-200x200.jpg 200w, https:\/\/cardinal-tapes.com\/wp-content\/uploads\/tesa-04432-36x36.jpg 36w, https:\/\/cardinal-tapes.com\/wp-content\/uploads\/tesa-04432-180x180.jpg 180w, https:\/\/cardinal-tapes.com\/wp-content\/uploads\/tesa-04432-100x100.jpg 100w, https:\/\/cardinal-tapes.com\/wp-content\/uploads\/tesa-04432.jpg 600w\" sizes=\"auto, (max-width: 450px) 100vw, 450px\" \/><\/div><div class='inner_product_header'><div class='avia-arrow'><\/div><div class='inner_product_header_table'><div class='inner_product_header_cell'><span class=\"is-h2 woocommerce-loop-product__title\">tesakrepp\u00ae 4432 cinta de enmascarar especial<\/span>\t\t<div class=\"product-infos\">\n\t\t\t\t\t\t\t<span class='product-infos__item'><b>Revestimiento:<\/b> unilateral<\/span>\n\t\t\t\t\t\t\t\t\t\t<span class='product-infos__item'><b>Tipo de material:<\/b> Papel<\/span>\n\t\t\t\t\t\t\t\t\t\t<span class='product-infos__item'><b>Fabricante:<\/b> tesa<\/span>\n\t\t\t\t\t\t\t\t\t\t<span class='product-infos__item'><b>Precio a la carta<\/b><\/span>\n\t\t\t\t\t<\/div>\n\t<\/div><\/div><\/div><\/a><\/div><\/li>\n<\/ul><\/div><\/div><div class=\"clear\"><\/div><br \/>\n<div  class='avia-button-wrap av-podtqe-0dc401ca75eae62be926726e71b01678-wrap avia-button-left '><a href='https:\/\/cardinal-tapes.com\/klebebaender\/'  class='avia-button av-podtqe-0dc401ca75eae62be926726e71b01678 avia-icon_select-no avia-size-medium avia-position-left avia-color-theme-color layout-border color-white'  ><span class='avia_iconbox_title' >Todos los productos<\/span><\/a><\/div><\/p><\/div>\n","protected":false},"excerpt":{"rendered":"","protected":false},"author":1,"featured_media":0,"parent":30710,"menu_order":10,"comment_status":"closed","ping_status":"closed","template":"","meta":{"_acf_changed":false,"footnotes":""},"class_list":["post-31268","page","type-page","status-publish","hentry"],"acf":[],"yoast_head":"<!-- This site is optimized with the Yoast SEO plugin v27.3 - https:\/\/yoast.com\/product\/yoast-seo-wordpress\/ -->\n<title>Cinta adhesiva de aluminio ign\u00edfuga - cardinal TAPES<\/title>\n<meta name=\"description\" content=\"La cinta adhesiva de aluminio ign\u00edfuga es adecuada para aplicaciones sometidas a temperaturas extremas. M\u00e1s informaci\u00f3n.\" \/>\n<meta name=\"robots\" content=\"noindex, follow\" \/>\n<meta property=\"og:locale\" content=\"es_ES\" \/>\n<meta property=\"og:type\" content=\"article\" \/>\n<meta property=\"og:title\" content=\"Cinta adhesiva de aluminio ign\u00edfuga - cardinal TAPES\" \/>\n<meta property=\"og:description\" content=\"La cinta adhesiva de aluminio ign\u00edfuga es adecuada para aplicaciones sometidas a temperaturas extremas. M\u00e1s informaci\u00f3n.\" \/>\n<meta property=\"og:url\" content=\"https:\/\/cardinal-tapes.com\/es\/cintas-adhesivas-es\/cinta-adhesiva-abc\/cinta-adhesiva-de-aluminio-ignifuga\/\" \/>\n<meta property=\"og:site_name\" content=\"cardinal TAPES\" \/>\n<meta property=\"article:modified_time\" content=\"2025-05-20T13:59:45+00:00\" \/>\n<meta name=\"twitter:card\" content=\"summary_large_image\" \/>\n<meta name=\"twitter:label1\" content=\"Tiempo de lectura\" \/>\n\t<meta name=\"twitter:data1\" content=\"15 minutos\" \/>\n<script type=\"application\/ld+json\" class=\"yoast-schema-graph\">{\"@context\":\"https:\\\/\\\/schema.org\",\"@graph\":[{\"@type\":\"WebPage\",\"@id\":\"https:\\\/\\\/cardinal-tapes.com\\\/es\\\/cintas-adhesivas-es\\\/cinta-adhesiva-abc\\\/cinta-adhesiva-de-aluminio-ignifuga\\\/\",\"url\":\"https:\\\/\\\/cardinal-tapes.com\\\/es\\\/cintas-adhesivas-es\\\/cinta-adhesiva-abc\\\/cinta-adhesiva-de-aluminio-ignifuga\\\/\",\"name\":\"Cinta adhesiva de aluminio ign\u00edfuga - cardinal TAPES\",\"isPartOf\":{\"@id\":\"https:\\\/\\\/cardinal-tapes.com\\\/#website\"},\"datePublished\":\"2018-11-07T09:39:59+00:00\",\"dateModified\":\"2025-05-20T13:59:45+00:00\",\"description\":\"La cinta adhesiva de aluminio ign\u00edfuga es adecuada para aplicaciones sometidas a temperaturas extremas. M\u00e1s informaci\u00f3n.\",\"breadcrumb\":{\"@id\":\"https:\\\/\\\/cardinal-tapes.com\\\/es\\\/cintas-adhesivas-es\\\/cinta-adhesiva-abc\\\/cinta-adhesiva-de-aluminio-ignifuga\\\/#breadcrumb\"},\"inLanguage\":\"es\",\"potentialAction\":[{\"@type\":\"ReadAction\",\"target\":[\"https:\\\/\\\/cardinal-tapes.com\\\/es\\\/cintas-adhesivas-es\\\/cinta-adhesiva-abc\\\/cinta-adhesiva-de-aluminio-ignifuga\\\/\"]}]},{\"@type\":\"BreadcrumbList\",\"@id\":\"https:\\\/\\\/cardinal-tapes.com\\\/es\\\/cintas-adhesivas-es\\\/cinta-adhesiva-abc\\\/cinta-adhesiva-de-aluminio-ignifuga\\\/#breadcrumb\",\"itemListElement\":[{\"@type\":\"ListItem\",\"position\":1,\"name\":\"Startseite\",\"item\":\"https:\\\/\\\/cardinal-tapes.com\\\/es\\\/\"},{\"@type\":\"ListItem\",\"position\":2,\"name\":\"Cintas adhesivas\",\"item\":\"https:\\\/\\\/cardinal-tapes.com\\\/es\\\/cintas-adhesivas-es\\\/\"},{\"@type\":\"ListItem\",\"position\":3,\"name\":\"Cinta adhesiva ABC\",\"item\":\"https:\\\/\\\/cardinal-tapes.com\\\/es\\\/cintas-adhesivas-es__trashed\\\/cinta-adhesiva-abc\\\/\"},{\"@type\":\"ListItem\",\"position\":4,\"name\":\"Cinta adhesiva de aluminio ign\u00edfuga\"}]},{\"@type\":\"WebSite\",\"@id\":\"https:\\\/\\\/cardinal-tapes.com\\\/#website\",\"url\":\"https:\\\/\\\/cardinal-tapes.com\\\/\",\"name\":\"cardinal TAPES\",\"description\":\"Klebetechnik aus Wuppertal\",\"potentialAction\":[{\"@type\":\"SearchAction\",\"target\":{\"@type\":\"EntryPoint\",\"urlTemplate\":\"https:\\\/\\\/cardinal-tapes.com\\\/?s={search_term_string}\"},\"query-input\":{\"@type\":\"PropertyValueSpecification\",\"valueRequired\":true,\"valueName\":\"search_term_string\"}}],\"inLanguage\":\"es\"}]}<\/script>\n<!-- \/ Yoast SEO plugin. -->","yoast_head_json":{"title":"Cinta adhesiva de aluminio ign\u00edfuga - cardinal TAPES","description":"La cinta adhesiva de aluminio ign\u00edfuga es adecuada para aplicaciones sometidas a temperaturas extremas. M\u00e1s informaci\u00f3n.","robots":{"index":"noindex","follow":"follow"},"og_locale":"es_ES","og_type":"article","og_title":"Cinta adhesiva de aluminio ign\u00edfuga - cardinal TAPES","og_description":"La cinta adhesiva de aluminio ign\u00edfuga es adecuada para aplicaciones sometidas a temperaturas extremas. M\u00e1s informaci\u00f3n.","og_url":"https:\/\/cardinal-tapes.com\/es\/cintas-adhesivas-es\/cinta-adhesiva-abc\/cinta-adhesiva-de-aluminio-ignifuga\/","og_site_name":"cardinal TAPES","article_modified_time":"2025-05-20T13:59:45+00:00","twitter_card":"summary_large_image","twitter_misc":{"Tiempo de lectura":"15 minutos"},"schema":{"@context":"https:\/\/schema.org","@graph":[{"@type":"WebPage","@id":"https:\/\/cardinal-tapes.com\/es\/cintas-adhesivas-es\/cinta-adhesiva-abc\/cinta-adhesiva-de-aluminio-ignifuga\/","url":"https:\/\/cardinal-tapes.com\/es\/cintas-adhesivas-es\/cinta-adhesiva-abc\/cinta-adhesiva-de-aluminio-ignifuga\/","name":"Cinta adhesiva de aluminio ign\u00edfuga - cardinal TAPES","isPartOf":{"@id":"https:\/\/cardinal-tapes.com\/#website"},"datePublished":"2018-11-07T09:39:59+00:00","dateModified":"2025-05-20T13:59:45+00:00","description":"La cinta adhesiva de aluminio ign\u00edfuga es adecuada para aplicaciones sometidas a temperaturas extremas. M\u00e1s informaci\u00f3n.","breadcrumb":{"@id":"https:\/\/cardinal-tapes.com\/es\/cintas-adhesivas-es\/cinta-adhesiva-abc\/cinta-adhesiva-de-aluminio-ignifuga\/#breadcrumb"},"inLanguage":"es","potentialAction":[{"@type":"ReadAction","target":["https:\/\/cardinal-tapes.com\/es\/cintas-adhesivas-es\/cinta-adhesiva-abc\/cinta-adhesiva-de-aluminio-ignifuga\/"]}]},{"@type":"BreadcrumbList","@id":"https:\/\/cardinal-tapes.com\/es\/cintas-adhesivas-es\/cinta-adhesiva-abc\/cinta-adhesiva-de-aluminio-ignifuga\/#breadcrumb","itemListElement":[{"@type":"ListItem","position":1,"name":"Startseite","item":"https:\/\/cardinal-tapes.com\/es\/"},{"@type":"ListItem","position":2,"name":"Cintas adhesivas","item":"https:\/\/cardinal-tapes.com\/es\/cintas-adhesivas-es\/"},{"@type":"ListItem","position":3,"name":"Cinta adhesiva ABC","item":"https:\/\/cardinal-tapes.com\/es\/cintas-adhesivas-es__trashed\/cinta-adhesiva-abc\/"},{"@type":"ListItem","position":4,"name":"Cinta adhesiva de aluminio ign\u00edfuga"}]},{"@type":"WebSite","@id":"https:\/\/cardinal-tapes.com\/#website","url":"https:\/\/cardinal-tapes.com\/","name":"cardinal TAPES","description":"Klebetechnik aus Wuppertal","potentialAction":[{"@type":"SearchAction","target":{"@type":"EntryPoint","urlTemplate":"https:\/\/cardinal-tapes.com\/?s={search_term_string}"},"query-input":{"@type":"PropertyValueSpecification","valueRequired":true,"valueName":"search_term_string"}}],"inLanguage":"es"}]}},"_links":{"self":[{"href":"https:\/\/cardinal-tapes.com\/es\/wp-json\/wp\/v2\/pages\/31268","targetHints":{"allow":["GET"]}}],"collection":[{"href":"https:\/\/cardinal-tapes.com\/es\/wp-json\/wp\/v2\/pages"}],"about":[{"href":"https:\/\/cardinal-tapes.com\/es\/wp-json\/wp\/v2\/types\/page"}],"author":[{"embeddable":true,"href":"https:\/\/cardinal-tapes.com\/es\/wp-json\/wp\/v2\/users\/1"}],"replies":[{"embeddable":true,"href":"https:\/\/cardinal-tapes.com\/es\/wp-json\/wp\/v2\/comments?post=31268"}],"version-history":[{"count":0,"href":"https:\/\/cardinal-tapes.com\/es\/wp-json\/wp\/v2\/pages\/31268\/revisions"}],"up":[{"embeddable":true,"href":"https:\/\/cardinal-tapes.com\/es\/wp-json\/wp\/v2\/pages\/30710"}],"wp:attachment":[{"href":"https:\/\/cardinal-tapes.com\/es\/wp-json\/wp\/v2\/media?parent=31268"}],"curies":[{"name":"wp","href":"https:\/\/api.w.org\/{rel}","templated":true}]}}