{"id":31228,"date":"2023-06-02T10:59:27","date_gmt":"2023-06-02T08:59:27","guid":{"rendered":"https:\/\/cardinal.pixel-tal.de\/cintas-adhesivas\/cinta-adhesiva-abc\/cintas-adhesivas-repulpables\/"},"modified":"2023-06-02T11:12:27","modified_gmt":"2023-06-02T09:12:27","slug":"cintas-adhesivas-repulpables","status":"publish","type":"page","link":"https:\/\/cardinal-tapes.com\/es\/cintas-adhesivas-es\/cinta-adhesiva-abc\/cintas-adhesivas-repulpables\/","title":{"rendered":"Cintas adhesivas repulpables"},"content":{"rendered":"<div id='av_section_1'  class='avia-section av-b2juvj-1421f1bd15e31483742a49140e52d3c6 alternate_color avia-section-default avia-no-border-styling  avia-builder-el-0  avia-builder-el-no-sibling  avia-bg-style-scroll container_wrap fullsize'  ><div class='container av-section-cont-open' ><main  role=\"main\" itemprop=\"mainContentOfPage\"  class='template-page content  av-content-full alpha units'><div class='post-entry post-entry-type-page post-entry-31228'><div class='entry-content-wrapper clearfix'>\n<div  class='flex_column av-9isecv-113b09893045bf18fa33ab876cfa6c07 av_one_full  avia-builder-el-1  el_before_av_one_half  avia-builder-el-first  first flex_column_div  '     ><div class=\"pxl-headline pxl-hl hl-wrap | hl-sub--off hl--align-left hl--no-margin    \">\n        <div class=\"hl-inner\">\n            <h2 class=\"hl-main hl-line |  hl_main--default  \">Cintas adhesivas repulpables  <\/h2>\n            \n    <\/div>\n<\/div><\/div><div  class='flex_column av-704q2n-9e03c15287bd5d3b313359276165feb6 av_one_half  avia-builder-el-3  el_after_av_one_full  el_before_av_one_half  first flex_column_div  column-top-margin'     ><section  class='av_textblock_section av-5ei6fj-cf60d2e8870c570ba2f183384692cdc5 '   itemscope=\"itemscope\" itemtype=\"https:\/\/schema.org\/CreativeWork\" ><div class='avia_textblock'  itemprop=\"text\" ><p>Ya sea para aislar, para fijar componentes o incluso para sujetar elementos visuales y embellecedores, las cintas adhesivas altamente especializadas desempe\u00f1an un papel crucial en la industria del autom\u00f3vil.  <\/p>\n<p>Como proveedor de cintas adhesivas para el sector de la automoci\u00f3n, somos el socio fuerte de numerosas marcas automovil\u00edsticas de primera calidad y de sus proveedores, porque: Ofrecemos una amplia gama de soluciones diferentes. Adem\u00e1s, contamos con los conocimientos necesarios para asesorar eficazmente a nuestros clientes sobre su aplicaci\u00f3n individual. Tambi\u00e9n somos su socio para cintas adhesivas confeccionadas, por lo que gracias a la tecnolog\u00eda moderna podemos crear soluciones personalizadas para usted.<\/p>\n<\/div><\/section><\/div><div  class='flex_column av-45mya7-960774b81cbab31ae5dc5a8210168bb9 av_one_half  avia-builder-el-5  el_after_av_one_half  avia-builder-el-last  flex_column_div  column-top-margin'     ><section  class='av_textblock_section av-2ptt7z-78505757d73709f224e78109b1723d50 '   itemscope=\"itemscope\" itemtype=\"https:\/\/schema.org\/CreativeWork\" ><div class='avia_textblock'  itemprop=\"text\" ><p>Ya sea para aislar, para fijar componentes o incluso para sujetar elementos visuales y embellecedores, las cintas adhesivas altamente especializadas desempe\u00f1an un papel crucial en la industria del autom\u00f3vil.  <\/p>\n<p>Como proveedor de cintas adhesivas para el sector de la automoci\u00f3n, somos el socio fuerte de numerosas marcas automovil\u00edsticas de primera calidad y de sus proveedores, porque: Ofrecemos una amplia gama de soluciones diferentes. Adem\u00e1s, contamos con los conocimientos necesarios para asesorar eficazmente a nuestros clientes sobre su aplicaci\u00f3n individual. Tambi\u00e9n somos su socio para cintas adhesivas confeccionadas, por lo que gracias a la tecnolog\u00eda moderna podemos crear soluciones personalizadas para usted.<\/p>\n<\/div><\/section><\/div>\n\n","protected":false},"excerpt":{"rendered":"","protected":false},"author":1,"featured_media":0,"parent":30710,"menu_order":21,"comment_status":"closed","ping_status":"closed","template":"","meta":{"_acf_changed":false,"footnotes":""},"class_list":["post-31228","page","type-page","status-publish","hentry"],"acf":[],"yoast_head":"<!-- This site is optimized with the Yoast SEO plugin v27.4 - https:\/\/yoast.com\/product\/yoast-seo-wordpress\/ -->\n<title>Cintas adhesivas repulpables - cardinal TAPES<\/title>\n<meta name=\"description\" content=\"Como distribuidor exclusivo de los productos ORAFIX, le ofrecemos una gama completa para todas las aplicaciones de la industria papelera y gr\u00e1fica.\" \/>\n<meta name=\"robots\" content=\"index, follow, max-snippet:-1, max-image-preview:large, max-video-preview:-1\" \/>\n<link rel=\"canonical\" href=\"https:\/\/cardinal-tapes.com\/es\/cintas-adhesivas-es__trashed\/cinta-adhesiva-abc\/cintas-adhesivas-repulpables\/\" \/>\n<meta property=\"og:locale\" content=\"es_ES\" \/>\n<meta property=\"og:type\" content=\"article\" \/>\n<meta property=\"og:title\" content=\"Cintas adhesivas repulpables - cardinal TAPES\" \/>\n<meta property=\"og:description\" content=\"Como distribuidor exclusivo de los productos ORAFIX, le ofrecemos una gama completa para todas las aplicaciones de la industria papelera y gr\u00e1fica.\" \/>\n<meta property=\"og:url\" content=\"https:\/\/cardinal-tapes.com\/es\/cintas-adhesivas-es__trashed\/cinta-adhesiva-abc\/cintas-adhesivas-repulpables\/\" \/>\n<meta property=\"og:site_name\" content=\"cardinal TAPES\" \/>\n<meta property=\"article:modified_time\" content=\"2023-06-02T09:12:27+00:00\" \/>\n<meta name=\"twitter:card\" content=\"summary_large_image\" \/>\n<meta name=\"twitter:label1\" content=\"Tiempo de lectura\" \/>\n\t<meta name=\"twitter:data1\" content=\"9 minutos\" \/>\n<script type=\"application\/ld+json\" class=\"yoast-schema-graph\">{\"@context\":\"https:\\\/\\\/schema.org\",\"@graph\":[{\"@type\":\"WebPage\",\"@id\":\"https:\\\/\\\/cardinal-tapes.com\\\/es\\\/cintas-adhesivas-es__trashed\\\/cinta-adhesiva-abc\\\/cintas-adhesivas-repulpables\\\/\",\"url\":\"https:\\\/\\\/cardinal-tapes.com\\\/es\\\/cintas-adhesivas-es__trashed\\\/cinta-adhesiva-abc\\\/cintas-adhesivas-repulpables\\\/\",\"name\":\"Cintas adhesivas repulpables - cardinal TAPES\",\"isPartOf\":{\"@id\":\"https:\\\/\\\/cardinal-tapes.com\\\/#website\"},\"datePublished\":\"2023-06-02T08:59:27+00:00\",\"dateModified\":\"2023-06-02T09:12:27+00:00\",\"description\":\"Como distribuidor exclusivo de los productos ORAFIX, le ofrecemos una gama completa para todas las aplicaciones de la industria papelera y gr\u00e1fica.\",\"breadcrumb\":{\"@id\":\"https:\\\/\\\/cardinal-tapes.com\\\/es\\\/cintas-adhesivas-es__trashed\\\/cinta-adhesiva-abc\\\/cintas-adhesivas-repulpables\\\/#breadcrumb\"},\"inLanguage\":\"es\",\"potentialAction\":[{\"@type\":\"ReadAction\",\"target\":[\"https:\\\/\\\/cardinal-tapes.com\\\/es\\\/cintas-adhesivas-es__trashed\\\/cinta-adhesiva-abc\\\/cintas-adhesivas-repulpables\\\/\"]}]},{\"@type\":\"BreadcrumbList\",\"@id\":\"https:\\\/\\\/cardinal-tapes.com\\\/es\\\/cintas-adhesivas-es__trashed\\\/cinta-adhesiva-abc\\\/cintas-adhesivas-repulpables\\\/#breadcrumb\",\"itemListElement\":[{\"@type\":\"ListItem\",\"position\":1,\"name\":\"Startseite\",\"item\":\"https:\\\/\\\/cardinal-tapes.com\\\/es\\\/\"},{\"@type\":\"ListItem\",\"position\":2,\"name\":\"Cinta adhesiva ABC\",\"item\":\"https:\\\/\\\/cardinal-tapes.com\\\/es\\\/cintas-adhesivas-es__trashed\\\/cinta-adhesiva-abc\\\/\"},{\"@type\":\"ListItem\",\"position\":3,\"name\":\"Cintas adhesivas repulpables\"}]},{\"@type\":\"WebSite\",\"@id\":\"https:\\\/\\\/cardinal-tapes.com\\\/#website\",\"url\":\"https:\\\/\\\/cardinal-tapes.com\\\/\",\"name\":\"cardinal TAPES\",\"description\":\"Klebetechnik aus Wuppertal\",\"potentialAction\":[{\"@type\":\"SearchAction\",\"target\":{\"@type\":\"EntryPoint\",\"urlTemplate\":\"https:\\\/\\\/cardinal-tapes.com\\\/?s={search_term_string}\"},\"query-input\":{\"@type\":\"PropertyValueSpecification\",\"valueRequired\":true,\"valueName\":\"search_term_string\"}}],\"inLanguage\":\"es\"}]}<\/script>\n<!-- \/ Yoast SEO plugin. -->","yoast_head_json":{"title":"Cintas adhesivas repulpables - cardinal TAPES","description":"Como distribuidor exclusivo de los productos ORAFIX, le ofrecemos una gama completa para todas las aplicaciones de la industria papelera y gr\u00e1fica.","robots":{"index":"index","follow":"follow","max-snippet":"max-snippet:-1","max-image-preview":"max-image-preview:large","max-video-preview":"max-video-preview:-1"},"canonical":"https:\/\/cardinal-tapes.com\/es\/cintas-adhesivas-es__trashed\/cinta-adhesiva-abc\/cintas-adhesivas-repulpables\/","og_locale":"es_ES","og_type":"article","og_title":"Cintas adhesivas repulpables - cardinal TAPES","og_description":"Como distribuidor exclusivo de los productos ORAFIX, le ofrecemos una gama completa para todas las aplicaciones de la industria papelera y gr\u00e1fica.","og_url":"https:\/\/cardinal-tapes.com\/es\/cintas-adhesivas-es__trashed\/cinta-adhesiva-abc\/cintas-adhesivas-repulpables\/","og_site_name":"cardinal TAPES","article_modified_time":"2023-06-02T09:12:27+00:00","twitter_card":"summary_large_image","twitter_misc":{"Tiempo de lectura":"9 minutos"},"schema":{"@context":"https:\/\/schema.org","@graph":[{"@type":"WebPage","@id":"https:\/\/cardinal-tapes.com\/es\/cintas-adhesivas-es__trashed\/cinta-adhesiva-abc\/cintas-adhesivas-repulpables\/","url":"https:\/\/cardinal-tapes.com\/es\/cintas-adhesivas-es__trashed\/cinta-adhesiva-abc\/cintas-adhesivas-repulpables\/","name":"Cintas adhesivas repulpables - cardinal TAPES","isPartOf":{"@id":"https:\/\/cardinal-tapes.com\/#website"},"datePublished":"2023-06-02T08:59:27+00:00","dateModified":"2023-06-02T09:12:27+00:00","description":"Como distribuidor exclusivo de los productos ORAFIX, le ofrecemos una gama completa para todas las aplicaciones de la industria papelera y gr\u00e1fica.","breadcrumb":{"@id":"https:\/\/cardinal-tapes.com\/es\/cintas-adhesivas-es__trashed\/cinta-adhesiva-abc\/cintas-adhesivas-repulpables\/#breadcrumb"},"inLanguage":"es","potentialAction":[{"@type":"ReadAction","target":["https:\/\/cardinal-tapes.com\/es\/cintas-adhesivas-es__trashed\/cinta-adhesiva-abc\/cintas-adhesivas-repulpables\/"]}]},{"@type":"BreadcrumbList","@id":"https:\/\/cardinal-tapes.com\/es\/cintas-adhesivas-es__trashed\/cinta-adhesiva-abc\/cintas-adhesivas-repulpables\/#breadcrumb","itemListElement":[{"@type":"ListItem","position":1,"name":"Startseite","item":"https:\/\/cardinal-tapes.com\/es\/"},{"@type":"ListItem","position":2,"name":"Cinta adhesiva ABC","item":"https:\/\/cardinal-tapes.com\/es\/cintas-adhesivas-es__trashed\/cinta-adhesiva-abc\/"},{"@type":"ListItem","position":3,"name":"Cintas adhesivas repulpables"}]},{"@type":"WebSite","@id":"https:\/\/cardinal-tapes.com\/#website","url":"https:\/\/cardinal-tapes.com\/","name":"cardinal TAPES","description":"Klebetechnik aus Wuppertal","potentialAction":[{"@type":"SearchAction","target":{"@type":"EntryPoint","urlTemplate":"https:\/\/cardinal-tapes.com\/?s={search_term_string}"},"query-input":{"@type":"PropertyValueSpecification","valueRequired":true,"valueName":"search_term_string"}}],"inLanguage":"es"}]}},"_links":{"self":[{"href":"https:\/\/cardinal-tapes.com\/es\/wp-json\/wp\/v2\/pages\/31228","targetHints":{"allow":["GET"]}}],"collection":[{"href":"https:\/\/cardinal-tapes.com\/es\/wp-json\/wp\/v2\/pages"}],"about":[{"href":"https:\/\/cardinal-tapes.com\/es\/wp-json\/wp\/v2\/types\/page"}],"author":[{"embeddable":true,"href":"https:\/\/cardinal-tapes.com\/es\/wp-json\/wp\/v2\/users\/1"}],"replies":[{"embeddable":true,"href":"https:\/\/cardinal-tapes.com\/es\/wp-json\/wp\/v2\/comments?post=31228"}],"version-history":[{"count":0,"href":"https:\/\/cardinal-tapes.com\/es\/wp-json\/wp\/v2\/pages\/31228\/revisions"}],"up":[{"embeddable":true,"href":"https:\/\/cardinal-tapes.com\/es\/wp-json\/wp\/v2\/pages\/30710"}],"wp:attachment":[{"href":"https:\/\/cardinal-tapes.com\/es\/wp-json\/wp\/v2\/media?parent=31228"}],"curies":[{"name":"wp","href":"https:\/\/api.w.org\/{rel}","templated":true}]}}