{"id":31152,"date":"2019-05-06T11:37:44","date_gmt":"2019-05-06T09:37:44","guid":{"rendered":"https:\/\/cardinal.pixel-tal.de\/cintas-adhesivas\/cinta-adhesiva-abc\/adhesivos-de-cianoacrilato\/"},"modified":"2023-06-02T11:12:02","modified_gmt":"2023-06-02T09:12:02","slug":"adhesivos-de-cianoacrilato","status":"publish","type":"page","link":"https:\/\/cardinal-tapes.com\/es\/cintas-adhesivas-es\/cinta-adhesiva-abc\/adhesivos-de-cianoacrilato\/","title":{"rendered":"Adhesivos de cianoacrilato"},"content":{"rendered":"<div id='av_section_1'  class='avia-section av-208wctm-a92572d38bca8c9b0f1400fc947a119c alternate_color avia-section-default avia-no-border-styling  avia-builder-el-0  avia-builder-el-no-sibling  avia-bg-style-scroll container_wrap fullsize'  ><div class='container av-section-cont-open' ><main  role=\"main\" itemprop=\"mainContentOfPage\"  class='template-page content  av-content-full alpha units'><div class='post-entry post-entry-type-page post-entry-31152'><div class='entry-content-wrapper clearfix'>\n<div  class='flex_column av-5wqf3e-d0d8f44a847bb86786bb8e8e9699a784 av_one_full  avia-builder-el-1  el_before_av_one_half  avia-builder-el-first  first flex_column_div  '     ><div class=\"pxl-headline pxl-hl hl-wrap | hl-sub--off hl--align-left hl--no-margin    \">\n        <div class=\"hl-inner\">\n            <h2 class=\"hl-main hl-line |  hl_main--default  \">Adhesivos de cianoacrilato<\/h2>\n            \n    <\/div>\n<\/div><\/div><div  class='flex_column av-17mub4a-57cab256630b8bdb37afd70dadcad3ca av_one_half  avia-builder-el-3  el_after_av_one_full  el_before_av_one_half  first flex_column_div  column-top-margin'     ><section  class='av_textblock_section av-820hey-fe91fe7c691468faf74f59fad806764c '   itemscope=\"itemscope\" itemtype=\"https:\/\/schema.org\/CreativeWork\" ><div class='avia_textblock'  itemprop=\"text\" ><p>Los adhesivos de cianoacrilato se conocen com\u00fanmente como &#8220;adhesivos instant\u00e1neos&#8221;. Se trata de \u00e9steres poco viscosos o deliberadamente espesados de \u00e1cido cianoacr\u00edlico, que est\u00e1n disponibles comercialmente en forma 1C como mon\u00f3meros y reaccionan por reacci\u00f3n de polimerizaci\u00f3n en el hueco de uni\u00f3n para formar el pol\u00edmero adhesivo propiamente dicho. Para que se inicie el curado, deben estar presentes grupos polares, como los iones OH de la capa de humedad de la superficie de la pieza unida. Se trata de una polimerizaci\u00f3n ani\u00f3nica, es decir, nucle\u00f3filos, como compuestos org\u00e1nicos nitrogenados, compuestos azufrados o alcoholes y agua, que atacan el doble enlace de la mol\u00e9cula de mon\u00f3mero. El proceso de polimerizaci\u00f3n es muy r\u00e1pido, de modo que en pocos segundos se forma un compuesto s\u00f3lido.<\/p>\n<\/div><\/section><\/div><div  class='flex_column av-qkleay-83d1448fde64f1755f309f82c74c43df av_one_half  avia-builder-el-5  el_after_av_one_half  avia-builder-el-last  flex_column_div  column-top-margin'     ><section  class='av_textblock_section av-12uhbhm-4cec074c1455966d4c32c35e278a23b5 '   itemscope=\"itemscope\" itemtype=\"https:\/\/schema.org\/CreativeWork\" ><div class='avia_textblock'  itemprop=\"text\" ><h4>Adhesivos de cianoacrilato: aplicaciones<\/h4>\n<p>Entre los sustratos preferidos se encuentran los metales, el vidrio o la cer\u00e1mica, que permiten una separaci\u00f3n adhesiva extremadamente fina. Para rellenar huecos un poco m\u00e1s anchos, se utilizan aditivos para aumentar la viscosidad o agentes tixotr\u00f3picos para crear un estado de gel. Estos tipos se utilizan preferentemente para pegar juntas de caucho EPDM.<\/p>\n<\/div><\/section><\/div>\n\n","protected":false},"excerpt":{"rendered":"","protected":false},"author":1,"featured_media":27671,"parent":30710,"menu_order":2,"comment_status":"closed","ping_status":"closed","template":"","meta":{"_acf_changed":false,"footnotes":""},"class_list":["post-31152","page","type-page","status-publish","has-post-thumbnail","hentry"],"acf":[],"yoast_head":"<!-- This site is optimized with the Yoast SEO plugin v27.3 - https:\/\/yoast.com\/product\/yoast-seo-wordpress\/ -->\n<title>Adhesivos de cianoacrilato - cardinal TAPES<\/title>\n<meta name=\"description\" content=\"Los adhesivos de cianoacrilato se conocen com\u00fanmente como &quot;adhesivos instant\u00e1neos&quot;. Se trata de \u00e9steres de \u00e1cido cianoacr\u00edlico de poco cuerpo o deliberadamente espesados.\" \/>\n<meta name=\"robots\" content=\"index, follow, max-snippet:-1, max-image-preview:large, max-video-preview:-1\" \/>\n<link rel=\"canonical\" href=\"https:\/\/cardinal-tapes.com\/es\/cintas-adhesivas-es\/cinta-adhesiva-abc\/adhesivos-de-cianoacrilato\/\" \/>\n<meta property=\"og:locale\" content=\"es_ES\" \/>\n<meta property=\"og:type\" content=\"article\" \/>\n<meta property=\"og:title\" content=\"Adhesivos de cianoacrilato - cardinal TAPES\" \/>\n<meta property=\"og:description\" content=\"Los adhesivos de cianoacrilato se conocen com\u00fanmente como &quot;adhesivos instant\u00e1neos&quot;. Se trata de \u00e9steres de \u00e1cido cianoacr\u00edlico de poco cuerpo o deliberadamente espesados.\" \/>\n<meta property=\"og:url\" content=\"https:\/\/cardinal-tapes.com\/es\/cintas-adhesivas-es\/cinta-adhesiva-abc\/adhesivos-de-cianoacrilato\/\" \/>\n<meta property=\"og:site_name\" content=\"cardinal TAPES\" \/>\n<meta property=\"article:modified_time\" content=\"2023-06-02T09:12:02+00:00\" \/>\n<meta property=\"og:image\" content=\"https:\/\/cardinal-tapes.com\/wp-content\/uploads\/kopfbild_folge_abc_cyanacrylat.jpg\" \/>\n\t<meta property=\"og:image:width\" content=\"1210\" \/>\n\t<meta property=\"og:image:height\" content=\"350\" \/>\n\t<meta property=\"og:image:type\" content=\"image\/jpeg\" \/>\n<meta name=\"twitter:card\" content=\"summary_large_image\" \/>\n<meta name=\"twitter:label1\" content=\"Tiempo de lectura\" \/>\n\t<meta name=\"twitter:data1\" content=\"9 minutos\" \/>\n<script type=\"application\/ld+json\" class=\"yoast-schema-graph\">{\"@context\":\"https:\\\/\\\/schema.org\",\"@graph\":[{\"@type\":\"WebPage\",\"@id\":\"https:\\\/\\\/cardinal-tapes.com\\\/es\\\/cintas-adhesivas-es\\\/cinta-adhesiva-abc\\\/adhesivos-de-cianoacrilato\\\/\",\"url\":\"https:\\\/\\\/cardinal-tapes.com\\\/es\\\/cintas-adhesivas-es\\\/cinta-adhesiva-abc\\\/adhesivos-de-cianoacrilato\\\/\",\"name\":\"Adhesivos de cianoacrilato - cardinal TAPES\",\"isPartOf\":{\"@id\":\"https:\\\/\\\/cardinal-tapes.com\\\/#website\"},\"primaryImageOfPage\":{\"@id\":\"https:\\\/\\\/cardinal-tapes.com\\\/es\\\/cintas-adhesivas-es\\\/cinta-adhesiva-abc\\\/adhesivos-de-cianoacrilato\\\/#primaryimage\"},\"image\":{\"@id\":\"https:\\\/\\\/cardinal-tapes.com\\\/es\\\/cintas-adhesivas-es\\\/cinta-adhesiva-abc\\\/adhesivos-de-cianoacrilato\\\/#primaryimage\"},\"thumbnailUrl\":\"https:\\\/\\\/cardinal-tapes.com\\\/wp-content\\\/uploads\\\/kopfbild_folge_abc_cyanacrylat.jpg\",\"datePublished\":\"2019-05-06T09:37:44+00:00\",\"dateModified\":\"2023-06-02T09:12:02+00:00\",\"description\":\"Los adhesivos de cianoacrilato se conocen com\u00fanmente como \\\"adhesivos instant\u00e1neos\\\". Se trata de \u00e9steres de \u00e1cido cianoacr\u00edlico de poco cuerpo o deliberadamente espesados.\",\"breadcrumb\":{\"@id\":\"https:\\\/\\\/cardinal-tapes.com\\\/es\\\/cintas-adhesivas-es\\\/cinta-adhesiva-abc\\\/adhesivos-de-cianoacrilato\\\/#breadcrumb\"},\"inLanguage\":\"es\",\"potentialAction\":[{\"@type\":\"ReadAction\",\"target\":[\"https:\\\/\\\/cardinal-tapes.com\\\/es\\\/cintas-adhesivas-es\\\/cinta-adhesiva-abc\\\/adhesivos-de-cianoacrilato\\\/\"]}]},{\"@type\":\"ImageObject\",\"inLanguage\":\"es\",\"@id\":\"https:\\\/\\\/cardinal-tapes.com\\\/es\\\/cintas-adhesivas-es\\\/cinta-adhesiva-abc\\\/adhesivos-de-cianoacrilato\\\/#primaryimage\",\"url\":\"https:\\\/\\\/cardinal-tapes.com\\\/wp-content\\\/uploads\\\/kopfbild_folge_abc_cyanacrylat.jpg\",\"contentUrl\":\"https:\\\/\\\/cardinal-tapes.com\\\/wp-content\\\/uploads\\\/kopfbild_folge_abc_cyanacrylat.jpg\",\"width\":1210,\"height\":350},{\"@type\":\"BreadcrumbList\",\"@id\":\"https:\\\/\\\/cardinal-tapes.com\\\/es\\\/cintas-adhesivas-es\\\/cinta-adhesiva-abc\\\/adhesivos-de-cianoacrilato\\\/#breadcrumb\",\"itemListElement\":[{\"@type\":\"ListItem\",\"position\":1,\"name\":\"Startseite\",\"item\":\"https:\\\/\\\/cardinal-tapes.com\\\/es\\\/\"},{\"@type\":\"ListItem\",\"position\":2,\"name\":\"Cintas adhesivas\",\"item\":\"https:\\\/\\\/cardinal-tapes.com\\\/es\\\/cintas-adhesivas-es\\\/\"},{\"@type\":\"ListItem\",\"position\":3,\"name\":\"Cinta adhesiva ABC\",\"item\":\"https:\\\/\\\/cardinal-tapes.com\\\/es\\\/cintas-adhesivas-es__trashed\\\/cinta-adhesiva-abc\\\/\"},{\"@type\":\"ListItem\",\"position\":4,\"name\":\"Adhesivos de cianoacrilato\"}]},{\"@type\":\"WebSite\",\"@id\":\"https:\\\/\\\/cardinal-tapes.com\\\/#website\",\"url\":\"https:\\\/\\\/cardinal-tapes.com\\\/\",\"name\":\"cardinal TAPES\",\"description\":\"Klebetechnik aus Wuppertal\",\"potentialAction\":[{\"@type\":\"SearchAction\",\"target\":{\"@type\":\"EntryPoint\",\"urlTemplate\":\"https:\\\/\\\/cardinal-tapes.com\\\/?s={search_term_string}\"},\"query-input\":{\"@type\":\"PropertyValueSpecification\",\"valueRequired\":true,\"valueName\":\"search_term_string\"}}],\"inLanguage\":\"es\"}]}<\/script>\n<!-- \/ Yoast SEO plugin. -->","yoast_head_json":{"title":"Adhesivos de cianoacrilato - cardinal TAPES","description":"Los adhesivos de cianoacrilato se conocen com\u00fanmente como \"adhesivos instant\u00e1neos\". Se trata de \u00e9steres de \u00e1cido cianoacr\u00edlico de poco cuerpo o deliberadamente espesados.","robots":{"index":"index","follow":"follow","max-snippet":"max-snippet:-1","max-image-preview":"max-image-preview:large","max-video-preview":"max-video-preview:-1"},"canonical":"https:\/\/cardinal-tapes.com\/es\/cintas-adhesivas-es\/cinta-adhesiva-abc\/adhesivos-de-cianoacrilato\/","og_locale":"es_ES","og_type":"article","og_title":"Adhesivos de cianoacrilato - cardinal TAPES","og_description":"Los adhesivos de cianoacrilato se conocen com\u00fanmente como \"adhesivos instant\u00e1neos\". Se trata de \u00e9steres de \u00e1cido cianoacr\u00edlico de poco cuerpo o deliberadamente espesados.","og_url":"https:\/\/cardinal-tapes.com\/es\/cintas-adhesivas-es\/cinta-adhesiva-abc\/adhesivos-de-cianoacrilato\/","og_site_name":"cardinal TAPES","article_modified_time":"2023-06-02T09:12:02+00:00","og_image":[{"width":1210,"height":350,"url":"https:\/\/cardinal-tapes.com\/wp-content\/uploads\/kopfbild_folge_abc_cyanacrylat.jpg","type":"image\/jpeg"}],"twitter_card":"summary_large_image","twitter_misc":{"Tiempo de lectura":"9 minutos"},"schema":{"@context":"https:\/\/schema.org","@graph":[{"@type":"WebPage","@id":"https:\/\/cardinal-tapes.com\/es\/cintas-adhesivas-es\/cinta-adhesiva-abc\/adhesivos-de-cianoacrilato\/","url":"https:\/\/cardinal-tapes.com\/es\/cintas-adhesivas-es\/cinta-adhesiva-abc\/adhesivos-de-cianoacrilato\/","name":"Adhesivos de cianoacrilato - cardinal TAPES","isPartOf":{"@id":"https:\/\/cardinal-tapes.com\/#website"},"primaryImageOfPage":{"@id":"https:\/\/cardinal-tapes.com\/es\/cintas-adhesivas-es\/cinta-adhesiva-abc\/adhesivos-de-cianoacrilato\/#primaryimage"},"image":{"@id":"https:\/\/cardinal-tapes.com\/es\/cintas-adhesivas-es\/cinta-adhesiva-abc\/adhesivos-de-cianoacrilato\/#primaryimage"},"thumbnailUrl":"https:\/\/cardinal-tapes.com\/wp-content\/uploads\/kopfbild_folge_abc_cyanacrylat.jpg","datePublished":"2019-05-06T09:37:44+00:00","dateModified":"2023-06-02T09:12:02+00:00","description":"Los adhesivos de cianoacrilato se conocen com\u00fanmente como \"adhesivos instant\u00e1neos\". Se trata de \u00e9steres de \u00e1cido cianoacr\u00edlico de poco cuerpo o deliberadamente espesados.","breadcrumb":{"@id":"https:\/\/cardinal-tapes.com\/es\/cintas-adhesivas-es\/cinta-adhesiva-abc\/adhesivos-de-cianoacrilato\/#breadcrumb"},"inLanguage":"es","potentialAction":[{"@type":"ReadAction","target":["https:\/\/cardinal-tapes.com\/es\/cintas-adhesivas-es\/cinta-adhesiva-abc\/adhesivos-de-cianoacrilato\/"]}]},{"@type":"ImageObject","inLanguage":"es","@id":"https:\/\/cardinal-tapes.com\/es\/cintas-adhesivas-es\/cinta-adhesiva-abc\/adhesivos-de-cianoacrilato\/#primaryimage","url":"https:\/\/cardinal-tapes.com\/wp-content\/uploads\/kopfbild_folge_abc_cyanacrylat.jpg","contentUrl":"https:\/\/cardinal-tapes.com\/wp-content\/uploads\/kopfbild_folge_abc_cyanacrylat.jpg","width":1210,"height":350},{"@type":"BreadcrumbList","@id":"https:\/\/cardinal-tapes.com\/es\/cintas-adhesivas-es\/cinta-adhesiva-abc\/adhesivos-de-cianoacrilato\/#breadcrumb","itemListElement":[{"@type":"ListItem","position":1,"name":"Startseite","item":"https:\/\/cardinal-tapes.com\/es\/"},{"@type":"ListItem","position":2,"name":"Cintas adhesivas","item":"https:\/\/cardinal-tapes.com\/es\/cintas-adhesivas-es\/"},{"@type":"ListItem","position":3,"name":"Cinta adhesiva ABC","item":"https:\/\/cardinal-tapes.com\/es\/cintas-adhesivas-es__trashed\/cinta-adhesiva-abc\/"},{"@type":"ListItem","position":4,"name":"Adhesivos de cianoacrilato"}]},{"@type":"WebSite","@id":"https:\/\/cardinal-tapes.com\/#website","url":"https:\/\/cardinal-tapes.com\/","name":"cardinal TAPES","description":"Klebetechnik aus Wuppertal","potentialAction":[{"@type":"SearchAction","target":{"@type":"EntryPoint","urlTemplate":"https:\/\/cardinal-tapes.com\/?s={search_term_string}"},"query-input":{"@type":"PropertyValueSpecification","valueRequired":true,"valueName":"search_term_string"}}],"inLanguage":"es"}]}},"_links":{"self":[{"href":"https:\/\/cardinal-tapes.com\/es\/wp-json\/wp\/v2\/pages\/31152","targetHints":{"allow":["GET"]}}],"collection":[{"href":"https:\/\/cardinal-tapes.com\/es\/wp-json\/wp\/v2\/pages"}],"about":[{"href":"https:\/\/cardinal-tapes.com\/es\/wp-json\/wp\/v2\/types\/page"}],"author":[{"embeddable":true,"href":"https:\/\/cardinal-tapes.com\/es\/wp-json\/wp\/v2\/users\/1"}],"replies":[{"embeddable":true,"href":"https:\/\/cardinal-tapes.com\/es\/wp-json\/wp\/v2\/comments?post=31152"}],"version-history":[{"count":0,"href":"https:\/\/cardinal-tapes.com\/es\/wp-json\/wp\/v2\/pages\/31152\/revisions"}],"up":[{"embeddable":true,"href":"https:\/\/cardinal-tapes.com\/es\/wp-json\/wp\/v2\/pages\/30710"}],"wp:featuredmedia":[{"embeddable":true,"href":"https:\/\/cardinal-tapes.com\/es\/wp-json\/wp\/v2\/media\/27671"}],"wp:attachment":[{"href":"https:\/\/cardinal-tapes.com\/es\/wp-json\/wp\/v2\/media?parent=31152"}],"curies":[{"name":"wp","href":"https:\/\/api.w.org\/{rel}","templated":true}]}}