{"id":31052,"date":"2020-04-08T08:47:19","date_gmt":"2020-04-08T06:47:19","guid":{"rendered":"https:\/\/cardinal.pixel-tal.de\/cintas-adhesivas\/cinta-adhesiva-abc\/cinta-de-enrutamiento\/"},"modified":"2023-06-02T11:11:44","modified_gmt":"2023-06-02T09:11:44","slug":"cinta-de-enrutamiento","status":"publish","type":"page","link":"https:\/\/cardinal-tapes.com\/es\/cintas-adhesivas-es\/cinta-adhesiva-abc\/cinta-de-enrutamiento\/","title":{"rendered":"Cinta de enrutamiento"},"content":{"rendered":"<div id='av_section_1'  class='avia-section av-1yovhuv-c94a907eb5ccba7caa93ba9535c2d01c alternate_color avia-section-default avia-no-border-styling  avia-builder-el-0  avia-builder-el-no-sibling  avia-bg-style-scroll container_wrap fullsize'  ><div class='container av-section-cont-open' ><main  role=\"main\" itemprop=\"mainContentOfPage\"  class='template-page content  av-content-full alpha units'><div class='post-entry post-entry-type-page post-entry-31052'><div class='entry-content-wrapper clearfix'>\n<div  class='flex_column av-1hlfptz-4ef05397f20ee7133557bfb8206b3952 av_one_full  avia-builder-el-1  el_before_av_one_half  avia-builder-el-first  first flex_column_div  '     ><div class=\"pxl-headline pxl-hl hl-wrap | hl-sub--off hl--align-left hl--no-margin    \">\n        <div class=\"hl-inner\">\n            <h2 class=\"hl-main hl-line |  hl_main--default  \">Cinta de enrutamiento<\/h2>\n            \n    <\/div>\n<\/div><\/div><div  class='flex_column av-15ajcx3-60073a9a678c8d0aefb4dce47f4505a0 av_one_half  avia-builder-el-3  el_after_av_one_full  el_before_av_one_half  first flex_column_div  column-top-margin'     ><section  class='av_textblock_section av-ad9sjc-d628d416ebc078b503edc9f8049c1d5d '   itemscope=\"itemscope\" itemtype=\"https:\/\/schema.org\/CreativeWork\" ><div class='avia_textblock'  itemprop=\"text\" ><p>\u00bfNecesita cinta de enrutamiento? Con nosotros, puede comprar c\u00f3modamente cinta de enrutamiento en l\u00ednea para sus propias necesidades de mayor envergadura o para fines comerciales y oficiales. Dado que la elecci\u00f3n del material depende en gran medida de su aplicaci\u00f3n, nuestros expertos estar\u00e1n encantados de ofrecerle un asesoramiento exhaustivo. Lo mejor es ponerse en <a href=\"\/ueber-cardinal\/kontakt\/\">contacto<\/a> enseguida.<\/p>\n<h4>Comprar cinta de enrutamiento en l\u00ednea &#8211; Una cuesti\u00f3n de aplicaci\u00f3n<\/h4>\n<p>La cinta de ruta se utiliza como cualquier cinta de barrera para acordonar zonas. La mayor\u00eda de las veces, el t\u00e9rmino cinta de enrutamiento se utiliza cuando se refiere a fines militares. Las Fuerzas Armadas alemanas, por ejemplo, utilizan cintas de encaminamiento para prohibir el acceso de personas no autorizadas a zonas peligrosas. Por supuesto, tambi\u00e9n hay aplicaciones mucho m\u00e1s cotidianas para la cinta de enrutamiento. Por ejemplo:<\/p>\n<ul>\n<li>Obras de construcci\u00f3n<\/li>\n<li>Accidentes<\/li>\n<li>M\u00e1quinas y dispositivos defectuosos<\/li>\n<li>Lugares de investigaciones oficiales<\/li>\n<\/ul>\n<p>No siempre es f\u00e1cil responder a la pregunta de qu\u00e9 cinta de enrutamiento debe comprar en l\u00ednea para un fin determinado: Todo depende de las propiedades del material. En caso de duda, recomendamos una consulta con nuestros expertos.<\/p>\n<\/div><\/section><\/div><div  class='flex_column av-ijawiv-5f792cc3549b975fbfcb15a7635a6f39 av_one_half  avia-builder-el-5  el_after_av_one_half  avia-builder-el-last  flex_column_div  column-top-margin'     ><section  class='av_textblock_section av-7y806g-b9a32dd903fbfe5c19780cfe2c54cd88 '   itemscope=\"itemscope\" itemtype=\"https:\/\/schema.org\/CreativeWork\" ><div class='avia_textblock small'  itemprop=\"text\" ><h4>Presta atenci\u00f3n al material cuando compres cinta de enrutamiento online<\/h4>\n<p>\u00bfResistente al desgarro y a la intemperie? \u00bfY respetuoso con el medio ambiente? \u00bfY si quieres arrancarlo a mano? Si compra cinta de enrutamiento en l\u00ednea, tendr\u00e1 mucho donde elegir: seg\u00fan el material, los productos difieren mucho entre s\u00ed. Los productos a base de pel\u00edcula de PE-LD, por ejemplo, son robustos a la vez que respetuosos con el medio ambiente. Para cintas de enrutamiento m\u00e1s duraderas, como las utilizadas por las fuerzas armadas alemanas, deben utilizarse pl\u00e1sticos como el polietileno HD. Tambi\u00e9n se pueden utilizar cuando el producto se convierte en vivo.<\/p>\n<h4>Comprar cinta de enrutamiento en l\u00ednea y montar directamente<\/h4>\n<p>\u00bfLas dimensiones y colores de nuestra cinta de enrutamiento no se ajustan a sus necesidades? No hay problema: disponemos de varios procesos en el campo del <a href=\"https:\/\/cardinal-tapes.com\/es\/embalaje\/\">acabado<\/a>. Aqu\u00ed se pueden mencionar, por ejemplo, los cortes individuales o las letras personalizadas. Esto nos permite adaptar los productos a sus necesidades individuales.<\/p>\n<\/div><\/section><\/div>\n\n","protected":false},"excerpt":{"rendered":"","protected":false},"author":1,"featured_media":0,"parent":30710,"menu_order":22,"comment_status":"closed","ping_status":"closed","template":"","meta":{"_acf_changed":false,"footnotes":""},"class_list":["post-31052","page","type-page","status-publish","hentry"],"acf":[],"yoast_head":"<!-- This site is optimized with the Yoast SEO plugin v27.3 - https:\/\/yoast.com\/product\/yoast-seo-wordpress\/ -->\n<title>Comprar cinta de ruta online - Le asesoramos individualmente | Cintas Cardinal<\/title>\n<meta name=\"description\" content=\"Comprar cinta de enrutamiento en l\u00ednea \u2713 Gran selecci\u00f3n \u2713 Asesoramiento personal \u2713 Precios atractivos \u2713 Montaje individual \u2713 Iniciar consulta ahora\" \/>\n<meta name=\"robots\" content=\"noindex, follow\" \/>\n<meta property=\"og:locale\" content=\"es_ES\" \/>\n<meta property=\"og:type\" content=\"article\" \/>\n<meta property=\"og:title\" content=\"Comprar cinta de ruta online - Le asesoramos individualmente | Cintas Cardinal\" \/>\n<meta property=\"og:description\" content=\"Comprar cinta de enrutamiento en l\u00ednea \u2713 Gran selecci\u00f3n \u2713 Asesoramiento personal \u2713 Precios atractivos \u2713 Montaje individual \u2713 Iniciar consulta ahora\" \/>\n<meta property=\"og:url\" content=\"https:\/\/cardinal-tapes.com\/es\/cintas-adhesivas-es\/cinta-adhesiva-abc\/cinta-de-enrutamiento\/\" \/>\n<meta property=\"og:site_name\" content=\"cardinal TAPES\" \/>\n<meta property=\"article:modified_time\" content=\"2023-06-02T09:11:44+00:00\" \/>\n<meta name=\"twitter:card\" content=\"summary_large_image\" \/>\n<meta name=\"twitter:label1\" content=\"Tiempo de lectura\" \/>\n\t<meta name=\"twitter:data1\" content=\"10 minutos\" \/>\n<script type=\"application\/ld+json\" class=\"yoast-schema-graph\">{\"@context\":\"https:\\\/\\\/schema.org\",\"@graph\":[{\"@type\":\"WebPage\",\"@id\":\"https:\\\/\\\/cardinal-tapes.com\\\/es\\\/cintas-adhesivas-es\\\/cinta-adhesiva-abc\\\/cinta-de-enrutamiento\\\/\",\"url\":\"https:\\\/\\\/cardinal-tapes.com\\\/es\\\/cintas-adhesivas-es\\\/cinta-adhesiva-abc\\\/cinta-de-enrutamiento\\\/\",\"name\":\"Comprar cinta de ruta online - Le asesoramos individualmente | Cintas Cardinal\",\"isPartOf\":{\"@id\":\"https:\\\/\\\/cardinal-tapes.com\\\/#website\"},\"datePublished\":\"2020-04-08T06:47:19+00:00\",\"dateModified\":\"2023-06-02T09:11:44+00:00\",\"description\":\"Comprar cinta de enrutamiento en l\u00ednea \u2713 Gran selecci\u00f3n \u2713 Asesoramiento personal \u2713 Precios atractivos \u2713 Montaje individual \u2713 Iniciar consulta ahora\",\"breadcrumb\":{\"@id\":\"https:\\\/\\\/cardinal-tapes.com\\\/es\\\/cintas-adhesivas-es\\\/cinta-adhesiva-abc\\\/cinta-de-enrutamiento\\\/#breadcrumb\"},\"inLanguage\":\"es\",\"potentialAction\":[{\"@type\":\"ReadAction\",\"target\":[\"https:\\\/\\\/cardinal-tapes.com\\\/es\\\/cintas-adhesivas-es\\\/cinta-adhesiva-abc\\\/cinta-de-enrutamiento\\\/\"]}]},{\"@type\":\"BreadcrumbList\",\"@id\":\"https:\\\/\\\/cardinal-tapes.com\\\/es\\\/cintas-adhesivas-es\\\/cinta-adhesiva-abc\\\/cinta-de-enrutamiento\\\/#breadcrumb\",\"itemListElement\":[{\"@type\":\"ListItem\",\"position\":1,\"name\":\"Startseite\",\"item\":\"https:\\\/\\\/cardinal-tapes.com\\\/es\\\/\"},{\"@type\":\"ListItem\",\"position\":2,\"name\":\"Cintas adhesivas\",\"item\":\"https:\\\/\\\/cardinal-tapes.com\\\/es\\\/cintas-adhesivas-es\\\/\"},{\"@type\":\"ListItem\",\"position\":3,\"name\":\"Cinta adhesiva ABC\",\"item\":\"https:\\\/\\\/cardinal-tapes.com\\\/es\\\/cintas-adhesivas-es__trashed\\\/cinta-adhesiva-abc\\\/\"},{\"@type\":\"ListItem\",\"position\":4,\"name\":\"Cinta de enrutamiento\"}]},{\"@type\":\"WebSite\",\"@id\":\"https:\\\/\\\/cardinal-tapes.com\\\/#website\",\"url\":\"https:\\\/\\\/cardinal-tapes.com\\\/\",\"name\":\"cardinal TAPES\",\"description\":\"Klebetechnik aus Wuppertal\",\"potentialAction\":[{\"@type\":\"SearchAction\",\"target\":{\"@type\":\"EntryPoint\",\"urlTemplate\":\"https:\\\/\\\/cardinal-tapes.com\\\/?s={search_term_string}\"},\"query-input\":{\"@type\":\"PropertyValueSpecification\",\"valueRequired\":true,\"valueName\":\"search_term_string\"}}],\"inLanguage\":\"es\"}]}<\/script>\n<!-- \/ Yoast SEO plugin. -->","yoast_head_json":{"title":"Comprar cinta de ruta online - Le asesoramos individualmente | Cintas Cardinal","description":"Comprar cinta de enrutamiento en l\u00ednea \u2713 Gran selecci\u00f3n \u2713 Asesoramiento personal \u2713 Precios atractivos \u2713 Montaje individual \u2713 Iniciar consulta ahora","robots":{"index":"noindex","follow":"follow"},"og_locale":"es_ES","og_type":"article","og_title":"Comprar cinta de ruta online - Le asesoramos individualmente | Cintas Cardinal","og_description":"Comprar cinta de enrutamiento en l\u00ednea \u2713 Gran selecci\u00f3n \u2713 Asesoramiento personal \u2713 Precios atractivos \u2713 Montaje individual \u2713 Iniciar consulta ahora","og_url":"https:\/\/cardinal-tapes.com\/es\/cintas-adhesivas-es\/cinta-adhesiva-abc\/cinta-de-enrutamiento\/","og_site_name":"cardinal TAPES","article_modified_time":"2023-06-02T09:11:44+00:00","twitter_card":"summary_large_image","twitter_misc":{"Tiempo de lectura":"10 minutos"},"schema":{"@context":"https:\/\/schema.org","@graph":[{"@type":"WebPage","@id":"https:\/\/cardinal-tapes.com\/es\/cintas-adhesivas-es\/cinta-adhesiva-abc\/cinta-de-enrutamiento\/","url":"https:\/\/cardinal-tapes.com\/es\/cintas-adhesivas-es\/cinta-adhesiva-abc\/cinta-de-enrutamiento\/","name":"Comprar cinta de ruta online - Le asesoramos individualmente | Cintas Cardinal","isPartOf":{"@id":"https:\/\/cardinal-tapes.com\/#website"},"datePublished":"2020-04-08T06:47:19+00:00","dateModified":"2023-06-02T09:11:44+00:00","description":"Comprar cinta de enrutamiento en l\u00ednea \u2713 Gran selecci\u00f3n \u2713 Asesoramiento personal \u2713 Precios atractivos \u2713 Montaje individual \u2713 Iniciar consulta ahora","breadcrumb":{"@id":"https:\/\/cardinal-tapes.com\/es\/cintas-adhesivas-es\/cinta-adhesiva-abc\/cinta-de-enrutamiento\/#breadcrumb"},"inLanguage":"es","potentialAction":[{"@type":"ReadAction","target":["https:\/\/cardinal-tapes.com\/es\/cintas-adhesivas-es\/cinta-adhesiva-abc\/cinta-de-enrutamiento\/"]}]},{"@type":"BreadcrumbList","@id":"https:\/\/cardinal-tapes.com\/es\/cintas-adhesivas-es\/cinta-adhesiva-abc\/cinta-de-enrutamiento\/#breadcrumb","itemListElement":[{"@type":"ListItem","position":1,"name":"Startseite","item":"https:\/\/cardinal-tapes.com\/es\/"},{"@type":"ListItem","position":2,"name":"Cintas adhesivas","item":"https:\/\/cardinal-tapes.com\/es\/cintas-adhesivas-es\/"},{"@type":"ListItem","position":3,"name":"Cinta adhesiva ABC","item":"https:\/\/cardinal-tapes.com\/es\/cintas-adhesivas-es__trashed\/cinta-adhesiva-abc\/"},{"@type":"ListItem","position":4,"name":"Cinta de enrutamiento"}]},{"@type":"WebSite","@id":"https:\/\/cardinal-tapes.com\/#website","url":"https:\/\/cardinal-tapes.com\/","name":"cardinal TAPES","description":"Klebetechnik aus Wuppertal","potentialAction":[{"@type":"SearchAction","target":{"@type":"EntryPoint","urlTemplate":"https:\/\/cardinal-tapes.com\/?s={search_term_string}"},"query-input":{"@type":"PropertyValueSpecification","valueRequired":true,"valueName":"search_term_string"}}],"inLanguage":"es"}]}},"_links":{"self":[{"href":"https:\/\/cardinal-tapes.com\/es\/wp-json\/wp\/v2\/pages\/31052","targetHints":{"allow":["GET"]}}],"collection":[{"href":"https:\/\/cardinal-tapes.com\/es\/wp-json\/wp\/v2\/pages"}],"about":[{"href":"https:\/\/cardinal-tapes.com\/es\/wp-json\/wp\/v2\/types\/page"}],"author":[{"embeddable":true,"href":"https:\/\/cardinal-tapes.com\/es\/wp-json\/wp\/v2\/users\/1"}],"replies":[{"embeddable":true,"href":"https:\/\/cardinal-tapes.com\/es\/wp-json\/wp\/v2\/comments?post=31052"}],"version-history":[{"count":0,"href":"https:\/\/cardinal-tapes.com\/es\/wp-json\/wp\/v2\/pages\/31052\/revisions"}],"up":[{"embeddable":true,"href":"https:\/\/cardinal-tapes.com\/es\/wp-json\/wp\/v2\/pages\/30710"}],"wp:attachment":[{"href":"https:\/\/cardinal-tapes.com\/es\/wp-json\/wp\/v2\/media?parent=31052"}],"curies":[{"name":"wp","href":"https:\/\/api.w.org\/{rel}","templated":true}]}}