{"id":31026,"date":"2023-06-02T10:59:07","date_gmt":"2023-06-02T08:59:07","guid":{"rendered":"https:\/\/cardinal.pixel-tal.de\/cintas-adhesivas\/cinta-adhesiva-abc\/cinta-de-barrera\/"},"modified":"2023-06-14T10:47:10","modified_gmt":"2023-06-14T08:47:10","slug":"cinta-de-barrera","status":"publish","type":"page","link":"https:\/\/cardinal-tapes.com\/es\/cintas-adhesivas-es\/cinta-adhesiva-abc\/cinta-de-barrera\/","title":{"rendered":"Cinta de barrera"},"content":{"rendered":"<div id='av_section_1'  class='avia-section av-3kt4zp4-7981db0a9b6ad76c976bf91968777e06 alternate_color avia-section-default avia-no-border-styling  avia-builder-el-0  el_before_av_section  avia-builder-el-first  avia-bg-style-scroll container_wrap fullsize'  ><div class='container av-section-cont-open' ><main  role=\"main\" itemprop=\"mainContentOfPage\"  class='template-page content  av-content-full alpha units'><div class='post-entry post-entry-type-page post-entry-31026'><div class='entry-content-wrapper clearfix'>\n<div  class='flex_column av-add6xk-1972a486a480ff02fac1fb239c1dc36e av_one_full  avia-builder-el-1  el_before_av_one_half  avia-builder-el-first  first flex_column_div  '     ><div class=\"pxl-headline pxl-hl hl-wrap | hl-sub--off hl--align-left hl--no-margin    \">\n        <div class=\"hl-inner\">\n            <h2 class=\"hl-main hl-line |  hl_main--default  \">Cinta de barrera<\/h2>\n            \n    <\/div>\n<\/div><\/div><div  class='flex_column av-2kd41w8-d3c45ba23e39802be7ee147e410fcb29 av_one_half  avia-builder-el-3  el_after_av_one_full  el_before_av_one_half  first flex_column_div  column-top-margin'     ><section  class='av_textblock_section av-11dvvx-2fda3b51363ca4c68d6e5f503353f7f2 '   itemscope=\"itemscope\" itemtype=\"https:\/\/schema.org\/CreativeWork\" ><div class='avia_textblock'  itemprop=\"text\" ><p>\u00bfDesea comprar cinta de barrera en l\u00ednea para sus clientes o para sus propias necesidades de mayor envergadura? Como distribuidores, estamos especializados en cintas adhesivas y cintas de barrera. En nuestro surtido, en constante crecimiento, encontrar\u00e1 una gran selecci\u00f3n de diferentes cintas de advertencia. Si tiene alg\u00fan requisito especial, tambi\u00e9n podemos <a href=\"https:\/\/cardinal-tapes.com\/es\/embalaje\/\">personalizar<\/a> su cinta de barrera. \u00bfTiene alguna pregunta sobre este tema? Entonces no dude en <a href=\"\/ueber-cardinal\/kontakt\/\">ponerse en contacto con<\/a> nuestros expertos.<\/p>\n<h4>Cinta de barrera &#8211; Muchas aplicaciones<\/h4>\n<p>La finalidad de una cinta de barrera es obvia: se utiliza para acordonar determinadas zonas de modo que las personas no autorizadas ya no tengan acceso a ellas. Ejemplos comunes son las obras de construcci\u00f3n, los lugares de accidentes, los lugares de investigaciones policiales, etc. Si desea comprar una cinta de barrera pero no sabe si nuestros productos son adecuados para su aplicaci\u00f3n, estaremos encantados de asesorarle al respecto.<\/p>\n<h4>Preste atenci\u00f3n al material de las cintas de barrera<\/h4>\n<p>Las cintas de barrera suelen permanecer mucho tiempo a la intemperie. Esto significa que deben ser duraderos y resistentes a las influencias ambientales. No obstante, el material debe ser respetuoso con el medio ambiente. Las cintas de barrera a base de pel\u00edcula de PE-LD suelen ser adecuadas para este fin.<\/p>\n<\/div><\/section><\/div><div  class='flex_column av-22hxh2w-96870fa7f41b8e3d42a92ad17f339813 av_one_half  avia-builder-el-5  el_after_av_one_half  avia-builder-el-last  flex_column_div  column-top-margin'     ><section  class='av_textblock_section av-7jjge5-22130320851b68ee7f15493218843b69 '   itemscope=\"itemscope\" itemtype=\"https:\/\/schema.org\/CreativeWork\" ><div class='avia_textblock'  itemprop=\"text\" ><p>Para otras aplicaciones, como cuando las correas est\u00e1n bajo tensi\u00f3n, los pl\u00e1sticos como el polietileno HD son m\u00e1s adecuados. La cuesti\u00f3n de si la cinta debe poder rasgarse con la mano tambi\u00e9n influye. As\u00ed que si quieres comprar cinta de barrera online, hay muchos factores a tener en cuenta<\/p>\n<h4>Color y dimensiones de las cintas de barrera<\/h4>\n<p>Las cintas de barrera negras y amarillas y las cintas de barrera rojas y blancas son t\u00edpicas. Esto tiene como trasfondo que estos colores sirven como colores de se\u00f1alizaci\u00f3n. Una <u>cinta de se\u00f1alizaci\u00f3n<\/u> tambi\u00e9n puede ser m\u00e1s adecuada para su aplicaci\u00f3n. Adem\u00e1s de la elecci\u00f3n del color, las dimensiones tambi\u00e9n desempe\u00f1an un papel decisivo. Por ello, le ofrecemos una amplia gama de cintas de barrera en negro-amarillo y rojo-blanco en varios tama\u00f1os.<\/p>\n<h4>Cintas de barrera individuales<\/h4>\n<p>Para algunas aplicaciones, las cintas de barrera deben procesarse por ensamblaje. Esto puede, por ejemplo, facilitar la manipulaci\u00f3n en la pr\u00e1ctica. Para ello utilizamos los procesos m\u00e1s modernos y le ofrecemos cintas cortadas individualmente o tambi\u00e9n productos con etiquetado. \u00bfLa cinta de barrera negra-amarilla o roja-blanca no se adapta a su aplicaci\u00f3n? Preg\u00fantenos entonces por otras configuraciones de color. Nuestro personal estar\u00e1 encantado de <a href=\"\/ueber-cardinal\/kontakt\/\">atenderle<\/a>.<\/p>\n<\/div><\/section><\/div>\n\n<\/div><\/div><\/main><!-- close content main element --><\/div><\/div><div id='av_section_2'  class='avia-section av-1nuwke0-babfb0980c8484b4ed2ac5359e585391 main_color avia-section-default avia-no-border-styling  avia-builder-el-7  el_after_av_section  avia-builder-el-last  gradient-section avia-bg-style-scroll container_wrap fullsize'  ><div class='container av-section-cont-open' ><div class='template-page content  av-content-full alpha units'><div class='post-entry post-entry-type-page post-entry-31026'><div class='entry-content-wrapper clearfix'>\n<div  class='flex_column av-1527a7s-c9dc73e716e67288f3d7e0b443273665 av_one_full  avia-builder-el-8  avia-builder-el-no-sibling  first flex_column_div  '     ><p><div class=\"pxl-headline pxl-hl hl-wrap | hl-sub--off hl--align-left hl--no-margin    \">\n        <div class=\"hl-inner\">\n            <h2 class=\"hl-main hl-line |  hl_main--default  \">Productos interesantes<\/h2>\n            \n    <\/div>\n<\/div>\n<br \/>\n<div   data-autoplay=''  data-interval='5'  data-animation='fade'  data-hoverpause='1'  class='template-shop avia-content-slider avia-content-slider-active avia-product-slider1 avia-content-slider-even  avia-builder-el-10  el_after_pixel_sc_headline  el_before_av_button   shop_columns_4' ><div class='avia-content-slider-inner'><ul class=\"products slide-entry-wrap\"><li class=\"product type-product post-42040 status-publish first instock product_cat-cinta-de-marcaje-de-suelos product_cat-cinta-de-tela product_cat-cintas-adhesivas-de-una-cara product_cat-film-de-pvc has-post-thumbnail sale taxable shipping-taxable purchasable product-type-variable\">\n\t<div class='inner_product main_color wrapped_style noLightbox product_on_sale av-product-class-no_button'><a href=\"https:\/\/cardinal-tapes.com\/es\/cintas-adhesivas\/cintas-adhesivas-de-una-cara\/film-de-pvc\/at8-cinta-de-senalizacion-de-suelos\/\" class=\"woocommerce-LoopProduct-link woocommerce-loop-product__link\"><div class=\"thumbnail_container\"><img decoding=\"async\" loading=\"lazy\" width=\"450\" height=\"450\" src=\"https:\/\/cardinal-tapes.com\/wp-content\/uploads\/Advance-Tapes_AT0008_Group-450x450.jpg\" class=\"wp-image-28619 avia-img-lazy-loading-28619 attachment-shop_catalog size-shop_catalog wp-post-image\" alt=\"AT8 Cinta de se\u00f1alizaci\u00f3n de suelos - unilateral, Pel\u00edcula de PVC, Caucho natural - Ilustraci\u00f3n 28619\" srcset=\"https:\/\/cardinal-tapes.com\/wp-content\/uploads\/Advance-Tapes_AT0008_Group-450x450.jpg 450w, https:\/\/cardinal-tapes.com\/wp-content\/uploads\/Advance-Tapes_AT0008_Group-120x120.jpg 120w, https:\/\/cardinal-tapes.com\/wp-content\/uploads\/Advance-Tapes_AT0008_Group-80x80.jpg 80w, https:\/\/cardinal-tapes.com\/wp-content\/uploads\/Advance-Tapes_AT0008_Group-200x200.jpg 200w, https:\/\/cardinal-tapes.com\/wp-content\/uploads\/Advance-Tapes_AT0008_Group-36x36.jpg 36w, https:\/\/cardinal-tapes.com\/wp-content\/uploads\/Advance-Tapes_AT0008_Group-180x180.jpg 180w, https:\/\/cardinal-tapes.com\/wp-content\/uploads\/Advance-Tapes_AT0008_Group-100x100.jpg 100w, https:\/\/cardinal-tapes.com\/wp-content\/uploads\/Advance-Tapes_AT0008_Group.jpg 600w\" sizes=\"auto, (max-width: 450px) 100vw, 450px\" \/><\/div><div class='inner_product_header'><div class='avia-arrow'><\/div><div class='inner_product_header_table'><div class='inner_product_header_cell'><span class=\"is-h2 woocommerce-loop-product__title\">AT8 Cinta de se\u00f1alizaci\u00f3n de suelos<\/span>\t\t<div class=\"product-infos\">\n\t\t\t\t\t\t\t<span class='product-infos__item'><b>Revestimiento:<\/b> unilateral<\/span>\n\t\t\t\t\t\t\t\t\t\t<span class='product-infos__item'><b>Tipo de material:<\/b> Pel\u00edcula de PVC<\/span>\n\t\t\t\t\t\t\t\t\t\t<span class='product-infos__item'><b>Fabricante:<\/b> Advance Tapes<\/span>\n\t\t\t\t\t\t\t\t\t\t<span class='product-infos__item'><b>Precio a la carta<\/b><\/span>\n\t\t\t\t\t<\/div>\n\t\n\t<span class=\"onsale\">\u00a1Oferta!<\/span>\n\t<\/div><\/div><\/div><\/a><\/div><\/li>\n<li class=\"product type-product post-55370 status-publish instock product_cat-cinta-de-marcaje-de-suelos product_cat-cinta-de-tela product_cat-cintas-adhesivas-de-una-cara has-post-thumbnail taxable shipping-taxable purchasable product-type-variable\">\n\t<div class='inner_product main_color wrapped_style noLightbox  av-product-class-no_button'><a href=\"https:\/\/cardinal-tapes.com\/es\/cintas-adhesivas\/ambitos-de-aplicacion\/cinta-de-marcaje-de-suelos\/ca-345-cinta-adhesiva-de-tejido-revestida-cinta-de-advertencia\/\" class=\"woocommerce-LoopProduct-link woocommerce-loop-product__link\"><div class=\"thumbnail_container\"><img decoding=\"async\" loading=\"lazy\" width=\"450\" height=\"450\" src=\"https:\/\/cardinal-tapes.com\/wp-content\/uploads\/CA_345_retouched-450x450.jpg\" class=\"wp-image-27119 avia-img-lazy-loading-27119 attachment-shop_catalog size-shop_catalog wp-post-image\" alt=\"CA-345 Cinta adhesiva de tejido con revestimiento de PE -Cinta de advertencia- - unilateral, Tejido, Caucho natural - Ilustraci\u00f3n 27119\" srcset=\"https:\/\/cardinal-tapes.com\/wp-content\/uploads\/CA_345_retouched-450x450.jpg 450w, https:\/\/cardinal-tapes.com\/wp-content\/uploads\/CA_345_retouched-120x120.jpg 120w, https:\/\/cardinal-tapes.com\/wp-content\/uploads\/CA_345_retouched-80x80.jpg 80w, https:\/\/cardinal-tapes.com\/wp-content\/uploads\/CA_345_retouched-36x36.jpg 36w, https:\/\/cardinal-tapes.com\/wp-content\/uploads\/CA_345_retouched-180x180.jpg 180w, https:\/\/cardinal-tapes.com\/wp-content\/uploads\/CA_345_retouched-100x100.jpg 100w\" sizes=\"auto, (max-width: 450px) 100vw, 450px\" \/><\/div><div class='inner_product_header'><div class='avia-arrow'><\/div><div class='inner_product_header_table'><div class='inner_product_header_cell'><span class=\"is-h2 woocommerce-loop-product__title\">CA-345 Cinta adhesiva de tejido con revestimiento de PE -Cinta de advertencia-<\/span>\t\t<div class=\"product-infos\">\n\t\t\t\t\t\t\t<span class='product-infos__item'><b>Revestimiento:<\/b> unilateral<\/span>\n\t\t\t\t\t\t\t\t\t\t<span class='product-infos__item'><b>Tipo de material:<\/b> Tejido<\/span>\n\t\t\t\t\t\t\t\t\t\t<span class='product-infos__item'><b>Fabricante:<\/b> cardinal GmbH<\/span>\n\t\t\t\t\t\t\t\t\t\t<span class='product-infos__item'><b>Precio a la carta<\/b><\/span>\n\t\t\t\t\t<\/div>\n\t<\/div><\/div><\/div><\/a><\/div><\/li>\n<li class=\"product type-product post-55394 status-publish instock product_cat-cinta-de-marcaje-de-suelos product_cat-cintas-adhesivas-de-una-cara has-post-thumbnail taxable shipping-taxable purchasable product-type-variable\">\n\t<div class='inner_product main_color wrapped_style noLightbox  av-product-class-no_button'><a href=\"https:\/\/cardinal-tapes.com\/es\/cintas-adhesivas\/ambitos-de-aplicacion\/cinta-de-marcaje-de-suelos\/ca-537-marcador-de-suelo-cinta-adhesiva-de-pvc\/\" class=\"woocommerce-LoopProduct-link woocommerce-loop-product__link\"><div class=\"thumbnail_container\"><img decoding=\"async\" loading=\"lazy\" width=\"450\" height=\"450\" src=\"https:\/\/cardinal-tapes.com\/wp-content\/uploads\/CA_Mix02_01-450x450.jpg\" class=\"wp-image-26939 avia-img-lazy-loading-26939 attachment-shop_catalog size-shop_catalog wp-post-image\" alt=\"CA-537 Cinta de PVC para marcar el suelo - unilateral, Pel\u00edcula de PVC, Caucho natural - Ilustraci\u00f3n 26939\" srcset=\"https:\/\/cardinal-tapes.com\/wp-content\/uploads\/CA_Mix02_01-450x450.jpg 450w, https:\/\/cardinal-tapes.com\/wp-content\/uploads\/CA_Mix02_01-120x120.jpg 120w, https:\/\/cardinal-tapes.com\/wp-content\/uploads\/CA_Mix02_01-80x80.jpg 80w, https:\/\/cardinal-tapes.com\/wp-content\/uploads\/CA_Mix02_01-36x36.jpg 36w, https:\/\/cardinal-tapes.com\/wp-content\/uploads\/CA_Mix02_01-180x180.jpg 180w, https:\/\/cardinal-tapes.com\/wp-content\/uploads\/CA_Mix02_01-100x100.jpg 100w\" sizes=\"auto, (max-width: 450px) 100vw, 450px\" \/><\/div><div class='inner_product_header'><div class='avia-arrow'><\/div><div class='inner_product_header_table'><div class='inner_product_header_cell'><span class=\"is-h2 woocommerce-loop-product__title\">CA-537 Cinta de PVC para marcar el suelo<\/span>\t\t<div class=\"product-infos\">\n\t\t\t\t\t\t\t<span class='product-infos__item'><b>Revestimiento:<\/b> unilateral<\/span>\n\t\t\t\t\t\t\t\t\t\t<span class='product-infos__item'><b>Tipo de material:<\/b> Pel\u00edcula de PVC<\/span>\n\t\t\t\t\t\t\t\t\t\t<span class='product-infos__item'><b>Fabricante:<\/b> cardinal GmbH<\/span>\n\t\t\t\t\t\t\t\t\t\t<span class='product-infos__item'><b>Precio a la carta<\/b><\/span>\n\t\t\t\t\t<\/div>\n\t<\/div><\/div><\/div><\/a><\/div><\/li>\n<li class=\"product type-product post-46044 status-publish last instock product_cat-cintas-adhesivas-de-una-cara product_cat-sistemas-de-envasado product_cat-cinta-de-marcaje-de-suelos has-post-thumbnail taxable shipping-taxable purchasable product-type-simple\">\n\t<div class='inner_product main_color wrapped_style noLightbox  av-product-class-no_button'><a href=\"https:\/\/cardinal-tapes.com\/es\/cintas-adhesivas\/ambitos-de-aplicacion\/cinta-de-marcaje-de-suelos\/ca-3071-desenrollador-para-cinta-marcadora-de-suelo\/\" class=\"woocommerce-LoopProduct-link woocommerce-loop-product__link\"><div class=\"thumbnail_container\"><img decoding=\"async\" loading=\"lazy\" width=\"450\" height=\"450\" src=\"https:\/\/cardinal-tapes.com\/wp-content\/uploads\/Bild-2-Verarbeitsger\u00e4t-Bodenmarkierung-450x450.jpg\" class=\"wp-image-26995 avia-img-lazy-loading-26995 attachment-shop_catalog size-shop_catalog wp-post-image\" alt=\"CA-3071 Desbobinador para cinta de se\u00f1alizaci\u00f3n de suelos - , Metal,  - Ilustraci\u00f3n 26995\" srcset=\"https:\/\/cardinal-tapes.com\/wp-content\/uploads\/Bild-2-Verarbeitsger\u00e4t-Bodenmarkierung-450x450.jpg 450w, https:\/\/cardinal-tapes.com\/wp-content\/uploads\/Bild-2-Verarbeitsger\u00e4t-Bodenmarkierung-120x120.jpg 120w, https:\/\/cardinal-tapes.com\/wp-content\/uploads\/Bild-2-Verarbeitsger\u00e4t-Bodenmarkierung-80x80.jpg 80w, https:\/\/cardinal-tapes.com\/wp-content\/uploads\/Bild-2-Verarbeitsger\u00e4t-Bodenmarkierung-200x200.jpg 200w, https:\/\/cardinal-tapes.com\/wp-content\/uploads\/Bild-2-Verarbeitsger\u00e4t-Bodenmarkierung-768x768.jpg 768w, https:\/\/cardinal-tapes.com\/wp-content\/uploads\/Bild-2-Verarbeitsger\u00e4t-Bodenmarkierung-1030x1030.jpg 1030w, https:\/\/cardinal-tapes.com\/wp-content\/uploads\/Bild-2-Verarbeitsger\u00e4t-Bodenmarkierung-1536x1536.jpg 1536w, https:\/\/cardinal-tapes.com\/wp-content\/uploads\/Bild-2-Verarbeitsger\u00e4t-Bodenmarkierung-36x36.jpg 36w, https:\/\/cardinal-tapes.com\/wp-content\/uploads\/Bild-2-Verarbeitsger\u00e4t-Bodenmarkierung-180x180.jpg 180w, https:\/\/cardinal-tapes.com\/wp-content\/uploads\/Bild-2-Verarbeitsger\u00e4t-Bodenmarkierung-1500x1500.jpg 1500w, https:\/\/cardinal-tapes.com\/wp-content\/uploads\/Bild-2-Verarbeitsger\u00e4t-Bodenmarkierung-705x705.jpg 705w, https:\/\/cardinal-tapes.com\/wp-content\/uploads\/Bild-2-Verarbeitsger\u00e4t-Bodenmarkierung-100x100.jpg 100w, https:\/\/cardinal-tapes.com\/wp-content\/uploads\/Bild-2-Verarbeitsger\u00e4t-Bodenmarkierung.jpg 1722w\" sizes=\"auto, (max-width: 450px) 100vw, 450px\" \/><span class=\"cart-loading\"><\/span><\/div><div class='inner_product_header'><div class='avia-arrow'><\/div><div class='inner_product_header_table'><div class='inner_product_header_cell'><span class=\"is-h2 woocommerce-loop-product__title\">CA-3071 Desbobinador para cinta de se\u00f1alizaci\u00f3n de suelos<\/span>\t\t<div class=\"product-infos\">\n\t\t\t\t\t\t\t\t\t\t<span class='product-infos__item'><b>Tipo de material:<\/b> Metal<\/span>\n\t\t\t\t\t\t\t\t\t\t<span class='product-infos__item'><b>Fabricante:<\/b> cardinal GmbH<\/span>\n\t\t\t\t\t\t\t\t\t\t<span class='product-infos__item'><b>Precio a la carta<\/b><\/span>\n\t\t\t\t\t<\/div>\n\t<\/div><\/div><\/div><\/a><\/div><\/li>\n<\/ul><\/div><\/div><div class=\"clear\"><\/div><br \/>\n<div  class='avia-button-wrap av-lislfeqp-d7d4f95a8a599f524dd4ff644724f9d3-wrap avia-button-left '><a href='https:\/\/cardinal-tapes.com\/klebebaender\/'  class='avia-button av-lislfeqp-d7d4f95a8a599f524dd4ff644724f9d3 avia-icon_select-no avia-size-medium avia-position-left avia-color-theme-color layout-border color-white'  ><span class='avia_iconbox_title' >Todos los productos<\/span><\/a><\/div><\/p><\/div>\n","protected":false},"excerpt":{"rendered":"","protected":false},"author":1,"featured_media":0,"parent":30710,"menu_order":20,"comment_status":"closed","ping_status":"closed","template":"","meta":{"_acf_changed":false,"footnotes":""},"class_list":["post-31026","page","type-page","status-publish","hentry"],"acf":[],"yoast_head":"<!-- This site is optimized with the Yoast SEO plugin v27.3 - https:\/\/yoast.com\/product\/yoast-seo-wordpress\/ -->\n<title>Comprar cinta de barrera en l\u00ednea - Gran surtido de cintas Cardinal<\/title>\n<meta name=\"description\" content=\"Comprar cinta barrera online \u2713 Cinta barrera roja blanca \u2713 Cinta barrera negra amarilla \u2713 Varios tama\u00f1os \u2713 Cintas barrera individuales para varias aplicaciones \u2713\" \/>\n<meta name=\"robots\" content=\"index, follow, max-snippet:-1, max-image-preview:large, max-video-preview:-1\" \/>\n<link rel=\"canonical\" href=\"https:\/\/cardinal-tapes.com\/es\/cintas-adhesivas-es\/cinta-adhesiva-abc\/cinta-de-barrera\/\" \/>\n<meta property=\"og:locale\" content=\"es_ES\" \/>\n<meta property=\"og:type\" content=\"article\" \/>\n<meta property=\"og:title\" content=\"Comprar cinta de barrera en l\u00ednea - Gran surtido de cintas Cardinal\" \/>\n<meta property=\"og:description\" content=\"Comprar cinta barrera online \u2713 Cinta barrera roja blanca \u2713 Cinta barrera negra amarilla \u2713 Varios tama\u00f1os \u2713 Cintas barrera individuales para varias aplicaciones \u2713\" \/>\n<meta property=\"og:url\" content=\"https:\/\/cardinal-tapes.com\/es\/cintas-adhesivas-es\/cinta-adhesiva-abc\/cinta-de-barrera\/\" \/>\n<meta property=\"og:site_name\" content=\"cardinal TAPES\" \/>\n<meta property=\"article:modified_time\" content=\"2023-06-14T08:47:10+00:00\" \/>\n<meta name=\"twitter:card\" content=\"summary_large_image\" \/>\n<meta name=\"twitter:label1\" content=\"Tiempo de lectura\" \/>\n\t<meta name=\"twitter:data1\" content=\"16 minutos\" \/>\n<script type=\"application\/ld+json\" class=\"yoast-schema-graph\">{\"@context\":\"https:\\\/\\\/schema.org\",\"@graph\":[{\"@type\":\"WebPage\",\"@id\":\"https:\\\/\\\/cardinal-tapes.com\\\/es\\\/cintas-adhesivas-es\\\/cinta-adhesiva-abc\\\/cinta-de-barrera\\\/\",\"url\":\"https:\\\/\\\/cardinal-tapes.com\\\/es\\\/cintas-adhesivas-es\\\/cinta-adhesiva-abc\\\/cinta-de-barrera\\\/\",\"name\":\"Comprar cinta de barrera en l\u00ednea - Gran surtido de cintas Cardinal\",\"isPartOf\":{\"@id\":\"https:\\\/\\\/cardinal-tapes.com\\\/#website\"},\"datePublished\":\"2023-06-02T08:59:07+00:00\",\"dateModified\":\"2023-06-14T08:47:10+00:00\",\"description\":\"Comprar cinta barrera online \u2713 Cinta barrera roja blanca \u2713 Cinta barrera negra amarilla \u2713 Varios tama\u00f1os \u2713 Cintas barrera individuales para varias aplicaciones \u2713\",\"breadcrumb\":{\"@id\":\"https:\\\/\\\/cardinal-tapes.com\\\/es\\\/cintas-adhesivas-es\\\/cinta-adhesiva-abc\\\/cinta-de-barrera\\\/#breadcrumb\"},\"inLanguage\":\"es\",\"potentialAction\":[{\"@type\":\"ReadAction\",\"target\":[\"https:\\\/\\\/cardinal-tapes.com\\\/es\\\/cintas-adhesivas-es\\\/cinta-adhesiva-abc\\\/cinta-de-barrera\\\/\"]}]},{\"@type\":\"BreadcrumbList\",\"@id\":\"https:\\\/\\\/cardinal-tapes.com\\\/es\\\/cintas-adhesivas-es\\\/cinta-adhesiva-abc\\\/cinta-de-barrera\\\/#breadcrumb\",\"itemListElement\":[{\"@type\":\"ListItem\",\"position\":1,\"name\":\"Startseite\",\"item\":\"https:\\\/\\\/cardinal-tapes.com\\\/es\\\/\"},{\"@type\":\"ListItem\",\"position\":2,\"name\":\"Cintas adhesivas\",\"item\":\"https:\\\/\\\/cardinal-tapes.com\\\/es\\\/cintas-adhesivas-es\\\/\"},{\"@type\":\"ListItem\",\"position\":3,\"name\":\"Cinta adhesiva ABC\",\"item\":\"https:\\\/\\\/cardinal-tapes.com\\\/es\\\/cintas-adhesivas-es__trashed\\\/cinta-adhesiva-abc\\\/\"},{\"@type\":\"ListItem\",\"position\":4,\"name\":\"Cinta de barrera\"}]},{\"@type\":\"WebSite\",\"@id\":\"https:\\\/\\\/cardinal-tapes.com\\\/#website\",\"url\":\"https:\\\/\\\/cardinal-tapes.com\\\/\",\"name\":\"cardinal TAPES\",\"description\":\"Klebetechnik aus Wuppertal\",\"potentialAction\":[{\"@type\":\"SearchAction\",\"target\":{\"@type\":\"EntryPoint\",\"urlTemplate\":\"https:\\\/\\\/cardinal-tapes.com\\\/?s={search_term_string}\"},\"query-input\":{\"@type\":\"PropertyValueSpecification\",\"valueRequired\":true,\"valueName\":\"search_term_string\"}}],\"inLanguage\":\"es\"}]}<\/script>\n<!-- \/ Yoast SEO plugin. -->","yoast_head_json":{"title":"Comprar cinta de barrera en l\u00ednea - Gran surtido de cintas Cardinal","description":"Comprar cinta barrera online \u2713 Cinta barrera roja blanca \u2713 Cinta barrera negra amarilla \u2713 Varios tama\u00f1os \u2713 Cintas barrera individuales para varias aplicaciones \u2713","robots":{"index":"index","follow":"follow","max-snippet":"max-snippet:-1","max-image-preview":"max-image-preview:large","max-video-preview":"max-video-preview:-1"},"canonical":"https:\/\/cardinal-tapes.com\/es\/cintas-adhesivas-es\/cinta-adhesiva-abc\/cinta-de-barrera\/","og_locale":"es_ES","og_type":"article","og_title":"Comprar cinta de barrera en l\u00ednea - Gran surtido de cintas Cardinal","og_description":"Comprar cinta barrera online \u2713 Cinta barrera roja blanca \u2713 Cinta barrera negra amarilla \u2713 Varios tama\u00f1os \u2713 Cintas barrera individuales para varias aplicaciones \u2713","og_url":"https:\/\/cardinal-tapes.com\/es\/cintas-adhesivas-es\/cinta-adhesiva-abc\/cinta-de-barrera\/","og_site_name":"cardinal TAPES","article_modified_time":"2023-06-14T08:47:10+00:00","twitter_card":"summary_large_image","twitter_misc":{"Tiempo de lectura":"16 minutos"},"schema":{"@context":"https:\/\/schema.org","@graph":[{"@type":"WebPage","@id":"https:\/\/cardinal-tapes.com\/es\/cintas-adhesivas-es\/cinta-adhesiva-abc\/cinta-de-barrera\/","url":"https:\/\/cardinal-tapes.com\/es\/cintas-adhesivas-es\/cinta-adhesiva-abc\/cinta-de-barrera\/","name":"Comprar cinta de barrera en l\u00ednea - Gran surtido de cintas Cardinal","isPartOf":{"@id":"https:\/\/cardinal-tapes.com\/#website"},"datePublished":"2023-06-02T08:59:07+00:00","dateModified":"2023-06-14T08:47:10+00:00","description":"Comprar cinta barrera online \u2713 Cinta barrera roja blanca \u2713 Cinta barrera negra amarilla \u2713 Varios tama\u00f1os \u2713 Cintas barrera individuales para varias aplicaciones \u2713","breadcrumb":{"@id":"https:\/\/cardinal-tapes.com\/es\/cintas-adhesivas-es\/cinta-adhesiva-abc\/cinta-de-barrera\/#breadcrumb"},"inLanguage":"es","potentialAction":[{"@type":"ReadAction","target":["https:\/\/cardinal-tapes.com\/es\/cintas-adhesivas-es\/cinta-adhesiva-abc\/cinta-de-barrera\/"]}]},{"@type":"BreadcrumbList","@id":"https:\/\/cardinal-tapes.com\/es\/cintas-adhesivas-es\/cinta-adhesiva-abc\/cinta-de-barrera\/#breadcrumb","itemListElement":[{"@type":"ListItem","position":1,"name":"Startseite","item":"https:\/\/cardinal-tapes.com\/es\/"},{"@type":"ListItem","position":2,"name":"Cintas adhesivas","item":"https:\/\/cardinal-tapes.com\/es\/cintas-adhesivas-es\/"},{"@type":"ListItem","position":3,"name":"Cinta adhesiva ABC","item":"https:\/\/cardinal-tapes.com\/es\/cintas-adhesivas-es__trashed\/cinta-adhesiva-abc\/"},{"@type":"ListItem","position":4,"name":"Cinta de barrera"}]},{"@type":"WebSite","@id":"https:\/\/cardinal-tapes.com\/#website","url":"https:\/\/cardinal-tapes.com\/","name":"cardinal TAPES","description":"Klebetechnik aus Wuppertal","potentialAction":[{"@type":"SearchAction","target":{"@type":"EntryPoint","urlTemplate":"https:\/\/cardinal-tapes.com\/?s={search_term_string}"},"query-input":{"@type":"PropertyValueSpecification","valueRequired":true,"valueName":"search_term_string"}}],"inLanguage":"es"}]}},"_links":{"self":[{"href":"https:\/\/cardinal-tapes.com\/es\/wp-json\/wp\/v2\/pages\/31026","targetHints":{"allow":["GET"]}}],"collection":[{"href":"https:\/\/cardinal-tapes.com\/es\/wp-json\/wp\/v2\/pages"}],"about":[{"href":"https:\/\/cardinal-tapes.com\/es\/wp-json\/wp\/v2\/types\/page"}],"author":[{"embeddable":true,"href":"https:\/\/cardinal-tapes.com\/es\/wp-json\/wp\/v2\/users\/1"}],"replies":[{"embeddable":true,"href":"https:\/\/cardinal-tapes.com\/es\/wp-json\/wp\/v2\/comments?post=31026"}],"version-history":[{"count":0,"href":"https:\/\/cardinal-tapes.com\/es\/wp-json\/wp\/v2\/pages\/31026\/revisions"}],"up":[{"embeddable":true,"href":"https:\/\/cardinal-tapes.com\/es\/wp-json\/wp\/v2\/pages\/30710"}],"wp:attachment":[{"href":"https:\/\/cardinal-tapes.com\/es\/wp-json\/wp\/v2\/media?parent=31026"}],"curies":[{"name":"wp","href":"https:\/\/api.w.org\/{rel}","templated":true}]}}