{"id":30956,"date":"2023-06-02T10:59:05","date_gmt":"2023-06-02T08:59:05","guid":{"rendered":"https:\/\/cardinal.pixel-tal.de\/cintas-adhesivas\/cinta-adhesiva-abc\/adhesivos-sensibles-a-la-presion\/"},"modified":"2023-06-14T10:47:05","modified_gmt":"2023-06-14T08:47:05","slug":"adhesivos-sensibles-a-la-presion","status":"publish","type":"page","link":"https:\/\/cardinal-tapes.com\/es\/cintas-adhesivas-es\/cinta-adhesiva-abc\/adhesivos-sensibles-a-la-presion\/","title":{"rendered":"Adhesivos sensibles a la presi\u00f3n"},"content":{"rendered":"<div id='av_section_1'  class='avia-section av-428yka6-088d98541b4bd194418ed1df5e5c67ea alternate_color avia-section-default avia-no-border-styling  avia-builder-el-0  el_before_av_section  avia-builder-el-first  avia-bg-style-scroll container_wrap fullsize'  ><div class='container av-section-cont-open' ><main  role=\"main\" itemprop=\"mainContentOfPage\"  class='template-page content  av-content-full alpha units'><div class='post-entry post-entry-type-page post-entry-30956'><div class='entry-content-wrapper clearfix'>\n<div  class='flex_column av-3mfd5u6-657ec450b8f486884911c28968c4ff9e av_one_full  avia-builder-el-1  el_before_av_one_half  avia-builder-el-first  first flex_column_div  '     ><div class=\"pxl-headline pxl-hl hl-wrap | hl-sub--bot hl--align-left hl--no-margin    \">\n        <div class=\"hl-inner\">\n            <h2 class=\"hl-main hl-line |  hl_main--default  \">Adhesivos sensibles a la presi\u00f3n<\/h2>\n            \n    <\/div>\n<\/div><\/div><div  class='flex_column av-33you32-0cf159cb7c2364e8f11cc1ca743a02cf av_one_half  avia-builder-el-3  el_after_av_one_full  el_before_av_one_half  first flex_column_div  column-top-margin'     ><section  class='av_textblock_section av-300iitq-90f475b1d3c891b347fa2fae605c5e00 '   itemscope=\"itemscope\" itemtype=\"https:\/\/schema.org\/CreativeWork\" ><div class='avia_textblock'  itemprop=\"text\" ><p>Los adhesivos sensibles a la presi\u00f3n siguen siendo muy viscosos y permanentemente adhesivos tras su aplicaci\u00f3n a un material de soporte, y pueden aplicarse a continuaci\u00f3n a un sustrato mediante presi\u00f3n, donde se adhieren.<\/p>\n<\/div><\/section><\/div><div  class='flex_column av-2hve07i-652db275b2ebcb16223ac8173a0b7ad6 av_one_half  avia-builder-el-5  el_after_av_one_half  avia-builder-el-last  flex_column_div  column-top-margin'     ><section  class='av_textblock_section av-27n7jpq-23185d224dd84d55473b2f7f59cf22cb '   itemscope=\"itemscope\" itemtype=\"https:\/\/schema.org\/CreativeWork\" ><div class='avia_textblock'  itemprop=\"text\" ><h4>Adhesivos sensibles a la presi\u00f3n: aplicaciones<\/h4>\n<p>Los adhesivos sensibles a la presi\u00f3n se utilizan como adhesivos en spray o como adhesivos de transferencia (cinta adhesiva de doble cara sin soporte), pero tambi\u00e9n como revestimientos para cintas adhesivas, etiquetas autoadhesivas, etc. Aplicaci\u00f3n.<\/p>\n<\/div><\/section><\/div>\n\n<\/div><\/div><\/main><!-- close content main element --><\/div><\/div><div id='av_section_2'  class='avia-section av-23jz1ta-fb1ed2230ebab15725efccdeb2a3ecd6 main_color avia-section-default avia-no-border-styling  avia-builder-el-7  el_after_av_section  avia-builder-el-last  gradient-section avia-bg-style-scroll container_wrap fullsize'  ><div class='container av-section-cont-open' ><div class='template-page content  av-content-full alpha units'><div class='post-entry post-entry-type-page post-entry-30956'><div class='entry-content-wrapper clearfix'>\n<div  class='flex_column av-1mv28y6-bcb2a9efd73400de2edeecf7d5e87e58 av_one_full  avia-builder-el-8  avia-builder-el-no-sibling  first flex_column_div  '     ><p><div class=\"pxl-headline pxl-hl hl-wrap | hl-sub--off hl--align-left hl--no-margin    \">\n        <div class=\"hl-inner\">\n            <h2 class=\"hl-main hl-line |  hl_main--default  \">Productos interesantes<\/h2>\n            \n    <\/div>\n<\/div>\n<br \/>\n<div   data-autoplay=''  data-interval='5'  data-animation='fade'  data-hoverpause='1'  class='template-shop avia-content-slider avia-content-slider-active avia-product-slider1 avia-content-slider-even  avia-builder-el-10  el_after_pixel_sc_headline  el_before_av_button   shop_columns_4' ><div class='avia-content-slider-inner'><ul class=\"products slide-entry-wrap\"><li class=\"product type-product post-51682 status-publish first instock product_cat-cintas-adhesivas-de-una-cara product_cat-cinta-con-revestimiento-de-pe product_cat-cinta-de-tela product_cat-cinta-plastificada has-post-thumbnail taxable shipping-taxable purchasable product-type-variable\">\n\t<div class='inner_product main_color wrapped_style noLightbox  av-product-class-no_button'><a href=\"https:\/\/cardinal-tapes.com\/es\/cintas-adhesivas\/cintas-adhesivas-de-una-cara\/cinta-con-revestimiento-de-pe\/ca-33-cinta-adhesiva-de-tejido-recubierto-de-polietileno\/\" class=\"woocommerce-LoopProduct-link woocommerce-loop-product__link\"><div class=\"thumbnail_container\"><img decoding=\"async\" loading=\"lazy\" width=\"450\" height=\"450\" src=\"https:\/\/cardinal-tapes.com\/wp-content\/uploads\/ca-33_01-450x450.jpg\" class=\"wp-image-27827 avia-img-lazy-loading-27827 attachment-shop_catalog size-shop_catalog wp-post-image\" alt=\"CA-33 cinta para bordes de moqueta recubierta de pl\u00e1stico - unilateral, Tejido, Caucho natural - Ilustraci\u00f3n 27827\" srcset=\"https:\/\/cardinal-tapes.com\/wp-content\/uploads\/ca-33_01-450x450.jpg 450w, https:\/\/cardinal-tapes.com\/wp-content\/uploads\/ca-33_01-120x120.jpg 120w, https:\/\/cardinal-tapes.com\/wp-content\/uploads\/ca-33_01-80x80.jpg 80w, https:\/\/cardinal-tapes.com\/wp-content\/uploads\/ca-33_01-200x200.jpg 200w, https:\/\/cardinal-tapes.com\/wp-content\/uploads\/ca-33_01-768x768.jpg 768w, https:\/\/cardinal-tapes.com\/wp-content\/uploads\/ca-33_01-1030x1030.jpg 1030w, https:\/\/cardinal-tapes.com\/wp-content\/uploads\/ca-33_01-36x36.jpg 36w, https:\/\/cardinal-tapes.com\/wp-content\/uploads\/ca-33_01-180x180.jpg 180w, https:\/\/cardinal-tapes.com\/wp-content\/uploads\/ca-33_01-705x705.jpg 705w, https:\/\/cardinal-tapes.com\/wp-content\/uploads\/ca-33_01-100x100.jpg 100w, https:\/\/cardinal-tapes.com\/wp-content\/uploads\/ca-33_01.jpg 1400w\" sizes=\"auto, (max-width: 450px) 100vw, 450px\" \/><\/div><div class='inner_product_header'><div class='avia-arrow'><\/div><div class='inner_product_header_table'><div class='inner_product_header_cell'><span class=\"is-h2 woocommerce-loop-product__title\">CA-33 cinta para bordes de moqueta recubierta de pl\u00e1stico<\/span>\t\t<div class=\"product-infos\">\n\t\t\t\t\t\t\t<span class='product-infos__item'><b>Revestimiento:<\/b> unilateral<\/span>\n\t\t\t\t\t\t\t\t\t\t<span class='product-infos__item'><b>Tipo de material:<\/b> Tejido<\/span>\n\t\t\t\t\t\t\t\t\t\t<span class='product-infos__item'><b>Fabricante:<\/b> cardinal GmbH<\/span>\n\t\t\t\t\t\t\t\t\t\t<span class='product-infos__item'><b>Precio a la carta<\/b><\/span>\n\t\t\t\t\t<\/div>\n\t<\/div><\/div><\/div><\/a><\/div><\/li>\n<li class=\"product type-product post-42152 status-publish instock product_cat-cinta-de-tela product_cat-cinta-plastificada product_cat-cintas-adhesivas-de-una-cara product_cat-cinta-con-revestimiento-de-pe has-post-thumbnail taxable shipping-taxable purchasable product-type-variable\">\n\t<div class='inner_product main_color wrapped_style noLightbox  av-product-class-no_button'><a href=\"https:\/\/cardinal-tapes.com\/es\/cintas-adhesivas\/cintas-adhesivas-de-una-cara\/cinta-con-revestimiento-de-pe\/at160-cinta-tejido-impermeable-de-calidad-premium-con-superficie-mate\/\" class=\"woocommerce-LoopProduct-link woocommerce-loop-product__link\"><div class=\"thumbnail_container\"><img decoding=\"async\" loading=\"lazy\" width=\"450\" height=\"450\" src=\"https:\/\/cardinal-tapes.com\/wp-content\/uploads\/Advance-Tapes_AT160_Group-450x450.jpg\" class=\"wp-image-28615 avia-img-lazy-loading-28615 attachment-shop_catalog size-shop_catalog wp-post-image\" alt=\"Cinta de tejido impermeable AT160 con superficie mate - unilateral, Tejido, Caucho natural - Ilustraci\u00f3n 28615\" srcset=\"https:\/\/cardinal-tapes.com\/wp-content\/uploads\/Advance-Tapes_AT160_Group-450x450.jpg 450w, https:\/\/cardinal-tapes.com\/wp-content\/uploads\/Advance-Tapes_AT160_Group-120x120.jpg 120w, https:\/\/cardinal-tapes.com\/wp-content\/uploads\/Advance-Tapes_AT160_Group-80x80.jpg 80w, https:\/\/cardinal-tapes.com\/wp-content\/uploads\/Advance-Tapes_AT160_Group-200x200.jpg 200w, https:\/\/cardinal-tapes.com\/wp-content\/uploads\/Advance-Tapes_AT160_Group-36x36.jpg 36w, https:\/\/cardinal-tapes.com\/wp-content\/uploads\/Advance-Tapes_AT160_Group-180x180.jpg 180w, https:\/\/cardinal-tapes.com\/wp-content\/uploads\/Advance-Tapes_AT160_Group-100x100.jpg 100w, https:\/\/cardinal-tapes.com\/wp-content\/uploads\/Advance-Tapes_AT160_Group.jpg 600w\" sizes=\"auto, (max-width: 450px) 100vw, 450px\" \/><\/div><div class='inner_product_header'><div class='avia-arrow'><\/div><div class='inner_product_header_table'><div class='inner_product_header_cell'><span class=\"is-h2 woocommerce-loop-product__title\">Cinta de tejido impermeable AT160 con superficie mate<\/span>\t\t<div class=\"product-infos\">\n\t\t\t\t\t\t\t<span class='product-infos__item'><b>Revestimiento:<\/b> unilateral<\/span>\n\t\t\t\t\t\t\t\t\t\t<span class='product-infos__item'><b>Tipo de material:<\/b> Tejido<\/span>\n\t\t\t\t\t\t\t\t\t\t<span class='product-infos__item'><b>Fabricante:<\/b> Advance Tapes<\/span>\n\t\t\t\t\t\t\t\t\t\t<span class='product-infos__item'><b>Precio a la carta<\/b><\/span>\n\t\t\t\t\t<\/div>\n\t<\/div><\/div><\/div><\/a><\/div><\/li>\n<li class=\"product type-product post-42679 status-publish instock product_cat-cinta-plastificada product_cat-cintas-adhesivas-de-una-cara product_cat-cinta-con-revestimiento-de-pe product_cat-cinta-de-tela has-post-thumbnail taxable shipping-taxable purchasable product-type-variable\">\n\t<div class='inner_product main_color wrapped_style noLightbox  av-product-class-no_button'><a href=\"https:\/\/cardinal-tapes.com\/es\/cintas-adhesivas\/cintas-adhesivas-de-una-cara\/cinta-con-revestimiento-de-pe\/at159-cinta-tejido-impermeable-con-superficie-mate\/\" class=\"woocommerce-LoopProduct-link woocommerce-loop-product__link\"><div class=\"thumbnail_container\"><img decoding=\"async\" loading=\"lazy\" width=\"450\" height=\"450\" src=\"https:\/\/cardinal-tapes.com\/wp-content\/uploads\/Advance-Tapes_AT160_Group-450x450.jpg\" class=\"wp-image-28615 avia-img-lazy-loading-28615 attachment-shop_catalog size-shop_catalog wp-post-image\" alt=\"AT159 Cinta de tejido impermeable con superficie mate - unilateral, Tejido, Caucho natural - Ilustraci\u00f3n 28615\" srcset=\"https:\/\/cardinal-tapes.com\/wp-content\/uploads\/Advance-Tapes_AT160_Group-450x450.jpg 450w, https:\/\/cardinal-tapes.com\/wp-content\/uploads\/Advance-Tapes_AT160_Group-120x120.jpg 120w, https:\/\/cardinal-tapes.com\/wp-content\/uploads\/Advance-Tapes_AT160_Group-80x80.jpg 80w, https:\/\/cardinal-tapes.com\/wp-content\/uploads\/Advance-Tapes_AT160_Group-200x200.jpg 200w, https:\/\/cardinal-tapes.com\/wp-content\/uploads\/Advance-Tapes_AT160_Group-36x36.jpg 36w, https:\/\/cardinal-tapes.com\/wp-content\/uploads\/Advance-Tapes_AT160_Group-180x180.jpg 180w, https:\/\/cardinal-tapes.com\/wp-content\/uploads\/Advance-Tapes_AT160_Group-100x100.jpg 100w, https:\/\/cardinal-tapes.com\/wp-content\/uploads\/Advance-Tapes_AT160_Group.jpg 600w\" sizes=\"auto, (max-width: 450px) 100vw, 450px\" \/><\/div><div class='inner_product_header'><div class='avia-arrow'><\/div><div class='inner_product_header_table'><div class='inner_product_header_cell'><span class=\"is-h2 woocommerce-loop-product__title\">AT159 Cinta de tejido impermeable con superficie mate<\/span>\t\t<div class=\"product-infos\">\n\t\t\t\t\t\t\t<span class='product-infos__item'><b>Revestimiento:<\/b> unilateral<\/span>\n\t\t\t\t\t\t\t\t\t\t<span class='product-infos__item'><b>Tipo de material:<\/b> Tejido<\/span>\n\t\t\t\t\t\t\t\t\t\t<span class='product-infos__item'><b>Fabricante:<\/b> Advance Tapes<\/span>\n\t\t\t\t\t\t\t\t\t\t<span class='product-infos__item'><b>Precio a la carta<\/b><\/span>\n\t\t\t\t\t<\/div>\n\t<\/div><\/div><\/div><\/a><\/div><\/li>\n<li class=\"product type-product post-55430 status-publish last instock product_cat-cinta-con-revestimiento-de-pe product_cat-cintas-adhesivas-de-una-cara has-post-thumbnail taxable shipping-taxable purchasable product-type-variable\">\n\t<div class='inner_product main_color wrapped_style noLightbox  av-product-class-no_button'><a href=\"https:\/\/cardinal-tapes.com\/es\/cintas-adhesivas\/cintas-adhesivas-de-una-cara\/cinta-con-revestimiento-de-pe\/ca-773-pe-cinta-adhesiva\/\" class=\"woocommerce-LoopProduct-link woocommerce-loop-product__link\"><div class=\"thumbnail_container\"><img decoding=\"async\" loading=\"lazy\" width=\"450\" height=\"450\" src=\"https:\/\/cardinal-tapes.com\/wp-content\/uploads\/CA_773_02-1-450x450.jpg\" class=\"wp-image-26919 avia-img-lazy-loading-26919 attachment-shop_catalog size-shop_catalog wp-post-image\" alt=\"Cinta adhesiva CA-773 PE - unilateral, L\u00e1mina de PE, Caucho natural - Ilustraci\u00f3n 26919\" srcset=\"https:\/\/cardinal-tapes.com\/wp-content\/uploads\/CA_773_02-1-450x450.jpg 450w, https:\/\/cardinal-tapes.com\/wp-content\/uploads\/CA_773_02-1-120x120.jpg 120w, https:\/\/cardinal-tapes.com\/wp-content\/uploads\/CA_773_02-1-80x80.jpg 80w, https:\/\/cardinal-tapes.com\/wp-content\/uploads\/CA_773_02-1-200x200.jpg 200w, https:\/\/cardinal-tapes.com\/wp-content\/uploads\/CA_773_02-1-768x768.jpg 768w, https:\/\/cardinal-tapes.com\/wp-content\/uploads\/CA_773_02-1-1030x1030.jpg 1030w, https:\/\/cardinal-tapes.com\/wp-content\/uploads\/CA_773_02-1-36x36.jpg 36w, https:\/\/cardinal-tapes.com\/wp-content\/uploads\/CA_773_02-1-180x180.jpg 180w, https:\/\/cardinal-tapes.com\/wp-content\/uploads\/CA_773_02-1-705x705.jpg 705w, https:\/\/cardinal-tapes.com\/wp-content\/uploads\/CA_773_02-1-100x100.jpg 100w, https:\/\/cardinal-tapes.com\/wp-content\/uploads\/CA_773_02-1.jpg 1400w\" sizes=\"auto, (max-width: 450px) 100vw, 450px\" \/><\/div><div class='inner_product_header'><div class='avia-arrow'><\/div><div class='inner_product_header_table'><div class='inner_product_header_cell'><span class=\"is-h2 woocommerce-loop-product__title\">Cinta adhesiva CA-773 PE<\/span>\t\t<div class=\"product-infos\">\n\t\t\t\t\t\t\t<span class='product-infos__item'><b>Revestimiento:<\/b> unilateral<\/span>\n\t\t\t\t\t\t\t\t\t\t<span class='product-infos__item'><b>Tipo de material:<\/b> L\u00e1mina de PE<\/span>\n\t\t\t\t\t\t\t\t\t\t<span class='product-infos__item'><b>Fabricante:<\/b> cardinal GmbH<\/span>\n\t\t\t\t\t\t\t\t\t\t<span class='product-infos__item'><b>Precio a la carta<\/b><\/span>\n\t\t\t\t\t<\/div>\n\t<\/div><\/div><\/div><\/a><\/div><\/li>\n<\/ul><\/div><\/div><div class=\"clear\"><\/div><br \/>\n<div  class='avia-button-wrap av-q9eg4u-0405e6746b8de6469b5f526e154a6ead-wrap avia-button-left '><a href='https:\/\/cardinal-tapes.com\/klebebaender\/'  class='avia-button av-q9eg4u-0405e6746b8de6469b5f526e154a6ead avia-icon_select-no avia-size-medium avia-position-left avia-color-theme-color layout-border color-white'  ><span class='avia_iconbox_title' >Todos los productos<\/span><\/a><\/div><\/p><\/div>\n","protected":false},"excerpt":{"rendered":"","protected":false},"author":1,"featured_media":0,"parent":30710,"menu_order":6,"comment_status":"closed","ping_status":"closed","template":"","meta":{"_acf_changed":false,"footnotes":""},"class_list":["post-30956","page","type-page","status-publish","hentry"],"acf":[],"yoast_head":"<!-- This site is optimized with the Yoast SEO plugin v27.4 - https:\/\/yoast.com\/product\/yoast-seo-wordpress\/ -->\n<title>Adhesivos sensibles a la presi\u00f3n - cardinal TAPES<\/title>\n<meta name=\"description\" content=\"Los adhesivos sensibles a la presi\u00f3n siguen siendo muy viscosos y permanentemente adhesivos tras su aplicaci\u00f3n a un sustrato. Obtenga m\u00e1s informaci\u00f3n aqu\u00ed.\" \/>\n<meta name=\"robots\" content=\"index, follow, max-snippet:-1, max-image-preview:large, max-video-preview:-1\" \/>\n<link rel=\"canonical\" href=\"https:\/\/cardinal-tapes.com\/es\/cintas-adhesivas-es\/cinta-adhesiva-abc\/adhesivos-sensibles-a-la-presion\/\" \/>\n<meta property=\"og:locale\" content=\"es_ES\" \/>\n<meta property=\"og:type\" content=\"article\" \/>\n<meta property=\"og:title\" content=\"Adhesivos sensibles a la presi\u00f3n - cardinal TAPES\" \/>\n<meta property=\"og:description\" content=\"Los adhesivos sensibles a la presi\u00f3n siguen siendo muy viscosos y permanentemente adhesivos tras su aplicaci\u00f3n a un sustrato. Obtenga m\u00e1s informaci\u00f3n aqu\u00ed.\" \/>\n<meta property=\"og:url\" content=\"https:\/\/cardinal-tapes.com\/es\/cintas-adhesivas-es\/cinta-adhesiva-abc\/adhesivos-sensibles-a-la-presion\/\" \/>\n<meta property=\"og:site_name\" content=\"cardinal TAPES\" \/>\n<meta property=\"article:modified_time\" content=\"2023-06-14T08:47:05+00:00\" \/>\n<meta name=\"twitter:card\" content=\"summary_large_image\" \/>\n<meta name=\"twitter:label1\" content=\"Tiempo de lectura\" \/>\n\t<meta name=\"twitter:data1\" content=\"14 minutos\" \/>\n<script type=\"application\/ld+json\" class=\"yoast-schema-graph\">{\"@context\":\"https:\\\/\\\/schema.org\",\"@graph\":[{\"@type\":\"WebPage\",\"@id\":\"https:\\\/\\\/cardinal-tapes.com\\\/es\\\/cintas-adhesivas-es\\\/cinta-adhesiva-abc\\\/adhesivos-sensibles-a-la-presion\\\/\",\"url\":\"https:\\\/\\\/cardinal-tapes.com\\\/es\\\/cintas-adhesivas-es\\\/cinta-adhesiva-abc\\\/adhesivos-sensibles-a-la-presion\\\/\",\"name\":\"Adhesivos sensibles a la presi\u00f3n - cardinal TAPES\",\"isPartOf\":{\"@id\":\"https:\\\/\\\/cardinal-tapes.com\\\/#website\"},\"datePublished\":\"2023-06-02T08:59:05+00:00\",\"dateModified\":\"2023-06-14T08:47:05+00:00\",\"description\":\"Los adhesivos sensibles a la presi\u00f3n siguen siendo muy viscosos y permanentemente adhesivos tras su aplicaci\u00f3n a un sustrato. Obtenga m\u00e1s informaci\u00f3n aqu\u00ed.\",\"breadcrumb\":{\"@id\":\"https:\\\/\\\/cardinal-tapes.com\\\/es\\\/cintas-adhesivas-es\\\/cinta-adhesiva-abc\\\/adhesivos-sensibles-a-la-presion\\\/#breadcrumb\"},\"inLanguage\":\"es\",\"potentialAction\":[{\"@type\":\"ReadAction\",\"target\":[\"https:\\\/\\\/cardinal-tapes.com\\\/es\\\/cintas-adhesivas-es\\\/cinta-adhesiva-abc\\\/adhesivos-sensibles-a-la-presion\\\/\"]}]},{\"@type\":\"BreadcrumbList\",\"@id\":\"https:\\\/\\\/cardinal-tapes.com\\\/es\\\/cintas-adhesivas-es\\\/cinta-adhesiva-abc\\\/adhesivos-sensibles-a-la-presion\\\/#breadcrumb\",\"itemListElement\":[{\"@type\":\"ListItem\",\"position\":1,\"name\":\"Startseite\",\"item\":\"https:\\\/\\\/cardinal-tapes.com\\\/es\\\/\"},{\"@type\":\"ListItem\",\"position\":2,\"name\":\"Cintas adhesivas\",\"item\":\"https:\\\/\\\/cardinal-tapes.com\\\/es\\\/cintas-adhesivas-es\\\/\"},{\"@type\":\"ListItem\",\"position\":3,\"name\":\"Cinta adhesiva ABC\",\"item\":\"https:\\\/\\\/cardinal-tapes.com\\\/es\\\/cintas-adhesivas-es__trashed\\\/cinta-adhesiva-abc\\\/\"},{\"@type\":\"ListItem\",\"position\":4,\"name\":\"Adhesivos sensibles a la presi\u00f3n\"}]},{\"@type\":\"WebSite\",\"@id\":\"https:\\\/\\\/cardinal-tapes.com\\\/#website\",\"url\":\"https:\\\/\\\/cardinal-tapes.com\\\/\",\"name\":\"cardinal TAPES\",\"description\":\"Klebetechnik aus Wuppertal\",\"potentialAction\":[{\"@type\":\"SearchAction\",\"target\":{\"@type\":\"EntryPoint\",\"urlTemplate\":\"https:\\\/\\\/cardinal-tapes.com\\\/?s={search_term_string}\"},\"query-input\":{\"@type\":\"PropertyValueSpecification\",\"valueRequired\":true,\"valueName\":\"search_term_string\"}}],\"inLanguage\":\"es\"}]}<\/script>\n<!-- \/ Yoast SEO plugin. -->","yoast_head_json":{"title":"Adhesivos sensibles a la presi\u00f3n - cardinal TAPES","description":"Los adhesivos sensibles a la presi\u00f3n siguen siendo muy viscosos y permanentemente adhesivos tras su aplicaci\u00f3n a un sustrato. Obtenga m\u00e1s informaci\u00f3n aqu\u00ed.","robots":{"index":"index","follow":"follow","max-snippet":"max-snippet:-1","max-image-preview":"max-image-preview:large","max-video-preview":"max-video-preview:-1"},"canonical":"https:\/\/cardinal-tapes.com\/es\/cintas-adhesivas-es\/cinta-adhesiva-abc\/adhesivos-sensibles-a-la-presion\/","og_locale":"es_ES","og_type":"article","og_title":"Adhesivos sensibles a la presi\u00f3n - cardinal TAPES","og_description":"Los adhesivos sensibles a la presi\u00f3n siguen siendo muy viscosos y permanentemente adhesivos tras su aplicaci\u00f3n a un sustrato. Obtenga m\u00e1s informaci\u00f3n aqu\u00ed.","og_url":"https:\/\/cardinal-tapes.com\/es\/cintas-adhesivas-es\/cinta-adhesiva-abc\/adhesivos-sensibles-a-la-presion\/","og_site_name":"cardinal TAPES","article_modified_time":"2023-06-14T08:47:05+00:00","twitter_card":"summary_large_image","twitter_misc":{"Tiempo de lectura":"14 minutos"},"schema":{"@context":"https:\/\/schema.org","@graph":[{"@type":"WebPage","@id":"https:\/\/cardinal-tapes.com\/es\/cintas-adhesivas-es\/cinta-adhesiva-abc\/adhesivos-sensibles-a-la-presion\/","url":"https:\/\/cardinal-tapes.com\/es\/cintas-adhesivas-es\/cinta-adhesiva-abc\/adhesivos-sensibles-a-la-presion\/","name":"Adhesivos sensibles a la presi\u00f3n - cardinal TAPES","isPartOf":{"@id":"https:\/\/cardinal-tapes.com\/#website"},"datePublished":"2023-06-02T08:59:05+00:00","dateModified":"2023-06-14T08:47:05+00:00","description":"Los adhesivos sensibles a la presi\u00f3n siguen siendo muy viscosos y permanentemente adhesivos tras su aplicaci\u00f3n a un sustrato. Obtenga m\u00e1s informaci\u00f3n aqu\u00ed.","breadcrumb":{"@id":"https:\/\/cardinal-tapes.com\/es\/cintas-adhesivas-es\/cinta-adhesiva-abc\/adhesivos-sensibles-a-la-presion\/#breadcrumb"},"inLanguage":"es","potentialAction":[{"@type":"ReadAction","target":["https:\/\/cardinal-tapes.com\/es\/cintas-adhesivas-es\/cinta-adhesiva-abc\/adhesivos-sensibles-a-la-presion\/"]}]},{"@type":"BreadcrumbList","@id":"https:\/\/cardinal-tapes.com\/es\/cintas-adhesivas-es\/cinta-adhesiva-abc\/adhesivos-sensibles-a-la-presion\/#breadcrumb","itemListElement":[{"@type":"ListItem","position":1,"name":"Startseite","item":"https:\/\/cardinal-tapes.com\/es\/"},{"@type":"ListItem","position":2,"name":"Cintas adhesivas","item":"https:\/\/cardinal-tapes.com\/es\/cintas-adhesivas-es\/"},{"@type":"ListItem","position":3,"name":"Cinta adhesiva ABC","item":"https:\/\/cardinal-tapes.com\/es\/cintas-adhesivas-es__trashed\/cinta-adhesiva-abc\/"},{"@type":"ListItem","position":4,"name":"Adhesivos sensibles a la presi\u00f3n"}]},{"@type":"WebSite","@id":"https:\/\/cardinal-tapes.com\/#website","url":"https:\/\/cardinal-tapes.com\/","name":"cardinal TAPES","description":"Klebetechnik aus Wuppertal","potentialAction":[{"@type":"SearchAction","target":{"@type":"EntryPoint","urlTemplate":"https:\/\/cardinal-tapes.com\/?s={search_term_string}"},"query-input":{"@type":"PropertyValueSpecification","valueRequired":true,"valueName":"search_term_string"}}],"inLanguage":"es"}]}},"_links":{"self":[{"href":"https:\/\/cardinal-tapes.com\/es\/wp-json\/wp\/v2\/pages\/30956","targetHints":{"allow":["GET"]}}],"collection":[{"href":"https:\/\/cardinal-tapes.com\/es\/wp-json\/wp\/v2\/pages"}],"about":[{"href":"https:\/\/cardinal-tapes.com\/es\/wp-json\/wp\/v2\/types\/page"}],"author":[{"embeddable":true,"href":"https:\/\/cardinal-tapes.com\/es\/wp-json\/wp\/v2\/users\/1"}],"replies":[{"embeddable":true,"href":"https:\/\/cardinal-tapes.com\/es\/wp-json\/wp\/v2\/comments?post=30956"}],"version-history":[{"count":0,"href":"https:\/\/cardinal-tapes.com\/es\/wp-json\/wp\/v2\/pages\/30956\/revisions"}],"up":[{"embeddable":true,"href":"https:\/\/cardinal-tapes.com\/es\/wp-json\/wp\/v2\/pages\/30710"}],"wp:attachment":[{"href":"https:\/\/cardinal-tapes.com\/es\/wp-json\/wp\/v2\/media?parent=30956"}],"curies":[{"name":"wp","href":"https:\/\/api.w.org\/{rel}","templated":true}]}}