{"id":30896,"date":"2023-06-02T10:59:04","date_gmt":"2023-06-02T08:59:04","guid":{"rendered":"https:\/\/cardinal.pixel-tal.de\/cintas-adhesivas\/cinta-adhesiva-abc\/peliculas-pa\/"},"modified":"2023-06-02T11:11:53","modified_gmt":"2023-06-02T09:11:53","slug":"peliculas-pa","status":"publish","type":"page","link":"https:\/\/cardinal-tapes.com\/es\/cintas-adhesivas-es\/cinta-adhesiva-abc\/peliculas-pa\/","title":{"rendered":"Pel\u00edculas PA"},"content":{"rendered":"<div id='av_section_1'  class='avia-section av-711h10-9e738d75133c7a93f1ca94d4a0634a61 alternate_color avia-section-default avia-no-border-styling  avia-builder-el-0  avia-builder-el-no-sibling  avia-bg-style-scroll container_wrap fullsize'  ><div class='container av-section-cont-open' ><main  role=\"main\" itemprop=\"mainContentOfPage\"  class='template-page content  av-content-full alpha units'><div class='post-entry post-entry-type-page post-entry-30896'><div class='entry-content-wrapper clearfix'>\n<div  class='flex_column av-1ph4qt0-d1844c0d98824c3056598db64795cdf1 av_one_full  avia-builder-el-1  el_before_av_one_half  avia-builder-el-first  first flex_column_div  '     ><div class=\"pxl-headline pxl-hl hl-wrap | hl-sub--off hl--align-left hl--no-margin    \">\n        <div class=\"hl-inner\">\n            <h2 class=\"hl-main hl-line |  hl_main--default  \">L\u00e1minas de PA - Las numerosas ventajas de los adhesivos a base de poliamida<\/h2>\n            \n    <\/div>\n<\/div><\/div><div  class='flex_column av-1cwvvp0-1d9e311a37bd522e4e595c61c5c5c024 av_one_half  avia-builder-el-3  el_after_av_one_full  el_before_av_one_half  first flex_column_div  column-top-margin'     ><section  class='av_textblock_section av-22jw6tw-c0c382d5e2410762c78a592d436d1ddc '   itemscope=\"itemscope\" itemtype=\"https:\/\/schema.org\/CreativeWork\" ><div class='avia_textblock'  itemprop=\"text\" ><p>Las l\u00e1minas de poliamida o PA tienen una gran resistencia al calor y son extremadamente resistentes al desgarro. A esto se a\u00f1ade una buena resistencia a la abrasi\u00f3n, como en el caso de las cintas adhesivas con tejido PA y terciopelo PA, que pertenecen a la clase de abrasi\u00f3n m\u00e1s alta (seg\u00fan LV 312). Las l\u00e1minas de poliamida se utilizan a menudo en la industria el\u00e9ctrica.<\/p>\n<h4>L\u00e1minas de PA &#8211; Las ventajas de los adhesivos a base de poliamida<\/h4>\n<p>Las ventajas de las l\u00e1minas de poliamida o PA son numerosas. El adhesivo PA no s\u00f3lo se caracteriza por su robustez mec\u00e1nica. Adem\u00e1s, presenta una gran resistencia a los efectos del calor. Al mismo tiempo, sin embargo, el comportamiento en fr\u00edo es excelente. As\u00ed, las l\u00e1minas de PA superan los requisitos de altas temperaturas de numerosas industrias. Del mismo modo, los adhesivos a base de poliamida son muy resistentes a muchos productos qu\u00edmicos y plastificantes.<\/p>\n<\/div><\/section><\/div><div  class='flex_column av-imr71w-0a6f4cd8b92d1fca86c5468dea2407a5 av_one_half  avia-builder-el-5  el_after_av_one_half  avia-builder-el-last  flex_column_div  column-top-margin'     ><section  class='av_textblock_section av-14djx84-b82a2fab55f8b79fcd892d0e6fd3ddf7 '   itemscope=\"itemscope\" itemtype=\"https:\/\/schema.org\/CreativeWork\" ><div class='avia_textblock small'  itemprop=\"text\" ><h4>L\u00e1minas de PA &#8211; El adhesivo de poliamida se utiliza en estas industrias<\/h4>\n<p>Debido a sus valiosas propiedades adhesivas, las l\u00e1minas de PA se utilizan en muchas industrias. Por ejemplo, la industria el\u00e9ctrica, la construcci\u00f3n y la automoci\u00f3n utilizan adhesivos a base de poliamida. \u00bfNo sabe si nuestras l\u00e1minas de PA son adecuadas para su aplicaci\u00f3n industrial? Entonces consulte a nuestros expertos al respecto y p\u00f3ngase en contacto con nosotros de inmediato. Tambi\u00e9n le interesa: Le ofrecemos varias opciones para confeccionar productos seg\u00fan sus necesidades.<\/p>\n<\/div><\/section><\/div>\n\n","protected":false},"excerpt":{"rendered":"","protected":false},"author":1,"featured_media":0,"parent":30710,"menu_order":1,"comment_status":"closed","ping_status":"closed","template":"","meta":{"_acf_changed":false,"footnotes":""},"class_list":["post-30896","page","type-page","status-publish","hentry"],"acf":[],"yoast_head":"<!-- This site is optimized with the Yoast SEO plugin v27.3 - https:\/\/yoast.com\/product\/yoast-seo-wordpress\/ -->\n<title>L\u00e1minas de PA - Las numerosas ventajas de los adhesivos<\/title>\n<meta name=\"description\" content=\"Las l\u00e1minas de poliamida o PA tienen una gran resistencia al calor y son extremadamente resistentes al desgarro. M\u00e1s informaci\u00f3n sobre el adhesivo de alto rendimiento.\" \/>\n<meta name=\"robots\" content=\"index, follow, max-snippet:-1, max-image-preview:large, max-video-preview:-1\" \/>\n<link rel=\"canonical\" href=\"https:\/\/cardinal-tapes.com\/es\/cintas-adhesivas-es__trashed\/cinta-adhesiva-abc\/peliculas-pa\/\" \/>\n<meta property=\"og:locale\" content=\"es_ES\" \/>\n<meta property=\"og:type\" content=\"article\" \/>\n<meta property=\"og:title\" content=\"L\u00e1minas de PA - Las numerosas ventajas de los adhesivos\" \/>\n<meta property=\"og:description\" content=\"Las l\u00e1minas de poliamida o PA tienen una gran resistencia al calor y son extremadamente resistentes al desgarro. M\u00e1s informaci\u00f3n sobre el adhesivo de alto rendimiento.\" \/>\n<meta property=\"og:url\" content=\"https:\/\/cardinal-tapes.com\/es\/cintas-adhesivas-es__trashed\/cinta-adhesiva-abc\/peliculas-pa\/\" \/>\n<meta property=\"og:site_name\" content=\"cardinal TAPES\" \/>\n<meta property=\"article:modified_time\" content=\"2023-06-02T09:11:53+00:00\" \/>\n<meta name=\"twitter:card\" content=\"summary_large_image\" \/>\n<meta name=\"twitter:label1\" content=\"Tiempo de lectura\" \/>\n\t<meta name=\"twitter:data1\" content=\"9 minutos\" \/>\n<script type=\"application\/ld+json\" class=\"yoast-schema-graph\">{\"@context\":\"https:\\\/\\\/schema.org\",\"@graph\":[{\"@type\":\"WebPage\",\"@id\":\"https:\\\/\\\/cardinal-tapes.com\\\/es\\\/cintas-adhesivas-es__trashed\\\/cinta-adhesiva-abc\\\/peliculas-pa\\\/\",\"url\":\"https:\\\/\\\/cardinal-tapes.com\\\/es\\\/cintas-adhesivas-es__trashed\\\/cinta-adhesiva-abc\\\/peliculas-pa\\\/\",\"name\":\"L\u00e1minas de PA - Las numerosas ventajas de los adhesivos\",\"isPartOf\":{\"@id\":\"https:\\\/\\\/cardinal-tapes.com\\\/#website\"},\"datePublished\":\"2023-06-02T08:59:04+00:00\",\"dateModified\":\"2023-06-02T09:11:53+00:00\",\"description\":\"Las l\u00e1minas de poliamida o PA tienen una gran resistencia al calor y son extremadamente resistentes al desgarro. M\u00e1s informaci\u00f3n sobre el adhesivo de alto rendimiento.\",\"breadcrumb\":{\"@id\":\"https:\\\/\\\/cardinal-tapes.com\\\/es\\\/cintas-adhesivas-es__trashed\\\/cinta-adhesiva-abc\\\/peliculas-pa\\\/#breadcrumb\"},\"inLanguage\":\"es\",\"potentialAction\":[{\"@type\":\"ReadAction\",\"target\":[\"https:\\\/\\\/cardinal-tapes.com\\\/es\\\/cintas-adhesivas-es__trashed\\\/cinta-adhesiva-abc\\\/peliculas-pa\\\/\"]}]},{\"@type\":\"BreadcrumbList\",\"@id\":\"https:\\\/\\\/cardinal-tapes.com\\\/es\\\/cintas-adhesivas-es__trashed\\\/cinta-adhesiva-abc\\\/peliculas-pa\\\/#breadcrumb\",\"itemListElement\":[{\"@type\":\"ListItem\",\"position\":1,\"name\":\"Startseite\",\"item\":\"https:\\\/\\\/cardinal-tapes.com\\\/es\\\/\"},{\"@type\":\"ListItem\",\"position\":2,\"name\":\"Cinta adhesiva ABC\",\"item\":\"https:\\\/\\\/cardinal-tapes.com\\\/es\\\/cintas-adhesivas-es__trashed\\\/cinta-adhesiva-abc\\\/\"},{\"@type\":\"ListItem\",\"position\":3,\"name\":\"Pel\u00edculas PA\"}]},{\"@type\":\"WebSite\",\"@id\":\"https:\\\/\\\/cardinal-tapes.com\\\/#website\",\"url\":\"https:\\\/\\\/cardinal-tapes.com\\\/\",\"name\":\"cardinal TAPES\",\"description\":\"Klebetechnik aus Wuppertal\",\"potentialAction\":[{\"@type\":\"SearchAction\",\"target\":{\"@type\":\"EntryPoint\",\"urlTemplate\":\"https:\\\/\\\/cardinal-tapes.com\\\/?s={search_term_string}\"},\"query-input\":{\"@type\":\"PropertyValueSpecification\",\"valueRequired\":true,\"valueName\":\"search_term_string\"}}],\"inLanguage\":\"es\"}]}<\/script>\n<!-- \/ Yoast SEO plugin. -->","yoast_head_json":{"title":"L\u00e1minas de PA - Las numerosas ventajas de los adhesivos","description":"Las l\u00e1minas de poliamida o PA tienen una gran resistencia al calor y son extremadamente resistentes al desgarro. M\u00e1s informaci\u00f3n sobre el adhesivo de alto rendimiento.","robots":{"index":"index","follow":"follow","max-snippet":"max-snippet:-1","max-image-preview":"max-image-preview:large","max-video-preview":"max-video-preview:-1"},"canonical":"https:\/\/cardinal-tapes.com\/es\/cintas-adhesivas-es__trashed\/cinta-adhesiva-abc\/peliculas-pa\/","og_locale":"es_ES","og_type":"article","og_title":"L\u00e1minas de PA - Las numerosas ventajas de los adhesivos","og_description":"Las l\u00e1minas de poliamida o PA tienen una gran resistencia al calor y son extremadamente resistentes al desgarro. M\u00e1s informaci\u00f3n sobre el adhesivo de alto rendimiento.","og_url":"https:\/\/cardinal-tapes.com\/es\/cintas-adhesivas-es__trashed\/cinta-adhesiva-abc\/peliculas-pa\/","og_site_name":"cardinal TAPES","article_modified_time":"2023-06-02T09:11:53+00:00","twitter_card":"summary_large_image","twitter_misc":{"Tiempo de lectura":"9 minutos"},"schema":{"@context":"https:\/\/schema.org","@graph":[{"@type":"WebPage","@id":"https:\/\/cardinal-tapes.com\/es\/cintas-adhesivas-es__trashed\/cinta-adhesiva-abc\/peliculas-pa\/","url":"https:\/\/cardinal-tapes.com\/es\/cintas-adhesivas-es__trashed\/cinta-adhesiva-abc\/peliculas-pa\/","name":"L\u00e1minas de PA - Las numerosas ventajas de los adhesivos","isPartOf":{"@id":"https:\/\/cardinal-tapes.com\/#website"},"datePublished":"2023-06-02T08:59:04+00:00","dateModified":"2023-06-02T09:11:53+00:00","description":"Las l\u00e1minas de poliamida o PA tienen una gran resistencia al calor y son extremadamente resistentes al desgarro. M\u00e1s informaci\u00f3n sobre el adhesivo de alto rendimiento.","breadcrumb":{"@id":"https:\/\/cardinal-tapes.com\/es\/cintas-adhesivas-es__trashed\/cinta-adhesiva-abc\/peliculas-pa\/#breadcrumb"},"inLanguage":"es","potentialAction":[{"@type":"ReadAction","target":["https:\/\/cardinal-tapes.com\/es\/cintas-adhesivas-es__trashed\/cinta-adhesiva-abc\/peliculas-pa\/"]}]},{"@type":"BreadcrumbList","@id":"https:\/\/cardinal-tapes.com\/es\/cintas-adhesivas-es__trashed\/cinta-adhesiva-abc\/peliculas-pa\/#breadcrumb","itemListElement":[{"@type":"ListItem","position":1,"name":"Startseite","item":"https:\/\/cardinal-tapes.com\/es\/"},{"@type":"ListItem","position":2,"name":"Cinta adhesiva ABC","item":"https:\/\/cardinal-tapes.com\/es\/cintas-adhesivas-es__trashed\/cinta-adhesiva-abc\/"},{"@type":"ListItem","position":3,"name":"Pel\u00edculas PA"}]},{"@type":"WebSite","@id":"https:\/\/cardinal-tapes.com\/#website","url":"https:\/\/cardinal-tapes.com\/","name":"cardinal TAPES","description":"Klebetechnik aus Wuppertal","potentialAction":[{"@type":"SearchAction","target":{"@type":"EntryPoint","urlTemplate":"https:\/\/cardinal-tapes.com\/?s={search_term_string}"},"query-input":{"@type":"PropertyValueSpecification","valueRequired":true,"valueName":"search_term_string"}}],"inLanguage":"es"}]}},"_links":{"self":[{"href":"https:\/\/cardinal-tapes.com\/es\/wp-json\/wp\/v2\/pages\/30896","targetHints":{"allow":["GET"]}}],"collection":[{"href":"https:\/\/cardinal-tapes.com\/es\/wp-json\/wp\/v2\/pages"}],"about":[{"href":"https:\/\/cardinal-tapes.com\/es\/wp-json\/wp\/v2\/types\/page"}],"author":[{"embeddable":true,"href":"https:\/\/cardinal-tapes.com\/es\/wp-json\/wp\/v2\/users\/1"}],"replies":[{"embeddable":true,"href":"https:\/\/cardinal-tapes.com\/es\/wp-json\/wp\/v2\/comments?post=30896"}],"version-history":[{"count":0,"href":"https:\/\/cardinal-tapes.com\/es\/wp-json\/wp\/v2\/pages\/30896\/revisions"}],"up":[{"embeddable":true,"href":"https:\/\/cardinal-tapes.com\/es\/wp-json\/wp\/v2\/pages\/30710"}],"wp:attachment":[{"href":"https:\/\/cardinal-tapes.com\/es\/wp-json\/wp\/v2\/media?parent=30896"}],"curies":[{"name":"wp","href":"https:\/\/api.w.org\/{rel}","templated":true}]}}