{"id":30863,"date":"2023-06-02T10:59:04","date_gmt":"2023-06-02T08:59:04","guid":{"rendered":"https:\/\/cardinal.pixel-tal.de\/cintas-adhesivas\/cinta-adhesiva-abc\/cinta-de-advertencia\/"},"modified":"2023-06-02T11:11:44","modified_gmt":"2023-06-02T09:11:44","slug":"cinta-de-advertencia","status":"publish","type":"page","link":"https:\/\/cardinal-tapes.com\/es\/cintas-adhesivas-es\/cinta-adhesiva-abc\/cinta-de-advertencia\/","title":{"rendered":"Cinta de advertencia"},"content":{"rendered":"<div id='av_section_1'  class='avia-section av-7ryacx-7f2e200a8dd933572df1317412acfd5a alternate_color avia-section-default avia-no-border-styling  avia-builder-el-0  avia-builder-el-no-sibling  avia-bg-style-scroll container_wrap fullsize'  ><div class='container av-section-cont-open' ><main  role=\"main\" itemprop=\"mainContentOfPage\"  class='template-page content  av-content-full alpha units'><div class='post-entry post-entry-type-page post-entry-30863'><div class='entry-content-wrapper clearfix'>\n<div  class='flex_column av-1s5a9sh-32bd05b41063648bb186e19a9a023188 av_one_full  avia-builder-el-1  el_before_av_one_half  avia-builder-el-first  first flex_column_div  '     ><div class=\"pxl-headline pxl-hl hl-wrap | hl-sub--off hl--align-left hl--no-margin    \">\n        <div class=\"hl-inner\">\n            <h2 class=\"hl-main hl-line |  hl_main--default  \">Cinta de advertencia<\/h2>\n            \n    <\/div>\n<\/div><\/div><div  class='flex_column av-149v229-ac209dca18e54170ff85b905913d52ca av_one_half  avia-builder-el-3  el_after_av_one_full  el_before_av_one_half  first flex_column_div  column-top-margin'     ><section  class='av_textblock_section av-ad9sjc-d628d416ebc078b503edc9f8049c1d5d '   itemscope=\"itemscope\" itemtype=\"https:\/\/schema.org\/CreativeWork\" ><div class='avia_textblock'  itemprop=\"text\" ><p>\u00bfDesea comprar cinta de advertencia en l\u00ednea y beneficiarse de una gran selecci\u00f3n? En nuestra tienda en l\u00ednea le ofrecemos una amplia gama de productos tanto para uso propio como para uso oficial y comercial. \u00bfDesea una consulta? Lo mejor es ponerse en contacto enseguida. Nuestros expertos tambi\u00e9n le informar\u00e1n sobre las posibilidades de personalizaci\u00f3n de su cinta de advertencia.<\/p>\n<h4>Comprar cinta de advertencia en l\u00ednea &#8211; C\u00f3mo proteger a terceros<\/h4>\n<p>Las cintas de barrera suelen utilizarse para cerrar determinadas zonas. El objetivo es evitar el acceso no autorizado. Aunque la cinta de advertencia tambi\u00e9n se utiliza esencialmente para esta aplicaci\u00f3n, tiene una intenci\u00f3n diferente: se trata de advertir a los transe\u00fantes de una zona de peligro mediante una coloraci\u00f3n llamativa. Estos puntos peligrosos incluyen, por ejemplo:<\/p>\n<ul>\n<li>Obras de construcci\u00f3n<\/li>\n<li>Accidentes<\/li>\n<li>M\u00e1quinas y dispositivos defectuosos<\/li>\n<li>Lugares de investigaciones oficiales<\/li>\n<\/ul>\n<p>No siempre tiene que comprar cinta de advertencia en l\u00ednea para su prop\u00f3sito. A veces, una cinta de barrera normal satisface sus necesidades igual de bien. Le recomendamos que consulte a nuestro personal si tiene alguna duda.<\/p>\n<\/div><\/section><\/div><div  class='flex_column av-l06x5d-3d4293089f05c7254a15c1a2765abfae av_one_half  avia-builder-el-5  el_after_av_one_half  avia-builder-el-last  flex_column_div  column-top-margin'     ><section  class='av_textblock_section av-7y806g-bfc615d1c0a6dc6cf43b39484da862b3 '   itemscope=\"itemscope\" itemtype=\"https:\/\/schema.org\/CreativeWork\" ><div class='avia_textblock'  itemprop=\"text\" ><h4>Presta atenci\u00f3n al material cuando compres cinta de advertencia online<\/h4>\n<p>Especialmente si desea proteger una zona peligrosa, debe prestar atenci\u00f3n a la durabilidad del producto a la hora de elegir el material de su cinta de advertencia. La cinta de advertencia fabricada con polietileno HD, un pl\u00e1stico el\u00e1stico que tambi\u00e9n permite que la cinta de advertencia permanezca intacta incluso bajo tensi\u00f3n, se considera especialmente resistente. Si desea utilizar una variante m\u00e1s respetuosa con el medio ambiente, puede utilizar productos basados en pel\u00edcula de PE-LD.<\/p>\n<h4>Diferentes dimensiones y colores para su cinta de advertencia<\/h4>\n<p>Quien compra cinta de advertencia en l\u00ednea quiere beneficiarse de una amplia gama de productos. Disponemos de dimensiones est\u00e1ndar y combinaciones de colores comunes para su cinta de advertencia, como rojo-blanco y amarillo-negro. Estas combinaciones de colores no s\u00f3lo resultan llamativas, sino que ya se han establecido como colores de advertencia.<\/p>\n<h4>Compre cinta de advertencia en l\u00ednea y ad\u00e1ptela a sus necesidades<\/h4>\n<p>\u00bfNecesita un etiquetado adicional para su cinta de advertencia negra-amarilla o roja-blanca? \u00bfLas dimensiones est\u00e1ndar no se adaptan a su aplicaci\u00f3n? Entonces estamos a su lado con diversos procesos en el campo del <a href=\"https:\/\/cardinal-tapes.com\/es\/embalaje\/\">acabado<\/a>. As\u00ed obtendr\u00e1 el producto \u00f3ptimo para sus necesidades.<\/p>\n<\/div><\/section><\/div>\n\n","protected":false},"excerpt":{"rendered":"","protected":false},"author":1,"featured_media":0,"parent":30710,"menu_order":24,"comment_status":"closed","ping_status":"closed","template":"","meta":{"_acf_changed":false,"footnotes":""},"class_list":["post-30863","page","type-page","status-publish","hentry"],"acf":[],"yoast_head":"<!-- This site is optimized with the Yoast SEO plugin v27.3 - https:\/\/yoast.com\/product\/yoast-seo-wordpress\/ -->\n<title>Comprar cinta de advertencia online - Varios colores y tama\u00f1os | Cardinal Tapes<\/title>\n<meta name=\"description\" content=\"Comprar cinta de advertencia online \u2713 Amplia selecci\u00f3n \u2713 Asesoramiento personal \u2713 Precios atractivos \u2713 Montaje individual \u2713 Iniciar consulta ahora\" \/>\n<meta name=\"robots\" content=\"index, follow, max-snippet:-1, max-image-preview:large, max-video-preview:-1\" \/>\n<link rel=\"canonical\" href=\"https:\/\/cardinal-tapes.com\/es\/cintas-adhesivas-es__trashed\/cinta-adhesiva-abc\/cinta-de-advertencia\/\" \/>\n<meta property=\"og:locale\" content=\"es_ES\" \/>\n<meta property=\"og:type\" content=\"article\" \/>\n<meta property=\"og:title\" content=\"Comprar cinta de advertencia online - Varios colores y tama\u00f1os | Cardinal Tapes\" \/>\n<meta property=\"og:description\" content=\"Comprar cinta de advertencia online \u2713 Amplia selecci\u00f3n \u2713 Asesoramiento personal \u2713 Precios atractivos \u2713 Montaje individual \u2713 Iniciar consulta ahora\" \/>\n<meta property=\"og:url\" content=\"https:\/\/cardinal-tapes.com\/es\/cintas-adhesivas-es__trashed\/cinta-adhesiva-abc\/cinta-de-advertencia\/\" \/>\n<meta property=\"og:site_name\" content=\"cardinal TAPES\" \/>\n<meta property=\"article:modified_time\" content=\"2023-06-02T09:11:44+00:00\" \/>\n<meta name=\"twitter:card\" content=\"summary_large_image\" \/>\n<meta name=\"twitter:label1\" content=\"Tiempo de lectura\" \/>\n\t<meta name=\"twitter:data1\" content=\"10 minutos\" \/>\n<script type=\"application\/ld+json\" class=\"yoast-schema-graph\">{\"@context\":\"https:\\\/\\\/schema.org\",\"@graph\":[{\"@type\":\"WebPage\",\"@id\":\"https:\\\/\\\/cardinal-tapes.com\\\/es\\\/cintas-adhesivas-es__trashed\\\/cinta-adhesiva-abc\\\/cinta-de-advertencia\\\/\",\"url\":\"https:\\\/\\\/cardinal-tapes.com\\\/es\\\/cintas-adhesivas-es__trashed\\\/cinta-adhesiva-abc\\\/cinta-de-advertencia\\\/\",\"name\":\"Comprar cinta de advertencia online - Varios colores y tama\u00f1os | Cardinal Tapes\",\"isPartOf\":{\"@id\":\"https:\\\/\\\/cardinal-tapes.com\\\/#website\"},\"datePublished\":\"2023-06-02T08:59:04+00:00\",\"dateModified\":\"2023-06-02T09:11:44+00:00\",\"description\":\"Comprar cinta de advertencia online \u2713 Amplia selecci\u00f3n \u2713 Asesoramiento personal \u2713 Precios atractivos \u2713 Montaje individual \u2713 Iniciar consulta ahora\",\"breadcrumb\":{\"@id\":\"https:\\\/\\\/cardinal-tapes.com\\\/es\\\/cintas-adhesivas-es__trashed\\\/cinta-adhesiva-abc\\\/cinta-de-advertencia\\\/#breadcrumb\"},\"inLanguage\":\"es\",\"potentialAction\":[{\"@type\":\"ReadAction\",\"target\":[\"https:\\\/\\\/cardinal-tapes.com\\\/es\\\/cintas-adhesivas-es__trashed\\\/cinta-adhesiva-abc\\\/cinta-de-advertencia\\\/\"]}]},{\"@type\":\"BreadcrumbList\",\"@id\":\"https:\\\/\\\/cardinal-tapes.com\\\/es\\\/cintas-adhesivas-es__trashed\\\/cinta-adhesiva-abc\\\/cinta-de-advertencia\\\/#breadcrumb\",\"itemListElement\":[{\"@type\":\"ListItem\",\"position\":1,\"name\":\"Startseite\",\"item\":\"https:\\\/\\\/cardinal-tapes.com\\\/es\\\/\"},{\"@type\":\"ListItem\",\"position\":2,\"name\":\"Cinta adhesiva ABC\",\"item\":\"https:\\\/\\\/cardinal-tapes.com\\\/es\\\/cintas-adhesivas-es__trashed\\\/cinta-adhesiva-abc\\\/\"},{\"@type\":\"ListItem\",\"position\":3,\"name\":\"Cinta de advertencia\"}]},{\"@type\":\"WebSite\",\"@id\":\"https:\\\/\\\/cardinal-tapes.com\\\/#website\",\"url\":\"https:\\\/\\\/cardinal-tapes.com\\\/\",\"name\":\"cardinal TAPES\",\"description\":\"Klebetechnik aus Wuppertal\",\"potentialAction\":[{\"@type\":\"SearchAction\",\"target\":{\"@type\":\"EntryPoint\",\"urlTemplate\":\"https:\\\/\\\/cardinal-tapes.com\\\/?s={search_term_string}\"},\"query-input\":{\"@type\":\"PropertyValueSpecification\",\"valueRequired\":true,\"valueName\":\"search_term_string\"}}],\"inLanguage\":\"es\"}]}<\/script>\n<!-- \/ Yoast SEO plugin. -->","yoast_head_json":{"title":"Comprar cinta de advertencia online - Varios colores y tama\u00f1os | Cardinal Tapes","description":"Comprar cinta de advertencia online \u2713 Amplia selecci\u00f3n \u2713 Asesoramiento personal \u2713 Precios atractivos \u2713 Montaje individual \u2713 Iniciar consulta ahora","robots":{"index":"index","follow":"follow","max-snippet":"max-snippet:-1","max-image-preview":"max-image-preview:large","max-video-preview":"max-video-preview:-1"},"canonical":"https:\/\/cardinal-tapes.com\/es\/cintas-adhesivas-es__trashed\/cinta-adhesiva-abc\/cinta-de-advertencia\/","og_locale":"es_ES","og_type":"article","og_title":"Comprar cinta de advertencia online - Varios colores y tama\u00f1os | Cardinal Tapes","og_description":"Comprar cinta de advertencia online \u2713 Amplia selecci\u00f3n \u2713 Asesoramiento personal \u2713 Precios atractivos \u2713 Montaje individual \u2713 Iniciar consulta ahora","og_url":"https:\/\/cardinal-tapes.com\/es\/cintas-adhesivas-es__trashed\/cinta-adhesiva-abc\/cinta-de-advertencia\/","og_site_name":"cardinal TAPES","article_modified_time":"2023-06-02T09:11:44+00:00","twitter_card":"summary_large_image","twitter_misc":{"Tiempo de lectura":"10 minutos"},"schema":{"@context":"https:\/\/schema.org","@graph":[{"@type":"WebPage","@id":"https:\/\/cardinal-tapes.com\/es\/cintas-adhesivas-es__trashed\/cinta-adhesiva-abc\/cinta-de-advertencia\/","url":"https:\/\/cardinal-tapes.com\/es\/cintas-adhesivas-es__trashed\/cinta-adhesiva-abc\/cinta-de-advertencia\/","name":"Comprar cinta de advertencia online - Varios colores y tama\u00f1os | Cardinal Tapes","isPartOf":{"@id":"https:\/\/cardinal-tapes.com\/#website"},"datePublished":"2023-06-02T08:59:04+00:00","dateModified":"2023-06-02T09:11:44+00:00","description":"Comprar cinta de advertencia online \u2713 Amplia selecci\u00f3n \u2713 Asesoramiento personal \u2713 Precios atractivos \u2713 Montaje individual \u2713 Iniciar consulta ahora","breadcrumb":{"@id":"https:\/\/cardinal-tapes.com\/es\/cintas-adhesivas-es__trashed\/cinta-adhesiva-abc\/cinta-de-advertencia\/#breadcrumb"},"inLanguage":"es","potentialAction":[{"@type":"ReadAction","target":["https:\/\/cardinal-tapes.com\/es\/cintas-adhesivas-es__trashed\/cinta-adhesiva-abc\/cinta-de-advertencia\/"]}]},{"@type":"BreadcrumbList","@id":"https:\/\/cardinal-tapes.com\/es\/cintas-adhesivas-es__trashed\/cinta-adhesiva-abc\/cinta-de-advertencia\/#breadcrumb","itemListElement":[{"@type":"ListItem","position":1,"name":"Startseite","item":"https:\/\/cardinal-tapes.com\/es\/"},{"@type":"ListItem","position":2,"name":"Cinta adhesiva ABC","item":"https:\/\/cardinal-tapes.com\/es\/cintas-adhesivas-es__trashed\/cinta-adhesiva-abc\/"},{"@type":"ListItem","position":3,"name":"Cinta de advertencia"}]},{"@type":"WebSite","@id":"https:\/\/cardinal-tapes.com\/#website","url":"https:\/\/cardinal-tapes.com\/","name":"cardinal TAPES","description":"Klebetechnik aus Wuppertal","potentialAction":[{"@type":"SearchAction","target":{"@type":"EntryPoint","urlTemplate":"https:\/\/cardinal-tapes.com\/?s={search_term_string}"},"query-input":{"@type":"PropertyValueSpecification","valueRequired":true,"valueName":"search_term_string"}}],"inLanguage":"es"}]}},"_links":{"self":[{"href":"https:\/\/cardinal-tapes.com\/es\/wp-json\/wp\/v2\/pages\/30863","targetHints":{"allow":["GET"]}}],"collection":[{"href":"https:\/\/cardinal-tapes.com\/es\/wp-json\/wp\/v2\/pages"}],"about":[{"href":"https:\/\/cardinal-tapes.com\/es\/wp-json\/wp\/v2\/types\/page"}],"author":[{"embeddable":true,"href":"https:\/\/cardinal-tapes.com\/es\/wp-json\/wp\/v2\/users\/1"}],"replies":[{"embeddable":true,"href":"https:\/\/cardinal-tapes.com\/es\/wp-json\/wp\/v2\/comments?post=30863"}],"version-history":[{"count":0,"href":"https:\/\/cardinal-tapes.com\/es\/wp-json\/wp\/v2\/pages\/30863\/revisions"}],"up":[{"embeddable":true,"href":"https:\/\/cardinal-tapes.com\/es\/wp-json\/wp\/v2\/pages\/30710"}],"wp:attachment":[{"href":"https:\/\/cardinal-tapes.com\/es\/wp-json\/wp\/v2\/media?parent=30863"}],"curies":[{"name":"wp","href":"https:\/\/api.w.org\/{rel}","templated":true}]}}