{"id":30860,"date":"2023-06-02T10:59:04","date_gmt":"2023-06-02T08:59:04","guid":{"rendered":"https:\/\/cardinal.pixel-tal.de\/cintas-adhesivas\/cinta-adhesiva-abc\/laminas-de-pp\/"},"modified":"2023-06-02T11:11:53","modified_gmt":"2023-06-02T09:11:53","slug":"laminas-de-pp","status":"publish","type":"page","link":"https:\/\/cardinal-tapes.com\/es\/cintas-adhesivas-es\/cinta-adhesiva-abc\/laminas-de-pp\/","title":{"rendered":"L\u00e1minas de PP"},"content":{"rendered":"<div id='av_section_1'  class='avia-section av-22m1cly-140093dea3adb0f8a453f28544f589f5 alternate_color avia-section-default avia-no-border-styling  avia-builder-el-0  avia-builder-el-no-sibling  avia-bg-style-scroll container_wrap fullsize'  ><div class='container av-section-cont-open' ><main  role=\"main\" itemprop=\"mainContentOfPage\"  class='template-page content  av-content-full alpha units'><div class='post-entry post-entry-type-page post-entry-30860'><div class='entry-content-wrapper clearfix'>\n<div  class='flex_column av-1iyjygm-c546eb100614435f02a94521fba2009e av_one_full  avia-builder-el-1  el_before_av_one_half  avia-builder-el-first  first flex_column_div  '     ><div class=\"pxl-headline pxl-hl hl-wrap | hl-sub--off hl--align-left hl--no-margin    \">\n        <div class=\"hl-inner\">\n            <h2 class=\"hl-main hl-line |  hl_main--default  \">L\u00e1minas de PP para la colocaci\u00f3n de moquetas<\/h2>\n            \n    <\/div>\n<\/div><\/div><div  class='flex_column av-1cfi0ty-d4bbc177ebd2e2c106893f3e8baa0ece av_one_half  avia-builder-el-3  el_after_av_one_full  el_before_av_one_half  first flex_column_div  column-top-margin'     ><section  class='av_textblock_section av-pb652-05381d0e4eaa9ecf924a45169b9ab52a '   itemscope=\"itemscope\" itemtype=\"https:\/\/schema.org\/CreativeWork\" ><div class='avia_textblock'  itemprop=\"text\" ><p>La fijaci\u00f3n fiable de las alfombras tiene un significado importante para garantizar la seguridad. De lo contrario, los revestimientos de suelos resbaladizos suponen un riesgo permanente de accidentes. Adem\u00e1s de las cintas para moquetas, nuestros films de PP (polipropileno) tambi\u00e9n son ideales para fijar moquetas de forma segura. Esto se debe a una serie de propiedades ventajosas del polipropileno.<\/p>\n<h4>L\u00e1minas de PP: resistentes a la temperatura e impermeables<\/h4>\n<p>El hecho de que las cintas para moquetas no siempre basten para fijarlas de forma fiable se debe a las condiciones de uso, a veces extremas. Por ejemplo, las altas temperaturas, la humedad o incluso una carga mec\u00e1nica elevada pueden afectar a la fijaci\u00f3n por parte de la cinta de moqueta. Las l\u00e1minas de PP son mucho m\u00e1s eficaces en este sentido. Las pel\u00edculas a base de polipropileno se benefician de su alta resistencia a la temperatura y su baja absorci\u00f3n de humedad. Adem\u00e1s, el polipropileno es extremadamente estable, por lo que incluso los grandes impactos mec\u00e1nicos apenas afectan a la pel\u00edcula de PP. El material tambi\u00e9n cumple los criterios de la Comisi\u00f3n de Medio Ambiente de la CE, por lo que es extremadamente respetuoso con el medio ambiente.<\/p>\n<\/div><\/section><\/div><div  class='flex_column av-1u9sk6-30ad235fd4a419f65cf71e8705617e84 av_one_half  avia-builder-el-5  el_after_av_one_half  avia-builder-el-last  flex_column_div  column-top-margin'     ><section  class='av_textblock_section av-125w4hi-ddcb94e649c8a20caac7adab9c3bb208 '   itemscope=\"itemscope\" itemtype=\"https:\/\/schema.org\/CreativeWork\" ><div class='avia_textblock'  itemprop=\"text\" ><h4>L\u00e1minas de PP &#8211; Cortadas a medida<\/h4>\n<p>Como expertos en cintas adhesivas y soluciones orientadas a aplicaciones, ofrecemos a nuestros clientes algo m\u00e1s que la venta de productos. Estaremos encantados de informarle sobre nuestros servicios en el campo del envasado para modificar espec\u00edficamente sus l\u00e1minas de PP seg\u00fan sus necesidades. Nuestro personal tambi\u00e9n estar\u00e1 encantado de responder a cualquier pregunta que pueda tener sobre nuestros films de polipropileno. P\u00f3ngase en contacto con nosotros.<\/p>\n<\/div><\/section><\/div>\n\n","protected":false},"excerpt":{"rendered":"","protected":false},"author":1,"featured_media":0,"parent":30710,"menu_order":7,"comment_status":"closed","ping_status":"closed","template":"","meta":{"_acf_changed":false,"footnotes":""},"class_list":["post-30860","page","type-page","status-publish","hentry"],"acf":[],"yoast_head":"<!-- This site is optimized with the Yoast SEO plugin v27.3 - https:\/\/yoast.com\/product\/yoast-seo-wordpress\/ -->\n<title>L\u00e1minas de PP para la colocaci\u00f3n de moquetas | cardinal Cintas<\/title>\n<meta name=\"description\" content=\"Las l\u00e1minas de PP son ideales para la colocaci\u00f3n de moquetas. El polipropileno es resistente al calor y a la humedad.\" \/>\n<meta name=\"robots\" content=\"index, follow, max-snippet:-1, max-image-preview:large, max-video-preview:-1\" \/>\n<link rel=\"canonical\" href=\"https:\/\/cardinal-tapes.com\/es\/cintas-adhesivas-es__trashed\/cinta-adhesiva-abc\/laminas-de-pp\/\" \/>\n<meta property=\"og:locale\" content=\"es_ES\" \/>\n<meta property=\"og:type\" content=\"article\" \/>\n<meta property=\"og:title\" content=\"L\u00e1minas de PP para la colocaci\u00f3n de moquetas | cardinal Cintas\" \/>\n<meta property=\"og:description\" content=\"Las l\u00e1minas de PP son ideales para la colocaci\u00f3n de moquetas. El polipropileno es resistente al calor y a la humedad.\" \/>\n<meta property=\"og:url\" content=\"https:\/\/cardinal-tapes.com\/es\/cintas-adhesivas-es__trashed\/cinta-adhesiva-abc\/laminas-de-pp\/\" \/>\n<meta property=\"og:site_name\" content=\"cardinal TAPES\" \/>\n<meta property=\"article:modified_time\" content=\"2023-06-02T09:11:53+00:00\" \/>\n<meta name=\"twitter:card\" content=\"summary_large_image\" \/>\n<meta name=\"twitter:label1\" content=\"Tiempo de lectura\" \/>\n\t<meta name=\"twitter:data1\" content=\"9 minutos\" \/>\n<script type=\"application\/ld+json\" class=\"yoast-schema-graph\">{\"@context\":\"https:\\\/\\\/schema.org\",\"@graph\":[{\"@type\":\"WebPage\",\"@id\":\"https:\\\/\\\/cardinal-tapes.com\\\/es\\\/cintas-adhesivas-es__trashed\\\/cinta-adhesiva-abc\\\/laminas-de-pp\\\/\",\"url\":\"https:\\\/\\\/cardinal-tapes.com\\\/es\\\/cintas-adhesivas-es__trashed\\\/cinta-adhesiva-abc\\\/laminas-de-pp\\\/\",\"name\":\"L\u00e1minas de PP para la colocaci\u00f3n de moquetas | cardinal Cintas\",\"isPartOf\":{\"@id\":\"https:\\\/\\\/cardinal-tapes.com\\\/#website\"},\"datePublished\":\"2023-06-02T08:59:04+00:00\",\"dateModified\":\"2023-06-02T09:11:53+00:00\",\"description\":\"Las l\u00e1minas de PP son ideales para la colocaci\u00f3n de moquetas. El polipropileno es resistente al calor y a la humedad.\",\"breadcrumb\":{\"@id\":\"https:\\\/\\\/cardinal-tapes.com\\\/es\\\/cintas-adhesivas-es__trashed\\\/cinta-adhesiva-abc\\\/laminas-de-pp\\\/#breadcrumb\"},\"inLanguage\":\"es\",\"potentialAction\":[{\"@type\":\"ReadAction\",\"target\":[\"https:\\\/\\\/cardinal-tapes.com\\\/es\\\/cintas-adhesivas-es__trashed\\\/cinta-adhesiva-abc\\\/laminas-de-pp\\\/\"]}]},{\"@type\":\"BreadcrumbList\",\"@id\":\"https:\\\/\\\/cardinal-tapes.com\\\/es\\\/cintas-adhesivas-es__trashed\\\/cinta-adhesiva-abc\\\/laminas-de-pp\\\/#breadcrumb\",\"itemListElement\":[{\"@type\":\"ListItem\",\"position\":1,\"name\":\"Startseite\",\"item\":\"https:\\\/\\\/cardinal-tapes.com\\\/es\\\/\"},{\"@type\":\"ListItem\",\"position\":2,\"name\":\"Cinta adhesiva ABC\",\"item\":\"https:\\\/\\\/cardinal-tapes.com\\\/es\\\/cintas-adhesivas-es__trashed\\\/cinta-adhesiva-abc\\\/\"},{\"@type\":\"ListItem\",\"position\":3,\"name\":\"L\u00e1minas de PP\"}]},{\"@type\":\"WebSite\",\"@id\":\"https:\\\/\\\/cardinal-tapes.com\\\/#website\",\"url\":\"https:\\\/\\\/cardinal-tapes.com\\\/\",\"name\":\"cardinal TAPES\",\"description\":\"Klebetechnik aus Wuppertal\",\"potentialAction\":[{\"@type\":\"SearchAction\",\"target\":{\"@type\":\"EntryPoint\",\"urlTemplate\":\"https:\\\/\\\/cardinal-tapes.com\\\/?s={search_term_string}\"},\"query-input\":{\"@type\":\"PropertyValueSpecification\",\"valueRequired\":true,\"valueName\":\"search_term_string\"}}],\"inLanguage\":\"es\"}]}<\/script>\n<!-- \/ Yoast SEO plugin. -->","yoast_head_json":{"title":"L\u00e1minas de PP para la colocaci\u00f3n de moquetas | cardinal Cintas","description":"Las l\u00e1minas de PP son ideales para la colocaci\u00f3n de moquetas. El polipropileno es resistente al calor y a la humedad.","robots":{"index":"index","follow":"follow","max-snippet":"max-snippet:-1","max-image-preview":"max-image-preview:large","max-video-preview":"max-video-preview:-1"},"canonical":"https:\/\/cardinal-tapes.com\/es\/cintas-adhesivas-es__trashed\/cinta-adhesiva-abc\/laminas-de-pp\/","og_locale":"es_ES","og_type":"article","og_title":"L\u00e1minas de PP para la colocaci\u00f3n de moquetas | cardinal Cintas","og_description":"Las l\u00e1minas de PP son ideales para la colocaci\u00f3n de moquetas. El polipropileno es resistente al calor y a la humedad.","og_url":"https:\/\/cardinal-tapes.com\/es\/cintas-adhesivas-es__trashed\/cinta-adhesiva-abc\/laminas-de-pp\/","og_site_name":"cardinal TAPES","article_modified_time":"2023-06-02T09:11:53+00:00","twitter_card":"summary_large_image","twitter_misc":{"Tiempo de lectura":"9 minutos"},"schema":{"@context":"https:\/\/schema.org","@graph":[{"@type":"WebPage","@id":"https:\/\/cardinal-tapes.com\/es\/cintas-adhesivas-es__trashed\/cinta-adhesiva-abc\/laminas-de-pp\/","url":"https:\/\/cardinal-tapes.com\/es\/cintas-adhesivas-es__trashed\/cinta-adhesiva-abc\/laminas-de-pp\/","name":"L\u00e1minas de PP para la colocaci\u00f3n de moquetas | cardinal Cintas","isPartOf":{"@id":"https:\/\/cardinal-tapes.com\/#website"},"datePublished":"2023-06-02T08:59:04+00:00","dateModified":"2023-06-02T09:11:53+00:00","description":"Las l\u00e1minas de PP son ideales para la colocaci\u00f3n de moquetas. El polipropileno es resistente al calor y a la humedad.","breadcrumb":{"@id":"https:\/\/cardinal-tapes.com\/es\/cintas-adhesivas-es__trashed\/cinta-adhesiva-abc\/laminas-de-pp\/#breadcrumb"},"inLanguage":"es","potentialAction":[{"@type":"ReadAction","target":["https:\/\/cardinal-tapes.com\/es\/cintas-adhesivas-es__trashed\/cinta-adhesiva-abc\/laminas-de-pp\/"]}]},{"@type":"BreadcrumbList","@id":"https:\/\/cardinal-tapes.com\/es\/cintas-adhesivas-es__trashed\/cinta-adhesiva-abc\/laminas-de-pp\/#breadcrumb","itemListElement":[{"@type":"ListItem","position":1,"name":"Startseite","item":"https:\/\/cardinal-tapes.com\/es\/"},{"@type":"ListItem","position":2,"name":"Cinta adhesiva ABC","item":"https:\/\/cardinal-tapes.com\/es\/cintas-adhesivas-es__trashed\/cinta-adhesiva-abc\/"},{"@type":"ListItem","position":3,"name":"L\u00e1minas de PP"}]},{"@type":"WebSite","@id":"https:\/\/cardinal-tapes.com\/#website","url":"https:\/\/cardinal-tapes.com\/","name":"cardinal TAPES","description":"Klebetechnik aus Wuppertal","potentialAction":[{"@type":"SearchAction","target":{"@type":"EntryPoint","urlTemplate":"https:\/\/cardinal-tapes.com\/?s={search_term_string}"},"query-input":{"@type":"PropertyValueSpecification","valueRequired":true,"valueName":"search_term_string"}}],"inLanguage":"es"}]}},"_links":{"self":[{"href":"https:\/\/cardinal-tapes.com\/es\/wp-json\/wp\/v2\/pages\/30860","targetHints":{"allow":["GET"]}}],"collection":[{"href":"https:\/\/cardinal-tapes.com\/es\/wp-json\/wp\/v2\/pages"}],"about":[{"href":"https:\/\/cardinal-tapes.com\/es\/wp-json\/wp\/v2\/types\/page"}],"author":[{"embeddable":true,"href":"https:\/\/cardinal-tapes.com\/es\/wp-json\/wp\/v2\/users\/1"}],"replies":[{"embeddable":true,"href":"https:\/\/cardinal-tapes.com\/es\/wp-json\/wp\/v2\/comments?post=30860"}],"version-history":[{"count":0,"href":"https:\/\/cardinal-tapes.com\/es\/wp-json\/wp\/v2\/pages\/30860\/revisions"}],"up":[{"embeddable":true,"href":"https:\/\/cardinal-tapes.com\/es\/wp-json\/wp\/v2\/pages\/30710"}],"wp:attachment":[{"href":"https:\/\/cardinal-tapes.com\/es\/wp-json\/wp\/v2\/media?parent=30860"}],"curies":[{"name":"wp","href":"https:\/\/api.w.org\/{rel}","templated":true}]}}