{"id":30809,"date":"2017-12-08T11:47:54","date_gmt":"2017-12-08T10:47:54","guid":{"rendered":"https:\/\/cardinal.pixel-tal.de\/infotek\/tipos-de-vigas\/"},"modified":"2023-06-12T14:35:09","modified_gmt":"2023-06-12T12:35:09","slug":"tipos-de-vigas","status":"publish","type":"page","link":"https:\/\/cardinal-tapes.com\/es\/infotek\/tipos-de-vigas\/","title":{"rendered":"Tipos de vigas"},"content":{"rendered":"<div id='av_section_1'  class='avia-section av-4ehkwo-668bf3d016f283c75210b7849489fc09 main_color avia-section-default avia-no-shadow  avia-builder-el-0  avia-builder-el-no-sibling  avia-bg-style-scroll container_wrap fullsize'  ><div class='container av-section-cont-open' ><main  role=\"main\" itemprop=\"mainContentOfPage\"  class='template-page content  av-content-full alpha units'><div class='post-entry post-entry-type-page post-entry-30809'><div class='entry-content-wrapper clearfix'>\n\n<style type=\"text\/css\" data-created_by=\"avia_inline_auto\" id=\"style-css-av-45hoew-51a208f25ff15539e2424d460bfffe86\">\n.flex_column.av-45hoew-51a208f25ff15539e2424d460bfffe86{\nborder-radius:0px 0px 0px 0px;\npadding:0px 0px 0px 0px;\n}\n<\/style>\n<div  class='flex_column av-45hoew-51a208f25ff15539e2424d460bfffe86 av_one_full  avia-builder-el-1  el_before_av_codeblock  avia-builder-el-first  first flex_column_div av-animated-generic left-to-right av-zero-column-padding  '     ><div class=\"pxl-headline pxl-hl hl-wrap | hl-sub--bot hl--align-left hl--no-margin    \">\n        <div class=\"hl-inner\">\n            <h1 class=\"hl-main hl-line |  hl_main--default  \">Tipos de vigas<\/h1>\n            <span class=\"hl-sub hl-line |  hl_sub--default  \">Para diversas aplicaciones<\/span>\n    <\/div>\n<\/div><\/div>\n\n<style type=\"text\/css\" data-created_by=\"avia_inline_auto\" id=\"style-css-av-3phftc-dad1200c726c4ad137f79a95ea690365\">\n.flex_column.av-3phftc-dad1200c726c4ad137f79a95ea690365{\nborder-radius:0px 0px 0px 0px;\npadding:0px 0px 0px 0px;\n}\n<\/style>\n<div  class='flex_column av-3phftc-dad1200c726c4ad137f79a95ea690365 av_one_third  avia-builder-el-4  el_after_av_codeblock  el_before_av_one_third  greybox first flex_column_div av-animated-generic left-to-right av-zero-column-padding  '     ><p>\n<style type=\"text\/css\" data-created_by=\"avia_inline_auto\" id=\"style-css-av-3ihc74-54ac33d83862b08f0cb082c08a3f1f9a\">\n.avia-image-container.av-3ihc74-54ac33d83862b08f0cb082c08a3f1f9a img.avia_image{\nbox-shadow:none;\n}\n.avia-image-container.av-3ihc74-54ac33d83862b08f0cb082c08a3f1f9a .av-image-caption-overlay-center{\ncolor:#ffffff;\n}\n<\/style>\n<div  class='avia-image-container av-3ihc74-54ac33d83862b08f0cb082c08a3f1f9a av-styling-no-styling avia-align-center  avia-builder-el-5  el_before_av_textblock  avia-builder-el-first '   itemprop=\"image\" itemscope=\"itemscope\" itemtype=\"https:\/\/schema.org\/ImageObject\" ><div class=\"avia-image-container-inner\"><div class=\"avia-image-overlay-wrap\"><img decoding=\"async\" fetchpriority=\"high\" class='wp-image-30031 avia-img-lazy-loading-not-30031 avia_image ' src=\"https:\/\/cardinal-tapes.com\/wp-content\/uploads\/cardinal-content-papiertraeger-doppelseitig-einseitig.png\" alt='' title='cardinal-content-papiertraeger-doppelseitig-einseitig'  height=\"700\" width=\"1091\"  itemprop=\"thumbnailUrl\" srcset=\"https:\/\/cardinal-tapes.com\/wp-content\/uploads\/cardinal-content-papiertraeger-doppelseitig-einseitig.png 1091w, https:\/\/cardinal-tapes.com\/wp-content\/uploads\/cardinal-content-papiertraeger-doppelseitig-einseitig-200x128.png 200w, https:\/\/cardinal-tapes.com\/wp-content\/uploads\/cardinal-content-papiertraeger-doppelseitig-einseitig-1030x661.png 1030w, https:\/\/cardinal-tapes.com\/wp-content\/uploads\/cardinal-content-papiertraeger-doppelseitig-einseitig-768x493.png 768w, https:\/\/cardinal-tapes.com\/wp-content\/uploads\/cardinal-content-papiertraeger-doppelseitig-einseitig-705x452.png 705w, https:\/\/cardinal-tapes.com\/wp-content\/uploads\/cardinal-content-papiertraeger-doppelseitig-einseitig-450x289.png 450w\" sizes=\"(max-width: 1091px) 100vw, 1091px\" \/><\/div><\/div><\/div><br \/>\n<section  class='av_textblock_section av-38x8uo-01359055b0be4bb7d1edc85081156959 '   itemscope=\"itemscope\" itemtype=\"https:\/\/schema.org\/CreativeWork\" ><div class='avia_textblock'  itemprop=\"text\" ><h4>Soporte de papel<\/h4>\n<ul>\n<li>Flexible y muy mimoso<\/li>\n<li>Se rompe con la mano, pero es resistente al desgarro<\/li>\n<li>Propiedades de amortiguaci\u00f3n<\/li>\n<\/ul>\n<\/div><\/section><\/p><\/div>\n<style type=\"text\/css\" data-created_by=\"avia_inline_auto\" id=\"style-css-av-31w2nk-d7f1b574e8a3042fc3b8adc710654dd1\">\n.flex_column.av-31w2nk-d7f1b574e8a3042fc3b8adc710654dd1{\nborder-radius:0px 0px 0px 0px;\npadding:0px 0px 0px 0px;\n}\n<\/style>\n<div  class='flex_column av-31w2nk-d7f1b574e8a3042fc3b8adc710654dd1 av_one_third  avia-builder-el-7  el_after_av_one_third  el_before_av_one_third  greybox flex_column_div av-animated-generic fade-in av-zero-column-padding  '     ><p>\n<style type=\"text\/css\" data-created_by=\"avia_inline_auto\" id=\"style-css-av-2yfkeg-7e770fa0bdac58d526f4acf1e126ae72\">\n.avia-image-container.av-2yfkeg-7e770fa0bdac58d526f4acf1e126ae72 img.avia_image{\nbox-shadow:none;\n}\n.avia-image-container.av-2yfkeg-7e770fa0bdac58d526f4acf1e126ae72 .av-image-caption-overlay-center{\ncolor:#ffffff;\n}\n<\/style>\n<div  class='avia-image-container av-2yfkeg-7e770fa0bdac58d526f4acf1e126ae72 av-styling-no-styling avia-align-center  avia-builder-el-8  el_before_av_textblock  avia-builder-el-first '   itemprop=\"image\" itemscope=\"itemscope\" itemtype=\"https:\/\/schema.org\/ImageObject\" ><div class=\"avia-image-container-inner\"><div class=\"avia-image-overlay-wrap\"><img decoding=\"async\" fetchpriority=\"high\" class='wp-image-30015 avia-img-lazy-loading-not-30015 avia_image ' src=\"https:\/\/cardinal-tapes.com\/wp-content\/uploads\/cardinal-content-rollentraeger-doppelseitig-einseitig.png\" alt='' title='cardinal-content-rollentraeger-doppelseitig-einseitig'  height=\"700\" width=\"1092\"  itemprop=\"thumbnailUrl\" srcset=\"https:\/\/cardinal-tapes.com\/wp-content\/uploads\/cardinal-content-rollentraeger-doppelseitig-einseitig.png 1092w, https:\/\/cardinal-tapes.com\/wp-content\/uploads\/cardinal-content-rollentraeger-doppelseitig-einseitig-200x128.png 200w, https:\/\/cardinal-tapes.com\/wp-content\/uploads\/cardinal-content-rollentraeger-doppelseitig-einseitig-1030x660.png 1030w, https:\/\/cardinal-tapes.com\/wp-content\/uploads\/cardinal-content-rollentraeger-doppelseitig-einseitig-768x492.png 768w, https:\/\/cardinal-tapes.com\/wp-content\/uploads\/cardinal-content-rollentraeger-doppelseitig-einseitig-705x452.png 705w, https:\/\/cardinal-tapes.com\/wp-content\/uploads\/cardinal-content-rollentraeger-doppelseitig-einseitig-450x288.png 450w\" sizes=\"(max-width: 1092px) 100vw, 1092px\" \/><\/div><\/div><\/div><br \/>\n<section  class='av_textblock_section av-2ibaqo-d21d1ce310363cb49b712362bc0e967e '   itemscope=\"itemscope\" itemtype=\"https:\/\/schema.org\/CreativeWork\" ><div class='avia_textblock'  itemprop=\"text\" ><h4>Portarrollos<\/h4>\n<ul>\n<li>Alta resistencia al desgarro<\/li>\n<li>Muy adecuado para la producci\u00f3n de piezas estampadas<\/li>\n<li>Adecuado para su uso en procesos de producci\u00f3n<\/li>\n<\/ul>\n<\/div><\/section><\/p><\/div>\n<style type=\"text\/css\" data-created_by=\"avia_inline_auto\" id=\"style-css-av-2g62nc-5e09d33fa5508014348dd0e94c939efe\">\n.flex_column.av-2g62nc-5e09d33fa5508014348dd0e94c939efe{\nborder-radius:0px 0px 0px 0px;\npadding:0px 0px 0px 0px;\n}\n<\/style>\n<div  class='flex_column av-2g62nc-5e09d33fa5508014348dd0e94c939efe av_one_third  avia-builder-el-10  el_after_av_one_third  el_before_av_one_third  greybox flex_column_div av-animated-generic right-to-left av-zero-column-padding  '     ><p>\n<style type=\"text\/css\" data-created_by=\"avia_inline_auto\" id=\"style-css-av-2an0r4-725ea6faee3dcfca6a9565b27111f2a2\">\n.avia-image-container.av-2an0r4-725ea6faee3dcfca6a9565b27111f2a2 img.avia_image{\nbox-shadow:none;\n}\n.avia-image-container.av-2an0r4-725ea6faee3dcfca6a9565b27111f2a2 .av-image-caption-overlay-center{\ncolor:#ffffff;\n}\n<\/style>\n<div  class='avia-image-container av-2an0r4-725ea6faee3dcfca6a9565b27111f2a2 av-styling-no-styling avia-align-center  avia-builder-el-11  el_before_av_textblock  avia-builder-el-first '   itemprop=\"image\" itemscope=\"itemscope\" itemtype=\"https:\/\/schema.org\/ImageObject\" ><div class=\"avia-image-container-inner\"><div class=\"avia-image-overlay-wrap\"><img decoding=\"async\" fetchpriority=\"high\" class='wp-image-30035 avia-img-lazy-loading-not-30035 avia_image ' src=\"https:\/\/cardinal-tapes.com\/wp-content\/uploads\/cardinal-content-kein-traeger-doppelseitig-einseitig.png\" alt='' title='cardinal-content-kein-traeger-doppelseitig-einseitig'  height=\"700\" width=\"1092\"  itemprop=\"thumbnailUrl\" srcset=\"https:\/\/cardinal-tapes.com\/wp-content\/uploads\/cardinal-content-kein-traeger-doppelseitig-einseitig.png 1092w, https:\/\/cardinal-tapes.com\/wp-content\/uploads\/cardinal-content-kein-traeger-doppelseitig-einseitig-200x128.png 200w, https:\/\/cardinal-tapes.com\/wp-content\/uploads\/cardinal-content-kein-traeger-doppelseitig-einseitig-1030x660.png 1030w, https:\/\/cardinal-tapes.com\/wp-content\/uploads\/cardinal-content-kein-traeger-doppelseitig-einseitig-768x492.png 768w, https:\/\/cardinal-tapes.com\/wp-content\/uploads\/cardinal-content-kein-traeger-doppelseitig-einseitig-705x452.png 705w, https:\/\/cardinal-tapes.com\/wp-content\/uploads\/cardinal-content-kein-traeger-doppelseitig-einseitig-450x288.png 450w\" sizes=\"(max-width: 1092px) 100vw, 1092px\" \/><\/div><\/div><\/div><br \/>\n<section  class='av_textblock_section av-1yl7gw-5ce982214e7cb167317c370421584d10 '   itemscope=\"itemscope\" itemtype=\"https:\/\/schema.org\/CreativeWork\" ><div class='avia_textblock'  itemprop=\"text\" ><h4>Transferencia (sin transportista)<\/h4>\n<ul>\n<li>Especialmente delgado<\/li>\n<li>Flexible y extremadamente mimoso<\/li>\n<li>Resistencia a altas temperaturas<\/li>\n<\/ul>\n<\/div><\/section><\/p><\/div>\n<style type=\"text\/css\" data-created_by=\"avia_inline_auto\" id=\"style-css-av-1iuyfs-db16283095b343ebb2b88fc7fac9e0ff\">\n.flex_column.av-1iuyfs-db16283095b343ebb2b88fc7fac9e0ff{\nborder-radius:0px 0px 0px 0px;\npadding:0px 0px 0px 0px;\n}\n<\/style>\n<div  class='flex_column av-1iuyfs-db16283095b343ebb2b88fc7fac9e0ff av_one_third  avia-builder-el-13  el_after_av_one_third  el_before_av_one_third  greybox first flex_column_div av-animated-generic left-to-right av-zero-column-padding  column-top-margin'     ><p>\n<style type=\"text\/css\" data-created_by=\"avia_inline_auto\" id=\"style-css-av-5c4c8-7b4e0abb5d75dc58e3f6cd93db664349\">\n.avia-image-container.av-5c4c8-7b4e0abb5d75dc58e3f6cd93db664349 img.avia_image{\nbox-shadow:none;\n}\n.avia-image-container.av-5c4c8-7b4e0abb5d75dc58e3f6cd93db664349 .av-image-caption-overlay-center{\ncolor:#ffffff;\n}\n<\/style>\n<div  class='avia-image-container av-5c4c8-7b4e0abb5d75dc58e3f6cd93db664349 av-styling-no-styling avia-align-center  avia-builder-el-14  el_before_av_textblock  avia-builder-el-first '   itemprop=\"image\" itemscope=\"itemscope\" itemtype=\"https:\/\/schema.org\/ImageObject\" ><div class=\"avia-image-container-inner\"><div class=\"avia-image-overlay-wrap\"><img decoding=\"async\" fetchpriority=\"high\" class='wp-image-30019 avia-img-lazy-loading-not-30019 avia_image ' src=\"https:\/\/cardinal-tapes.com\/wp-content\/uploads\/cardinal-content-gewebetraeger-doppelseitig-einseitig.png\" alt='' title='cardinal-content-gewebetraeger-doppelseitig-einseitig'  height=\"282\" width=\"440\"  itemprop=\"thumbnailUrl\" srcset=\"https:\/\/cardinal-tapes.com\/wp-content\/uploads\/cardinal-content-gewebetraeger-doppelseitig-einseitig.png 440w, https:\/\/cardinal-tapes.com\/wp-content\/uploads\/cardinal-content-gewebetraeger-doppelseitig-einseitig-200x128.png 200w\" sizes=\"(max-width: 440px) 100vw, 440px\" \/><\/div><\/div><\/div><br \/>\n<section  class='av_textblock_section av-133la8-bc5876e93fb47d7bcb9fba78b309d402 '   itemscope=\"itemscope\" itemtype=\"https:\/\/schema.org\/CreativeWork\" ><div class='avia_textblock'  itemprop=\"text\" ><h4>Soporte de tela<\/h4>\n<ul>\n<li>Resistente<\/li>\n<li>Flexible<\/li>\n<li>Las vigas m\u00e1s gruesas son resistentes a la abrasi\u00f3n<\/li>\n<\/ul>\n<\/div><\/section><\/p><\/div>\n<style type=\"text\/css\" data-created_by=\"avia_inline_auto\" id=\"style-css-av-w7ltc-1ddcb8f01c1481832c59a894fd085de3\">\n.flex_column.av-w7ltc-1ddcb8f01c1481832c59a894fd085de3{\nborder-radius:0px 0px 0px 0px;\npadding:0px 0px 0px 0px;\n}\n<\/style>\n<div  class='flex_column av-w7ltc-1ddcb8f01c1481832c59a894fd085de3 av_one_third  avia-builder-el-16  el_after_av_one_third  el_before_av_one_third  greybox flex_column_div av-animated-generic fade-in av-zero-column-padding  column-top-margin'     ><p>\n<style type=\"text\/css\" data-created_by=\"avia_inline_auto\" id=\"style-css-av-rul1c-a0dfb02c74e15bc2a9bb58fae02d00ad\">\n.avia-image-container.av-rul1c-a0dfb02c74e15bc2a9bb58fae02d00ad img.avia_image{\nbox-shadow:none;\n}\n.avia-image-container.av-rul1c-a0dfb02c74e15bc2a9bb58fae02d00ad .av-image-caption-overlay-center{\ncolor:#ffffff;\n}\n<\/style>\n<div  class='avia-image-container av-rul1c-a0dfb02c74e15bc2a9bb58fae02d00ad av-styling-no-styling avia-align-center  avia-builder-el-17  el_before_av_textblock  avia-builder-el-first '   itemprop=\"image\" itemscope=\"itemscope\" itemtype=\"https:\/\/schema.org\/ImageObject\" ><div class=\"avia-image-container-inner\"><div class=\"avia-image-overlay-wrap\"><img decoding=\"async\" fetchpriority=\"high\" class='wp-image-30023 avia-img-lazy-loading-not-30023 avia_image ' src=\"https:\/\/cardinal-tapes.com\/wp-content\/uploads\/cardinal-content-schaumtraeger-doppelseitig-einseitig.png\" alt='' title='cardinal-content-schaumtraeger-doppelseitig-einseitig'  height=\"700\" width=\"1092\"  itemprop=\"thumbnailUrl\" srcset=\"https:\/\/cardinal-tapes.com\/wp-content\/uploads\/cardinal-content-schaumtraeger-doppelseitig-einseitig.png 1092w, https:\/\/cardinal-tapes.com\/wp-content\/uploads\/cardinal-content-schaumtraeger-doppelseitig-einseitig-200x128.png 200w, https:\/\/cardinal-tapes.com\/wp-content\/uploads\/cardinal-content-schaumtraeger-doppelseitig-einseitig-1030x660.png 1030w, https:\/\/cardinal-tapes.com\/wp-content\/uploads\/cardinal-content-schaumtraeger-doppelseitig-einseitig-768x492.png 768w, https:\/\/cardinal-tapes.com\/wp-content\/uploads\/cardinal-content-schaumtraeger-doppelseitig-einseitig-705x452.png 705w, https:\/\/cardinal-tapes.com\/wp-content\/uploads\/cardinal-content-schaumtraeger-doppelseitig-einseitig-450x288.png 450w\" sizes=\"(max-width: 1092px) 100vw, 1092px\" \/><\/div><\/div><\/div><br \/>\n<section  class='av_textblock_section av-dm7tk-6575653744825ef908cbaa8a6557a756 '   itemscope=\"itemscope\" itemtype=\"https:\/\/schema.org\/CreativeWork\" ><div class='avia_textblock'  itemprop=\"text\" ><h4>Soporte de espuma<\/h4>\n<ul>\n<li>Compensaci\u00f3n de tensiones, tolerancias de separaci\u00f3n y superficies irregulares<\/li>\n<li>Absorci\u00f3n de impactos<\/li>\n<li>Funci\u00f3n de sellado contra el polvo y la humedad<\/li>\n<\/ul>\n<\/div><\/section><\/p><\/div>\n<style type=\"text\/css\" data-created_by=\"avia_inline_auto\" id=\"style-css-av-ex6eo-70a4736a81a2c56f82d448f501403978\">\n.flex_column.av-ex6eo-70a4736a81a2c56f82d448f501403978{\nborder-radius:0px 0px 0px 0px;\npadding:0px 0px 0px 0px;\n}\n<\/style>\n<div  class='flex_column av-ex6eo-70a4736a81a2c56f82d448f501403978 av_one_third  avia-builder-el-19  el_after_av_one_third  el_before_av_codeblock  greybox flex_column_div av-animated-generic right-to-left av-zero-column-padding  column-top-margin'     ><p>\n<style type=\"text\/css\" data-created_by=\"avia_inline_auto\" id=\"style-css-av-licvlj6b-ac9a24fa4480378d921cd370585ed17b\">\n.avia-image-container.av-licvlj6b-ac9a24fa4480378d921cd370585ed17b img.avia_image{\nbox-shadow:none;\n}\n.avia-image-container.av-licvlj6b-ac9a24fa4480378d921cd370585ed17b .av-image-caption-overlay-center{\ncolor:#ffffff;\n}\n<\/style>\n<div  class='avia-image-container av-licvlj6b-ac9a24fa4480378d921cd370585ed17b av-styling-no-styling avia-align-center  avia-builder-el-20  el_before_av_textblock  avia-builder-el-first '   itemprop=\"image\" itemscope=\"itemscope\" itemtype=\"https:\/\/schema.org\/ImageObject\" ><div class=\"avia-image-container-inner\"><div class=\"avia-image-overlay-wrap\"><img decoding=\"async\" fetchpriority=\"high\" class='wp-image-30027 avia-img-lazy-loading-not-30027 avia_image ' src=\"https:\/\/cardinal-tapes.com\/wp-content\/uploads\/cardinal-content-metalltraeger-doppelseitig-einseitig.png\" alt='' title='cardinal-content-metalltraeger-doppelseitig-einseitig'  height=\"700\" width=\"1092\"  itemprop=\"thumbnailUrl\" srcset=\"https:\/\/cardinal-tapes.com\/wp-content\/uploads\/cardinal-content-metalltraeger-doppelseitig-einseitig.png 1092w, https:\/\/cardinal-tapes.com\/wp-content\/uploads\/cardinal-content-metalltraeger-doppelseitig-einseitig-200x128.png 200w, https:\/\/cardinal-tapes.com\/wp-content\/uploads\/cardinal-content-metalltraeger-doppelseitig-einseitig-1030x660.png 1030w, https:\/\/cardinal-tapes.com\/wp-content\/uploads\/cardinal-content-metalltraeger-doppelseitig-einseitig-768x492.png 768w, https:\/\/cardinal-tapes.com\/wp-content\/uploads\/cardinal-content-metalltraeger-doppelseitig-einseitig-705x452.png 705w, https:\/\/cardinal-tapes.com\/wp-content\/uploads\/cardinal-content-metalltraeger-doppelseitig-einseitig-450x288.png 450w\" sizes=\"(max-width: 1092px) 100vw, 1092px\" \/><\/div><\/div><\/div><br \/>\n<section  class='av_textblock_section av-9e9ww-9e8d3eff47b6db6a9283fa9bf7e12e7f '   itemscope=\"itemscope\" itemtype=\"https:\/\/schema.org\/CreativeWork\" ><div class='avia_textblock'  itemprop=\"text\" ><h4>Soporte met\u00e1lico<\/h4>\n<ul>\n<li>Resistencia a altas temperaturas<\/li>\n<li>Resistente al envejecimiento<\/li>\n<li>Resistente a los productos qu\u00edmicos<\/li>\n<\/ul>\n<\/div><\/section><\/p><\/div>\n\n","protected":false},"excerpt":{"rendered":"","protected":false},"author":1,"featured_media":0,"parent":30180,"menu_order":3,"comment_status":"closed","ping_status":"closed","template":"","meta":{"_acf_changed":false,"footnotes":""},"class_list":["post-30809","page","type-page","status-publish","hentry"],"acf":[],"yoast_head":"<!-- This site is optimized with the Yoast SEO plugin v27.3 - https:\/\/yoast.com\/product\/yoast-seo-wordpress\/ -->\n<title>Tipos de cintas adhesivas | cardinal TAPES<\/title>\n<meta name=\"description\" content=\"En el caso de las cintas adhesivas, los distintos tipos de soporte son muy importantes. Aqu\u00ed encontrar\u00e1 un resumen de los tipos de vigas m\u00e1s importantes.\" \/>\n<meta name=\"robots\" content=\"index, follow, max-snippet:-1, max-image-preview:large, max-video-preview:-1\" \/>\n<link rel=\"canonical\" href=\"https:\/\/cardinal-tapes.com\/es\/infotek\/tipos-de-vigas\/\" \/>\n<meta property=\"og:locale\" content=\"es_ES\" \/>\n<meta property=\"og:type\" content=\"article\" \/>\n<meta property=\"og:title\" content=\"Tipos de cintas adhesivas | cardinal TAPES\" \/>\n<meta property=\"og:description\" content=\"En el caso de las cintas adhesivas, los distintos tipos de soporte son muy importantes. Aqu\u00ed encontrar\u00e1 un resumen de los tipos de vigas m\u00e1s importantes.\" \/>\n<meta property=\"og:url\" content=\"https:\/\/cardinal-tapes.com\/es\/infotek\/tipos-de-vigas\/\" \/>\n<meta property=\"og:site_name\" content=\"cardinal TAPES\" \/>\n<meta property=\"article:modified_time\" content=\"2023-06-12T12:35:09+00:00\" \/>\n<meta name=\"twitter:card\" content=\"summary_large_image\" \/>\n<meta name=\"twitter:label1\" content=\"Tiempo de lectura\" \/>\n\t<meta name=\"twitter:data1\" content=\"28 minutos\" \/>\n<script type=\"application\/ld+json\" class=\"yoast-schema-graph\">{\"@context\":\"https:\\\/\\\/schema.org\",\"@graph\":[{\"@type\":\"WebPage\",\"@id\":\"https:\\\/\\\/cardinal-tapes.com\\\/es\\\/infotek\\\/tipos-de-vigas\\\/\",\"url\":\"https:\\\/\\\/cardinal-tapes.com\\\/es\\\/infotek\\\/tipos-de-vigas\\\/\",\"name\":\"Tipos de cintas adhesivas | cardinal TAPES\",\"isPartOf\":{\"@id\":\"https:\\\/\\\/cardinal-tapes.com\\\/#website\"},\"datePublished\":\"2017-12-08T10:47:54+00:00\",\"dateModified\":\"2023-06-12T12:35:09+00:00\",\"description\":\"En el caso de las cintas adhesivas, los distintos tipos de soporte son muy importantes. Aqu\u00ed encontrar\u00e1 un resumen de los tipos de vigas m\u00e1s importantes.\",\"breadcrumb\":{\"@id\":\"https:\\\/\\\/cardinal-tapes.com\\\/es\\\/infotek\\\/tipos-de-vigas\\\/#breadcrumb\"},\"inLanguage\":\"es\",\"potentialAction\":[{\"@type\":\"ReadAction\",\"target\":[\"https:\\\/\\\/cardinal-tapes.com\\\/es\\\/infotek\\\/tipos-de-vigas\\\/\"]}]},{\"@type\":\"BreadcrumbList\",\"@id\":\"https:\\\/\\\/cardinal-tapes.com\\\/es\\\/infotek\\\/tipos-de-vigas\\\/#breadcrumb\",\"itemListElement\":[{\"@type\":\"ListItem\",\"position\":1,\"name\":\"Startseite\",\"item\":\"https:\\\/\\\/cardinal-tapes.com\\\/es\\\/\"},{\"@type\":\"ListItem\",\"position\":2,\"name\":\"Infotek\",\"item\":\"https:\\\/\\\/cardinal-tapes.com\\\/es\\\/infotek\\\/\"},{\"@type\":\"ListItem\",\"position\":3,\"name\":\"Tipos de vigas\"}]},{\"@type\":\"WebSite\",\"@id\":\"https:\\\/\\\/cardinal-tapes.com\\\/#website\",\"url\":\"https:\\\/\\\/cardinal-tapes.com\\\/\",\"name\":\"cardinal TAPES\",\"description\":\"Klebetechnik aus Wuppertal\",\"potentialAction\":[{\"@type\":\"SearchAction\",\"target\":{\"@type\":\"EntryPoint\",\"urlTemplate\":\"https:\\\/\\\/cardinal-tapes.com\\\/?s={search_term_string}\"},\"query-input\":{\"@type\":\"PropertyValueSpecification\",\"valueRequired\":true,\"valueName\":\"search_term_string\"}}],\"inLanguage\":\"es\"}]}<\/script>\n<!-- \/ Yoast SEO plugin. -->","yoast_head_json":{"title":"Tipos de cintas adhesivas | cardinal TAPES","description":"En el caso de las cintas adhesivas, los distintos tipos de soporte son muy importantes. Aqu\u00ed encontrar\u00e1 un resumen de los tipos de vigas m\u00e1s importantes.","robots":{"index":"index","follow":"follow","max-snippet":"max-snippet:-1","max-image-preview":"max-image-preview:large","max-video-preview":"max-video-preview:-1"},"canonical":"https:\/\/cardinal-tapes.com\/es\/infotek\/tipos-de-vigas\/","og_locale":"es_ES","og_type":"article","og_title":"Tipos de cintas adhesivas | cardinal TAPES","og_description":"En el caso de las cintas adhesivas, los distintos tipos de soporte son muy importantes. Aqu\u00ed encontrar\u00e1 un resumen de los tipos de vigas m\u00e1s importantes.","og_url":"https:\/\/cardinal-tapes.com\/es\/infotek\/tipos-de-vigas\/","og_site_name":"cardinal TAPES","article_modified_time":"2023-06-12T12:35:09+00:00","twitter_card":"summary_large_image","twitter_misc":{"Tiempo de lectura":"28 minutos"},"schema":{"@context":"https:\/\/schema.org","@graph":[{"@type":"WebPage","@id":"https:\/\/cardinal-tapes.com\/es\/infotek\/tipos-de-vigas\/","url":"https:\/\/cardinal-tapes.com\/es\/infotek\/tipos-de-vigas\/","name":"Tipos de cintas adhesivas | cardinal TAPES","isPartOf":{"@id":"https:\/\/cardinal-tapes.com\/#website"},"datePublished":"2017-12-08T10:47:54+00:00","dateModified":"2023-06-12T12:35:09+00:00","description":"En el caso de las cintas adhesivas, los distintos tipos de soporte son muy importantes. Aqu\u00ed encontrar\u00e1 un resumen de los tipos de vigas m\u00e1s importantes.","breadcrumb":{"@id":"https:\/\/cardinal-tapes.com\/es\/infotek\/tipos-de-vigas\/#breadcrumb"},"inLanguage":"es","potentialAction":[{"@type":"ReadAction","target":["https:\/\/cardinal-tapes.com\/es\/infotek\/tipos-de-vigas\/"]}]},{"@type":"BreadcrumbList","@id":"https:\/\/cardinal-tapes.com\/es\/infotek\/tipos-de-vigas\/#breadcrumb","itemListElement":[{"@type":"ListItem","position":1,"name":"Startseite","item":"https:\/\/cardinal-tapes.com\/es\/"},{"@type":"ListItem","position":2,"name":"Infotek","item":"https:\/\/cardinal-tapes.com\/es\/infotek\/"},{"@type":"ListItem","position":3,"name":"Tipos de vigas"}]},{"@type":"WebSite","@id":"https:\/\/cardinal-tapes.com\/#website","url":"https:\/\/cardinal-tapes.com\/","name":"cardinal TAPES","description":"Klebetechnik aus Wuppertal","potentialAction":[{"@type":"SearchAction","target":{"@type":"EntryPoint","urlTemplate":"https:\/\/cardinal-tapes.com\/?s={search_term_string}"},"query-input":{"@type":"PropertyValueSpecification","valueRequired":true,"valueName":"search_term_string"}}],"inLanguage":"es"}]}},"_links":{"self":[{"href":"https:\/\/cardinal-tapes.com\/es\/wp-json\/wp\/v2\/pages\/30809","targetHints":{"allow":["GET"]}}],"collection":[{"href":"https:\/\/cardinal-tapes.com\/es\/wp-json\/wp\/v2\/pages"}],"about":[{"href":"https:\/\/cardinal-tapes.com\/es\/wp-json\/wp\/v2\/types\/page"}],"author":[{"embeddable":true,"href":"https:\/\/cardinal-tapes.com\/es\/wp-json\/wp\/v2\/users\/1"}],"replies":[{"embeddable":true,"href":"https:\/\/cardinal-tapes.com\/es\/wp-json\/wp\/v2\/comments?post=30809"}],"version-history":[{"count":0,"href":"https:\/\/cardinal-tapes.com\/es\/wp-json\/wp\/v2\/pages\/30809\/revisions"}],"up":[{"embeddable":true,"href":"https:\/\/cardinal-tapes.com\/es\/wp-json\/wp\/v2\/pages\/30180"}],"wp:attachment":[{"href":"https:\/\/cardinal-tapes.com\/es\/wp-json\/wp\/v2\/media?parent=30809"}],"curies":[{"name":"wp","href":"https:\/\/api.w.org\/{rel}","templated":true}]}}