{"id":30755,"date":"2023-06-02T10:57:53","date_gmt":"2023-06-02T08:57:53","guid":{"rendered":"https:\/\/cardinal.pixel-tal.de\/infotek\/instrucciones-de-procesamiento\/"},"modified":"2023-06-12T14:22:48","modified_gmt":"2023-06-12T12:22:48","slug":"instrucciones-de-procesamiento","status":"publish","type":"page","link":"https:\/\/cardinal-tapes.com\/es\/infotek\/instrucciones-de-procesamiento\/","title":{"rendered":"Instrucciones de procesamiento"},"content":{"rendered":"<div id='av_section_1'  class='avia-section av-59opr9-38a5fd60cb06c8d7b95ab1bc7c88bbb1 main_color avia-section-default avia-no-shadow  avia-builder-el-0  avia-builder-el-no-sibling  avia-bg-style-scroll container_wrap fullsize'  ><div class='container av-section-cont-open' ><main  role=\"main\" itemprop=\"mainContentOfPage\"  class='template-page content  av-content-full alpha units'><div class='post-entry post-entry-type-page post-entry-30755'><div class='entry-content-wrapper clearfix'>\n\n<style type=\"text\/css\" data-created_by=\"avia_inline_auto\" id=\"style-css-av-ibzol-3c16371d6ac5dfbb202655e6d1c677ba\">\n.flex_column.av-ibzol-3c16371d6ac5dfbb202655e6d1c677ba{\nborder-radius:0px 0px 0px 0px;\npadding:0px 0px 0px 0px;\n}\n<\/style>\n<div  class='flex_column av-ibzol-3c16371d6ac5dfbb202655e6d1c677ba av_three_fourth  avia-builder-el-1  el_before_av_codeblock  avia-builder-el-first  max-width-col three-fourth first flex_column_div av-animated-generic left-to-right av-zero-column-padding  '     ><p><div class=\"pxl-headline pxl-hl hl-wrap | hl-sub--bot hl--align-left hl--std-margin    \">\n        <div class=\"hl-inner\">\n            <h1 class=\"hl-main hl-line |  hl_main--default  \">Instrucciones de procesamiento<\/h1>\n            <span class=\"hl-sub hl-line |  hl_sub--default  \">Consejos importantes para manipular nuestros productos<\/span>\n    <\/div>\n<\/div>\n<br \/>\n<section  class='av_textblock_section av-lhos7kmg-861e538d039f1b0a9b06ad070313ab17 '   itemscope=\"itemscope\" itemtype=\"https:\/\/schema.org\/CreativeWork\" ><div class='avia_textblock'  itemprop=\"text\" ><p>Las siguientes instrucciones de procesamiento son consejos generales y se aplican a gran parte de nuestra gama est\u00e1ndar. No obstante, dado que, por supuesto, existen algunas excepciones, debe seguir siempre las instrucciones de aplicaci\u00f3n espec\u00edficas del producto. Si le falta la informaci\u00f3n pertinente, estaremos encantados de ayudarle.<\/p>\n<\/div><\/section><\/p><\/div>\n\n<style type=\"text\/css\" data-created_by=\"avia_inline_auto\" id=\"style-css-av-47d99h-1b08b994b3b3cc46ac25ac7ee02f6573\">\n.flex_column.av-47d99h-1b08b994b3b3cc46ac25ac7ee02f6573{\nborder-radius:0px 0px 0px 0px;\npadding:0px 0px 0px 0px;\nbackground-color:#ffffff;\n}\n<\/style>\n<div  class='flex_column av-47d99h-1b08b994b3b3cc46ac25ac7ee02f6573 av_one_third  avia-builder-el-5  el_after_av_codeblock  el_before_av_one_third  greybox first flex_column_div av-animated-generic left-to-right av-zero-column-padding  '     ><p>\n<style type=\"text\/css\" data-created_by=\"avia_inline_auto\" id=\"style-css-av-41sfbp-8c55b4e301d9538b5e32a1a7a3f9d6a8\">\n.avia-image-container.av-41sfbp-8c55b4e301d9538b5e32a1a7a3f9d6a8 img.avia_image{\nbox-shadow:none;\n}\n.avia-image-container.av-41sfbp-8c55b4e301d9538b5e32a1a7a3f9d6a8 .av-image-caption-overlay-center{\ncolor:#ffffff;\n}\n<\/style>\n<div  class='avia-image-container av-41sfbp-8c55b4e301d9538b5e32a1a7a3f9d6a8 av-styling-no-styling avia-align-center  avia-builder-el-6  el_before_av_textblock  avia-builder-el-first '   itemprop=\"image\" itemscope=\"itemscope\" itemtype=\"https:\/\/schema.org\/ImageObject\" ><div class=\"avia-image-container-inner\"><div class=\"avia-image-overlay-wrap\"><img decoding=\"async\" fetchpriority=\"high\" class='wp-image-29395 avia-img-lazy-loading-not-29395 avia_image ' src=\"https:\/\/cardinal-tapes.com\/wp-content\/uploads\/cardinal-content-abbriebbestaendigkeit.jpg\" alt='' title='cardinal-content-abbriebbestaendigkeit'  height=\"564\" width=\"880\"  itemprop=\"thumbnailUrl\" srcset=\"https:\/\/cardinal-tapes.com\/wp-content\/uploads\/cardinal-content-abbriebbestaendigkeit.jpg 880w, https:\/\/cardinal-tapes.com\/wp-content\/uploads\/cardinal-content-abbriebbestaendigkeit-200x128.jpg 200w, https:\/\/cardinal-tapes.com\/wp-content\/uploads\/cardinal-content-abbriebbestaendigkeit-768x492.jpg 768w, https:\/\/cardinal-tapes.com\/wp-content\/uploads\/cardinal-content-abbriebbestaendigkeit-705x452.jpg 705w, https:\/\/cardinal-tapes.com\/wp-content\/uploads\/cardinal-content-abbriebbestaendigkeit-450x288.jpg 450w\" sizes=\"(max-width: 880px) 100vw, 880px\" \/><\/div><\/div><\/div><br \/>\n<section  class='av_textblock_section av-3orv9p-4cda6a064f76617c7ed3823cce2fda4e '   itemscope=\"itemscope\" itemtype=\"https:\/\/schema.org\/CreativeWork\" ><div class='avia_textblock'  itemprop=\"text\" ><h4>Resistencia a la abrasi\u00f3n<\/h4>\n<ul>\n<li>Para conseguir una adherencia \u00f3ptima, los sustratos a pegar deben estar limpios, secos y libres de grasa.<\/li>\n<li>Las sustancias antiadherentes de la superficie, como el polvo, los agentes desmoldeantes, las grasas o las ceras, deben eliminarse antes del pegado.<\/li>\n<li>Si es posible, aseg\u00farese de que el sustrato no contenga plastificantes.<\/li>\n<\/ul>\n<\/div><\/section><\/p><\/div>\n<style type=\"text\/css\" data-created_by=\"avia_inline_auto\" id=\"style-css-av-3mj1jp-b122fe5a638a1e9f8fc67923a0433cb5\">\n.flex_column.av-3mj1jp-b122fe5a638a1e9f8fc67923a0433cb5{\nborder-radius:0px 0px 0px 0px;\npadding:0px 0px 0px 0px;\nbackground-color:#ffffff;\n}\n<\/style>\n<div  class='flex_column av-3mj1jp-b122fe5a638a1e9f8fc67923a0433cb5 av_one_third  avia-builder-el-8  el_after_av_one_third  el_before_av_one_third  greybox flex_column_div av-animated-generic fade-in av-zero-column-padding  '     ><p>\n<style type=\"text\/css\" data-created_by=\"avia_inline_auto\" id=\"style-css-av-3e29bp-831d9a2e30a78de7bc4748d82b2f31b7\">\n.avia-image-container.av-3e29bp-831d9a2e30a78de7bc4748d82b2f31b7 img.avia_image{\nbox-shadow:none;\n}\n.avia-image-container.av-3e29bp-831d9a2e30a78de7bc4748d82b2f31b7 .av-image-caption-overlay-center{\ncolor:#ffffff;\n}\n<\/style>\n<div  class='avia-image-container av-3e29bp-831d9a2e30a78de7bc4748d82b2f31b7 av-styling-no-styling avia-align-center  avia-builder-el-9  el_before_av_textblock  avia-builder-el-first '   itemprop=\"image\" itemscope=\"itemscope\" itemtype=\"https:\/\/schema.org\/ImageObject\" ><div class=\"avia-image-container-inner\"><div class=\"avia-image-overlay-wrap\"><img decoding=\"async\" fetchpriority=\"high\" class='wp-image-29399 avia-img-lazy-loading-not-29399 avia_image ' src=\"https:\/\/cardinal-tapes.com\/wp-content\/uploads\/cardinal-content-unebenheiten.jpg\" alt='' title='cardinal-content-unebenheiten'  height=\"564\" width=\"880\"  itemprop=\"thumbnailUrl\" srcset=\"https:\/\/cardinal-tapes.com\/wp-content\/uploads\/cardinal-content-unebenheiten.jpg 880w, https:\/\/cardinal-tapes.com\/wp-content\/uploads\/cardinal-content-unebenheiten-200x128.jpg 200w, https:\/\/cardinal-tapes.com\/wp-content\/uploads\/cardinal-content-unebenheiten-768x492.jpg 768w, https:\/\/cardinal-tapes.com\/wp-content\/uploads\/cardinal-content-unebenheiten-705x452.jpg 705w, https:\/\/cardinal-tapes.com\/wp-content\/uploads\/cardinal-content-unebenheiten-450x288.jpg 450w\" sizes=\"(max-width: 880px) 100vw, 880px\" \/><\/div><\/div><\/div><br \/>\n<section  class='av_textblock_section av-314knx-ac6e447da971145ad406d10614759134 '   itemscope=\"itemscope\" itemtype=\"https:\/\/schema.org\/CreativeWork\" ><div class='avia_textblock'  itemprop=\"text\" ><h4>Desnivel<\/h4>\n<ul>\n<li>Para soportes rugosos e irregulares, utilice cintas adhesivas niveladoras m\u00e1s gruesas.<\/li>\n<\/ul>\n<\/div><\/section><\/p><\/div>\n<style type=\"text\/css\" data-created_by=\"avia_inline_auto\" id=\"style-css-av-2z0m3h-178f25d703f84e0062fdff03d9130d44\">\n.flex_column.av-2z0m3h-178f25d703f84e0062fdff03d9130d44{\nborder-radius:0px 0px 0px 0px;\npadding:0px 0px 0px 0px;\nbackground-color:#ffffff;\n}\n<\/style>\n<div  class='flex_column av-2z0m3h-178f25d703f84e0062fdff03d9130d44 av_one_third  avia-builder-el-11  el_after_av_one_third  el_before_av_one_third  greybox flex_column_div av-animated-generic right-to-left av-zero-column-padding  '     ><p>\n<style type=\"text\/css\" data-created_by=\"avia_inline_auto\" id=\"style-css-av-2p0uph-87b02c7922b9cdbd34657ff4254c660a\">\n.avia-image-container.av-2p0uph-87b02c7922b9cdbd34657ff4254c660a img.avia_image{\nbox-shadow:none;\n}\n.avia-image-container.av-2p0uph-87b02c7922b9cdbd34657ff4254c660a .av-image-caption-overlay-center{\ncolor:#ffffff;\n}\n<\/style>\n<div  class='avia-image-container av-2p0uph-87b02c7922b9cdbd34657ff4254c660a av-styling-no-styling avia-align-center  avia-builder-el-12  el_before_av_textblock  avia-builder-el-first '   itemprop=\"image\" itemscope=\"itemscope\" itemtype=\"https:\/\/schema.org\/ImageObject\" ><div class=\"avia-image-container-inner\"><div class=\"avia-image-overlay-wrap\"><img decoding=\"async\" fetchpriority=\"high\" class='wp-image-29403 avia-img-lazy-loading-not-29403 avia_image ' src=\"https:\/\/cardinal-tapes.com\/wp-content\/uploads\/cardinal-content-temperatur.png\" alt='' title='cardinal-content-temperatur'  height=\"564\" width=\"880\"  itemprop=\"thumbnailUrl\" srcset=\"https:\/\/cardinal-tapes.com\/wp-content\/uploads\/cardinal-content-temperatur.png 880w, https:\/\/cardinal-tapes.com\/wp-content\/uploads\/cardinal-content-temperatur-200x128.png 200w, https:\/\/cardinal-tapes.com\/wp-content\/uploads\/cardinal-content-temperatur-768x492.png 768w, https:\/\/cardinal-tapes.com\/wp-content\/uploads\/cardinal-content-temperatur-705x452.png 705w, https:\/\/cardinal-tapes.com\/wp-content\/uploads\/cardinal-content-temperatur-450x288.png 450w\" sizes=\"(max-width: 880px) 100vw, 880px\" \/><\/div><\/div><\/div><br \/>\n<section  class='av_textblock_section av-2c3nsl-8051de2333d6979a7a29df9f9e9e10ad '   itemscope=\"itemscope\" itemtype=\"https:\/\/schema.org\/CreativeWork\" ><div class='avia_textblock'  itemprop=\"text\" ><h4>Temperatura<\/h4>\n<ul>\n<li>La temperatura \u00f3ptima de pegado oscila entre 20 y 30 \u00b0C en locales secos. Si es posible, no trabaje a temperaturas inferiores a 10\u00b0C.<\/li>\n<\/ul>\n<\/div><\/section><\/p><\/div>\n<style type=\"text\/css\" data-created_by=\"avia_inline_auto\" id=\"style-css-av-24wjv1-5d157cfffebc5dfbdd36da7d9d58c3a8\">\n.flex_column.av-24wjv1-5d157cfffebc5dfbdd36da7d9d58c3a8{\nborder-radius:0px 0px 0px 0px;\npadding:0px 0px 0px 0px;\nbackground-color:#ffffff;\n}\n<\/style>\n<div  class='flex_column av-24wjv1-5d157cfffebc5dfbdd36da7d9d58c3a8 av_one_third  avia-builder-el-14  el_after_av_one_third  el_before_av_one_third  greybox first flex_column_div av-animated-generic left-to-right av-zero-column-padding  column-top-margin'     ><p>\n<style type=\"text\/css\" data-created_by=\"avia_inline_auto\" id=\"style-css-av-1ukmz1-187953382e05cf66d1c8dade9950a37d\">\n.avia-image-container.av-1ukmz1-187953382e05cf66d1c8dade9950a37d img.avia_image{\nbox-shadow:none;\n}\n.avia-image-container.av-1ukmz1-187953382e05cf66d1c8dade9950a37d .av-image-caption-overlay-center{\ncolor:#ffffff;\n}\n<\/style>\n<div  class='avia-image-container av-1ukmz1-187953382e05cf66d1c8dade9950a37d av-styling-no-styling avia-align-center  avia-builder-el-15  el_before_av_textblock  avia-builder-el-first '   itemprop=\"image\" itemscope=\"itemscope\" itemtype=\"https:\/\/schema.org\/ImageObject\" ><div class=\"avia-image-container-inner\"><div class=\"avia-image-overlay-wrap\"><img decoding=\"async\" fetchpriority=\"high\" class='wp-image-29407 avia-img-lazy-loading-not-29407 avia_image ' src=\"https:\/\/cardinal-tapes.com\/wp-content\/uploads\/cardinal-content-applikation.jpg\" alt='' title='cardinal-content-applikation'  height=\"564\" width=\"880\"  itemprop=\"thumbnailUrl\" srcset=\"https:\/\/cardinal-tapes.com\/wp-content\/uploads\/cardinal-content-applikation.jpg 880w, https:\/\/cardinal-tapes.com\/wp-content\/uploads\/cardinal-content-applikation-200x128.jpg 200w, https:\/\/cardinal-tapes.com\/wp-content\/uploads\/cardinal-content-applikation-768x492.jpg 768w, https:\/\/cardinal-tapes.com\/wp-content\/uploads\/cardinal-content-applikation-705x452.jpg 705w, https:\/\/cardinal-tapes.com\/wp-content\/uploads\/cardinal-content-applikation-450x288.jpg 450w\" sizes=\"(max-width: 880px) 100vw, 880px\" \/><\/div><\/div><\/div><br \/>\n<section  class='av_textblock_section av-1ifxit-a0110023f2b3438145c7bae640aab1d7 '   itemscope=\"itemscope\" itemtype=\"https:\/\/schema.org\/CreativeWork\" ><div class='avia_textblock'  itemprop=\"text\" ><h4>Aplicaci\u00f3n<\/h4>\n<ul>\n<li>La cubierta del separador debe retirarse por completo.<\/li>\n<li>Tras la uni\u00f3n, presione las piezas con una presi\u00f3n de contacto suficiente y uniforme (aprox. 20 N\/cm\u00b2).<\/li>\n<li>Para una adherencia \u00f3ptima, utilice un rodillo de presi\u00f3n.<\/li>\n<li>Aseg\u00farese de que el equipo de aplicaci\u00f3n (incluidas las manos) est\u00e9 libre de agentes desmoldeantes.<\/li>\n<\/ul>\n<\/div><\/section><\/p><\/div>\n<style type=\"text\/css\" data-created_by=\"avia_inline_auto\" id=\"style-css-av-1d267p-ead75e973fd4644aa6a8dc7d45d35ab8\">\n.flex_column.av-1d267p-ead75e973fd4644aa6a8dc7d45d35ab8{\nborder-radius:0px 0px 0px 0px;\npadding:0px 0px 0px 0px;\nbackground-color:#ffffff;\n}\n<\/style>\n<div  class='flex_column av-1d267p-ead75e973fd4644aa6a8dc7d45d35ab8 av_one_third  avia-builder-el-17  el_after_av_one_third  el_before_av_one_third  greybox flex_column_div av-animated-generic fade-in av-zero-column-padding  column-top-margin'     ><p>\n<style type=\"text\/css\" data-created_by=\"avia_inline_auto\" id=\"style-css-av-19qaml-2e3d1fc4f8cd7225424e0e6ec594341b\">\n.avia-image-container.av-19qaml-2e3d1fc4f8cd7225424e0e6ec594341b img.avia_image{\nbox-shadow:none;\n}\n.avia-image-container.av-19qaml-2e3d1fc4f8cd7225424e0e6ec594341b .av-image-caption-overlay-center{\ncolor:#ffffff;\n}\n<\/style>\n<div  class='avia-image-container av-19qaml-2e3d1fc4f8cd7225424e0e6ec594341b av-styling-no-styling avia-align-center  avia-builder-el-18  el_before_av_textblock  avia-builder-el-first '   itemprop=\"image\" itemscope=\"itemscope\" itemtype=\"https:\/\/schema.org\/ImageObject\" ><div class=\"avia-image-container-inner\"><div class=\"avia-image-overlay-wrap\"><img decoding=\"async\" fetchpriority=\"high\" class='wp-image-29411 avia-img-lazy-loading-not-29411 avia_image ' src=\"https:\/\/cardinal-tapes.com\/wp-content\/uploads\/cardinal-content-endklebkraft.png\" alt='' title='cardinal-content-endklebkraft'  height=\"564\" width=\"880\"  itemprop=\"thumbnailUrl\" srcset=\"https:\/\/cardinal-tapes.com\/wp-content\/uploads\/cardinal-content-endklebkraft.png 880w, https:\/\/cardinal-tapes.com\/wp-content\/uploads\/cardinal-content-endklebkraft-200x128.png 200w, https:\/\/cardinal-tapes.com\/wp-content\/uploads\/cardinal-content-endklebkraft-768x492.png 768w, https:\/\/cardinal-tapes.com\/wp-content\/uploads\/cardinal-content-endklebkraft-705x452.png 705w, https:\/\/cardinal-tapes.com\/wp-content\/uploads\/cardinal-content-endklebkraft-450x288.png 450w\" sizes=\"(max-width: 880px) 100vw, 880px\" \/><\/div><\/div><\/div><br \/>\n<section  class='av_textblock_section av-vwp1p-d2fb57dd8b43f2ad12a3f4f88fb99a1a '   itemscope=\"itemscope\" itemtype=\"https:\/\/schema.org\/CreativeWork\" ><div class='avia_textblock'  itemprop=\"text\" ><h4>Fuerza adhesiva final<\/h4>\n<ul>\n<li>Para conseguir una fuerza adhesiva final normalmente superior, es necesario un tiempo de montaje de hasta 48 horas.<\/li>\n<\/ul>\n<\/div><\/section><\/p><\/div>\n<style type=\"text\/css\" data-created_by=\"avia_inline_auto\" id=\"style-css-av-t9zbp-684a9486375d92b7a07085a43e7d23ee\">\n.flex_column.av-t9zbp-684a9486375d92b7a07085a43e7d23ee{\nborder-radius:0px 0px 0px 0px;\npadding:0px 0px 0px 0px;\nbackground-color:#ffffff;\n}\n<\/style>\n<div  class='flex_column av-t9zbp-684a9486375d92b7a07085a43e7d23ee av_one_third  avia-builder-el-20  el_after_av_one_third  el_before_av_codeblock  greybox flex_column_div av-animated-generic right-to-left av-zero-column-padding  column-top-margin'     ><p>\n<style type=\"text\/css\" data-created_by=\"avia_inline_auto\" id=\"style-css-av-m0665-f2b863d5fdc3b17894d4ec40c63fd6ba\">\n.avia-image-container.av-m0665-f2b863d5fdc3b17894d4ec40c63fd6ba img.avia_image{\nbox-shadow:none;\n}\n.avia-image-container.av-m0665-f2b863d5fdc3b17894d4ec40c63fd6ba .av-image-caption-overlay-center{\ncolor:#ffffff;\n}\n<\/style>\n<div  class='avia-image-container av-m0665-f2b863d5fdc3b17894d4ec40c63fd6ba av-styling-no-styling avia-align-center  avia-builder-el-21  el_before_av_textblock  avia-builder-el-first '   itemprop=\"image\" itemscope=\"itemscope\" itemtype=\"https:\/\/schema.org\/ImageObject\" ><div class=\"avia-image-container-inner\"><div class=\"avia-image-overlay-wrap\"><img decoding=\"async\" fetchpriority=\"high\" class='wp-image-29419 avia-img-lazy-loading-not-29419 avia_image ' src=\"https:\/\/cardinal-tapes.com\/wp-content\/uploads\/cardinal-content-lagerung-1.jpg\" alt='' title='cardinal-content-lagerung'  height=\"564\" width=\"880\"  itemprop=\"thumbnailUrl\" srcset=\"https:\/\/cardinal-tapes.com\/wp-content\/uploads\/cardinal-content-lagerung-1.jpg 880w, https:\/\/cardinal-tapes.com\/wp-content\/uploads\/cardinal-content-lagerung-1-200x128.jpg 200w, https:\/\/cardinal-tapes.com\/wp-content\/uploads\/cardinal-content-lagerung-1-768x492.jpg 768w, https:\/\/cardinal-tapes.com\/wp-content\/uploads\/cardinal-content-lagerung-1-705x452.jpg 705w, https:\/\/cardinal-tapes.com\/wp-content\/uploads\/cardinal-content-lagerung-1-450x288.jpg 450w\" sizes=\"(max-width: 880px) 100vw, 880px\" \/><\/div><\/div><\/div><br \/>\n<section  class='av_textblock_section av-7sd0l-905d679f439b4f85516c5f55212fb889 '   itemscope=\"itemscope\" itemtype=\"https:\/\/schema.org\/CreativeWork\" ><div class='avia_textblock'  itemprop=\"text\" ><h4>Almacenamiento<\/h4>\n<ul>\n<li>  Guarde la cinta en su embalaje original a temperatura ambiente (\u00f3ptima: 18\u00b0C y 55% de humedad relativa).<\/li>\n<\/ul>\n<\/div><\/section><\/p><\/div>\n\n","protected":false},"excerpt":{"rendered":"","protected":false},"author":1,"featured_media":0,"parent":30180,"menu_order":2,"comment_status":"closed","ping_status":"closed","template":"","meta":{"_acf_changed":false,"footnotes":""},"class_list":["post-30755","page","type-page","status-publish","hentry"],"acf":[],"yoast_head":"<!-- This site is optimized with the Yoast SEO plugin v27.3 - https:\/\/yoast.com\/product\/yoast-seo-wordpress\/ -->\n<title>Instrucciones de procesamiento para cintas adhesivas | cardinal TAPES<\/title>\n<meta name=\"description\" content=\"Por supuesto, el tratamiento de las cintas adhesivas es especialmente importante. Aqu\u00ed encontrar\u00e1 las instrucciones de procesamiento m\u00e1s importantes para cintas adhesivas.\" \/>\n<meta name=\"robots\" content=\"index, follow, max-snippet:-1, max-image-preview:large, max-video-preview:-1\" \/>\n<link rel=\"canonical\" href=\"https:\/\/cardinal-tapes.com\/es\/infotek\/instrucciones-de-procesamiento\/\" \/>\n<meta property=\"og:locale\" content=\"es_ES\" \/>\n<meta property=\"og:type\" content=\"article\" \/>\n<meta property=\"og:title\" content=\"Instrucciones de procesamiento para cintas adhesivas | cardinal TAPES\" \/>\n<meta property=\"og:description\" content=\"Por supuesto, el tratamiento de las cintas adhesivas es especialmente importante. Aqu\u00ed encontrar\u00e1 las instrucciones de procesamiento m\u00e1s importantes para cintas adhesivas.\" \/>\n<meta property=\"og:url\" content=\"https:\/\/cardinal-tapes.com\/es\/infotek\/instrucciones-de-procesamiento\/\" \/>\n<meta property=\"og:site_name\" content=\"cardinal TAPES\" \/>\n<meta property=\"article:modified_time\" content=\"2023-06-12T12:22:48+00:00\" \/>\n<meta name=\"twitter:card\" content=\"summary_large_image\" \/>\n<meta name=\"twitter:label1\" content=\"Tiempo de lectura\" \/>\n\t<meta name=\"twitter:data1\" content=\"29 minutos\" \/>\n<script type=\"application\/ld+json\" class=\"yoast-schema-graph\">{\"@context\":\"https:\\\/\\\/schema.org\",\"@graph\":[{\"@type\":\"WebPage\",\"@id\":\"https:\\\/\\\/cardinal-tapes.com\\\/es\\\/infotek\\\/instrucciones-de-procesamiento\\\/\",\"url\":\"https:\\\/\\\/cardinal-tapes.com\\\/es\\\/infotek\\\/instrucciones-de-procesamiento\\\/\",\"name\":\"Instrucciones de procesamiento para cintas adhesivas | cardinal TAPES\",\"isPartOf\":{\"@id\":\"https:\\\/\\\/cardinal-tapes.com\\\/#website\"},\"datePublished\":\"2023-06-02T08:57:53+00:00\",\"dateModified\":\"2023-06-12T12:22:48+00:00\",\"description\":\"Por supuesto, el tratamiento de las cintas adhesivas es especialmente importante. Aqu\u00ed encontrar\u00e1 las instrucciones de procesamiento m\u00e1s importantes para cintas adhesivas.\",\"breadcrumb\":{\"@id\":\"https:\\\/\\\/cardinal-tapes.com\\\/es\\\/infotek\\\/instrucciones-de-procesamiento\\\/#breadcrumb\"},\"inLanguage\":\"es\",\"potentialAction\":[{\"@type\":\"ReadAction\",\"target\":[\"https:\\\/\\\/cardinal-tapes.com\\\/es\\\/infotek\\\/instrucciones-de-procesamiento\\\/\"]}]},{\"@type\":\"BreadcrumbList\",\"@id\":\"https:\\\/\\\/cardinal-tapes.com\\\/es\\\/infotek\\\/instrucciones-de-procesamiento\\\/#breadcrumb\",\"itemListElement\":[{\"@type\":\"ListItem\",\"position\":1,\"name\":\"Startseite\",\"item\":\"https:\\\/\\\/cardinal-tapes.com\\\/es\\\/\"},{\"@type\":\"ListItem\",\"position\":2,\"name\":\"Infotek\",\"item\":\"https:\\\/\\\/cardinal-tapes.com\\\/es\\\/infotek\\\/\"},{\"@type\":\"ListItem\",\"position\":3,\"name\":\"Instrucciones de procesamiento\"}]},{\"@type\":\"WebSite\",\"@id\":\"https:\\\/\\\/cardinal-tapes.com\\\/#website\",\"url\":\"https:\\\/\\\/cardinal-tapes.com\\\/\",\"name\":\"cardinal TAPES\",\"description\":\"Klebetechnik aus Wuppertal\",\"potentialAction\":[{\"@type\":\"SearchAction\",\"target\":{\"@type\":\"EntryPoint\",\"urlTemplate\":\"https:\\\/\\\/cardinal-tapes.com\\\/?s={search_term_string}\"},\"query-input\":{\"@type\":\"PropertyValueSpecification\",\"valueRequired\":true,\"valueName\":\"search_term_string\"}}],\"inLanguage\":\"es\"}]}<\/script>\n<!-- \/ Yoast SEO plugin. -->","yoast_head_json":{"title":"Instrucciones de procesamiento para cintas adhesivas | cardinal TAPES","description":"Por supuesto, el tratamiento de las cintas adhesivas es especialmente importante. Aqu\u00ed encontrar\u00e1 las instrucciones de procesamiento m\u00e1s importantes para cintas adhesivas.","robots":{"index":"index","follow":"follow","max-snippet":"max-snippet:-1","max-image-preview":"max-image-preview:large","max-video-preview":"max-video-preview:-1"},"canonical":"https:\/\/cardinal-tapes.com\/es\/infotek\/instrucciones-de-procesamiento\/","og_locale":"es_ES","og_type":"article","og_title":"Instrucciones de procesamiento para cintas adhesivas | cardinal TAPES","og_description":"Por supuesto, el tratamiento de las cintas adhesivas es especialmente importante. Aqu\u00ed encontrar\u00e1 las instrucciones de procesamiento m\u00e1s importantes para cintas adhesivas.","og_url":"https:\/\/cardinal-tapes.com\/es\/infotek\/instrucciones-de-procesamiento\/","og_site_name":"cardinal TAPES","article_modified_time":"2023-06-12T12:22:48+00:00","twitter_card":"summary_large_image","twitter_misc":{"Tiempo de lectura":"29 minutos"},"schema":{"@context":"https:\/\/schema.org","@graph":[{"@type":"WebPage","@id":"https:\/\/cardinal-tapes.com\/es\/infotek\/instrucciones-de-procesamiento\/","url":"https:\/\/cardinal-tapes.com\/es\/infotek\/instrucciones-de-procesamiento\/","name":"Instrucciones de procesamiento para cintas adhesivas | cardinal TAPES","isPartOf":{"@id":"https:\/\/cardinal-tapes.com\/#website"},"datePublished":"2023-06-02T08:57:53+00:00","dateModified":"2023-06-12T12:22:48+00:00","description":"Por supuesto, el tratamiento de las cintas adhesivas es especialmente importante. Aqu\u00ed encontrar\u00e1 las instrucciones de procesamiento m\u00e1s importantes para cintas adhesivas.","breadcrumb":{"@id":"https:\/\/cardinal-tapes.com\/es\/infotek\/instrucciones-de-procesamiento\/#breadcrumb"},"inLanguage":"es","potentialAction":[{"@type":"ReadAction","target":["https:\/\/cardinal-tapes.com\/es\/infotek\/instrucciones-de-procesamiento\/"]}]},{"@type":"BreadcrumbList","@id":"https:\/\/cardinal-tapes.com\/es\/infotek\/instrucciones-de-procesamiento\/#breadcrumb","itemListElement":[{"@type":"ListItem","position":1,"name":"Startseite","item":"https:\/\/cardinal-tapes.com\/es\/"},{"@type":"ListItem","position":2,"name":"Infotek","item":"https:\/\/cardinal-tapes.com\/es\/infotek\/"},{"@type":"ListItem","position":3,"name":"Instrucciones de procesamiento"}]},{"@type":"WebSite","@id":"https:\/\/cardinal-tapes.com\/#website","url":"https:\/\/cardinal-tapes.com\/","name":"cardinal TAPES","description":"Klebetechnik aus Wuppertal","potentialAction":[{"@type":"SearchAction","target":{"@type":"EntryPoint","urlTemplate":"https:\/\/cardinal-tapes.com\/?s={search_term_string}"},"query-input":{"@type":"PropertyValueSpecification","valueRequired":true,"valueName":"search_term_string"}}],"inLanguage":"es"}]}},"_links":{"self":[{"href":"https:\/\/cardinal-tapes.com\/es\/wp-json\/wp\/v2\/pages\/30755","targetHints":{"allow":["GET"]}}],"collection":[{"href":"https:\/\/cardinal-tapes.com\/es\/wp-json\/wp\/v2\/pages"}],"about":[{"href":"https:\/\/cardinal-tapes.com\/es\/wp-json\/wp\/v2\/types\/page"}],"author":[{"embeddable":true,"href":"https:\/\/cardinal-tapes.com\/es\/wp-json\/wp\/v2\/users\/1"}],"replies":[{"embeddable":true,"href":"https:\/\/cardinal-tapes.com\/es\/wp-json\/wp\/v2\/comments?post=30755"}],"version-history":[{"count":0,"href":"https:\/\/cardinal-tapes.com\/es\/wp-json\/wp\/v2\/pages\/30755\/revisions"}],"up":[{"embeddable":true,"href":"https:\/\/cardinal-tapes.com\/es\/wp-json\/wp\/v2\/pages\/30180"}],"wp:attachment":[{"href":"https:\/\/cardinal-tapes.com\/es\/wp-json\/wp\/v2\/media?parent=30755"}],"curies":[{"name":"wp","href":"https:\/\/api.w.org\/{rel}","templated":true}]}}