{"id":30719,"date":"2023-06-02T10:57:52","date_gmt":"2023-06-02T08:57:52","guid":{"rendered":"https:\/\/cardinal.pixel-tal.de\/infotek\/metodos-de-ensayo\/"},"modified":"2023-06-12T14:24:37","modified_gmt":"2023-06-12T12:24:37","slug":"metodos-de-ensayo","status":"publish","type":"page","link":"https:\/\/cardinal-tapes.com\/es\/infotek\/metodos-de-ensayo\/","title":{"rendered":"M\u00e9todos de ensayo"},"content":{"rendered":"<div id='av_section_1'  class='avia-section av-2vauhv-a76f8a89034928afad3353f92bea1da5 main_color avia-section-default avia-no-shadow  avia-builder-el-0  avia-builder-el-no-sibling  avia-bg-style-scroll container_wrap fullsize'  ><div class='container av-section-cont-open' ><main  role=\"main\" itemprop=\"mainContentOfPage\"  class='template-page content  av-content-full alpha units'><div class='post-entry post-entry-type-page post-entry-30719'><div class='entry-content-wrapper clearfix'>\n\n<style type=\"text\/css\" data-created_by=\"avia_inline_auto\" id=\"style-css-av-2ruxuj-b5284e34876ac82a706c357b3663bdc9\">\n.flex_column.av-2ruxuj-b5284e34876ac82a706c357b3663bdc9{\nborder-radius:0px 0px 0px 0px;\npadding:0px 0px 0px 0px;\n}\n<\/style>\n<div  class='flex_column av-2ruxuj-b5284e34876ac82a706c357b3663bdc9 av_one_full  avia-builder-el-1  el_before_av_codeblock  avia-builder-el-first  first flex_column_div av-animated-generic left-to-right av-zero-column-padding  '     ><div class=\"pxl-headline pxl-hl hl-wrap | hl-sub--bot hl--align-left hl--no-margin    \">\n        <div class=\"hl-inner\">\n            <h1 class=\"hl-main hl-line |  hl_main--default  \">M\u00e9todos de ensayo<\/h1>\n            <span class=\"hl-sub hl-line |  hl_sub--default  \">As\u00ed garantizamos la mejor calidad<\/span>\n    <\/div>\n<\/div><\/div>\n\n<style type=\"text\/css\" data-created_by=\"avia_inline_auto\" id=\"style-css-av-265o2r-3f7668ad30032958e5bd7299623a25c6\">\n.flex_column.av-265o2r-3f7668ad30032958e5bd7299623a25c6{\nborder-radius:0px 0px 0px 0px;\npadding:0px 0px 0px 0px;\nbackground-color:#ffffff;\n}\n<\/style>\n<div  class='flex_column av-265o2r-3f7668ad30032958e5bd7299623a25c6 av_one_third  avia-builder-el-4  el_after_av_codeblock  el_before_av_one_third  greybox first flex_column_div av-animated-generic left-to-right av-zero-column-padding  '     ><p>\n<style type=\"text\/css\" data-created_by=\"avia_inline_auto\" id=\"style-css-av-7o483-ef4f2c6fa3605402dc882948014160c9\">\n.avia-image-container.av-7o483-ef4f2c6fa3605402dc882948014160c9 img.avia_image{\nbox-shadow:none;\n}\n.avia-image-container.av-7o483-ef4f2c6fa3605402dc882948014160c9 .av-image-caption-overlay-center{\ncolor:#ffffff;\n}\n<\/style>\n<div  class='avia-image-container av-7o483-ef4f2c6fa3605402dc882948014160c9 av-styling-no-styling avia-align-center  avia-builder-el-5  el_before_av_textblock  avia-builder-el-first '   itemprop=\"image\" itemscope=\"itemscope\" itemtype=\"https:\/\/schema.org\/ImageObject\" ><div class=\"avia-image-container-inner\"><div class=\"avia-image-overlay-wrap\"><img decoding=\"async\" fetchpriority=\"high\" class='wp-image-29383 avia-img-lazy-loading-not-29383 avia_image ' src=\"https:\/\/cardinal-tapes.com\/wp-content\/uploads\/cardinal-content-klebkraft.png\" alt='' title='cardinal-content-klebkraft'  height=\"564\" width=\"880\"  itemprop=\"thumbnailUrl\" srcset=\"https:\/\/cardinal-tapes.com\/wp-content\/uploads\/cardinal-content-klebkraft.png 880w, https:\/\/cardinal-tapes.com\/wp-content\/uploads\/cardinal-content-klebkraft-200x128.png 200w, https:\/\/cardinal-tapes.com\/wp-content\/uploads\/cardinal-content-klebkraft-768x492.png 768w, https:\/\/cardinal-tapes.com\/wp-content\/uploads\/cardinal-content-klebkraft-705x452.png 705w, https:\/\/cardinal-tapes.com\/wp-content\/uploads\/cardinal-content-klebkraft-450x288.png 450w\" sizes=\"(max-width: 880px) 100vw, 880px\" \/><\/div><\/div><\/div><br \/>\n<section  class='av_textblock_section av-1rfj77-d4b55f46e124eb6797356da0ed734698 '   itemscope=\"itemscope\" itemtype=\"https:\/\/schema.org\/CreativeWork\" ><div class='avia_textblock'  itemprop=\"text\" ><h4>Fuerza adhesiva<\/h4>\n<p>La adherencia describe la fuerza adhesiva de una cinta a un sustrato y es uno de los par\u00e1metros m\u00e1s importantes de cualquier aplicaci\u00f3n. La fuerza adhesiva aumenta bajo la influencia de la presi\u00f3n sobre la junta. Depende en gran medida de la cantidad de presi\u00f3n, el tiempo y el tipo y estado de la superficie del material que se va a pegar.<\/p>\n<\/div><\/section><\/p><\/div>\n<style type=\"text\/css\" data-created_by=\"avia_inline_auto\" id=\"style-css-av-1j8gij-1e1e5312bffaa23070646467b5d1f007\">\n.flex_column.av-1j8gij-1e1e5312bffaa23070646467b5d1f007{\nborder-radius:0px 0px 0px 0px;\npadding:0px 0px 0px 0px;\nbackground-color:#ffffff;\n}\n<\/style>\n<div  class='flex_column av-1j8gij-1e1e5312bffaa23070646467b5d1f007 av_one_third  avia-builder-el-7  el_after_av_one_third  el_before_av_one_third  greybox flex_column_div av-animated-generic fade-in av-zero-column-padding  '     ><p>\n<style type=\"text\/css\" data-created_by=\"avia_inline_auto\" id=\"style-css-av-1g78ez-7f458aae506cbbfe5ea0d956a97ab51c\">\n.avia-image-container.av-1g78ez-7f458aae506cbbfe5ea0d956a97ab51c img.avia_image{\nbox-shadow:none;\n}\n.avia-image-container.av-1g78ez-7f458aae506cbbfe5ea0d956a97ab51c .av-image-caption-overlay-center{\ncolor:#ffffff;\n}\n<\/style>\n<div  class='avia-image-container av-1g78ez-7f458aae506cbbfe5ea0d956a97ab51c av-styling-no-styling avia-align-center  avia-builder-el-8  el_before_av_textblock  avia-builder-el-first '   itemprop=\"image\" itemscope=\"itemscope\" itemtype=\"https:\/\/schema.org\/ImageObject\" ><div class=\"avia-image-container-inner\"><div class=\"avia-image-overlay-wrap\"><img decoding=\"async\" fetchpriority=\"high\" class='wp-image-29387 avia-img-lazy-loading-not-29387 avia_image ' src=\"https:\/\/cardinal-tapes.com\/wp-content\/uploads\/cardinal-content-scherfestigkeit.png\" alt='' title='cardinal-content-scherfestigkeit'  height=\"564\" width=\"880\"  itemprop=\"thumbnailUrl\" srcset=\"https:\/\/cardinal-tapes.com\/wp-content\/uploads\/cardinal-content-scherfestigkeit.png 880w, https:\/\/cardinal-tapes.com\/wp-content\/uploads\/cardinal-content-scherfestigkeit-200x128.png 200w, https:\/\/cardinal-tapes.com\/wp-content\/uploads\/cardinal-content-scherfestigkeit-768x492.png 768w, https:\/\/cardinal-tapes.com\/wp-content\/uploads\/cardinal-content-scherfestigkeit-705x452.png 705w, https:\/\/cardinal-tapes.com\/wp-content\/uploads\/cardinal-content-scherfestigkeit-450x288.png 450w\" sizes=\"(max-width: 880px) 100vw, 880px\" \/><\/div><\/div><\/div><br \/>\n<section  class='av_textblock_section av-10pgxv-850949179ee666a021d5102348e1e899 '   itemscope=\"itemscope\" itemtype=\"https:\/\/schema.org\/CreativeWork\" ><div class='avia_textblock konfektionierung_content'  itemprop=\"text\" ><h4>Resistencia al cizallamiento<\/h4>\n<p>La resistencia al cizallamiento viene determinada en gran medida por la resistencia interna de un adhesivo y describe la capacidad de sujeci\u00f3n de la cinta en una aplicaci\u00f3n. La resistencia al cizallamiento es relevante para aplicaciones en las que las fuerzas act\u00faan en paralelo a la superficie adherida.<\/p>\n<\/div><\/section><\/p><\/div>\n<style type=\"text\/css\" data-created_by=\"avia_inline_auto\" id=\"style-css-av-zirwj-7e2731f2a6d4333fcec0119bd9957801\">\n.flex_column.av-zirwj-7e2731f2a6d4333fcec0119bd9957801{\nborder-radius:0px 0px 0px 0px;\npadding:0px 0px 0px 0px;\nbackground-color:#ffffff;\n}\n<\/style>\n<div  class='flex_column av-zirwj-7e2731f2a6d4333fcec0119bd9957801 av_one_third  avia-builder-el-10  el_after_av_one_third  el_before_av_codeblock  greybox flex_column_div av-animated-generic right-to-left av-zero-column-padding  '     ><p>\n<style type=\"text\/css\" data-created_by=\"avia_inline_auto\" id=\"style-css-av-swfnn-09910537f23ba8aac4eb5b8b3cac0953\">\n.avia-image-container.av-swfnn-09910537f23ba8aac4eb5b8b3cac0953 img.avia_image{\nbox-shadow:none;\n}\n.avia-image-container.av-swfnn-09910537f23ba8aac4eb5b8b3cac0953 .av-image-caption-overlay-center{\ncolor:#ffffff;\n}\n<\/style>\n<div  class='avia-image-container av-swfnn-09910537f23ba8aac4eb5b8b3cac0953 av-styling-no-styling avia-align-center  avia-builder-el-11  el_before_av_textblock  avia-builder-el-first '   itemprop=\"image\" itemscope=\"itemscope\" itemtype=\"https:\/\/schema.org\/ImageObject\" ><div class=\"avia-image-container-inner\"><div class=\"avia-image-overlay-wrap\"><img decoding=\"async\" fetchpriority=\"high\" class='wp-image-29391 avia-img-lazy-loading-not-29391 avia_image ' src=\"https:\/\/cardinal-tapes.com\/wp-content\/uploads\/cardinal-content-temperaturbestaendigkeit.png\" alt='' title='cardinal-content-temperaturbestaendigkeit'  height=\"564\" width=\"880\"  itemprop=\"thumbnailUrl\" srcset=\"https:\/\/cardinal-tapes.com\/wp-content\/uploads\/cardinal-content-temperaturbestaendigkeit.png 880w, https:\/\/cardinal-tapes.com\/wp-content\/uploads\/cardinal-content-temperaturbestaendigkeit-200x128.png 200w, https:\/\/cardinal-tapes.com\/wp-content\/uploads\/cardinal-content-temperaturbestaendigkeit-768x492.png 768w, https:\/\/cardinal-tapes.com\/wp-content\/uploads\/cardinal-content-temperaturbestaendigkeit-705x452.png 705w, https:\/\/cardinal-tapes.com\/wp-content\/uploads\/cardinal-content-temperaturbestaendigkeit-450x288.png 450w\" sizes=\"(max-width: 880px) 100vw, 880px\" \/><\/div><\/div><\/div><br \/>\n<section  class='av_textblock_section av-d8dbv-5d04ae4a1c308cb65eb5ae651be3be72 '   itemscope=\"itemscope\" itemtype=\"https:\/\/schema.org\/CreativeWork\" ><div class='avia_textblock'  itemprop=\"text\" ><h4>Resistencia a la temperatura<\/h4>\n<p>La resistencia a la temperatura es una medida de la fuerza de sujeci\u00f3n en una aplicaci\u00f3n a temperaturas elevadas. Indica la temperatura hasta la que la cinta puede soportar un peso definido. Se distingue entre resistencia a corto plazo (seg.\/min.) y resistencia a largo plazo (h.\/a\u00f1os).<\/p>\n<\/div><\/section><\/p><\/div>\n\n","protected":false},"excerpt":{"rendered":"","protected":false},"author":1,"featured_media":0,"parent":30180,"menu_order":1,"comment_status":"closed","ping_status":"closed","template":"","meta":{"_acf_changed":false,"footnotes":""},"class_list":["post-30719","page","type-page","status-publish","hentry"],"acf":[],"yoast_head":"<!-- This site is optimized with the Yoast SEO plugin v27.3 - https:\/\/yoast.com\/product\/yoast-seo-wordpress\/ -->\n<title>M\u00e9todos de ensayo para cintas adhesivas | cardinal TAPES<\/title>\n<meta name=\"description\" content=\"Los m\u00e9todos de ensayo adecuados son muy importantes para las cintas adhesivas. Aqu\u00ed puede informarse sobre los distintos m\u00e9todos de ensayo.\" \/>\n<meta name=\"robots\" content=\"index, follow, max-snippet:-1, max-image-preview:large, max-video-preview:-1\" \/>\n<link rel=\"canonical\" href=\"https:\/\/cardinal-tapes.com\/es\/infotek\/metodos-de-ensayo\/\" \/>\n<meta property=\"og:locale\" content=\"es_ES\" \/>\n<meta property=\"og:type\" content=\"article\" \/>\n<meta property=\"og:title\" content=\"M\u00e9todos de ensayo para cintas adhesivas | cardinal TAPES\" \/>\n<meta property=\"og:description\" content=\"Los m\u00e9todos de ensayo adecuados son muy importantes para las cintas adhesivas. Aqu\u00ed puede informarse sobre los distintos m\u00e9todos de ensayo.\" \/>\n<meta property=\"og:url\" content=\"https:\/\/cardinal-tapes.com\/es\/infotek\/metodos-de-ensayo\/\" \/>\n<meta property=\"og:site_name\" content=\"cardinal TAPES\" \/>\n<meta property=\"article:modified_time\" content=\"2023-06-12T12:24:37+00:00\" \/>\n<meta name=\"twitter:card\" content=\"summary_large_image\" \/>\n<meta name=\"twitter:label1\" content=\"Tiempo de lectura\" \/>\n\t<meta name=\"twitter:data1\" content=\"16 minutos\" \/>\n<script type=\"application\/ld+json\" class=\"yoast-schema-graph\">{\"@context\":\"https:\\\/\\\/schema.org\",\"@graph\":[{\"@type\":\"WebPage\",\"@id\":\"https:\\\/\\\/cardinal-tapes.com\\\/es\\\/infotek\\\/metodos-de-ensayo\\\/\",\"url\":\"https:\\\/\\\/cardinal-tapes.com\\\/es\\\/infotek\\\/metodos-de-ensayo\\\/\",\"name\":\"M\u00e9todos de ensayo para cintas adhesivas | cardinal TAPES\",\"isPartOf\":{\"@id\":\"https:\\\/\\\/cardinal-tapes.com\\\/#website\"},\"datePublished\":\"2023-06-02T08:57:52+00:00\",\"dateModified\":\"2023-06-12T12:24:37+00:00\",\"description\":\"Los m\u00e9todos de ensayo adecuados son muy importantes para las cintas adhesivas. Aqu\u00ed puede informarse sobre los distintos m\u00e9todos de ensayo.\",\"breadcrumb\":{\"@id\":\"https:\\\/\\\/cardinal-tapes.com\\\/es\\\/infotek\\\/metodos-de-ensayo\\\/#breadcrumb\"},\"inLanguage\":\"es\",\"potentialAction\":[{\"@type\":\"ReadAction\",\"target\":[\"https:\\\/\\\/cardinal-tapes.com\\\/es\\\/infotek\\\/metodos-de-ensayo\\\/\"]}]},{\"@type\":\"BreadcrumbList\",\"@id\":\"https:\\\/\\\/cardinal-tapes.com\\\/es\\\/infotek\\\/metodos-de-ensayo\\\/#breadcrumb\",\"itemListElement\":[{\"@type\":\"ListItem\",\"position\":1,\"name\":\"Startseite\",\"item\":\"https:\\\/\\\/cardinal-tapes.com\\\/es\\\/\"},{\"@type\":\"ListItem\",\"position\":2,\"name\":\"Infotek\",\"item\":\"https:\\\/\\\/cardinal-tapes.com\\\/es\\\/infotek\\\/\"},{\"@type\":\"ListItem\",\"position\":3,\"name\":\"M\u00e9todos de ensayo\"}]},{\"@type\":\"WebSite\",\"@id\":\"https:\\\/\\\/cardinal-tapes.com\\\/#website\",\"url\":\"https:\\\/\\\/cardinal-tapes.com\\\/\",\"name\":\"cardinal TAPES\",\"description\":\"Klebetechnik aus Wuppertal\",\"potentialAction\":[{\"@type\":\"SearchAction\",\"target\":{\"@type\":\"EntryPoint\",\"urlTemplate\":\"https:\\\/\\\/cardinal-tapes.com\\\/?s={search_term_string}\"},\"query-input\":{\"@type\":\"PropertyValueSpecification\",\"valueRequired\":true,\"valueName\":\"search_term_string\"}}],\"inLanguage\":\"es\"}]}<\/script>\n<!-- \/ Yoast SEO plugin. -->","yoast_head_json":{"title":"M\u00e9todos de ensayo para cintas adhesivas | cardinal TAPES","description":"Los m\u00e9todos de ensayo adecuados son muy importantes para las cintas adhesivas. Aqu\u00ed puede informarse sobre los distintos m\u00e9todos de ensayo.","robots":{"index":"index","follow":"follow","max-snippet":"max-snippet:-1","max-image-preview":"max-image-preview:large","max-video-preview":"max-video-preview:-1"},"canonical":"https:\/\/cardinal-tapes.com\/es\/infotek\/metodos-de-ensayo\/","og_locale":"es_ES","og_type":"article","og_title":"M\u00e9todos de ensayo para cintas adhesivas | cardinal TAPES","og_description":"Los m\u00e9todos de ensayo adecuados son muy importantes para las cintas adhesivas. Aqu\u00ed puede informarse sobre los distintos m\u00e9todos de ensayo.","og_url":"https:\/\/cardinal-tapes.com\/es\/infotek\/metodos-de-ensayo\/","og_site_name":"cardinal TAPES","article_modified_time":"2023-06-12T12:24:37+00:00","twitter_card":"summary_large_image","twitter_misc":{"Tiempo de lectura":"16 minutos"},"schema":{"@context":"https:\/\/schema.org","@graph":[{"@type":"WebPage","@id":"https:\/\/cardinal-tapes.com\/es\/infotek\/metodos-de-ensayo\/","url":"https:\/\/cardinal-tapes.com\/es\/infotek\/metodos-de-ensayo\/","name":"M\u00e9todos de ensayo para cintas adhesivas | cardinal TAPES","isPartOf":{"@id":"https:\/\/cardinal-tapes.com\/#website"},"datePublished":"2023-06-02T08:57:52+00:00","dateModified":"2023-06-12T12:24:37+00:00","description":"Los m\u00e9todos de ensayo adecuados son muy importantes para las cintas adhesivas. Aqu\u00ed puede informarse sobre los distintos m\u00e9todos de ensayo.","breadcrumb":{"@id":"https:\/\/cardinal-tapes.com\/es\/infotek\/metodos-de-ensayo\/#breadcrumb"},"inLanguage":"es","potentialAction":[{"@type":"ReadAction","target":["https:\/\/cardinal-tapes.com\/es\/infotek\/metodos-de-ensayo\/"]}]},{"@type":"BreadcrumbList","@id":"https:\/\/cardinal-tapes.com\/es\/infotek\/metodos-de-ensayo\/#breadcrumb","itemListElement":[{"@type":"ListItem","position":1,"name":"Startseite","item":"https:\/\/cardinal-tapes.com\/es\/"},{"@type":"ListItem","position":2,"name":"Infotek","item":"https:\/\/cardinal-tapes.com\/es\/infotek\/"},{"@type":"ListItem","position":3,"name":"M\u00e9todos de ensayo"}]},{"@type":"WebSite","@id":"https:\/\/cardinal-tapes.com\/#website","url":"https:\/\/cardinal-tapes.com\/","name":"cardinal TAPES","description":"Klebetechnik aus Wuppertal","potentialAction":[{"@type":"SearchAction","target":{"@type":"EntryPoint","urlTemplate":"https:\/\/cardinal-tapes.com\/?s={search_term_string}"},"query-input":{"@type":"PropertyValueSpecification","valueRequired":true,"valueName":"search_term_string"}}],"inLanguage":"es"}]}},"_links":{"self":[{"href":"https:\/\/cardinal-tapes.com\/es\/wp-json\/wp\/v2\/pages\/30719","targetHints":{"allow":["GET"]}}],"collection":[{"href":"https:\/\/cardinal-tapes.com\/es\/wp-json\/wp\/v2\/pages"}],"about":[{"href":"https:\/\/cardinal-tapes.com\/es\/wp-json\/wp\/v2\/types\/page"}],"author":[{"embeddable":true,"href":"https:\/\/cardinal-tapes.com\/es\/wp-json\/wp\/v2\/users\/1"}],"replies":[{"embeddable":true,"href":"https:\/\/cardinal-tapes.com\/es\/wp-json\/wp\/v2\/comments?post=30719"}],"version-history":[{"count":0,"href":"https:\/\/cardinal-tapes.com\/es\/wp-json\/wp\/v2\/pages\/30719\/revisions"}],"up":[{"embeddable":true,"href":"https:\/\/cardinal-tapes.com\/es\/wp-json\/wp\/v2\/pages\/30180"}],"wp:attachment":[{"href":"https:\/\/cardinal-tapes.com\/es\/wp-json\/wp\/v2\/media?parent=30719"}],"curies":[{"name":"wp","href":"https:\/\/api.w.org\/{rel}","templated":true}]}}