{"id":30640,"date":"2023-06-02T10:57:35","date_gmt":"2023-06-02T08:57:35","guid":{"rendered":"https:\/\/cardinal.pixel-tal.de\/empresa\/pongase-en-contacto-con-2\/"},"modified":"2023-06-12T13:54:03","modified_gmt":"2023-06-12T11:54:03","slug":"pongase-en-contacto-con-2","status":"publish","type":"page","link":"https:\/\/cardinal-tapes.com\/es\/empresa\/pongase-en-contacto-con-2\/","title":{"rendered":"P\u00f3ngase en contacto con"},"content":{"rendered":"<div id='av_section_1'  class='avia-section av-lhklxs6s-6ff5db23b0fee19f2da3c77302a67ef5 main_color avia-section-no-padding avia-no-border-styling  avia-builder-el-0  avia-builder-el-no-sibling  avia-bg-style-scroll container_wrap fullsize'  ><div class='container av-section-cont-open' ><main  role=\"main\" itemprop=\"mainContentOfPage\"  class='template-page content  av-content-full alpha units'><div class='post-entry post-entry-type-page post-entry-30640'><div class='entry-content-wrapper clearfix'>\n","protected":false},"excerpt":{"rendered":"","protected":false},"author":1,"featured_media":0,"parent":30087,"menu_order":4,"comment_status":"closed","ping_status":"closed","template":"","meta":{"_acf_changed":false,"footnotes":""},"class_list":["post-30640","page","type-page","status-publish","hentry"],"acf":[],"yoast_head":"<!-- This site is optimized with the Yoast SEO plugin v27.3 - https:\/\/yoast.com\/product\/yoast-seo-wordpress\/ -->\n<title>P\u00f3ngase en contacto con - cardinal TAPES<\/title>\n<meta name=\"description\" content=\"Nuestros expertos estar\u00e1n encantados de ayudarle con cualquier pregunta o duda. P\u00f3ngase en contacto con nosotros de forma r\u00e1pida y sencilla.\" \/>\n<meta name=\"robots\" content=\"index, follow, max-snippet:-1, max-image-preview:large, max-video-preview:-1\" \/>\n<link rel=\"canonical\" href=\"https:\/\/cardinal-tapes.com\/es\/empresa\/pongase-en-contacto-con-2\/\" \/>\n<meta property=\"og:locale\" content=\"es_ES\" \/>\n<meta property=\"og:type\" content=\"article\" \/>\n<meta property=\"og:title\" content=\"P\u00f3ngase en contacto con - cardinal TAPES\" \/>\n<meta property=\"og:description\" content=\"Nuestros expertos estar\u00e1n encantados de ayudarle con cualquier pregunta o duda. P\u00f3ngase en contacto con nosotros de forma r\u00e1pida y sencilla.\" \/>\n<meta property=\"og:url\" content=\"https:\/\/cardinal-tapes.com\/es\/empresa\/pongase-en-contacto-con-2\/\" \/>\n<meta property=\"og:site_name\" content=\"cardinal TAPES\" \/>\n<meta property=\"article:modified_time\" content=\"2023-06-12T11:54:03+00:00\" \/>\n<meta name=\"twitter:card\" content=\"summary_large_image\" \/>\n<meta name=\"twitter:label1\" content=\"Tiempo de lectura\" \/>\n\t<meta name=\"twitter:data1\" content=\"1 minuto\" \/>\n<script type=\"application\/ld+json\" class=\"yoast-schema-graph\">{\"@context\":\"https:\\\/\\\/schema.org\",\"@graph\":[{\"@type\":\"WebPage\",\"@id\":\"https:\\\/\\\/cardinal-tapes.com\\\/es\\\/empresa\\\/pongase-en-contacto-con-2\\\/\",\"url\":\"https:\\\/\\\/cardinal-tapes.com\\\/es\\\/empresa\\\/pongase-en-contacto-con-2\\\/\",\"name\":\"P\u00f3ngase en contacto con - cardinal TAPES\",\"isPartOf\":{\"@id\":\"https:\\\/\\\/cardinal-tapes.com\\\/#website\"},\"datePublished\":\"2023-06-02T08:57:35+00:00\",\"dateModified\":\"2023-06-12T11:54:03+00:00\",\"description\":\"Nuestros expertos estar\u00e1n encantados de ayudarle con cualquier pregunta o duda. P\u00f3ngase en contacto con nosotros de forma r\u00e1pida y sencilla.\",\"breadcrumb\":{\"@id\":\"https:\\\/\\\/cardinal-tapes.com\\\/es\\\/empresa\\\/pongase-en-contacto-con-2\\\/#breadcrumb\"},\"inLanguage\":\"es\",\"potentialAction\":[{\"@type\":\"ReadAction\",\"target\":[\"https:\\\/\\\/cardinal-tapes.com\\\/es\\\/empresa\\\/pongase-en-contacto-con-2\\\/\"]}]},{\"@type\":\"BreadcrumbList\",\"@id\":\"https:\\\/\\\/cardinal-tapes.com\\\/es\\\/empresa\\\/pongase-en-contacto-con-2\\\/#breadcrumb\",\"itemListElement\":[{\"@type\":\"ListItem\",\"position\":1,\"name\":\"Startseite\",\"item\":\"https:\\\/\\\/cardinal-tapes.com\\\/es\\\/\"},{\"@type\":\"ListItem\",\"position\":2,\"name\":\"Empresa\",\"item\":\"https:\\\/\\\/cardinal-tapes.com\\\/es\\\/empresa\\\/\"},{\"@type\":\"ListItem\",\"position\":3,\"name\":\"P\u00f3ngase en contacto con\"}]},{\"@type\":\"WebSite\",\"@id\":\"https:\\\/\\\/cardinal-tapes.com\\\/#website\",\"url\":\"https:\\\/\\\/cardinal-tapes.com\\\/\",\"name\":\"cardinal TAPES\",\"description\":\"Klebetechnik aus Wuppertal\",\"potentialAction\":[{\"@type\":\"SearchAction\",\"target\":{\"@type\":\"EntryPoint\",\"urlTemplate\":\"https:\\\/\\\/cardinal-tapes.com\\\/?s={search_term_string}\"},\"query-input\":{\"@type\":\"PropertyValueSpecification\",\"valueRequired\":true,\"valueName\":\"search_term_string\"}}],\"inLanguage\":\"es\"}]}<\/script>\n<!-- \/ Yoast SEO plugin. -->","yoast_head_json":{"title":"P\u00f3ngase en contacto con - cardinal TAPES","description":"Nuestros expertos estar\u00e1n encantados de ayudarle con cualquier pregunta o duda. P\u00f3ngase en contacto con nosotros de forma r\u00e1pida y sencilla.","robots":{"index":"index","follow":"follow","max-snippet":"max-snippet:-1","max-image-preview":"max-image-preview:large","max-video-preview":"max-video-preview:-1"},"canonical":"https:\/\/cardinal-tapes.com\/es\/empresa\/pongase-en-contacto-con-2\/","og_locale":"es_ES","og_type":"article","og_title":"P\u00f3ngase en contacto con - cardinal TAPES","og_description":"Nuestros expertos estar\u00e1n encantados de ayudarle con cualquier pregunta o duda. P\u00f3ngase en contacto con nosotros de forma r\u00e1pida y sencilla.","og_url":"https:\/\/cardinal-tapes.com\/es\/empresa\/pongase-en-contacto-con-2\/","og_site_name":"cardinal TAPES","article_modified_time":"2023-06-12T11:54:03+00:00","twitter_card":"summary_large_image","twitter_misc":{"Tiempo de lectura":"1 minuto"},"schema":{"@context":"https:\/\/schema.org","@graph":[{"@type":"WebPage","@id":"https:\/\/cardinal-tapes.com\/es\/empresa\/pongase-en-contacto-con-2\/","url":"https:\/\/cardinal-tapes.com\/es\/empresa\/pongase-en-contacto-con-2\/","name":"P\u00f3ngase en contacto con - cardinal TAPES","isPartOf":{"@id":"https:\/\/cardinal-tapes.com\/#website"},"datePublished":"2023-06-02T08:57:35+00:00","dateModified":"2023-06-12T11:54:03+00:00","description":"Nuestros expertos estar\u00e1n encantados de ayudarle con cualquier pregunta o duda. P\u00f3ngase en contacto con nosotros de forma r\u00e1pida y sencilla.","breadcrumb":{"@id":"https:\/\/cardinal-tapes.com\/es\/empresa\/pongase-en-contacto-con-2\/#breadcrumb"},"inLanguage":"es","potentialAction":[{"@type":"ReadAction","target":["https:\/\/cardinal-tapes.com\/es\/empresa\/pongase-en-contacto-con-2\/"]}]},{"@type":"BreadcrumbList","@id":"https:\/\/cardinal-tapes.com\/es\/empresa\/pongase-en-contacto-con-2\/#breadcrumb","itemListElement":[{"@type":"ListItem","position":1,"name":"Startseite","item":"https:\/\/cardinal-tapes.com\/es\/"},{"@type":"ListItem","position":2,"name":"Empresa","item":"https:\/\/cardinal-tapes.com\/es\/empresa\/"},{"@type":"ListItem","position":3,"name":"P\u00f3ngase en contacto con"}]},{"@type":"WebSite","@id":"https:\/\/cardinal-tapes.com\/#website","url":"https:\/\/cardinal-tapes.com\/","name":"cardinal TAPES","description":"Klebetechnik aus Wuppertal","potentialAction":[{"@type":"SearchAction","target":{"@type":"EntryPoint","urlTemplate":"https:\/\/cardinal-tapes.com\/?s={search_term_string}"},"query-input":{"@type":"PropertyValueSpecification","valueRequired":true,"valueName":"search_term_string"}}],"inLanguage":"es"}]}},"_links":{"self":[{"href":"https:\/\/cardinal-tapes.com\/es\/wp-json\/wp\/v2\/pages\/30640","targetHints":{"allow":["GET"]}}],"collection":[{"href":"https:\/\/cardinal-tapes.com\/es\/wp-json\/wp\/v2\/pages"}],"about":[{"href":"https:\/\/cardinal-tapes.com\/es\/wp-json\/wp\/v2\/types\/page"}],"author":[{"embeddable":true,"href":"https:\/\/cardinal-tapes.com\/es\/wp-json\/wp\/v2\/users\/1"}],"replies":[{"embeddable":true,"href":"https:\/\/cardinal-tapes.com\/es\/wp-json\/wp\/v2\/comments?post=30640"}],"version-history":[{"count":0,"href":"https:\/\/cardinal-tapes.com\/es\/wp-json\/wp\/v2\/pages\/30640\/revisions"}],"up":[{"embeddable":true,"href":"https:\/\/cardinal-tapes.com\/es\/wp-json\/wp\/v2\/pages\/30087"}],"wp:attachment":[{"href":"https:\/\/cardinal-tapes.com\/es\/wp-json\/wp\/v2\/media?parent=30640"}],"curies":[{"name":"wp","href":"https:\/\/api.w.org\/{rel}","templated":true}]}}