{"id":30573,"date":"2023-06-02T10:57:34","date_gmt":"2023-06-02T08:57:34","guid":{"rendered":"https:\/\/cardinal.pixel-tal.de\/empresa\/pongase-en-contacto-con\/"},"modified":"2024-06-18T10:53:58","modified_gmt":"2024-06-18T08:53:58","slug":"pongase-en-contacto-con","status":"publish","type":"page","link":"https:\/\/cardinal-tapes.com\/es\/empresa\/pongase-en-contacto-con\/","title":{"rendered":"Persona de contacto"},"content":{"rendered":"\t\t\t<div class=\"headerimage-section has-image  \">\n\t\t\t\t\t\t\t\t\t\t\t\t<div class=\"headerimage__bg overlay\" style=\"background-image: url('https:\/\/cardinal-tapes.com\/wp-content\/uploads\/cardinal_kopfbild_ueberuns.jpg'); background-repeat: no-repeat; background-position: center; background-size: cover;\"><\/div>\n\t\t\t\t\t\t\t\t\t\t\t\t<div class=\"container\">\n\t\t\t\t\t<div class=\"headerimage__inner\">\n\t\t\t\t\t\t<h1 class=\"headerimage__headline\">Persona de contacto<\/h1>\t\t\t\t\t\t<span class=\"headerimage__subheadline\">Todos los expertos de un vistazo<\/span>\t\t\t\t\t\t\t\t\t\t\t<\/div>\n\t\t\t\t\t\t\t\t\t<\/div>\n\t\t\t<\/div>\n\t\t\t\n<\/div><\/div><\/div><!-- close content main div --><\/div><\/div><div id='av_section_1'  class='avia-section av-blk9r-7fc95ff8b2dc3c535ea60bbdf5031216 main_color avia-section-default avia-no-border-styling  avia-builder-el-1  el_after_pixel_headimage  avia-builder-el-last  avia-bg-style-scroll container_wrap fullsize'  ><div class='container av-section-cont-open' ><div class='template-page content  av-content-full alpha units'><div class='post-entry post-entry-type-page post-entry-30573'><div class='entry-content-wrapper clearfix'>\n<div  class='flex_column av-b0d5j-af32272ab4eaebaca09a0f961163d498 av_one_full  avia-builder-el-2  avia-builder-el-no-sibling  first flex_column_div av-animated-generic left-to-right  '     ><div id=\"contacts\" class=\"grid grid-contacts\">\n\t<a id=\"kontakte\" class=\"anchor\"><\/a>\n\t<div class=\"grid-inner\">\n\t\t\t\t\t\t\t\t\t<div class=\"grid-group grey-bg\">\n\t\t\t\t\t\t\t\t\t\t\t<div class=\"pxl-headline pxl-hl hl-wrap | hl-sub--bot hl--align-left hl--std-margin\">\n\t\t\t\t\t\t\t<div class=\"hl-inner\">\n\t\t\t\t\t\t\t\t\t<h2 class=\"hl-main hl-line |  hl_main--default  \">Distribuci\u00f3n<\/h2>\n\t\t\t\t\t\t\t<\/div>\n\t\t\t\t\t\t<\/div>\n\t\t\t\t\t\t\t\t\t\t<div class=\"grid-items facetwp-template\">\n\t\t\t\t\t\t\t\t\t\t\t\t\t<div class=\"card card-contacts card-contacts-small grid-item  av_one_third flex_column first \">\n\t<div class=\"card-media\">\n\t<div class=\"card-image\">\n\n\t\t\n\t\t\t\t\t\t\t<img decoding=\"async\" src=\"https:\/\/cardinal-tapes.com\/wp-content\/uploads\/Cardinal_31._Oktober_2018_0551.jpg\" alt=\"Tim Cardinal\" \/>\n\t\t\t\n\t\t\n\t<\/div>\n<\/div>\n<div class=\"card-content\">\n\t<div class=\"card-title textline contact-heading\">Tim Cardinal | Dipl.-\u00d6k.  <\/div>\t<span class=\"card-subtitle textline\">DIRECTOR GENERAL<\/span>\t<div class=\"card-contact-details\">\n\t\t<span class=\"cardline textline phone\">Tel\u00e9fono: <a href=\"tel:+49202266850\">+49.202.26685-0<\/a><\/span>\t\t\t\t\t\t<span class=\"cardline textline email\"><a href=\"mailto:info@cardinal-tapes.de\">info@cardinal-tapes.de<\/a><\/span>\t<\/div>\n<\/div>\n<\/div>\n\t\t\t\t\t\t\t\t\t\t\t\t\t<div class=\"card card-contacts card-contacts-small grid-item  av_one_third flex_column  \">\n\t<div class=\"card-media\">\n\t<div class=\"card-image\">\n\n\t\t\n\t\t\t\t\t\t\t<img decoding=\"async\" src=\"https:\/\/cardinal-tapes.com\/wp-content\/uploads\/PS-1.jpg\" alt=\"Peter Sieker\" \/>\n\t\t\t\n\t\t\n\t<\/div>\n<\/div>\n<div class=\"card-content\">\n\t<div class=\"card-title textline contact-heading\">Peter Sieker <\/div>\t<span class=\"card-subtitle textline\">Jefe de ventas<\/span>\t<div class=\"card-contact-details\">\n\t\t<span class=\"cardline textline phone\">Tel\u00e9fono: <a href=\"tel:+492022668519\">+49.202.26685-19<\/a><\/span>\t\t\t\t\t\t<span class=\"cardline textline email\"><a href=\"mailto:p.sieker@cardinal-tapes.de\">p.sieker@cardinal-tapes.de<\/a><\/span>\t<\/div>\n<\/div>\n<\/div>\n\t\t\t\t\t\t\t\t\t\t\t\t\t<div class=\"card card-contacts card-contacts-small grid-item  av_one_third flex_column  \">\n\t<div class=\"card-media\">\n\t<div class=\"card-image\">\n\n\t\t\n\t\t\t\t\t\t\t<img decoding=\"async\" src=\"https:\/\/cardinal-tapes.com\/wp-content\/uploads\/JB-02.jpg\" alt=\"Janis Bruder\" \/>\n\t\t\t\n\t\t\n\t<\/div>\n<\/div>\n<div class=\"card-content\">\n\t<div class=\"card-title textline contact-heading\">Janis Bruder | B.A.<\/div>\t<span class=\"card-subtitle textline\">Jr. Gestor de cuentas y marketing<\/span>\t<div class=\"card-contact-details\">\n\t\t<span class=\"cardline textline phone\">Tel\u00e9fono: <a href=\"tel:+492022668526\">+49.202.26685-26<\/a><\/span>\t\t\t\t\t\t<span class=\"cardline textline email\"><a href=\"mailto:j.bruder@cardinal-tapes.de\">j.bruder@cardinal-tapes.de<\/a><\/span>\t<\/div>\n<\/div>\n<\/div>\n\t\t\t\t\t\t\t\t\t\t\t\t\t<div class=\"card card-contacts card-contacts-small grid-item  av_one_third flex_column first column-top-margin\">\n\t<div class=\"card-media\">\n\t<div class=\"card-image\">\n\n\t\t\n\t\t\t\t\t\t\t<img decoding=\"async\" src=\"https:\/\/cardinal-tapes.com\/wp-content\/uploads\/cardinal-tapes-team-martin-schnell.jpg\" alt=\"Martin Schnell\" \/>\n\t\t\t\n\t\t\n\t<\/div>\n<\/div>\n<div class=\"card-content\">\n\t<div class=\"card-title textline contact-heading\">Martin Schnell <\/div>\t<span class=\"card-subtitle textline\">Gestor de cuentas<\/span>\t<div class=\"card-contact-details\">\n\t\t<span class=\"cardline textline phone\">Tel\u00e9fono: <a href=\"tel:+492022668516\">+49.202.26685-16<\/a><\/span>\t\t\t\t\t\t<span class=\"cardline textline email\"><a href=\"mailto:m.schnell@cardinal-tapes.de\">m.schnell@cardinal-tapes.de<\/a><\/span>\t<\/div>\n<\/div>\n<\/div>\n\t\t\t\t\t\t\t\t\t\t\t\t\t<div class=\"card card-contacts card-contacts-small grid-item  av_one_third flex_column  column-top-margin\">\n\t<div class=\"card-media\">\n\t<div class=\"card-image\">\n\n\t\t\n\t\t\t\t\t\t\t<img decoding=\"async\" src=\"https:\/\/cardinal-tapes.com\/wp-content\/uploads\/cardinal_mitarbeiter_muenchrath.jpg\" alt=\"Sabrina M\u00fcnchrath\" \/>\n\t\t\t\n\t\t\n\t<\/div>\n<\/div>\n<div class=\"card-content\">\n\t<div class=\"card-title textline contact-heading\">Sabrina M\u00fcnchrath <\/div>\t<span class=\"card-subtitle textline\">Atenci\u00f3n al cliente<\/span>\t<div class=\"card-contact-details\">\n\t\t<span class=\"cardline textline phone\">Tel\u00e9fono: <a href=\"tel:+492022668512\">+49.202.26685-12<\/a><\/span>\t\t\t\t\t\t<span class=\"cardline textline email\"><a href=\"mailto:s.muenchrath@cardinal-tapes.de\">s.muenchrath@cardinal-tapes.de<\/a><\/span>\t<\/div>\n<\/div>\n<\/div>\n\t\t\t\t\t\t\t\t\t\t\t\t\t<div class=\"card card-contacts card-contacts-small grid-item  av_one_third flex_column  column-top-margin\">\n\t<div class=\"card-media\">\n\t<div class=\"card-image\">\n\n\t\t\n\t\t\t\t\t\t\t<img decoding=\"async\" src=\"https:\/\/cardinal-tapes.com\/wp-content\/uploads\/Cardinal_31._Oktober_2018_0111.jpg\" alt=\"Maren Burkhardt\" \/>\n\t\t\t\n\t\t\n\t<\/div>\n<\/div>\n<div class=\"card-content\">\n\t<div class=\"card-title textline contact-heading\">Maren Burkhardt <\/div>\t<span class=\"card-subtitle textline\">Atenci\u00f3n al cliente<\/span>\t<div class=\"card-contact-details\">\n\t\t<span class=\"cardline textline phone\">Tel\u00e9fono: <a href=\"tel:+492022668513\">+49.202.26685-13<\/a><\/span>\t\t\t\t\t\t<span class=\"cardline textline email\"><a href=\"mailto:m.burkhardt@cardinal-tapes.de\">m.burkhardt@cardinal-tapes.de<\/a><\/span>\t<\/div>\n<\/div>\n<\/div>\n\t\t\t\t\t\t\t\t\t\t\t\t\t<div class=\"card card-contacts card-contacts-small grid-item  av_one_third flex_column first column-top-margin\">\n\t<div class=\"card-media\">\n\t<div class=\"card-image\">\n\n\t\t\n\t\t\t\t\t\t\t<img decoding=\"async\" src=\"https:\/\/cardinal-tapes.com\/wp-content\/uploads\/cardinal_mitarbeiter_flasdieck-1.jpg\" alt=\"Holger Flasdieck\" \/>\n\t\t\t\n\t\t\n\t<\/div>\n<\/div>\n<div class=\"card-content\">\n\t<div class=\"card-title textline contact-heading\">Holger Flasdieck <\/div>\t<span class=\"card-subtitle textline\">Atenci\u00f3n al cliente<\/span>\t<div class=\"card-contact-details\">\n\t\t<span class=\"cardline textline phone\">Tel\u00e9fono: <a href=\"tel:+492022668515\">+49.202.26685-15<\/a><\/span>\t\t\t\t\t\t<span class=\"cardline textline email\"><a href=\"mailto:h.flasdieck@cardinal-tapes.de\">h.flasdieck@cardinal-tapes.de<\/a><\/span>\t<\/div>\n<\/div>\n<\/div>\n\t\t\t\t\t\t\t\t\t\t\t\t\t<div class=\"card card-contacts card-contacts-small grid-item  av_one_third flex_column  column-top-margin\">\n\t<div class=\"card-media\">\n\t<div class=\"card-image\">\n\n\t\t\n\t\t\t\t\t\t\t<img decoding=\"async\" src=\"https:\/\/cardinal-tapes.com\/wp-content\/uploads\/cardinal_mitarbeiter_foto_schumacher.jpg\" alt=\"Constantin Schumacher\" \/>\n\t\t\t\n\t\t\n\t<\/div>\n<\/div>\n<div class=\"card-content\">\n\t<div class=\"card-title textline contact-heading\">Constantin Schumacher <\/div>\t<span class=\"card-subtitle textline\">Atenci\u00f3n al cliente<\/span>\t<div class=\"card-contact-details\">\n\t\t<span class=\"cardline textline phone\">Tel\u00e9fono: <a href=\"tel:+492022668514\">+49.202.26685-14<\/a><\/span>\t\t\t\t\t\t<span class=\"cardline textline email\"><a href=\"mailto:c.schumacher@cardinal-tapes.de\">c.schumacher@cardinal-tapes.de<\/a><\/span>\t<\/div>\n<\/div>\n<\/div>\n\t\t\t\t\t\t\t\t\t\t\t<\/div>\n\t\t\t\t<\/div>\n\t\t\t\t\t\t\t<div class=\"grid-group grey-bg\">\n\t\t\t\t\t\t\t\t\t\t\t<div class=\"pxl-headline pxl-hl hl-wrap | hl-sub--bot hl--align-left hl--std-margin\">\n\t\t\t\t\t\t\t<div class=\"hl-inner\">\n\t\t\t\t\t\t\t\t\t<h2 class=\"hl-main hl-line |  hl_main--default  \">Administraci\u00f3n<\/h2>\n\t\t\t\t\t\t\t<\/div>\n\t\t\t\t\t\t<\/div>\n\t\t\t\t\t\t\t\t\t\t<div class=\"grid-items facetwp-template\">\n\t\t\t\t\t\t\t\t\t\t\t\t\t<div class=\"card card-contacts card-contacts-small grid-item  av_one_third flex_column first \">\n\t<div class=\"card-media\">\n\t<div class=\"card-image\">\n\n\t\t\n\t\t\t\t\t\t\t<img decoding=\"async\" src=\"https:\/\/cardinal-tapes.com\/wp-content\/uploads\/cardinal_mitarbeiter_brass.jpg\" alt=\"Marcel Bra\u00df\" \/>\n\t\t\t\n\t\t\n\t<\/div>\n<\/div>\n<div class=\"card-content\">\n\t<div class=\"card-title textline contact-heading\">Marcel Bra\u00df | B.E.S. (hon.)<\/div>\t<span class=\"card-subtitle textline\">Control \/ Finanzas<\/span>\t<div class=\"card-contact-details\">\n\t\t<span class=\"cardline textline phone\">Tel\u00e9fono: <a href=\"tel:+492022668521\">+49.202.26685-21<\/a><\/span>\t\t\t\t\t\t<span class=\"cardline textline email\"><a href=\"mailto:m.brass@cardinal-tapes.de\">m.brass@cardinal-tapes.de<\/a><\/span>\t<\/div>\n<\/div>\n<\/div>\n\t\t\t\t\t\t\t\t\t\t\t\t\t<div class=\"card card-contacts card-contacts-small grid-item  av_one_third flex_column  \">\n\t<div class=\"card-media\">\n\t<div class=\"card-image\">\n\n\t\t\n\t\t\t\t\t\t\t<img decoding=\"async\" src=\"https:\/\/cardinal-tapes.com\/wp-content\/uploads\/cardinal_mitarbeiter_kaschny.jpg\" alt=\"Christoph Kaschny\" \/>\n\t\t\t\n\t\t\n\t<\/div>\n<\/div>\n<div class=\"card-content\">\n\t<div class=\"card-title textline contact-heading\">Christoph Kaschny <\/div>\t<span class=\"card-subtitle textline\">Director de compras<\/span>\t<div class=\"card-contact-details\">\n\t\t<span class=\"cardline textline phone\">Tel\u00e9fono: <a href=\"tel:+492022668524\">+49.202.26685-24<\/a><\/span>\t\t\t\t\t\t<span class=\"cardline textline email\"><a href=\"mailto:c.kaschny@cardinal-tapes.de\">c.kaschny@cardinal-tapes.de<\/a><\/span>\t<\/div>\n<\/div>\n<\/div>\n\t\t\t\t\t\t\t\t\t\t\t\t\t<div class=\"card card-contacts card-contacts-small grid-item  av_one_third flex_column  \">\n\t<div class=\"card-media\">\n\t<div class=\"card-image\">\n\n\t\t\n\t\t\t\t\t\t\t<img decoding=\"async\" src=\"https:\/\/cardinal-tapes.com\/wp-content\/uploads\/cardinal_mitarbeiter_foto_mocar.jpg\" alt=\"Jan Eric Mocar\" \/>\n\t\t\t\n\t\t\n\t<\/div>\n<\/div>\n<div class=\"card-content\">\n\t<div class=\"card-title textline contact-heading\">Jan Eric Mocar <\/div>\t<span class=\"card-subtitle textline\">Compras<\/span>\t<div class=\"card-contact-details\">\n\t\t<span class=\"cardline textline phone\">Tel\u00e9fono: <a href=\"tel:+492022668525\">+49.202.26685-25<\/a><\/span>\t\t\t\t\t\t<span class=\"cardline textline email\"><a href=\"mailto:j.mocar@cardinal-tapes.de\">j.mocar@cardinal-tapes.de<\/a><\/span>\t<\/div>\n<\/div>\n<\/div>\n\t\t\t\t\t\t\t\t\t\t\t<\/div>\n\t\t\t\t<\/div>\n\t\t\t\t\t\t\t<div class=\"grid-group grey-bg\">\n\t\t\t\t\t\t\t\t\t\t\t<div class=\"pxl-headline pxl-hl hl-wrap | hl-sub--bot hl--align-left hl--std-margin\">\n\t\t\t\t\t\t\t<div class=\"hl-inner\">\n\t\t\t\t\t\t\t\t\t<h2 class=\"hl-main hl-line |  hl_main--default  \">Gesti\u00f3n de la producci\u00f3n<\/h2>\n\t\t\t\t\t\t\t<\/div>\n\t\t\t\t\t\t<\/div>\n\t\t\t\t\t\t\t\t\t\t<div class=\"grid-items facetwp-template\">\n\t\t\t\t\t\t\t\t\t\t\t\t\t<div class=\"card card-contacts card-contacts-small grid-item  av_one_third flex_column first \">\n\t<div class=\"card-media\">\n\t<div class=\"card-image\">\n\n\t\t\n\t\t\t\t\t\t\t<img decoding=\"async\" src=\"https:\/\/cardinal-tapes.com\/wp-content\/uploads\/Cardinal_Portraets_13.-Februar-2020_067_web.jpg\" alt=\"Sven Wohlfahrt\" \/>\n\t\t\t\n\t\t\n\t<\/div>\n<\/div>\n<div class=\"card-content\">\n\t<div class=\"card-title textline contact-heading\">Sven Wohlfahrt <\/div>\t<span class=\"card-subtitle textline\">Gestor Lean<\/span>\t<div class=\"card-contact-details\">\n\t\t<span class=\"cardline textline phone\">Tel\u00e9fono: <a href=\"tel:+492022668542\">+49.202.26685-42<\/a><\/span>\t\t\t\t\t\t<span class=\"cardline textline email\"><a href=\"mailto:s.wohlfahrt@cardinal-tapes.de\">s.wohlfahrt@cardinal-tapes.de<\/a><\/span>\t<\/div>\n<\/div>\n<\/div>\n\t\t\t\t\t\t\t\t\t\t\t\t\t<div class=\"card card-contacts card-contacts-small grid-item  av_one_third flex_column  \">\n\t<div class=\"card-media\">\n\t<div class=\"card-image\">\n\n\t\t\n\t\t\t\t\t\t\t<img decoding=\"async\" src=\"https:\/\/cardinal-tapes.com\/wp-content\/uploads\/Cardinal_27.-Juni-2023_HP2-e1688045704183.jpg\" alt=\"Roland Gollmer\" \/>\n\t\t\t\n\t\t\n\t<\/div>\n<\/div>\n<div class=\"card-content\">\n\t<div class=\"card-title textline contact-heading\">Roland Gollmer <\/div>\t<span class=\"card-subtitle textline\">Coordinador QM<\/span>\t<div class=\"card-contact-details\">\n\t\t<span class=\"cardline textline phone\">Tel\u00e9fono: <a href=\"tel:+492022668543\">+49.202.26685-43<\/a><\/span>\t\t\t\t\t\t<span class=\"cardline textline email\"><a href=\"mailto:r.gollmer@cardinal-tapes.de\">r.gollmer@cardinal-tapes.de<\/a><\/span>\t<\/div>\n<\/div>\n<\/div>\n\t\t\t\t\t\t\t\t\t\t\t<\/div>\n\t\t\t\t<\/div>\n\t\t\t\n\t\t\t<\/div>\n<\/div><\/div>\n","protected":false},"excerpt":{"rendered":"","protected":false},"author":1,"featured_media":0,"parent":30087,"menu_order":1,"comment_status":"closed","ping_status":"closed","template":"","meta":{"_acf_changed":false,"footnotes":""},"class_list":["post-30573","page","type-page","status-publish","hentry"],"acf":[],"yoast_head":"<!-- This site is optimized with the Yoast SEO plugin v27.3 - https:\/\/yoast.com\/product\/yoast-seo-wordpress\/ -->\n<title>Tus interlocutores | Cardinal TAPES<\/title>\n<meta name=\"description\" content=\"Nuestros contactos experimentados estar\u00e1n encantados de responder a tus preguntas. Gracias a la especializaci\u00f3n de nuestros empleados, tus solicitudes pueden procesarse a\u00fan m\u00e1s r\u00e1pido y mejor.\" \/>\n<meta name=\"robots\" content=\"index, follow, max-snippet:-1, max-image-preview:large, max-video-preview:-1\" \/>\n<link rel=\"canonical\" href=\"https:\/\/cardinal-tapes.com\/es\/empresa\/pongase-en-contacto-con\/\" \/>\n<meta property=\"og:locale\" content=\"es_ES\" \/>\n<meta property=\"og:type\" content=\"article\" \/>\n<meta property=\"og:title\" content=\"Tus interlocutores | Cardinal TAPES\" \/>\n<meta property=\"og:description\" content=\"Nuestros contactos experimentados estar\u00e1n encantados de responder a tus preguntas. Gracias a la especializaci\u00f3n de nuestros empleados, tus solicitudes pueden procesarse a\u00fan m\u00e1s r\u00e1pido y mejor.\" \/>\n<meta property=\"og:url\" content=\"https:\/\/cardinal-tapes.com\/es\/empresa\/pongase-en-contacto-con\/\" \/>\n<meta property=\"og:site_name\" content=\"cardinal TAPES\" \/>\n<meta property=\"article:modified_time\" content=\"2024-06-18T08:53:58+00:00\" \/>\n<meta name=\"twitter:card\" content=\"summary_large_image\" \/>\n<meta name=\"twitter:label1\" content=\"Tiempo de lectura\" \/>\n\t<meta name=\"twitter:data1\" content=\"4 minutos\" \/>\n<script type=\"application\/ld+json\" class=\"yoast-schema-graph\">{\"@context\":\"https:\\\/\\\/schema.org\",\"@graph\":[{\"@type\":\"WebPage\",\"@id\":\"https:\\\/\\\/cardinal-tapes.com\\\/es\\\/empresa\\\/pongase-en-contacto-con\\\/\",\"url\":\"https:\\\/\\\/cardinal-tapes.com\\\/es\\\/empresa\\\/pongase-en-contacto-con\\\/\",\"name\":\"Tus interlocutores | Cardinal TAPES\",\"isPartOf\":{\"@id\":\"https:\\\/\\\/cardinal-tapes.com\\\/#website\"},\"datePublished\":\"2023-06-02T08:57:34+00:00\",\"dateModified\":\"2024-06-18T08:53:58+00:00\",\"description\":\"Nuestros contactos experimentados estar\u00e1n encantados de responder a tus preguntas. Gracias a la especializaci\u00f3n de nuestros empleados, tus solicitudes pueden procesarse a\u00fan m\u00e1s r\u00e1pido y mejor.\",\"breadcrumb\":{\"@id\":\"https:\\\/\\\/cardinal-tapes.com\\\/es\\\/empresa\\\/pongase-en-contacto-con\\\/#breadcrumb\"},\"inLanguage\":\"es\",\"potentialAction\":[{\"@type\":\"ReadAction\",\"target\":[\"https:\\\/\\\/cardinal-tapes.com\\\/es\\\/empresa\\\/pongase-en-contacto-con\\\/\"]}]},{\"@type\":\"BreadcrumbList\",\"@id\":\"https:\\\/\\\/cardinal-tapes.com\\\/es\\\/empresa\\\/pongase-en-contacto-con\\\/#breadcrumb\",\"itemListElement\":[{\"@type\":\"ListItem\",\"position\":1,\"name\":\"Startseite\",\"item\":\"https:\\\/\\\/cardinal-tapes.com\\\/es\\\/\"},{\"@type\":\"ListItem\",\"position\":2,\"name\":\"Empresa\",\"item\":\"https:\\\/\\\/cardinal-tapes.com\\\/es\\\/empresa\\\/\"},{\"@type\":\"ListItem\",\"position\":3,\"name\":\"Persona de contacto\"}]},{\"@type\":\"WebSite\",\"@id\":\"https:\\\/\\\/cardinal-tapes.com\\\/#website\",\"url\":\"https:\\\/\\\/cardinal-tapes.com\\\/\",\"name\":\"cardinal TAPES\",\"description\":\"Klebetechnik aus Wuppertal\",\"potentialAction\":[{\"@type\":\"SearchAction\",\"target\":{\"@type\":\"EntryPoint\",\"urlTemplate\":\"https:\\\/\\\/cardinal-tapes.com\\\/?s={search_term_string}\"},\"query-input\":{\"@type\":\"PropertyValueSpecification\",\"valueRequired\":true,\"valueName\":\"search_term_string\"}}],\"inLanguage\":\"es\"}]}<\/script>\n<!-- \/ Yoast SEO plugin. -->","yoast_head_json":{"title":"Tus interlocutores | Cardinal TAPES","description":"Nuestros contactos experimentados estar\u00e1n encantados de responder a tus preguntas. Gracias a la especializaci\u00f3n de nuestros empleados, tus solicitudes pueden procesarse a\u00fan m\u00e1s r\u00e1pido y mejor.","robots":{"index":"index","follow":"follow","max-snippet":"max-snippet:-1","max-image-preview":"max-image-preview:large","max-video-preview":"max-video-preview:-1"},"canonical":"https:\/\/cardinal-tapes.com\/es\/empresa\/pongase-en-contacto-con\/","og_locale":"es_ES","og_type":"article","og_title":"Tus interlocutores | Cardinal TAPES","og_description":"Nuestros contactos experimentados estar\u00e1n encantados de responder a tus preguntas. Gracias a la especializaci\u00f3n de nuestros empleados, tus solicitudes pueden procesarse a\u00fan m\u00e1s r\u00e1pido y mejor.","og_url":"https:\/\/cardinal-tapes.com\/es\/empresa\/pongase-en-contacto-con\/","og_site_name":"cardinal TAPES","article_modified_time":"2024-06-18T08:53:58+00:00","twitter_card":"summary_large_image","twitter_misc":{"Tiempo de lectura":"4 minutos"},"schema":{"@context":"https:\/\/schema.org","@graph":[{"@type":"WebPage","@id":"https:\/\/cardinal-tapes.com\/es\/empresa\/pongase-en-contacto-con\/","url":"https:\/\/cardinal-tapes.com\/es\/empresa\/pongase-en-contacto-con\/","name":"Tus interlocutores | Cardinal TAPES","isPartOf":{"@id":"https:\/\/cardinal-tapes.com\/#website"},"datePublished":"2023-06-02T08:57:34+00:00","dateModified":"2024-06-18T08:53:58+00:00","description":"Nuestros contactos experimentados estar\u00e1n encantados de responder a tus preguntas. Gracias a la especializaci\u00f3n de nuestros empleados, tus solicitudes pueden procesarse a\u00fan m\u00e1s r\u00e1pido y mejor.","breadcrumb":{"@id":"https:\/\/cardinal-tapes.com\/es\/empresa\/pongase-en-contacto-con\/#breadcrumb"},"inLanguage":"es","potentialAction":[{"@type":"ReadAction","target":["https:\/\/cardinal-tapes.com\/es\/empresa\/pongase-en-contacto-con\/"]}]},{"@type":"BreadcrumbList","@id":"https:\/\/cardinal-tapes.com\/es\/empresa\/pongase-en-contacto-con\/#breadcrumb","itemListElement":[{"@type":"ListItem","position":1,"name":"Startseite","item":"https:\/\/cardinal-tapes.com\/es\/"},{"@type":"ListItem","position":2,"name":"Empresa","item":"https:\/\/cardinal-tapes.com\/es\/empresa\/"},{"@type":"ListItem","position":3,"name":"Persona de contacto"}]},{"@type":"WebSite","@id":"https:\/\/cardinal-tapes.com\/#website","url":"https:\/\/cardinal-tapes.com\/","name":"cardinal TAPES","description":"Klebetechnik aus Wuppertal","potentialAction":[{"@type":"SearchAction","target":{"@type":"EntryPoint","urlTemplate":"https:\/\/cardinal-tapes.com\/?s={search_term_string}"},"query-input":{"@type":"PropertyValueSpecification","valueRequired":true,"valueName":"search_term_string"}}],"inLanguage":"es"}]}},"_links":{"self":[{"href":"https:\/\/cardinal-tapes.com\/es\/wp-json\/wp\/v2\/pages\/30573","targetHints":{"allow":["GET"]}}],"collection":[{"href":"https:\/\/cardinal-tapes.com\/es\/wp-json\/wp\/v2\/pages"}],"about":[{"href":"https:\/\/cardinal-tapes.com\/es\/wp-json\/wp\/v2\/types\/page"}],"author":[{"embeddable":true,"href":"https:\/\/cardinal-tapes.com\/es\/wp-json\/wp\/v2\/users\/1"}],"replies":[{"embeddable":true,"href":"https:\/\/cardinal-tapes.com\/es\/wp-json\/wp\/v2\/comments?post=30573"}],"version-history":[{"count":0,"href":"https:\/\/cardinal-tapes.com\/es\/wp-json\/wp\/v2\/pages\/30573\/revisions"}],"up":[{"embeddable":true,"href":"https:\/\/cardinal-tapes.com\/es\/wp-json\/wp\/v2\/pages\/30087"}],"wp:attachment":[{"href":"https:\/\/cardinal-tapes.com\/es\/wp-json\/wp\/v2\/media?parent=30573"}],"curies":[{"name":"wp","href":"https:\/\/api.w.org\/{rel}","templated":true}]}}