{"id":30167,"date":"2017-12-19T09:33:58","date_gmt":"2017-12-19T08:33:58","guid":{"rendered":"https:\/\/cardinal.pixel-tal.de\/pie-de-imprenta\/"},"modified":"2025-08-13T15:25:06","modified_gmt":"2025-08-13T13:25:06","slug":"pie-de-imprenta","status":"publish","type":"page","link":"https:\/\/cardinal-tapes.com\/es\/pie-de-imprenta\/","title":{"rendered":"Pie de imprenta"},"content":{"rendered":"<div id='av_section_1'  class='avia-section av-1krdog-49185bb977df4fc25a7e82fed419bdbe main_color avia-section-default avia-no-shadow  avia-builder-el-0  avia-builder-el-no-sibling  avia-bg-style-scroll container_wrap fullsize'  ><div class='container av-section-cont-open' ><main  role=\"main\" itemprop=\"mainContentOfPage\"  class='template-page content  av-content-full alpha units'><div class='post-entry post-entry-type-page post-entry-30167'><div class='entry-content-wrapper clearfix'>\n\n<style type=\"text\/css\" data-created_by=\"avia_inline_auto\" id=\"style-css-av-1dvmp4-0561f57d00d10b9ffd87380dfc21d0c5\">\n.flex_column.av-1dvmp4-0561f57d00d10b9ffd87380dfc21d0c5{\nborder-radius:0px 0px 0px 0px;\npadding:0px 0px 0px 0px;\n}\n<\/style>\n<div  class='flex_column av-1dvmp4-0561f57d00d10b9ffd87380dfc21d0c5 av_one_full  avia-builder-el-1  el_before_av_one_third  avia-builder-el-first  first av-break-at-tablet flex_column_div av-zero-column-padding  '     ><div class=\"pxl-headline pxl-hl hl-wrap | hl-sub--bot hl--align-left hl--no-margin    \">\n        <div class=\"hl-inner\">\n            <h1 class=\"hl-main hl-line |  hl_main--default  \">Pie de imprenta<\/h1>\n            <span class=\"hl-sub hl-line |  hl_sub--default  \">Informaci\u00f3n sobre el sitio web de Cardinal Tapes<\/span>\n    <\/div>\n<\/div><\/div>\n<style type=\"text\/css\" data-created_by=\"avia_inline_auto\" id=\"style-css-av-3q674-ea5afa570d099762894ab5605e7a9ef5\">\n.flex_column.av-3q674-ea5afa570d099762894ab5605e7a9ef5{\nborder-radius:0px 0px 0px 0px;\n}\n<\/style>\n<div  class='flex_column av-3q674-ea5afa570d099762894ab5605e7a9ef5 av_one_third  avia-builder-el-3  el_after_av_one_full  el_before_av_two_third  first av-break-at-tablet flex_column_div  column-top-margin'     ><section  class='av_textblock_section av-urw7k-931bbf8842989da9b30f36315b55e346 '   itemscope=\"itemscope\" itemtype=\"https:\/\/schema.org\/CreativeWork\" ><div class='avia_textblock konfektionierung_content impressum'  itemprop=\"text\" ><p><strong>cardinal GmbH <\/strong><br \/>\nBeule 74<br \/>\n42277 Wuppertal<\/p>\n<h4>Director General:<\/h4>\n<p>Tim Cardinal<\/p>\n<h4>P\u00f3ngase en contacto con<\/h4>\n<p>T <a class=\"telelink\" href=\"tel:+490202266850\" target=\"_blank\" rel=\"nofollow\"> +49 202 266 850<\/a><br \/>\nF +49.202.26685-33<br \/>\n<a href=\"mailto:info@cardinal-tapes.de\" target=\"_blank\" rel=\"nofollow\">info@cardinal-tapes.de<\/a><\/p>\n<h4>Inscripci\u00f3n en el registro<\/h4>\n<p>Inscripci\u00f3n en el registro mercantil.<br \/>\nTribunal de registro: Juzgado de Primera Instancia de Wuppertal<br \/>\nN\u00famero de registro: 23931<\/p>\n<h4>CIF<\/h4>\n<p>N\u00famero de identificaci\u00f3n fiscal:<br \/>\nDE280685953<\/p>\n<h4>Realizaci\u00f3n<\/h4>\n<p><a href=\"https:\/\/www.pixelproduction.de\/online-medien\/strategie-technologie\/\" target=\"_blank\" rel=\"nofollow\">Concepto<\/a>, <a href=\"https:\/\/www.pixelproduction.de\/wuppertal\/webdesign\/\" target=\"_blank\" rel=\"nofollow\">dise\u00f1o web<\/a> e <a href=\"https:\/\/www.pixelproduction.de\/online-medien\/internetpraesenz\/\" target=\"_blank\" rel=\"nofollow\">implementaci\u00f3n t\u00e9cnica<\/a> por PixelProduction &#8211; Agencia de comunicaci\u00f3n conceptual en Wuppertal. <a href=\"https:\/\/www.pixelproduction.de\/\" target=\"_blank\" rel=\"nofollow\">www.pixelproduction.de<\/a><\/p>\n<p>Fotos de productos y otras im\u00e1genes de Daniel Schmitt &#8211; <a href=\"http:\/\/www.spitzlicht.de\" target=\"_blank\" rel=\"nofollow\">SPITZLICHT FOTOGRAFIE<\/a><\/p>\n<\/div><\/section><\/div>\n<style type=\"text\/css\" data-created_by=\"avia_inline_auto\" id=\"style-css-av-gduio-8a1936a0fa56529cdb28c1e45c381b16\">\n.flex_column.av-gduio-8a1936a0fa56529cdb28c1e45c381b16{\nborder-radius:0px 0px 0px 0px;\n}\n<\/style>\n<div  class='flex_column av-gduio-8a1936a0fa56529cdb28c1e45c381b16 av_two_third  avia-builder-el-5  el_after_av_one_third  avia-builder-el-last  av-break-at-tablet flex_column_div  column-top-margin'     ><section  class='av_textblock_section av-a0vgo-7458cfdecb953e125a8df32d38999373 '   itemscope=\"itemscope\" itemtype=\"https:\/\/schema.org\/CreativeWork\" ><div class='avia_textblock impressum'  itemprop=\"text\" ><h3>Resoluci\u00f3n de litigios<\/h3>\n<p>No estamos dispuestos ni obligados a participar en procedimientos de resoluci\u00f3n de litigios ante una junta arbitral de consumo.<\/p>\n<h3>Responsabilidad por el contenido<\/h3>\n<p>El contenido de nuestras p\u00e1ginas se ha creado con el mayor cuidado. Sin embargo, no podemos asumir ninguna responsabilidad por la exactitud, integridad y actualidad de los contenidos. Como proveedor de servicios, somos, de conformidad con el \u00a7 7 P\u00e1rr. 1 DDG es responsable de su propio contenido en estas p\u00e1ginas de acuerdo con las leyes generales. Sin embargo, de acuerdo con los art\u00edculos 8 a 10 de la DDG, no estamos obligados como proveedores de servicios a supervisar la informaci\u00f3n de terceros transmitida o almacenada ni a investigar circunstancias que indiquen una actividad ilegal. Esto no afecta a las obligaciones de eliminar o bloquear el uso de informaci\u00f3n de conformidad con las leyes generales. Sin embargo, la responsabilidad a este respecto s\u00f3lo es posible a partir del momento en que se tiene conocimiento de una infracci\u00f3n concreta. Si tenemos conocimiento de alguna infracci\u00f3n de este tipo, eliminaremos este contenido inmediatamente.<\/p>\n<h3>Responsabilidad de los enlaces<\/h3>\n<p>Nuestra oferta contiene enlaces a sitios web externos de terceros, sobre cuyos contenidos no tenemos ninguna influencia. Por lo tanto, no podemos asumir ninguna responsabilidad por estos contenidos externos. El respectivo proveedor u operador de las p\u00e1ginas es siempre responsable del contenido de las p\u00e1ginas enlazadas. En el momento de establecer el enlace, se comprob\u00f3 que las p\u00e1ginas enlazadas no infringieran la ley. Los contenidos ilegales no eran reconocibles en el momento del enlace. Sin embargo, un control permanente de los contenidos de las p\u00e1ginas enlazadas no es razonable sin indicios concretos de violaci\u00f3n de la ley. Si tenemos conocimiento de alguna infracci\u00f3n de la ley, eliminaremos dichos enlaces inmediatamente.<\/p>\n<h3>Copyright<\/h3>\n<p>Los contenidos y obras creados por los operadores del sitio en estas p\u00e1ginas est\u00e1n sujetos a la legislaci\u00f3n alemana sobre derechos de autor. La reproducci\u00f3n, edici\u00f3n, distribuci\u00f3n y cualquier tipo de utilizaci\u00f3n fuera de los l\u00edmites de la ley de propiedad intelectual requieren el consentimiento por escrito del autor o creador correspondiente. Las descargas y copias de esta p\u00e1gina s\u00f3lo est\u00e1n permitidas para uso privado y no comercial. En la medida en que el contenido de esta p\u00e1gina no haya sido creado por el operador, se respetan los derechos de autor de terceros. En particular, los contenidos de terceros se identifican como tales. No obstante, si tiene conocimiento de una infracci\u00f3n de los derechos de autor, le rogamos que nos lo comunique. Si tenemos conocimiento de alguna infracci\u00f3n, eliminaremos dicho contenido inmediatamente.<\/p>\n<\/div><\/section><\/div>\n","protected":false},"excerpt":{"rendered":"","protected":false},"author":1,"featured_media":0,"parent":0,"menu_order":10,"comment_status":"closed","ping_status":"closed","template":"","meta":{"_acf_changed":false,"footnotes":""},"class_list":["post-30167","page","type-page","status-publish","hentry"],"acf":[],"yoast_head":"<!-- This site is optimized with the Yoast SEO plugin v27.3 - https:\/\/yoast.com\/product\/yoast-seo-wordpress\/ -->\n<title>Pie de imprenta - cardinal TAPES<\/title>\n<meta name=\"description\" content=\"Aqu\u00ed encontrar\u00e1 toda la informaci\u00f3n jur\u00eddica y de otro tipo sobre nuestra empresa.\" \/>\n<meta name=\"robots\" content=\"index, follow, max-snippet:-1, max-image-preview:large, max-video-preview:-1\" \/>\n<link rel=\"canonical\" href=\"https:\/\/cardinal-tapes.com\/es\/pie-de-imprenta\/\" \/>\n<meta property=\"og:locale\" content=\"es_ES\" \/>\n<meta property=\"og:type\" content=\"article\" \/>\n<meta property=\"og:title\" content=\"Pie de imprenta - cardinal TAPES\" \/>\n<meta property=\"og:description\" content=\"Aqu\u00ed encontrar\u00e1 toda la informaci\u00f3n jur\u00eddica y de otro tipo sobre nuestra empresa.\" \/>\n<meta property=\"og:url\" content=\"https:\/\/cardinal-tapes.com\/es\/pie-de-imprenta\/\" \/>\n<meta property=\"og:site_name\" content=\"cardinal TAPES\" \/>\n<meta property=\"article:modified_time\" content=\"2025-08-13T13:25:06+00:00\" \/>\n<meta name=\"twitter:card\" content=\"summary_large_image\" \/>\n<meta name=\"twitter:label1\" content=\"Tiempo de lectura\" \/>\n\t<meta name=\"twitter:data1\" content=\"4 minutos\" \/>\n<script type=\"application\/ld+json\" class=\"yoast-schema-graph\">{\"@context\":\"https:\\\/\\\/schema.org\",\"@graph\":[{\"@type\":\"WebPage\",\"@id\":\"https:\\\/\\\/cardinal-tapes.com\\\/es\\\/pie-de-imprenta\\\/\",\"url\":\"https:\\\/\\\/cardinal-tapes.com\\\/es\\\/pie-de-imprenta\\\/\",\"name\":\"Pie de imprenta - cardinal TAPES\",\"isPartOf\":{\"@id\":\"https:\\\/\\\/cardinal-tapes.com\\\/#website\"},\"datePublished\":\"2017-12-19T08:33:58+00:00\",\"dateModified\":\"2025-08-13T13:25:06+00:00\",\"description\":\"Aqu\u00ed encontrar\u00e1 toda la informaci\u00f3n jur\u00eddica y de otro tipo sobre nuestra empresa.\",\"breadcrumb\":{\"@id\":\"https:\\\/\\\/cardinal-tapes.com\\\/es\\\/pie-de-imprenta\\\/#breadcrumb\"},\"inLanguage\":\"es\",\"potentialAction\":[{\"@type\":\"ReadAction\",\"target\":[\"https:\\\/\\\/cardinal-tapes.com\\\/es\\\/pie-de-imprenta\\\/\"]}]},{\"@type\":\"BreadcrumbList\",\"@id\":\"https:\\\/\\\/cardinal-tapes.com\\\/es\\\/pie-de-imprenta\\\/#breadcrumb\",\"itemListElement\":[{\"@type\":\"ListItem\",\"position\":1,\"name\":\"Startseite\",\"item\":\"https:\\\/\\\/cardinal-tapes.com\\\/es\\\/\"},{\"@type\":\"ListItem\",\"position\":2,\"name\":\"Pie de imprenta\"}]},{\"@type\":\"WebSite\",\"@id\":\"https:\\\/\\\/cardinal-tapes.com\\\/#website\",\"url\":\"https:\\\/\\\/cardinal-tapes.com\\\/\",\"name\":\"cardinal TAPES\",\"description\":\"Klebetechnik aus Wuppertal\",\"potentialAction\":[{\"@type\":\"SearchAction\",\"target\":{\"@type\":\"EntryPoint\",\"urlTemplate\":\"https:\\\/\\\/cardinal-tapes.com\\\/?s={search_term_string}\"},\"query-input\":{\"@type\":\"PropertyValueSpecification\",\"valueRequired\":true,\"valueName\":\"search_term_string\"}}],\"inLanguage\":\"es\"}]}<\/script>\n<!-- \/ Yoast SEO plugin. -->","yoast_head_json":{"title":"Pie de imprenta - cardinal TAPES","description":"Aqu\u00ed encontrar\u00e1 toda la informaci\u00f3n jur\u00eddica y de otro tipo sobre nuestra empresa.","robots":{"index":"index","follow":"follow","max-snippet":"max-snippet:-1","max-image-preview":"max-image-preview:large","max-video-preview":"max-video-preview:-1"},"canonical":"https:\/\/cardinal-tapes.com\/es\/pie-de-imprenta\/","og_locale":"es_ES","og_type":"article","og_title":"Pie de imprenta - cardinal TAPES","og_description":"Aqu\u00ed encontrar\u00e1 toda la informaci\u00f3n jur\u00eddica y de otro tipo sobre nuestra empresa.","og_url":"https:\/\/cardinal-tapes.com\/es\/pie-de-imprenta\/","og_site_name":"cardinal TAPES","article_modified_time":"2025-08-13T13:25:06+00:00","twitter_card":"summary_large_image","twitter_misc":{"Tiempo de lectura":"4 minutos"},"schema":{"@context":"https:\/\/schema.org","@graph":[{"@type":"WebPage","@id":"https:\/\/cardinal-tapes.com\/es\/pie-de-imprenta\/","url":"https:\/\/cardinal-tapes.com\/es\/pie-de-imprenta\/","name":"Pie de imprenta - cardinal TAPES","isPartOf":{"@id":"https:\/\/cardinal-tapes.com\/#website"},"datePublished":"2017-12-19T08:33:58+00:00","dateModified":"2025-08-13T13:25:06+00:00","description":"Aqu\u00ed encontrar\u00e1 toda la informaci\u00f3n jur\u00eddica y de otro tipo sobre nuestra empresa.","breadcrumb":{"@id":"https:\/\/cardinal-tapes.com\/es\/pie-de-imprenta\/#breadcrumb"},"inLanguage":"es","potentialAction":[{"@type":"ReadAction","target":["https:\/\/cardinal-tapes.com\/es\/pie-de-imprenta\/"]}]},{"@type":"BreadcrumbList","@id":"https:\/\/cardinal-tapes.com\/es\/pie-de-imprenta\/#breadcrumb","itemListElement":[{"@type":"ListItem","position":1,"name":"Startseite","item":"https:\/\/cardinal-tapes.com\/es\/"},{"@type":"ListItem","position":2,"name":"Pie de imprenta"}]},{"@type":"WebSite","@id":"https:\/\/cardinal-tapes.com\/#website","url":"https:\/\/cardinal-tapes.com\/","name":"cardinal TAPES","description":"Klebetechnik aus Wuppertal","potentialAction":[{"@type":"SearchAction","target":{"@type":"EntryPoint","urlTemplate":"https:\/\/cardinal-tapes.com\/?s={search_term_string}"},"query-input":{"@type":"PropertyValueSpecification","valueRequired":true,"valueName":"search_term_string"}}],"inLanguage":"es"}]}},"_links":{"self":[{"href":"https:\/\/cardinal-tapes.com\/es\/wp-json\/wp\/v2\/pages\/30167","targetHints":{"allow":["GET"]}}],"collection":[{"href":"https:\/\/cardinal-tapes.com\/es\/wp-json\/wp\/v2\/pages"}],"about":[{"href":"https:\/\/cardinal-tapes.com\/es\/wp-json\/wp\/v2\/types\/page"}],"author":[{"embeddable":true,"href":"https:\/\/cardinal-tapes.com\/es\/wp-json\/wp\/v2\/users\/1"}],"replies":[{"embeddable":true,"href":"https:\/\/cardinal-tapes.com\/es\/wp-json\/wp\/v2\/comments?post=30167"}],"version-history":[{"count":2,"href":"https:\/\/cardinal-tapes.com\/es\/wp-json\/wp\/v2\/pages\/30167\/revisions"}],"predecessor-version":[{"id":79674,"href":"https:\/\/cardinal-tapes.com\/es\/wp-json\/wp\/v2\/pages\/30167\/revisions\/79674"}],"wp:attachment":[{"href":"https:\/\/cardinal-tapes.com\/es\/wp-json\/wp\/v2\/media?parent=30167"}],"curies":[{"name":"wp","href":"https:\/\/api.w.org\/{rel}","templated":true}]}}