{"id":30109,"date":"2023-06-02T10:48:55","date_gmt":"2023-06-02T08:48:55","guid":{"rendered":"https:\/\/cardinal.pixel-tal.de\/agb\/"},"modified":"2023-06-02T11:12:28","modified_gmt":"2023-06-02T09:12:28","slug":"agb","status":"publish","type":"page","link":"https:\/\/cardinal-tapes.com\/es\/agb\/","title":{"rendered":"AGB"},"content":{"rendered":"<div id='av_section_1'  class='avia-section av-c6sdi2-116f8f5fae59651d0b4332fbe30a8358 main_color avia-section-default avia-no-shadow  avia-builder-el-0  avia-builder-el-no-sibling  avia-bg-style-scroll container_wrap fullsize'  ><div class='container av-section-cont-open' ><main  role=\"main\" itemprop=\"mainContentOfPage\"  class='template-page content  av-content-full alpha units'><div class='post-entry post-entry-type-page post-entry-30109'><div class='entry-content-wrapper clearfix'>\n\n<style type=\"text\/css\" data-created_by=\"avia_inline_auto\" id=\"style-css-av-b1415m-8cd63e919468337873946fb82088b1ae\">\n.flex_column.av-b1415m-8cd63e919468337873946fb82088b1ae{\nborder-radius:0px 0px 0px 0px;\npadding:0px 0px 0px 0px;\n}\n<\/style>\n<div  class='flex_column av-b1415m-8cd63e919468337873946fb82088b1ae av_one_full  avia-builder-el-1  el_before_av_one_half  avia-builder-el-first  first av-break-at-tablet flex_column_div av-zero-column-padding  '     ><div class=\"pxl-headline pxl-hl hl-wrap | hl-sub--bot hl--align-left hl--no-margin    \">\n        <div class=\"hl-inner\">\n            <h1 class=\"hl-main hl-line |  hl_main--default  \">Condiciones generales<\/h1>\n            <span class=\"hl-sub hl-line |  hl_sub--default  \">Nuestro CCC<\/span>\n    <\/div>\n<\/div><\/div>\n<style type=\"text\/css\" data-created_by=\"avia_inline_auto\" id=\"style-css-av-syfiy-7455796f07e341093af9d052cfcb5be5\">\n.flex_column.av-syfiy-7455796f07e341093af9d052cfcb5be5{\nborder-radius:0px 0px 0px 0px;\n}\n<\/style>\n<div  class='flex_column av-syfiy-7455796f07e341093af9d052cfcb5be5 av_one_half  avia-builder-el-3  el_after_av_one_full  el_before_av_one_half  first av-break-at-tablet flex_column_div  column-top-margin'     ><section  class='av_textblock_section av-5l5f3u-ed1ffc102d603de7445ef10c0fc2d53f '   itemscope=\"itemscope\" itemtype=\"https:\/\/schema.org\/CreativeWork\" ><div class='avia_textblock impressum'  itemprop=\"text\" ><p>1. las siguientes condiciones de venta, entrega y pago se aplicar\u00e1n exclusivamente a nuestras entregas y ventas. Las condiciones de compra del Comprador que se desv\u00eden de esto s\u00f3lo se aplicar\u00e1n como excepci\u00f3n si han sido confirmadas expresamente por el Vendedor. Si alguna parte de estas condiciones o de la transacci\u00f3n de entrega no fuera v\u00e1lida, ello no afectar\u00e1 a la validez del resto de las condiciones o de la transacci\u00f3n de entrega. En este caso, las partes contratantes acordar\u00e1n una nueva disposici\u00f3n en lugar de la disposici\u00f3n inv\u00e1lida que se aproxime lo m\u00e1s posible a la finalidad perseguida por la disposici\u00f3n inv\u00e1lida.<\/p>\n<p>Los documentos pertenecientes a la oferta, como ilustraciones, dibujos, especificaciones de peso y dimensiones, s\u00f3lo son vinculantes para la ejecuci\u00f3n si han sido expresamente confirmados. El proveedor se reserva el derecho de propiedad y de autor sobre los presupuestos, planos y dem\u00e1s documentos: no podr\u00e1n ponerse a disposici\u00f3n de terceros. El cliente est\u00e1 obligado a que los planes designados como confidenciales por el proveedor s\u00f3lo sean accesibles a terceros con el consentimiento del proveedor. Cualquier acuerdo con nuestros representantes requiere nuestra confirmaci\u00f3n expresa por escrito. Esto se aplica en particular a los pedidos recibidos.<\/p>\n<p>2. se aplicar\u00e1n los precios vigentes en el momento de realizar el pedido. El impuesto sobre el valor a\u00f1adido no est\u00e1 incluido en el precio y se facturar\u00e1 por separado al tipo legal correspondiente. Se cobrar\u00e1 una tarifa de env\u00edo del importe especificado por cada entrega.<br \/>\nEn caso de que los costes de fabricaci\u00f3n aumenten m\u00e1s de un 5% entre la fecha de la confirmaci\u00f3n de venta y la fecha de entrega, por ejemplo debido a cambios en las condiciones monetarias, salarios y otros factores de coste, el vendedor se reserva el derecho de aumentar los precios en consecuencia o de rescindir el contrato. En este caso, el cliente no tendr\u00e1 derecho a reclamar da\u00f1os y perjuicios por incumplimiento o incumplimiento parcial.<\/p>\n<p>3. la entrega se efectuar\u00e1 en el plazo de entrega indicado en la confirmaci\u00f3n de pedido ex f\u00e1brica o ex almac\u00e9n. Nos reservamos el derecho a realizar entregas cortas o excesivas de hasta el 10% de las cantidades pedidas. Con respecto a las dimensiones especificadas para nuestros art\u00edculos de entrega, nos reservamos el derecho a desviaciones habituales en el comercio, a menos que hayamos garantizado expresamente el cumplimiento de las dimensiones. El env\u00edo fiable de las mercanc\u00edas pedidas est\u00e1 garantizado por transportistas encargados por nosotros. Las partes acuerdan que, en caso de litigio, corresponde al Comprador demostrar que no se ha recibido una entrega.<\/p>\n<p>El plazo de entrega es s\u00f3lo aproximado y comienza con el env\u00edo de la confirmaci\u00f3n del pedido, pero no antes de la provisi\u00f3n de los documentos, aprobaciones, liberaciones que debe procurar el cliente y antes de la recepci\u00f3n de cualquier anticipo acordado. El plazo de entrega se considerar\u00e1 cumplido si el objeto de entrega ha salido de f\u00e1brica o se ha notificado que est\u00e1 listo para su env\u00edo en el momento en que expira el plazo de entrega. El plazo de entrega se prorrogar\u00e1 adecuadamente en caso de impedimentos imprevistos ajenos a la voluntad del Proveedor o de sus subcontratistas, por ejemplo, interrupciones operativas, rechazos, retrasos en la entrega de materias primas esenciales y materiales de construcci\u00f3n, en la medida en que dichos impedimentos afecten a la finalizaci\u00f3n o entrega del objeto de entrega, incluso si se producen durante un retraso en la entrega.<\/p>\n<p>El cumplimiento del plazo de entrega estar\u00e1 supeditado al cumplimiento de las obligaciones contractuales del cliente. Todas las entregas son ex f\u00e1brica y viajan por cuenta y riesgo del destinatario, incluso si se ha acordado la entrega a portes pagados, fob o cif. Los gastos de transporte adicionales derivados de circunstancias especiales, en particular los deseos del cliente o la naturaleza de la mercanc\u00eda (mercanc\u00edas voluminosas, mercanc\u00edas de volumen especial), correr\u00e1n a cargo del cliente. Si el env\u00edo se retrasa por culpa del cliente, el riesgo pasar\u00e1 al cliente el d\u00eda en que la mercanc\u00eda est\u00e9 lista para su env\u00edo. Los retrasos u obstrucciones en la entrega debidos a fuerza mayor, incluidas movilizaciones y guerras, interrupciones operativas de todo tipo, huelgas y cierres patronales, escasez de materias primas y combustibles y medidas imprevistas -incluso si nuestros proveedores se ven afectados por ello- nos dan derecho a cancelar total o parcialmente las obligaciones de entrega existentes sin que el comprador tenga derecho a reclamaciones de indemnizaci\u00f3n por da\u00f1os y perjuicios, incluidas las contempladas en el art\u00edculo 325 del C\u00f3digo Civil alem\u00e1n (BGB). Esto tambi\u00e9n se aplicar\u00e1 en caso de incumplimiento parcial del contrato. El incumplimiento de las obligaciones que incumben al comprador o las circunstancias que imposibiliten la entrega de la mercanc\u00eda vendida o la retrasen o compliquen excesivamente, facultar\u00e1n al vendedor a rescindir total o parcialmente su obligaci\u00f3n de entrega mientras dure el impedimento o sus secuelas, as\u00ed como en todos los casos de fuerza mayor, medidas oficiales, perturbaciones operativas y similares, tambi\u00e9n a los proveedores del vendedor. El vendedor no estar\u00e1 obligado a realizar una entrega posterior de las cantidades comprendidas en este plazo. Estos acontecimientos dar\u00e1n derecho al vendedor a rescindir el contrato, incluso sin ser responsable de los da\u00f1os y perjuicios. Esto no afectar\u00e1 a la obligaci\u00f3n del comprador de pagar da\u00f1os y perjuicios. Las entregas parciales son admisibles salvo pacto expreso en contrario.<\/p>\n<p>Las entregas de las prestaciones parciales individuales se realizar\u00e1n, en la medida de lo posible, en periodos y cantidades iguales y con la antelaci\u00f3n suficiente para que sea posible una fabricaci\u00f3n y entrega adecuadas dentro del plazo contractual; de lo contrario, el vendedor tendr\u00e1 derecho a rescindir el contrato o a exigir una indemnizaci\u00f3n por los costes adicionales ocasionados. Si no se ha determinado un plazo para la programaci\u00f3n de la entrega, se considerar\u00e1 acordado un plazo de 4 meses. En caso de retrasos en las entregas parciales, el Comprador no podr\u00e1 hacer valer ning\u00fan derecho con respecto a las cantidades parciales restantes. Si se ha fijado un plazo de aceptaci\u00f3n, el vendedor no estar\u00e1 obligado a realizar entregas m\u00e1s all\u00e1 de su vencimiento.<\/p>\n<p>(4) En el caso de m\u00e1quinas o componentes de instalaciones, el proveedor ofrecer\u00e1 una garant\u00eda por defectos visibles y ocultos o por la ausencia de caracter\u00edsticas garantizadas en un plazo de 6 meses, pero por un m\u00e1ximo de hasta 1.000 horas de funcionamiento, a partir del d\u00eda de la entrega, exclusivamente de forma que, a su elecci\u00f3n, reparar\u00e1 gratuitamente la mercanc\u00eda o suministrar\u00e1 mercanc\u00eda libre de defectos. No se asume ninguna responsabilidad por defectos materiales que el proveedor no haya podido detectar durante el procesamiento. Debido a la garant\u00eda, no se reembolsar\u00e1n el desgaste ordinario, las piezas de desgaste, los materiales necesarios, la sobrestad\u00eda o los da\u00f1os indirectos de cualquier tipo, los gastos de mano de obra y de desplazamiento, la remuneraci\u00f3n de las horas extraordinarias y del trabajo en domingo, los gastos de transporte y otros da\u00f1os secundarios. La notificaci\u00f3n de los defectos debe realizarse por escrito y sin demora en un plazo m\u00e1ximo de 10 d\u00edas a partir de la entrega de la mercanc\u00eda y, en el caso de defectos ocultos, en un plazo m\u00e1ximo de tres d\u00edas (a partir del descubrimiento del defecto). Si se incumplen estos plazos, ya no se podr\u00e1 reclamar la garant\u00eda. No obstante lo anterior, el periodo de garant\u00eda del fabricante de estas piezas se aplicar\u00e1 a las piezas de origen externo que est\u00e9n incorporadas en el objeto de compra.<\/p>\n<\/div><\/section><\/div>\n<style type=\"text\/css\" data-created_by=\"avia_inline_auto\" id=\"style-css-av-esqre-1dede6c1c2537bc03ea2d7033ef9db66\">\n.flex_column.av-esqre-1dede6c1c2537bc03ea2d7033ef9db66{\nborder-radius:0px 0px 0px 0px;\n}\n<\/style>\n<div  class='flex_column av-esqre-1dede6c1c2537bc03ea2d7033ef9db66 av_one_half  avia-builder-el-5  el_after_av_one_half  avia-builder-el-last  av-break-at-tablet flex_column_div  column-top-margin'     ><section  class='av_textblock_section av-2l9gkq-740e720e46315e3f519e51c2e819e5a3 '   itemscope=\"itemscope\" itemtype=\"https:\/\/schema.org\/CreativeWork\" ><div class='avia_textblock impressum'  itemprop=\"text\" ><p>En el caso de las cintas adhesivas y productos similares, los defectos de la mercanc\u00eda deben reclamarse por escrito inmediatamente despu\u00e9s de su descubrimiento, pero a m\u00e1s tardar 10 d\u00edas despu\u00e9s de la recepci\u00f3n del env\u00edo, sin perjuicio de cualquier obligaci\u00f3n legal de notificaci\u00f3n anterior. En caso de reclamaci\u00f3n reconocida, la mercanc\u00eda ser\u00e1 retirada y, a nuestra discreci\u00f3n, sustituida o reembolsada hasta el importe del valor de la factura; si la entrega de sustituci\u00f3n es defectuosa, el cliente podr\u00e1 exigir una reducci\u00f3n. Quedan excluidas otras reclamaciones del cliente, en particular de anulaci\u00f3n, reducci\u00f3n o indemnizaci\u00f3n. Debido a entregas parciales defectuosas, el comprador no puede hacer valer ning\u00fan derecho con respecto a las cantidades parciales restantes. Las recomendaciones o sugerencias de nuestro personal t\u00e9cnico se basan en la experiencia adquirida en la pr\u00e1ctica. No obstante, no son vinculantes y no eximen al comprador de sus propias inspecciones y pruebas. El vendedor no asume ninguna responsabilidad por la idoneidad de la mercanc\u00eda suministrada para los fines previstos por el comprador. Dicha responsabilidad tampoco puede derivarse de un folleto informativo o de unas instrucciones de uso emitidos por nosotros. Queda excluida toda responsabilidad por da\u00f1os de naturaleza directa o indirecta relacionados con la transformaci\u00f3n o el uso de la mercanc\u00eda.<\/p>\n<p>El Proveedor no estar\u00e1 obligado a subsanar el defecto ni a realizar una entrega posterior mientras el Comprador incumpla sus obligaciones contractuales. La obligaci\u00f3n de garant\u00eda expira si la mercanc\u00eda suministrada se modifica, manipula, maneja o procesa de forma inadecuada o si se infringen las instrucciones pertinentes del fabricante. Si se intenta rectificar los defectos sin el consentimiento del proveedor, la garant\u00eda tambi\u00e9n expirar\u00e1. Quedan excluidas otras reclamaciones del comprador por defectos o ausencia de caracter\u00edsticas garantizadas. Tenemos derecho a realizar entregas parciales razonables.<\/p>\n<p>(5) Si, despu\u00e9s de la aceptaci\u00f3n o ejecuci\u00f3n del pedido, se conocieran circunstancias de las que pudiera deducirse una menor solvencia del comprador y un riesgo para las pretensiones del vendedor, \u00e9ste tendr\u00e1 derecho, m\u00e1s all\u00e1 de lo dispuesto en el \u00a7 321 del C\u00f3digo Civil alem\u00e1n (BGB), a exigir a su discreci\u00f3n una fianza inmediata o el pago inmediato al contado, apart\u00e1ndose libremente de las condiciones de pago acordadas de otro modo. Basta con que los cr\u00e9ditos hayan resultado estar s\u00f3lo temporalmente en peligro. Lo mismo se aplicar\u00e1 si el cliente incumple una obligaci\u00f3n que le incumbe, como el pago o la aceptaci\u00f3n.<\/p>\n<p>6. la mercanc\u00eda seguir\u00e1 siendo propiedad del vendedor hasta que se hayan satisfecho todas las reclamaciones actuales derivadas de la relaci\u00f3n comercial. Hasta entonces, el comprador no tiene derecho a pignorar los bienes ni a cederlos en garant\u00eda sin el consentimiento del vendedor. En caso de embargo o confiscaci\u00f3n u otras disposiciones por parte de terceros, deber\u00e1 notific\u00e1rnoslo sin demora. La afirmaci\u00f3n de la reserva de dominio por nuestra parte no se considerar\u00e1 una rescisi\u00f3n de un contrato de suministro incumplido. El comprador tiene derecho a transformar la mercanc\u00eda suministrada en el marco de sus actividades comerciales.<\/p>\n<p>El Vendedor tendr\u00e1 derecho a la copropiedad de los nuevos art\u00edculos creados por procesamiento o combinaci\u00f3n con otros bienes en la proporci\u00f3n de los bienes entregados al valor del nuevo art\u00edculo. En la medida en que la propiedad de la mercanc\u00eda cese como consecuencia de la transformaci\u00f3n o de la combinaci\u00f3n, el Comprador transfiere al Vendedor la propiedad del objeto resultante de la transformaci\u00f3n como garant\u00eda de todas las reclamaciones de conformidad con el apartado 1; en este sentido, el Comprador almacenar\u00e1 el objeto principal por separado de otras mercanc\u00edas del Comprador de forma gratuita y con el debido cuidado por cuenta del Vendedor. Los cr\u00e9ditos derivados de la venta de las mercanc\u00edas suministradas por nosotros, independientemente de que se encuentren en estado procesado o sin procesar, son cedidos por el comprador en su totalidad al vendedor como garant\u00eda. Mientras el comprador cumpla debidamente sus obligaciones de pago, estar\u00e1 autorizado a cobrar estos cr\u00e9ditos en nombre del vendedor.<\/p>\n<p>No obstante, el vendedor tiene derecho a notificar la transferencia y a dar instrucciones a los compradores (terceros) que se designen a petici\u00f3n suya. El Comprador notificar\u00e1 inmediatamente al Vendedor cualquier embargo por parte de terceros de la mercanc\u00eda entregada bajo reserva de dominio o de los cr\u00e9ditos cedidos. La mercanc\u00eda sujeta a reserva de dominio se manipular\u00e1 con cuidado y se asegurar\u00e1 contra incendios y da\u00f1os por agua; las reclamaciones de seguro que surjan en caso de da\u00f1os se nos ceder\u00e1n a nosotros. Si las garant\u00edas superan en m\u00e1s de un 20% los cr\u00e9ditos del vendedor a asegurar, \u00e9ste liberar\u00e1 las garant\u00edas que excedan de esta cantidad a su discreci\u00f3n, previa solicitud.<\/p>\n<p>Consulte las condiciones de pago en las confirmaciones de pedido que le enviamos. Las letras de cambio y los cheques s\u00f3lo se aceptar\u00e1n a cuenta de pago previo acuerdo expreso, con las reservas habituales, y en cualquier caso s\u00f3lo se considerar\u00e1n como pago una vez que hayan sido pagados. Los gastos correspondientes de descuento, cobro, etc. correr\u00e1n a cargo del cliente. El vendedor no asume ninguna responsabilidad por la presentaci\u00f3n a tiempo, el protesto y la devoluci\u00f3n de la letra de cambio en caso de impago. Queda excluido el ejercicio de un derecho de retenci\u00f3n por parte del Comprador, tambi\u00e9n sobre la base de una reclamaci\u00f3n. La deducci\u00f3n del descuento por pronto pago de las nuevas facturas no es admisible mientras las facturas vencidas m\u00e1s antiguas sigan impagadas. Si el Comprador se retrasa en un pago, el Vendedor tendr\u00e1 derecho, bajo reserva de otros derechos, a exigir intereses sin requerimiento a un tipo del 5% por encima del tipo de descuento del Deutsche Bundesbank aplicable en cada momento desde la fecha de vencimiento hasta la fecha de pago.<\/p>\n<p>8. El lugar de cumplimiento es 42277 Wuppertal Para todos los litigios derivados del presente contrato, se acuerda la competencia de los tribunales locales. Adem\u00e1s, se acuerda la competencia local del Juzgado de Primera Instancia de Wuppertal-Elberfeld en caso de que<br \/>\na) el cliente es un comerciante que no pertenece a los comerciantes designados en el art\u00edculo 4 del C\u00f3digo de Comercio alem\u00e1n (HGB).<br \/>\nb) tras la celebraci\u00f3n del contrato, el cliente traslada su residencia o domicilio habitual fuera del territorio de la Rep\u00fablica Federal de Alemania o de Berl\u00edn Occidental o se desconoce su residencia o domicilio habitual en el momento de interponerse la demanda. Salvo disposici\u00f3n en contrario, se aplicar\u00e1n las disposiciones legales.<\/p>\n<p>9. las condiciones generales de AFERA &#8211; \u00faltima edici\u00f3n &#8211; se aplican a las cintas adhesivas y productos similares en la medida en que no sean modificadas por las condiciones generales anteriores.<\/p>\n<p>10. los datos personales ser\u00e1n almacenados por nosotros en la forma permitida por la Ley de Protecci\u00f3n de Datos.<\/p>\n<\/div><\/section><\/div>\n","protected":false},"excerpt":{"rendered":"","protected":false},"author":1,"featured_media":0,"parent":0,"menu_order":13,"comment_status":"closed","ping_status":"closed","template":"","meta":{"_acf_changed":false,"footnotes":""},"class_list":["post-30109","page","type-page","status-publish","hentry"],"acf":[],"yoast_head":"<!-- This site is optimized with the Yoast SEO plugin v27.3 - https:\/\/yoast.com\/product\/yoast-seo-wordpress\/ -->\n<title>AGB - cardinal TAPES<\/title>\n<meta name=\"description\" content=\"Con la siguiente declaraci\u00f3n, le informamos sobre el tipo, el alcance y los fines de la recogida, el tratamiento y la utilizaci\u00f3n de sus datos.\" \/>\n<meta name=\"robots\" content=\"index, follow, max-snippet:-1, max-image-preview:large, max-video-preview:-1\" \/>\n<link rel=\"canonical\" href=\"https:\/\/cardinal-tapes.com\/es\/agb\/\" \/>\n<meta property=\"og:locale\" content=\"es_ES\" \/>\n<meta property=\"og:type\" content=\"article\" \/>\n<meta property=\"og:title\" content=\"AGB - cardinal TAPES\" \/>\n<meta property=\"og:description\" content=\"Con la siguiente declaraci\u00f3n, le informamos sobre el tipo, el alcance y los fines de la recogida, el tratamiento y la utilizaci\u00f3n de sus datos.\" \/>\n<meta property=\"og:url\" content=\"https:\/\/cardinal-tapes.com\/es\/agb\/\" \/>\n<meta property=\"og:site_name\" content=\"cardinal TAPES\" \/>\n<meta property=\"article:modified_time\" content=\"2023-06-02T09:12:28+00:00\" \/>\n<meta name=\"twitter:card\" content=\"summary_large_image\" \/>\n<meta name=\"twitter:label1\" content=\"Tiempo de lectura\" \/>\n\t<meta name=\"twitter:data1\" content=\"20 minutos\" \/>\n<script type=\"application\/ld+json\" class=\"yoast-schema-graph\">{\"@context\":\"https:\\\/\\\/schema.org\",\"@graph\":[{\"@type\":\"WebPage\",\"@id\":\"https:\\\/\\\/cardinal-tapes.com\\\/es\\\/agb\\\/\",\"url\":\"https:\\\/\\\/cardinal-tapes.com\\\/es\\\/agb\\\/\",\"name\":\"AGB - cardinal TAPES\",\"isPartOf\":{\"@id\":\"https:\\\/\\\/cardinal-tapes.com\\\/#website\"},\"datePublished\":\"2023-06-02T08:48:55+00:00\",\"dateModified\":\"2023-06-02T09:12:28+00:00\",\"description\":\"Con la siguiente declaraci\u00f3n, le informamos sobre el tipo, el alcance y los fines de la recogida, el tratamiento y la utilizaci\u00f3n de sus datos.\",\"breadcrumb\":{\"@id\":\"https:\\\/\\\/cardinal-tapes.com\\\/es\\\/agb\\\/#breadcrumb\"},\"inLanguage\":\"es\",\"potentialAction\":[{\"@type\":\"ReadAction\",\"target\":[\"https:\\\/\\\/cardinal-tapes.com\\\/es\\\/agb\\\/\"]}]},{\"@type\":\"BreadcrumbList\",\"@id\":\"https:\\\/\\\/cardinal-tapes.com\\\/es\\\/agb\\\/#breadcrumb\",\"itemListElement\":[{\"@type\":\"ListItem\",\"position\":1,\"name\":\"Startseite\",\"item\":\"https:\\\/\\\/cardinal-tapes.com\\\/es\\\/\"},{\"@type\":\"ListItem\",\"position\":2,\"name\":\"AGB\"}]},{\"@type\":\"WebSite\",\"@id\":\"https:\\\/\\\/cardinal-tapes.com\\\/#website\",\"url\":\"https:\\\/\\\/cardinal-tapes.com\\\/\",\"name\":\"cardinal TAPES\",\"description\":\"Klebetechnik aus Wuppertal\",\"potentialAction\":[{\"@type\":\"SearchAction\",\"target\":{\"@type\":\"EntryPoint\",\"urlTemplate\":\"https:\\\/\\\/cardinal-tapes.com\\\/?s={search_term_string}\"},\"query-input\":{\"@type\":\"PropertyValueSpecification\",\"valueRequired\":true,\"valueName\":\"search_term_string\"}}],\"inLanguage\":\"es\"}]}<\/script>\n<!-- \/ Yoast SEO plugin. -->","yoast_head_json":{"title":"AGB - cardinal TAPES","description":"Con la siguiente declaraci\u00f3n, le informamos sobre el tipo, el alcance y los fines de la recogida, el tratamiento y la utilizaci\u00f3n de sus datos.","robots":{"index":"index","follow":"follow","max-snippet":"max-snippet:-1","max-image-preview":"max-image-preview:large","max-video-preview":"max-video-preview:-1"},"canonical":"https:\/\/cardinal-tapes.com\/es\/agb\/","og_locale":"es_ES","og_type":"article","og_title":"AGB - cardinal TAPES","og_description":"Con la siguiente declaraci\u00f3n, le informamos sobre el tipo, el alcance y los fines de la recogida, el tratamiento y la utilizaci\u00f3n de sus datos.","og_url":"https:\/\/cardinal-tapes.com\/es\/agb\/","og_site_name":"cardinal TAPES","article_modified_time":"2023-06-02T09:12:28+00:00","twitter_card":"summary_large_image","twitter_misc":{"Tiempo de lectura":"20 minutos"},"schema":{"@context":"https:\/\/schema.org","@graph":[{"@type":"WebPage","@id":"https:\/\/cardinal-tapes.com\/es\/agb\/","url":"https:\/\/cardinal-tapes.com\/es\/agb\/","name":"AGB - cardinal TAPES","isPartOf":{"@id":"https:\/\/cardinal-tapes.com\/#website"},"datePublished":"2023-06-02T08:48:55+00:00","dateModified":"2023-06-02T09:12:28+00:00","description":"Con la siguiente declaraci\u00f3n, le informamos sobre el tipo, el alcance y los fines de la recogida, el tratamiento y la utilizaci\u00f3n de sus datos.","breadcrumb":{"@id":"https:\/\/cardinal-tapes.com\/es\/agb\/#breadcrumb"},"inLanguage":"es","potentialAction":[{"@type":"ReadAction","target":["https:\/\/cardinal-tapes.com\/es\/agb\/"]}]},{"@type":"BreadcrumbList","@id":"https:\/\/cardinal-tapes.com\/es\/agb\/#breadcrumb","itemListElement":[{"@type":"ListItem","position":1,"name":"Startseite","item":"https:\/\/cardinal-tapes.com\/es\/"},{"@type":"ListItem","position":2,"name":"AGB"}]},{"@type":"WebSite","@id":"https:\/\/cardinal-tapes.com\/#website","url":"https:\/\/cardinal-tapes.com\/","name":"cardinal TAPES","description":"Klebetechnik aus Wuppertal","potentialAction":[{"@type":"SearchAction","target":{"@type":"EntryPoint","urlTemplate":"https:\/\/cardinal-tapes.com\/?s={search_term_string}"},"query-input":{"@type":"PropertyValueSpecification","valueRequired":true,"valueName":"search_term_string"}}],"inLanguage":"es"}]}},"_links":{"self":[{"href":"https:\/\/cardinal-tapes.com\/es\/wp-json\/wp\/v2\/pages\/30109","targetHints":{"allow":["GET"]}}],"collection":[{"href":"https:\/\/cardinal-tapes.com\/es\/wp-json\/wp\/v2\/pages"}],"about":[{"href":"https:\/\/cardinal-tapes.com\/es\/wp-json\/wp\/v2\/types\/page"}],"author":[{"embeddable":true,"href":"https:\/\/cardinal-tapes.com\/es\/wp-json\/wp\/v2\/users\/1"}],"replies":[{"embeddable":true,"href":"https:\/\/cardinal-tapes.com\/es\/wp-json\/wp\/v2\/comments?post=30109"}],"version-history":[{"count":0,"href":"https:\/\/cardinal-tapes.com\/es\/wp-json\/wp\/v2\/pages\/30109\/revisions"}],"wp:attachment":[{"href":"https:\/\/cardinal-tapes.com\/es\/wp-json\/wp\/v2\/media?parent=30109"}],"curies":[{"name":"wp","href":"https:\/\/api.w.org\/{rel}","templated":true}]}}